{"id":12275,"date":"2018-07-16T19:02:02","date_gmt":"2018-07-16T18:02:02","guid":{"rendered":"https:\/\/www.neurocirugiabarcelona.com\/politica-privacidad-redes-sociales\/"},"modified":"2019-02-07T19:23:32","modified_gmt":"2019-02-07T18:23:32","slug":"politica-privacidad-redes-sociales","status":"publish","type":"page","link":"https:\/\/www.neurocirugiabarcelona.com\/en\/politica-privacidad-redes-sociales\/","title":{"rendered":"Social network privacy policy"},"content":{"rendered":"<h2>Social network privacy policy of Avances Tecnol\u00f3gicos En Neurocirug\u00eda S.L.<\/h2>\n<h3>1. Information about the community manager responsible for the data on the Avances Tecnol\u00f3gicos En Neurocirug\u00eda S.L. official profiles on social networks<\/h3>\n<p>Pursuant to the provisions of Organic Law 15\/1999, dated 13 December, for Protection of Data of Personal Character (hereinafter LOPD) and Royal Decree 1720\/2007, dated 21 December, approving the Regulation for development of the LOPD (hereinafter RDLOPD) Avances Tecnol\u00f3gicos En Neurocirug\u00eda S.L. hereby notifies users of this social network about the policy for the handling and protection of data of a personal nature of people who voluntarily access and use the official Avances Tecnol\u00f3gicos En Neurocirug\u00eda S.L. page. User access and use of this official Avances Tecnol\u00f3gicos En Neurocirug\u00eda S.L. page your express acceptance of this Privacy Policy and your consent to processing your personal data, as set forth in this policy.<\/p>\n<p>&nbsp;<\/p>\n<h3>2. Data on minors or incapacitated persons<\/h3>\n<p>Access to and registration on certain social networks is prohibited for children under fourteen (14) and so it is also prohibited for children under fourteen (14) to access and use the official Avances Tecnol\u00f3gicos En Neurocirug\u00eda S.L. page. Furthermore, if the user is legally incapacitated, Avances Tecnol\u00f3gicos En Neurocirug\u00eda S.L. advises that the consented assistance of the holder of parental authority or guardianship of the user or his\/her legal representative will be necessary for access and use of Avances Tecnol\u00f3gicos En Neurocirug\u00eda S.L. official page. Avances Tecnol\u00f3gicos En Neurocirug\u00eda S.L. will be expressly released from any liability that may arise from use of its official page by minors and legally incapacitated people, such liability corresponding in each case to their legal representatives.<\/p>\n<p>&nbsp;<\/p>\n<h3>3. Name and address of the file\u2019s controller<\/h3>\n<p>The user is hereby informed that Avances Tecnol\u00f3gicos En Neurocirug\u00eda S.L., with registered head office in C\/ Bisbe Sivilla, 46 Local, 08022 Barcelona, is the controller of the files and processes through which your personal data are collected and stored as a consequence of registration and use of the Avances Tecnol\u00f3gicos En Neurocirug\u00eda S.L. official page on this social medium, without prejudice to the processes controlled by the owner of the social medium on which our official page is hosted.<\/p>\n<p>&nbsp;<\/p>\n<h3>4. Purposes for which the personal data are used, information and consent<\/h3>\n<p>The personal data voluntarily provided by you by following Avances Tecnol\u00f3gicos En Neurocirug\u00eda S.L. through its official social network page will be governed by the privacy policy published on www.neurocirugiabarcelona.com. As well as by the conditions of use, privacy policies and access regulations of the social network applicable in each case and previously accepted by the user. Avances Tecnol\u00f3gicos En Neurocirug\u00eda S.L. will process your data with the purpose of correctly administering its presence on the social network, providing information about the activities, products or services of Avances Tecnol\u00f3gicos En Neurocirug\u00eda S.L. as well as for any other purpose the regulations of social networks permit. Under no circumstances are the profiles of followers on social networks used for sending individual advertising.<\/p>\n<p>From the moment you use this official page, you give your free, unequivocal, specific, informed, express consent to processing of your personal data by Avances Tecnol\u00f3gicos En Neurocirug\u00eda S.L. to ensure correct provision of these services, as set forth in this policy.<\/p>\n<p>The user is free to use the Avances Tecnol\u00f3gicos En Neurocirug\u00eda S.L. profile on social networks; accordingly, if you do not agree to your data being processed for these purposes, you should not use it or provide your personal data.<\/p>\n<p>The user can use the Avances Tecnol\u00f3gicos En Neurocirug\u00eda S.L. official page on social networks to share texts, photos, videos and other types of information and\/or content that will be subject both to this policy and the platform\u2019s Rules and Terms of Use. The user will be responsible for ensuring that all the content published abides by current legislation, this policy and the platform\u2019s Rules.<\/p>\n<p>Avances Tecnol\u00f3gicos En Neurocirug\u00eda S.L. will have the right to delete from this official page\u2013unilaterally and without requiring prior notice or authorisation\u2013any content published by users when such content infringes or contravenes current legislation, the rules set forth in this policy and the platform\u2019s Rules.<\/p>\n<p>&nbsp;<\/p>\n<h3>5. Identification of the parties to which Avances Tecnol\u00f3gicos En Neurocirug\u00eda S.L. intends to transfer or disclose data<\/h3>\n<p>The user advised that all the information and content published on the Avances Tecnol\u00f3gicos En Neurocirug\u00eda S.L. official page on the social medium may be known by other users of the official page and of the social medium platform. Consequently, by the very nature of the service, all the information and content published by the user on the Avances Tecnol\u00f3gicos En Neurocirug\u00eda S.L. official page on this social medium will be visible to all the other users due to the nature of the service.<\/p>\n<p>Avances Tecnol\u00f3gicos En Neurocirug\u00eda S.L. only intends to transfer or disclose data that, pursuant to current regulations, are required by magistrates, courts, public administrations and government authorities with jurisdiction in such matters.<\/p>\n<p>&nbsp;<\/p>\n<h3>6. Other third-party service providers<\/h3>\n<p>Avances Tecnol\u00f3gicos En Neurocirug\u00eda S.L. advises users that it only accepts liability for \u2014and guarantees\u2014 the confidentiality, security and processing of the data in accordance with this policy for the personal data collected from you through this official page on this social medium. It will not accept any liability for the processing and subsequent use of personal data that may be carried out by the owner of the social medium, by third-party information society service providers that may access the data as an intrinsic part of the provision of their services or performance of their activity, by third parties that create hyperlinks on the social medium, and by the data controllers to whom Avances Tecnol\u00f3gicos En Neurocirug\u00eda S.L. refers users registered on this official page.<\/p>\n<p>&nbsp;<\/p>\n<h3>7. Data quality<\/h3>\n<p>Avances Tecnol\u00f3gicos En Neurocirug\u00eda S.L. warns users that, except in the case of legally appointed representatives, you cannot use another person\u2019s identity and disclose his\/her personal data. Consequently, you should remember at all times that you can only provide personal data corresponding to your identity and they must be appropriate, relevant, up-to-date, accurate and truthful. In any case, you must respect third parties\u2019 privacy, whether or not they are users of the social medium or the Avances Tecnol\u00f3gicos En Neurocirug\u00eda S.L. official page on the medium.<\/p>\n<p>&nbsp;<\/p>\n<h3>8. Exercising the rights of access, rectification, cancellation and objection to the data<\/h3>\n<p>Avances Tecnol\u00f3gicos En Neurocirug\u00eda S.L. hereby informs users that they can exercise their rights of access, rectification, cancellation and objection by means of a written request addressed to Avances Tecnol\u00f3gicos En Neurocirug\u00eda S.L. with registered head office in C\/ Bisbe Sivilla, 46 Local, 08022 Barcelona, or such other address that replaces it or is notified to the General Data Protection Register. Accordingly, they must send the written notice to Avances Tecnol\u00f3gicos En Neurocirug\u00eda S.L. stating the request or right they are exercising, together with a photocopy of their national identity document (DNI) or other legally valid document providing proof of identity, expressly stating their user name on the Avances Tecnol\u00f3gicos En Neurocirug\u00eda S.L. official page on the social medium, so that they can be identified unequivocally.<\/p>\n<p>&nbsp;<\/p>\n<h3>9. Other relevant information <\/h3>\n<p>Avances Tecnol\u00f3gicos En Neurocirug\u00eda S.L. may modify and\/or replace this policy at any time, replacing, completing and\/or modifying the currently published policy shown here. Therefore, users should view the policy at regular intervals to keep themselves informed.<\/p>\n<p>Users can contact Avances Tecnol\u00f3gicos En Neurocirug\u00eda S.L. using the social medium\u2019s internal messaging service or the following contact details:<\/p>\n<p><strong>Avances Tecnologicos En Neurocirugia S.L.<\/strong><br \/>\n<strong>Address:<\/strong> C\/ Bisbe Sivilla, 46 Local, 08022 Barcelona<br \/>\n<strong>E-mail:<\/strong> info@neurocirugiabarcelona.com<\/p>\n<p>Users can also consult the rules and policies published by the social medium\u2019s owner regarding use of the medium.<\/p>\n<p>Users may also consult the <a href=\"https:\/\/www.neurocirugiabarcelona.com\/politica-de-privacidad\/\">privacy policy of\u00a0<strong>Avances Tecnologicos En Neurocirugia S.L.<\/strong><\/a><\/p>\n","protected":false},"excerpt":{"rendered":"<p>Social network privacy policy of Avances Tecnol\u00f3gicos En Neurocirug\u00eda S.L. 1. Information about the community manager responsible for the data on the Avances Tecnol\u00f3gicos En Neurocirug\u00eda S.L. official profiles on social networks Pursuant to the provisions of Organic Law 15\/1999, dated 13 December, for Protection of Data of Personal Character (hereinafter LOPD) and Royal Decree &#8230;<\/p>\n","protected":false},"author":2,"featured_media":0,"parent":0,"menu_order":104,"comment_status":"closed","ping_status":"closed","template":"","meta":[],"yoast_head":"<!-- This site is optimized with the Yoast SEO plugin v20.11 - https:\/\/yoast.com\/wordpress\/plugins\/seo\/ -->\n<title>Social network privacy policy - Neurocirug\u00eda Barcelona<\/title>\n<meta name=\"robots\" content=\"noindex, nofollow\" \/>\n<meta property=\"og:locale\" content=\"en_US\" \/>\n<meta property=\"og:type\" content=\"article\" \/>\n<meta property=\"og:title\" content=\"Social network privacy policy - Neurocirug\u00eda Barcelona\" \/>\n<meta property=\"og:description\" content=\"Social network privacy policy of Avances Tecnol\u00f3gicos En Neurocirug\u00eda S.L. 1. Information about the community manager responsible for the data on the Avances Tecnol\u00f3gicos En Neurocirug\u00eda S.L. official profiles on social networks Pursuant to the provisions of Organic Law 15\/1999, dated 13 December, for Protection of Data of Personal Character (hereinafter LOPD) and Royal Decree ...\" \/>\n<meta property=\"og:url\" content=\"https:\/\/www.neurocirugiabarcelona.com\/politica-privacidad-redes-sociales\/\" \/>\n<meta property=\"og:site_name\" content=\"Neurocirug\u00eda Barcelona\" \/>\n<meta property=\"article:modified_time\" content=\"2019-02-07T18:23:32+00:00\" \/>\n<meta name=\"twitter:card\" content=\"summary_large_image\" \/>\n<meta name=\"twitter:label1\" content=\"Est. reading time\" \/>\n\t<meta name=\"twitter:data1\" content=\"7 minutes\" \/>\n<script type=\"application\/ld+json\" class=\"yoast-schema-graph\">{\"@context\":\"https:\/\/schema.org\",\"@graph\":[{\"@type\":\"WebPage\",\"@id\":\"https:\/\/www.neurocirugiabarcelona.com\/politica-privacidad-redes-sociales\/\",\"url\":\"https:\/\/www.neurocirugiabarcelona.com\/politica-privacidad-redes-sociales\/\",\"name\":\"Social network privacy policy - Neurocirug\u00eda Barcelona\",\"isPartOf\":{\"@id\":\"https:\/\/www.neurocirugiabarcelona.com\/#website\"},\"datePublished\":\"2018-07-16T18:02:02+00:00\",\"dateModified\":\"2019-02-07T18:23:32+00:00\",\"breadcrumb\":{\"@id\":\"https:\/\/www.neurocirugiabarcelona.com\/politica-privacidad-redes-sociales\/#breadcrumb\"},\"inLanguage\":\"en-US\",\"potentialAction\":[{\"@type\":\"ReadAction\",\"target\":[\"https:\/\/www.neurocirugiabarcelona.com\/politica-privacidad-redes-sociales\/\"]}]},{\"@type\":\"BreadcrumbList\",\"@id\":\"https:\/\/www.neurocirugiabarcelona.com\/politica-privacidad-redes-sociales\/#breadcrumb\",\"itemListElement\":[{\"@type\":\"ListItem\",\"position\":1,\"name\":\"Portada\",\"item\":\"https:\/\/www.neurocirugiabarcelona.com\/en\/\"},{\"@type\":\"ListItem\",\"position\":2,\"name\":\"Social network privacy policy\"}]},{\"@type\":\"WebSite\",\"@id\":\"https:\/\/www.neurocirugiabarcelona.com\/#website\",\"url\":\"https:\/\/www.neurocirugiabarcelona.com\/\",\"name\":\"Neurocirug\u00eda Barcelona\",\"description\":\"Tratamiento integral de las patolog\u00edas neuroquir\u00fargicas mediante una visi\u00f3n multidisciplinar\",\"potentialAction\":[{\"@type\":\"SearchAction\",\"target\":{\"@type\":\"EntryPoint\",\"urlTemplate\":\"https:\/\/www.neurocirugiabarcelona.com\/?s={search_term_string}\"},\"query-input\":\"required name=search_term_string\"}],\"inLanguage\":\"en-US\"}]}<\/script>\n<!-- \/ Yoast SEO plugin. -->","yoast_head_json":{"title":"Social network privacy policy - Neurocirug\u00eda Barcelona","robots":{"index":"noindex","follow":"nofollow"},"og_locale":"en_US","og_type":"article","og_title":"Social network privacy policy - Neurocirug\u00eda Barcelona","og_description":"Social network privacy policy of Avances Tecnol\u00f3gicos En Neurocirug\u00eda S.L. 1. Information about the community manager responsible for the data on the Avances Tecnol\u00f3gicos En Neurocirug\u00eda S.L. official profiles on social networks Pursuant to the provisions of Organic Law 15\/1999, dated 13 December, for Protection of Data of Personal Character (hereinafter LOPD) and Royal Decree ...","og_url":"https:\/\/www.neurocirugiabarcelona.com\/politica-privacidad-redes-sociales\/","og_site_name":"Neurocirug\u00eda Barcelona","article_modified_time":"2019-02-07T18:23:32+00:00","twitter_card":"summary_large_image","twitter_misc":{"Est. reading time":"7 minutes"},"schema":{"@context":"https:\/\/schema.org","@graph":[{"@type":"WebPage","@id":"https:\/\/www.neurocirugiabarcelona.com\/politica-privacidad-redes-sociales\/","url":"https:\/\/www.neurocirugiabarcelona.com\/politica-privacidad-redes-sociales\/","name":"Social network privacy policy - Neurocirug\u00eda Barcelona","isPartOf":{"@id":"https:\/\/www.neurocirugiabarcelona.com\/#website"},"datePublished":"2018-07-16T18:02:02+00:00","dateModified":"2019-02-07T18:23:32+00:00","breadcrumb":{"@id":"https:\/\/www.neurocirugiabarcelona.com\/politica-privacidad-redes-sociales\/#breadcrumb"},"inLanguage":"en-US","potentialAction":[{"@type":"ReadAction","target":["https:\/\/www.neurocirugiabarcelona.com\/politica-privacidad-redes-sociales\/"]}]},{"@type":"BreadcrumbList","@id":"https:\/\/www.neurocirugiabarcelona.com\/politica-privacidad-redes-sociales\/#breadcrumb","itemListElement":[{"@type":"ListItem","position":1,"name":"Portada","item":"https:\/\/www.neurocirugiabarcelona.com\/en\/"},{"@type":"ListItem","position":2,"name":"Social network privacy policy"}]},{"@type":"WebSite","@id":"https:\/\/www.neurocirugiabarcelona.com\/#website","url":"https:\/\/www.neurocirugiabarcelona.com\/","name":"Neurocirug\u00eda Barcelona","description":"Tratamiento integral de las patolog\u00edas neuroquir\u00fargicas mediante una visi\u00f3n multidisciplinar","potentialAction":[{"@type":"SearchAction","target":{"@type":"EntryPoint","urlTemplate":"https:\/\/www.neurocirugiabarcelona.com\/?s={search_term_string}"},"query-input":"required name=search_term_string"}],"inLanguage":"en-US"}]}},"_links":{"self":[{"href":"https:\/\/www.neurocirugiabarcelona.com\/en\/wp-json\/wp\/v2\/pages\/12275"}],"collection":[{"href":"https:\/\/www.neurocirugiabarcelona.com\/en\/wp-json\/wp\/v2\/pages"}],"about":[{"href":"https:\/\/www.neurocirugiabarcelona.com\/en\/wp-json\/wp\/v2\/types\/page"}],"author":[{"embeddable":true,"href":"https:\/\/www.neurocirugiabarcelona.com\/en\/wp-json\/wp\/v2\/users\/2"}],"replies":[{"embeddable":true,"href":"https:\/\/www.neurocirugiabarcelona.com\/en\/wp-json\/wp\/v2\/comments?post=12275"}],"version-history":[{"count":4,"href":"https:\/\/www.neurocirugiabarcelona.com\/en\/wp-json\/wp\/v2\/pages\/12275\/revisions"}],"predecessor-version":[{"id":12279,"href":"https:\/\/www.neurocirugiabarcelona.com\/en\/wp-json\/wp\/v2\/pages\/12275\/revisions\/12279"}],"wp:attachment":[{"href":"https:\/\/www.neurocirugiabarcelona.com\/en\/wp-json\/wp\/v2\/media?parent=12275"}],"curies":[{"name":"wp","href":"https:\/\/api.w.org\/{rel}","templated":true}]}}