{"id":12137,"date":"2016-07-06T09:41:14","date_gmt":"2016-07-06T08:41:14","guid":{"rendered":"https:\/\/www.neurocirugiabarcelona.com\/neurologia\/trastornos-cognitivos\/"},"modified":"2019-02-07T19:22:22","modified_gmt":"2019-02-07T18:22:22","slug":"neurodegeneration-unit","status":"publish","type":"page","link":"https:\/\/www.neurocirugiabarcelona.com\/en\/neurology\/neurodegeneration-unit\/","title":{"rendered":"Neurodegeneration Unit"},"content":{"rendered":"<p align=\"justify\"><span style=\"font-family: 'Times New Roman', serif;\"><span style=\"font-size: medium;\">Management of patients with cognitive disorders, mainly dementias caused by Alzheimer&#8217;s disease, frontotemporal dementia, multiple system atrophy, Lewy body disease, corticobasal degeneration and vascular dementia. Assessment of patients with subjective memory pathologies using neurological, neuropsychological clinical examinations and neuroimaging tests. Assessment on cognitive stimulation exercises adapted to the degree of deterioration of the patient. <\/span><\/span><\/p>\n<p align=\"justify\"><span style=\"font-family: 'Times New Roman', serif;\"><span style=\"font-size: medium;\">Assessment, clinical diagnosis using neuroimaging techniques and treatment of Parkinson&#8217;s disease. Treatment of primary and secondary dystonia with botulinum toxin. <\/span><\/span><\/p>\n","protected":false},"excerpt":{"rendered":"<p>Management of patients with cognitive disorders, mainly dementias caused by Alzheimer&#8217;s disease, frontotemporal dementia, multiple system atrophy, Lewy body disease, corticobasal degeneration and vascular dementia. Assessment of patients with subjective memory pathologies using neurological, neuropsychological clinical examinations and neuroimaging tests. Assessment on cognitive stimulation exercises adapted to the degree of deterioration of the patient. Assessment, &#8230;<\/p>\n","protected":false},"author":2,"featured_media":0,"parent":12125,"menu_order":3,"comment_status":"closed","ping_status":"closed","template":"","meta":[],"yoast_head":"<!-- This site is optimized with the Yoast SEO plugin v20.11 - https:\/\/yoast.com\/wordpress\/plugins\/seo\/ -->\n<title>Neurodegeneration Unit - Neurocirug\u00eda Barcelona<\/title>\n<meta name=\"robots\" content=\"index, follow, max-snippet:-1, max-image-preview:large, max-video-preview:-1\" \/>\n<link rel=\"canonical\" href=\"https:\/\/www.neurocirugiabarcelona.com\/neurologia\/trastornos-cognitivos\/\" \/>\n<meta property=\"og:locale\" content=\"en_US\" \/>\n<meta property=\"og:type\" content=\"article\" \/>\n<meta property=\"og:title\" content=\"Neurodegeneration Unit - Neurocirug\u00eda Barcelona\" \/>\n<meta property=\"og:description\" content=\"Management of patients with cognitive disorders, mainly dementias caused by Alzheimer&#8217;s disease, frontotemporal dementia, multiple system atrophy, Lewy body disease, corticobasal degeneration and vascular dementia. Assessment of patients with subjective memory pathologies using neurological, neuropsychological clinical examinations and neuroimaging tests. Assessment on cognitive stimulation exercises adapted to the degree of deterioration of the patient. Assessment, ...\" \/>\n<meta property=\"og:url\" content=\"https:\/\/www.neurocirugiabarcelona.com\/neurologia\/trastornos-cognitivos\/\" \/>\n<meta property=\"og:site_name\" content=\"Neurocirug\u00eda Barcelona\" \/>\n<meta property=\"article:modified_time\" content=\"2019-02-07T18:22:22+00:00\" \/>\n<meta name=\"twitter:card\" content=\"summary_large_image\" \/>\n<script type=\"application\/ld+json\" class=\"yoast-schema-graph\">{\"@context\":\"https:\/\/schema.org\",\"@graph\":[{\"@type\":\"WebPage\",\"@id\":\"https:\/\/www.neurocirugiabarcelona.com\/neurologia\/trastornos-cognitivos\/\",\"url\":\"https:\/\/www.neurocirugiabarcelona.com\/neurologia\/trastornos-cognitivos\/\",\"name\":\"Neurodegeneration Unit - Neurocirug\u00eda Barcelona\",\"isPartOf\":{\"@id\":\"https:\/\/www.neurocirugiabarcelona.com\/#website\"},\"datePublished\":\"2016-07-06T08:41:14+00:00\",\"dateModified\":\"2019-02-07T18:22:22+00:00\",\"breadcrumb\":{\"@id\":\"https:\/\/www.neurocirugiabarcelona.com\/neurologia\/trastornos-cognitivos\/#breadcrumb\"},\"inLanguage\":\"en-US\",\"potentialAction\":[{\"@type\":\"ReadAction\",\"target\":[\"https:\/\/www.neurocirugiabarcelona.com\/neurologia\/trastornos-cognitivos\/\"]}]},{\"@type\":\"BreadcrumbList\",\"@id\":\"https:\/\/www.neurocirugiabarcelona.com\/neurologia\/trastornos-cognitivos\/#breadcrumb\",\"itemListElement\":[{\"@type\":\"ListItem\",\"position\":1,\"name\":\"Portada\",\"item\":\"https:\/\/www.neurocirugiabarcelona.com\/en\/\"},{\"@type\":\"ListItem\",\"position\":2,\"name\":\"Neurology\",\"item\":\"https:\/\/www.neurocirugiabarcelona.com\/en\/neurology\/\"},{\"@type\":\"ListItem\",\"position\":3,\"name\":\"Neurodegeneration Unit\"}]},{\"@type\":\"WebSite\",\"@id\":\"https:\/\/www.neurocirugiabarcelona.com\/#website\",\"url\":\"https:\/\/www.neurocirugiabarcelona.com\/\",\"name\":\"Neurocirug\u00eda Barcelona\",\"description\":\"Tratamiento integral de las patolog\u00edas neuroquir\u00fargicas mediante una visi\u00f3n multidisciplinar\",\"potentialAction\":[{\"@type\":\"SearchAction\",\"target\":{\"@type\":\"EntryPoint\",\"urlTemplate\":\"https:\/\/www.neurocirugiabarcelona.com\/?s={search_term_string}\"},\"query-input\":\"required name=search_term_string\"}],\"inLanguage\":\"en-US\"}]}<\/script>\n<!-- \/ Yoast SEO plugin. -->","yoast_head_json":{"title":"Neurodegeneration Unit - Neurocirug\u00eda Barcelona","robots":{"index":"index","follow":"follow","max-snippet":"max-snippet:-1","max-image-preview":"max-image-preview:large","max-video-preview":"max-video-preview:-1"},"canonical":"https:\/\/www.neurocirugiabarcelona.com\/neurologia\/trastornos-cognitivos\/","og_locale":"en_US","og_type":"article","og_title":"Neurodegeneration Unit - Neurocirug\u00eda Barcelona","og_description":"Management of patients with cognitive disorders, mainly dementias caused by Alzheimer&#8217;s disease, frontotemporal dementia, multiple system atrophy, Lewy body disease, corticobasal degeneration and vascular dementia. Assessment of patients with subjective memory pathologies using neurological, neuropsychological clinical examinations and neuroimaging tests. Assessment on cognitive stimulation exercises adapted to the degree of deterioration of the patient. Assessment, ...","og_url":"https:\/\/www.neurocirugiabarcelona.com\/neurologia\/trastornos-cognitivos\/","og_site_name":"Neurocirug\u00eda Barcelona","article_modified_time":"2019-02-07T18:22:22+00:00","twitter_card":"summary_large_image","schema":{"@context":"https:\/\/schema.org","@graph":[{"@type":"WebPage","@id":"https:\/\/www.neurocirugiabarcelona.com\/neurologia\/trastornos-cognitivos\/","url":"https:\/\/www.neurocirugiabarcelona.com\/neurologia\/trastornos-cognitivos\/","name":"Neurodegeneration Unit - Neurocirug\u00eda Barcelona","isPartOf":{"@id":"https:\/\/www.neurocirugiabarcelona.com\/#website"},"datePublished":"2016-07-06T08:41:14+00:00","dateModified":"2019-02-07T18:22:22+00:00","breadcrumb":{"@id":"https:\/\/www.neurocirugiabarcelona.com\/neurologia\/trastornos-cognitivos\/#breadcrumb"},"inLanguage":"en-US","potentialAction":[{"@type":"ReadAction","target":["https:\/\/www.neurocirugiabarcelona.com\/neurologia\/trastornos-cognitivos\/"]}]},{"@type":"BreadcrumbList","@id":"https:\/\/www.neurocirugiabarcelona.com\/neurologia\/trastornos-cognitivos\/#breadcrumb","itemListElement":[{"@type":"ListItem","position":1,"name":"Portada","item":"https:\/\/www.neurocirugiabarcelona.com\/en\/"},{"@type":"ListItem","position":2,"name":"Neurology","item":"https:\/\/www.neurocirugiabarcelona.com\/en\/neurology\/"},{"@type":"ListItem","position":3,"name":"Neurodegeneration Unit"}]},{"@type":"WebSite","@id":"https:\/\/www.neurocirugiabarcelona.com\/#website","url":"https:\/\/www.neurocirugiabarcelona.com\/","name":"Neurocirug\u00eda Barcelona","description":"Tratamiento integral de las patolog\u00edas neuroquir\u00fargicas mediante una visi\u00f3n multidisciplinar","potentialAction":[{"@type":"SearchAction","target":{"@type":"EntryPoint","urlTemplate":"https:\/\/www.neurocirugiabarcelona.com\/?s={search_term_string}"},"query-input":"required name=search_term_string"}],"inLanguage":"en-US"}]}},"_links":{"self":[{"href":"https:\/\/www.neurocirugiabarcelona.com\/en\/wp-json\/wp\/v2\/pages\/12137"}],"collection":[{"href":"https:\/\/www.neurocirugiabarcelona.com\/en\/wp-json\/wp\/v2\/pages"}],"about":[{"href":"https:\/\/www.neurocirugiabarcelona.com\/en\/wp-json\/wp\/v2\/types\/page"}],"author":[{"embeddable":true,"href":"https:\/\/www.neurocirugiabarcelona.com\/en\/wp-json\/wp\/v2\/users\/2"}],"replies":[{"embeddable":true,"href":"https:\/\/www.neurocirugiabarcelona.com\/en\/wp-json\/wp\/v2\/comments?post=12137"}],"version-history":[{"count":1,"href":"https:\/\/www.neurocirugiabarcelona.com\/en\/wp-json\/wp\/v2\/pages\/12137\/revisions"}],"predecessor-version":[{"id":12138,"href":"https:\/\/www.neurocirugiabarcelona.com\/en\/wp-json\/wp\/v2\/pages\/12137\/revisions\/12138"}],"up":[{"embeddable":true,"href":"https:\/\/www.neurocirugiabarcelona.com\/en\/wp-json\/wp\/v2\/pages\/12125"}],"wp:attachment":[{"href":"https:\/\/www.neurocirugiabarcelona.com\/en\/wp-json\/wp\/v2\/media?parent=12137"}],"curies":[{"name":"wp","href":"https:\/\/api.w.org\/{rel}","templated":true}]}}