{"id":12132,"date":"2016-07-06T09:40:13","date_gmt":"2016-07-06T08:40:13","guid":{"rendered":"https:\/\/www.neurocirugiabarcelona.com\/neurologia\/epilepsia-trastornos-del-sueno\/"},"modified":"2019-02-07T19:22:16","modified_gmt":"2019-02-07T18:22:16","slug":"epilepsy-and-sleep-unit","status":"publish","type":"page","link":"https:\/\/www.neurocirugiabarcelona.com\/en\/neurology\/epilepsy-and-sleep-unit\/","title":{"rendered":"Epilepsy and Sleep Unit"},"content":{"rendered":"<h2>Epilepsy<\/h2>\n<p>The study of epileptic syndromes in children and adults using video-EEG recordings and neuroimaging. Assessment of drug-resistant patients who are candidates for functional epilepsy surgery. Performance of invasive recordings in selected cases. Application of brain stimulation in inoperable patients.<\/p>\n<h2>Sleep disorders<\/h2>\n<p>Diagnosis and treatment of sleep disorders in children and adults, including insomnia, excessive daytime sleepiness, restless leg syndrome, narcolepsy and behaviour disorders during sleep such as somnambulism (sleepwalking) or nightmares. Availability of a polysomnographic record.<\/p>\n","protected":false},"excerpt":{"rendered":"<p>Epilepsy The study of epileptic syndromes in children and adults using video-EEG recordings and neuroimaging. Assessment of drug-resistant patients who are candidates for functional epilepsy surgery. Performance of invasive recordings in selected cases. Application of brain stimulation in inoperable patients. Sleep disorders Diagnosis and treatment of sleep disorders in children and adults, including insomnia, excessive &#8230;<\/p>\n","protected":false},"author":2,"featured_media":0,"parent":12125,"menu_order":2,"comment_status":"closed","ping_status":"closed","template":"","meta":[],"yoast_head":"<!-- This site is optimized with the Yoast SEO plugin v20.11 - https:\/\/yoast.com\/wordpress\/plugins\/seo\/ -->\n<title>Epilepsy and Sleep Unit - Neurocirug\u00eda Barcelona<\/title>\n<meta name=\"robots\" content=\"index, follow, max-snippet:-1, max-image-preview:large, max-video-preview:-1\" \/>\n<link rel=\"canonical\" href=\"https:\/\/www.neurocirugiabarcelona.com\/neurologia\/epilepsia-trastornos-del-sueno\/\" \/>\n<meta property=\"og:locale\" content=\"en_US\" \/>\n<meta property=\"og:type\" content=\"article\" \/>\n<meta property=\"og:title\" content=\"Epilepsy and Sleep Unit - Neurocirug\u00eda Barcelona\" \/>\n<meta property=\"og:description\" content=\"Epilepsy The study of epileptic syndromes in children and adults using video-EEG recordings and neuroimaging. Assessment of drug-resistant patients who are candidates for functional epilepsy surgery. Performance of invasive recordings in selected cases. Application of brain stimulation in inoperable patients. Sleep disorders Diagnosis and treatment of sleep disorders in children and adults, including insomnia, excessive ...\" \/>\n<meta property=\"og:url\" content=\"https:\/\/www.neurocirugiabarcelona.com\/neurologia\/epilepsia-trastornos-del-sueno\/\" \/>\n<meta property=\"og:site_name\" content=\"Neurocirug\u00eda Barcelona\" \/>\n<meta property=\"article:modified_time\" content=\"2019-02-07T18:22:16+00:00\" \/>\n<meta name=\"twitter:card\" content=\"summary_large_image\" \/>\n<script type=\"application\/ld+json\" class=\"yoast-schema-graph\">{\"@context\":\"https:\/\/schema.org\",\"@graph\":[{\"@type\":\"WebPage\",\"@id\":\"https:\/\/www.neurocirugiabarcelona.com\/neurologia\/epilepsia-trastornos-del-sueno\/\",\"url\":\"https:\/\/www.neurocirugiabarcelona.com\/neurologia\/epilepsia-trastornos-del-sueno\/\",\"name\":\"Epilepsy and Sleep Unit - Neurocirug\u00eda Barcelona\",\"isPartOf\":{\"@id\":\"https:\/\/www.neurocirugiabarcelona.com\/#website\"},\"datePublished\":\"2016-07-06T08:40:13+00:00\",\"dateModified\":\"2019-02-07T18:22:16+00:00\",\"breadcrumb\":{\"@id\":\"https:\/\/www.neurocirugiabarcelona.com\/neurologia\/epilepsia-trastornos-del-sueno\/#breadcrumb\"},\"inLanguage\":\"en-US\",\"potentialAction\":[{\"@type\":\"ReadAction\",\"target\":[\"https:\/\/www.neurocirugiabarcelona.com\/neurologia\/epilepsia-trastornos-del-sueno\/\"]}]},{\"@type\":\"BreadcrumbList\",\"@id\":\"https:\/\/www.neurocirugiabarcelona.com\/neurologia\/epilepsia-trastornos-del-sueno\/#breadcrumb\",\"itemListElement\":[{\"@type\":\"ListItem\",\"position\":1,\"name\":\"Portada\",\"item\":\"https:\/\/www.neurocirugiabarcelona.com\/en\/\"},{\"@type\":\"ListItem\",\"position\":2,\"name\":\"Neurology\",\"item\":\"https:\/\/www.neurocirugiabarcelona.com\/en\/neurology\/\"},{\"@type\":\"ListItem\",\"position\":3,\"name\":\"Epilepsy and Sleep Unit\"}]},{\"@type\":\"WebSite\",\"@id\":\"https:\/\/www.neurocirugiabarcelona.com\/#website\",\"url\":\"https:\/\/www.neurocirugiabarcelona.com\/\",\"name\":\"Neurocirug\u00eda Barcelona\",\"description\":\"Tratamiento integral de las patolog\u00edas neuroquir\u00fargicas mediante una visi\u00f3n multidisciplinar\",\"potentialAction\":[{\"@type\":\"SearchAction\",\"target\":{\"@type\":\"EntryPoint\",\"urlTemplate\":\"https:\/\/www.neurocirugiabarcelona.com\/?s={search_term_string}\"},\"query-input\":\"required name=search_term_string\"}],\"inLanguage\":\"en-US\"}]}<\/script>\n<!-- \/ Yoast SEO plugin. -->","yoast_head_json":{"title":"Epilepsy and Sleep Unit - Neurocirug\u00eda Barcelona","robots":{"index":"index","follow":"follow","max-snippet":"max-snippet:-1","max-image-preview":"max-image-preview:large","max-video-preview":"max-video-preview:-1"},"canonical":"https:\/\/www.neurocirugiabarcelona.com\/neurologia\/epilepsia-trastornos-del-sueno\/","og_locale":"en_US","og_type":"article","og_title":"Epilepsy and Sleep Unit - Neurocirug\u00eda Barcelona","og_description":"Epilepsy The study of epileptic syndromes in children and adults using video-EEG recordings and neuroimaging. Assessment of drug-resistant patients who are candidates for functional epilepsy surgery. Performance of invasive recordings in selected cases. Application of brain stimulation in inoperable patients. Sleep disorders Diagnosis and treatment of sleep disorders in children and adults, including insomnia, excessive ...","og_url":"https:\/\/www.neurocirugiabarcelona.com\/neurologia\/epilepsia-trastornos-del-sueno\/","og_site_name":"Neurocirug\u00eda Barcelona","article_modified_time":"2019-02-07T18:22:16+00:00","twitter_card":"summary_large_image","schema":{"@context":"https:\/\/schema.org","@graph":[{"@type":"WebPage","@id":"https:\/\/www.neurocirugiabarcelona.com\/neurologia\/epilepsia-trastornos-del-sueno\/","url":"https:\/\/www.neurocirugiabarcelona.com\/neurologia\/epilepsia-trastornos-del-sueno\/","name":"Epilepsy and Sleep Unit - Neurocirug\u00eda Barcelona","isPartOf":{"@id":"https:\/\/www.neurocirugiabarcelona.com\/#website"},"datePublished":"2016-07-06T08:40:13+00:00","dateModified":"2019-02-07T18:22:16+00:00","breadcrumb":{"@id":"https:\/\/www.neurocirugiabarcelona.com\/neurologia\/epilepsia-trastornos-del-sueno\/#breadcrumb"},"inLanguage":"en-US","potentialAction":[{"@type":"ReadAction","target":["https:\/\/www.neurocirugiabarcelona.com\/neurologia\/epilepsia-trastornos-del-sueno\/"]}]},{"@type":"BreadcrumbList","@id":"https:\/\/www.neurocirugiabarcelona.com\/neurologia\/epilepsia-trastornos-del-sueno\/#breadcrumb","itemListElement":[{"@type":"ListItem","position":1,"name":"Portada","item":"https:\/\/www.neurocirugiabarcelona.com\/en\/"},{"@type":"ListItem","position":2,"name":"Neurology","item":"https:\/\/www.neurocirugiabarcelona.com\/en\/neurology\/"},{"@type":"ListItem","position":3,"name":"Epilepsy and Sleep Unit"}]},{"@type":"WebSite","@id":"https:\/\/www.neurocirugiabarcelona.com\/#website","url":"https:\/\/www.neurocirugiabarcelona.com\/","name":"Neurocirug\u00eda Barcelona","description":"Tratamiento integral de las patolog\u00edas neuroquir\u00fargicas mediante una visi\u00f3n multidisciplinar","potentialAction":[{"@type":"SearchAction","target":{"@type":"EntryPoint","urlTemplate":"https:\/\/www.neurocirugiabarcelona.com\/?s={search_term_string}"},"query-input":"required name=search_term_string"}],"inLanguage":"en-US"}]}},"_links":{"self":[{"href":"https:\/\/www.neurocirugiabarcelona.com\/en\/wp-json\/wp\/v2\/pages\/12132"}],"collection":[{"href":"https:\/\/www.neurocirugiabarcelona.com\/en\/wp-json\/wp\/v2\/pages"}],"about":[{"href":"https:\/\/www.neurocirugiabarcelona.com\/en\/wp-json\/wp\/v2\/types\/page"}],"author":[{"embeddable":true,"href":"https:\/\/www.neurocirugiabarcelona.com\/en\/wp-json\/wp\/v2\/users\/2"}],"replies":[{"embeddable":true,"href":"https:\/\/www.neurocirugiabarcelona.com\/en\/wp-json\/wp\/v2\/comments?post=12132"}],"version-history":[{"count":3,"href":"https:\/\/www.neurocirugiabarcelona.com\/en\/wp-json\/wp\/v2\/pages\/12132\/revisions"}],"predecessor-version":[{"id":12135,"href":"https:\/\/www.neurocirugiabarcelona.com\/en\/wp-json\/wp\/v2\/pages\/12132\/revisions\/12135"}],"up":[{"embeddable":true,"href":"https:\/\/www.neurocirugiabarcelona.com\/en\/wp-json\/wp\/v2\/pages\/12125"}],"wp:attachment":[{"href":"https:\/\/www.neurocirugiabarcelona.com\/en\/wp-json\/wp\/v2\/media?parent=12132"}],"curies":[{"name":"wp","href":"https:\/\/api.w.org\/{rel}","templated":true}]}}