{"id":12129,"date":"2016-07-06T09:34:41","date_gmt":"2016-07-06T08:34:41","guid":{"rendered":"https:\/\/www.neurocirugiabarcelona.com\/neurologia\/cefaleas\/"},"modified":"2019-02-07T19:22:08","modified_gmt":"2019-02-07T18:22:08","slug":"headache-unit","status":"publish","type":"page","link":"https:\/\/www.neurocirugiabarcelona.com\/en\/neurology\/headache-unit\/","title":{"rendered":"Headache Unit"},"content":{"rendered":"<p>This unit is dedicated to different types of headaches and facial pain, including migraine, tension headache, trigeminal neuralgia, paroxistic headaches (cough headache, hypnic, thunderclap headache), trigeminal autonomic cephalgias and secondary headaches (post-traumatic, changes in intracranial pressure).<\/p>\n<p>Doppler ultrasonography for the diagnosis of temporal arteritis. Treatments such as botulinum toxin (Botox) for chronic migraine, as well as occipital nerve block are also available. <\/p>\n","protected":false},"excerpt":{"rendered":"<p>This unit is dedicated to different types of headaches and facial pain, including migraine, tension headache, trigeminal neuralgia, paroxistic headaches (cough headache, hypnic, thunderclap headache), trigeminal autonomic cephalgias and secondary headaches (post-traumatic, changes in intracranial pressure). Doppler ultrasonography for the diagnosis of temporal arteritis. Treatments such as botulinum toxin (Botox) for chronic migraine, as well &#8230;<\/p>\n","protected":false},"author":2,"featured_media":0,"parent":12125,"menu_order":1,"comment_status":"closed","ping_status":"closed","template":"","meta":[],"yoast_head":"<!-- This site is optimized with the Yoast SEO plugin v20.11 - https:\/\/yoast.com\/wordpress\/plugins\/seo\/ -->\n<title>Headache Unit - Neurocirug\u00eda Barcelona<\/title>\n<meta name=\"robots\" content=\"index, follow, max-snippet:-1, max-image-preview:large, max-video-preview:-1\" \/>\n<link rel=\"canonical\" href=\"https:\/\/www.neurocirugiabarcelona.com\/en\/neurology\/headache-unit\/\" \/>\n<meta property=\"og:locale\" content=\"en_US\" \/>\n<meta property=\"og:type\" content=\"article\" \/>\n<meta property=\"og:title\" content=\"Headache Unit - Neurocirug\u00eda Barcelona\" \/>\n<meta property=\"og:description\" content=\"This unit is dedicated to different types of headaches and facial pain, including migraine, tension headache, trigeminal neuralgia, paroxistic headaches (cough headache, hypnic, thunderclap headache), trigeminal autonomic cephalgias and secondary headaches (post-traumatic, changes in intracranial pressure). Doppler ultrasonography for the diagnosis of temporal arteritis. Treatments such as botulinum toxin (Botox) for chronic migraine, as well ...\" \/>\n<meta property=\"og:url\" content=\"https:\/\/www.neurocirugiabarcelona.com\/en\/neurology\/headache-unit\/\" \/>\n<meta property=\"og:site_name\" content=\"Neurocirug\u00eda Barcelona\" \/>\n<meta property=\"article:modified_time\" content=\"2019-02-07T18:22:08+00:00\" \/>\n<meta name=\"twitter:card\" content=\"summary_large_image\" \/>\n<script type=\"application\/ld+json\" class=\"yoast-schema-graph\">{\"@context\":\"https:\/\/schema.org\",\"@graph\":[{\"@type\":\"WebPage\",\"@id\":\"https:\/\/www.neurocirugiabarcelona.com\/en\/neurology\/headache-unit\/\",\"url\":\"https:\/\/www.neurocirugiabarcelona.com\/en\/neurology\/headache-unit\/\",\"name\":\"Headache Unit - Neurocirug\u00eda Barcelona\",\"isPartOf\":{\"@id\":\"https:\/\/www.neurocirugiabarcelona.com\/#website\"},\"datePublished\":\"2016-07-06T08:34:41+00:00\",\"dateModified\":\"2019-02-07T18:22:08+00:00\",\"breadcrumb\":{\"@id\":\"https:\/\/www.neurocirugiabarcelona.com\/en\/neurology\/headache-unit\/#breadcrumb\"},\"inLanguage\":\"en-US\",\"potentialAction\":[{\"@type\":\"ReadAction\",\"target\":[\"https:\/\/www.neurocirugiabarcelona.com\/en\/neurology\/headache-unit\/\"]}]},{\"@type\":\"BreadcrumbList\",\"@id\":\"https:\/\/www.neurocirugiabarcelona.com\/en\/neurology\/headache-unit\/#breadcrumb\",\"itemListElement\":[{\"@type\":\"ListItem\",\"position\":1,\"name\":\"Portada\",\"item\":\"https:\/\/www.neurocirugiabarcelona.com\/en\/\"},{\"@type\":\"ListItem\",\"position\":2,\"name\":\"Neurology\",\"item\":\"https:\/\/www.neurocirugiabarcelona.com\/en\/neurology\/\"},{\"@type\":\"ListItem\",\"position\":3,\"name\":\"Headache Unit\"}]},{\"@type\":\"WebSite\",\"@id\":\"https:\/\/www.neurocirugiabarcelona.com\/#website\",\"url\":\"https:\/\/www.neurocirugiabarcelona.com\/\",\"name\":\"Neurocirug\u00eda Barcelona\",\"description\":\"Tratamiento integral de las patolog\u00edas neuroquir\u00fargicas mediante una visi\u00f3n multidisciplinar\",\"potentialAction\":[{\"@type\":\"SearchAction\",\"target\":{\"@type\":\"EntryPoint\",\"urlTemplate\":\"https:\/\/www.neurocirugiabarcelona.com\/?s={search_term_string}\"},\"query-input\":\"required name=search_term_string\"}],\"inLanguage\":\"en-US\"}]}<\/script>\n<!-- \/ Yoast SEO plugin. -->","yoast_head_json":{"title":"Headache Unit - Neurocirug\u00eda Barcelona","robots":{"index":"index","follow":"follow","max-snippet":"max-snippet:-1","max-image-preview":"max-image-preview:large","max-video-preview":"max-video-preview:-1"},"canonical":"https:\/\/www.neurocirugiabarcelona.com\/en\/neurology\/headache-unit\/","og_locale":"en_US","og_type":"article","og_title":"Headache Unit - Neurocirug\u00eda Barcelona","og_description":"This unit is dedicated to different types of headaches and facial pain, including migraine, tension headache, trigeminal neuralgia, paroxistic headaches (cough headache, hypnic, thunderclap headache), trigeminal autonomic cephalgias and secondary headaches (post-traumatic, changes in intracranial pressure). Doppler ultrasonography for the diagnosis of temporal arteritis. Treatments such as botulinum toxin (Botox) for chronic migraine, as well ...","og_url":"https:\/\/www.neurocirugiabarcelona.com\/en\/neurology\/headache-unit\/","og_site_name":"Neurocirug\u00eda Barcelona","article_modified_time":"2019-02-07T18:22:08+00:00","twitter_card":"summary_large_image","schema":{"@context":"https:\/\/schema.org","@graph":[{"@type":"WebPage","@id":"https:\/\/www.neurocirugiabarcelona.com\/en\/neurology\/headache-unit\/","url":"https:\/\/www.neurocirugiabarcelona.com\/en\/neurology\/headache-unit\/","name":"Headache Unit - Neurocirug\u00eda Barcelona","isPartOf":{"@id":"https:\/\/www.neurocirugiabarcelona.com\/#website"},"datePublished":"2016-07-06T08:34:41+00:00","dateModified":"2019-02-07T18:22:08+00:00","breadcrumb":{"@id":"https:\/\/www.neurocirugiabarcelona.com\/en\/neurology\/headache-unit\/#breadcrumb"},"inLanguage":"en-US","potentialAction":[{"@type":"ReadAction","target":["https:\/\/www.neurocirugiabarcelona.com\/en\/neurology\/headache-unit\/"]}]},{"@type":"BreadcrumbList","@id":"https:\/\/www.neurocirugiabarcelona.com\/en\/neurology\/headache-unit\/#breadcrumb","itemListElement":[{"@type":"ListItem","position":1,"name":"Portada","item":"https:\/\/www.neurocirugiabarcelona.com\/en\/"},{"@type":"ListItem","position":2,"name":"Neurology","item":"https:\/\/www.neurocirugiabarcelona.com\/en\/neurology\/"},{"@type":"ListItem","position":3,"name":"Headache Unit"}]},{"@type":"WebSite","@id":"https:\/\/www.neurocirugiabarcelona.com\/#website","url":"https:\/\/www.neurocirugiabarcelona.com\/","name":"Neurocirug\u00eda Barcelona","description":"Tratamiento integral de las patolog\u00edas neuroquir\u00fargicas mediante una visi\u00f3n multidisciplinar","potentialAction":[{"@type":"SearchAction","target":{"@type":"EntryPoint","urlTemplate":"https:\/\/www.neurocirugiabarcelona.com\/?s={search_term_string}"},"query-input":"required name=search_term_string"}],"inLanguage":"en-US"}]}},"_links":{"self":[{"href":"https:\/\/www.neurocirugiabarcelona.com\/en\/wp-json\/wp\/v2\/pages\/12129"}],"collection":[{"href":"https:\/\/www.neurocirugiabarcelona.com\/en\/wp-json\/wp\/v2\/pages"}],"about":[{"href":"https:\/\/www.neurocirugiabarcelona.com\/en\/wp-json\/wp\/v2\/types\/page"}],"author":[{"embeddable":true,"href":"https:\/\/www.neurocirugiabarcelona.com\/en\/wp-json\/wp\/v2\/users\/2"}],"replies":[{"embeddable":true,"href":"https:\/\/www.neurocirugiabarcelona.com\/en\/wp-json\/wp\/v2\/comments?post=12129"}],"version-history":[{"count":1,"href":"https:\/\/www.neurocirugiabarcelona.com\/en\/wp-json\/wp\/v2\/pages\/12129\/revisions"}],"predecessor-version":[{"id":12130,"href":"https:\/\/www.neurocirugiabarcelona.com\/en\/wp-json\/wp\/v2\/pages\/12129\/revisions\/12130"}],"up":[{"embeddable":true,"href":"https:\/\/www.neurocirugiabarcelona.com\/en\/wp-json\/wp\/v2\/pages\/12125"}],"wp:attachment":[{"href":"https:\/\/www.neurocirugiabarcelona.com\/en\/wp-json\/wp\/v2\/media?parent=12129"}],"curies":[{"name":"wp","href":"https:\/\/api.w.org\/{rel}","templated":true}]}}