{"id":12125,"date":"2016-07-06T08:36:38","date_gmt":"2016-07-06T07:36:38","guid":{"rendered":"https:\/\/www.neurocirugiabarcelona.com\/neurologia\/"},"modified":"2019-02-14T17:56:03","modified_gmt":"2019-02-14T16:56:03","slug":"neurology","status":"publish","type":"page","link":"https:\/\/www.neurocirugiabarcelona.com\/en\/neurology\/","title":{"rendered":"Neurology"},"content":{"rendered":"<p><img decoding=\"async\" loading=\"lazy\" class=\"alignright size-medium wp-image-10791\" src=\"http:\/\/www.neurocirugiabarcelona.com\/wp-content\/uploads\/2016\/07\/neurologia-300x200.jpg\" alt=\"neurolog\u00eda\" width=\"300\" height=\"200\" srcset=\"https:\/\/www.neurocirugiabarcelona.com\/wp-content\/uploads\/2016\/07\/neurologia-300x200.jpg 300w, https:\/\/www.neurocirugiabarcelona.com\/wp-content\/uploads\/2016\/07\/neurologia-90x60.jpg 90w, https:\/\/www.neurocirugiabarcelona.com\/wp-content\/uploads\/2016\/07\/neurologia.jpg 660w\" sizes=\"(max-width: 300px) 100vw, 300px\" \/>Neurology has undergone a great transformation in the last decades and has progressed substantially in the knowledge of pathologies of great complexity, such as stroke, headache, epilepsy or neurodegenerative and neuromuscular diseases. This advancement has led to a considerable increase in the therapeutic possibilities, both at the pharmacological level and through surgical or minimally invasive procedures.<\/p>\n<p>In our center we offer comprehensive, multidisciplinary and up-to-date care, thanks to the collaboration of different professionals with extensive training, as well as the availability of technological advances considered essential today for a correct diagnosis and management of neurological diseases.<\/p>\n<p>&nbsp;<\/p>\n<p>&nbsp;<\/p>\n<p><div class=\"one_fourth\"><a href=\"https:\/\/www.neurocirugiabarcelona.com\/en\/neurology\/headache-unit\/\" target=\"\" style=\"color:#fff\"><div class=\"pmc-button pmc-round-button\" style=\"background-color:#ff505a;border-color:#a01e3c\">Headache Unit<\/div><\/a> <a href=\"https:\/\/www.neurocirugiabarcelona.com\/en\/neurology\/epilepsy-and-sleep-unit\/\" target=\"\" style=\"color:#fff\"><div class=\"pmc-button pmc-round-button\" style=\"background-color:#ff505a;border-color:#a01e3c\">Epilepsy and Sleep Unit<\/div><\/a><br \/>\n<\/div><div class=\"one_fourth\"><a href=\"https:\/\/www.neurocirugiabarcelona.com\/en\/neurology\/neurodegeneration-unit\/\" target=\"\" style=\"color:#fff\"><div class=\"pmc-button pmc-round-button\" style=\"background-color:#ff505a;border-color:#a01e3c\">Neurodegeneration Unit<\/div><\/a><a href=\"https:\/\/www.neurocirugiabarcelona.com\/en\/neurology\/movement-disorder-unit\/\" target=\"\" style=\"color:#fff\"><div class=\"pmc-button pmc-round-button\" style=\"background-color:#ff505a;border-color:#a01e3c\">Movement Disorder Unit<\/div><\/a><\/div><div class=\"one_fourth\"><a href=\"https:\/\/www.neurocirugiabarcelona.com\/en\/neurology\/demyelinating-disease-unit\/\" target=\"\" style=\"color:#fff\"><div class=\"pmc-button pmc-round-button\" style=\"background-color:#ff505a;border-color:#a01e3c\">Demyelinating Disease Unit<\/div><\/a><a href=\"https:\/\/www.neurocirugiabarcelona.com\/en\/neurology\/neuromuscular-disorder-unit\/\" target=\"\" style=\"color:#fff\"><div class=\"pmc-button pmc-round-button\" style=\"background-color:#ff505a;border-color:#a01e3c\">Neuromuscular disorder unit<\/div><\/a><\/div><div class=\"one_fourth last\"><a href=\"https:\/\/www.neurocirugiabarcelona.com\/en\/neurology\/neurovascular-unit\/\" target=\"\" style=\"color:#fff\"><div class=\"pmc-button pmc-round-button\" style=\"background-color:#ff505a;border-color:#a01e3c\">Neurovascular Unit<\/div><\/a><a href=\"https:\/\/www.neurocirugiabarcelona.com\/en\/neurology\/neuropaediatric-unit\/\" target=\"\" style=\"color:#fff\"><div class=\"pmc-button pmc-round-button\" style=\"background-color:#ff505a;border-color:#a01e3c\">Neuropaediatric Unit<\/div><\/a><br \/>\n<\/div><\/p>\n<p>&nbsp;<\/p>\n<p>&nbsp;<\/p>\n","protected":false},"excerpt":{"rendered":"<p>Neurology has undergone a great transformation in the last decades and has progressed substantially in the knowledge of pathologies of great complexity, such as stroke, headache, epilepsy or neurodegenerative and neuromuscular diseases. This advancement has led to a considerable increase in the therapeutic possibilities, both at the pharmacological level and through surgical or minimally invasive &#8230;<\/p>\n","protected":false},"author":2,"featured_media":0,"parent":0,"menu_order":4,"comment_status":"closed","ping_status":"closed","template":"","meta":[],"yoast_head":"<!-- This site is optimized with the Yoast SEO plugin v20.11 - https:\/\/yoast.com\/wordpress\/plugins\/seo\/ -->\n<title>Neurology - Neurocirug\u00eda Barcelona<\/title>\n<meta name=\"robots\" content=\"index, follow, max-snippet:-1, max-image-preview:large, max-video-preview:-1\" \/>\n<link rel=\"canonical\" href=\"https:\/\/www.neurocirugiabarcelona.com\/en\/neurology\/\" \/>\n<meta property=\"og:locale\" content=\"en_US\" \/>\n<meta property=\"og:type\" content=\"article\" \/>\n<meta property=\"og:title\" content=\"Neurology - Neurocirug\u00eda Barcelona\" \/>\n<meta property=\"og:description\" content=\"Neurology has undergone a great transformation in the last decades and has progressed substantially in the knowledge of pathologies of great complexity, such as stroke, headache, epilepsy or neurodegenerative and neuromuscular diseases. This advancement has led to a considerable increase in the therapeutic possibilities, both at the pharmacological level and through surgical or minimally invasive ...\" \/>\n<meta property=\"og:url\" content=\"https:\/\/www.neurocirugiabarcelona.com\/en\/neurology\/\" \/>\n<meta property=\"og:site_name\" content=\"Neurocirug\u00eda Barcelona\" \/>\n<meta property=\"article:modified_time\" content=\"2019-02-14T16:56:03+00:00\" \/>\n<meta property=\"og:image\" content=\"http:\/\/www.neurocirugiabarcelona.com\/wp-content\/uploads\/2016\/07\/neurologia-300x200.jpg\" \/>\n<meta name=\"twitter:card\" content=\"summary_large_image\" \/>\n<meta name=\"twitter:label1\" content=\"Est. reading time\" \/>\n\t<meta name=\"twitter:data1\" content=\"2 minutes\" \/>\n<script type=\"application\/ld+json\" class=\"yoast-schema-graph\">{\"@context\":\"https:\/\/schema.org\",\"@graph\":[{\"@type\":\"WebPage\",\"@id\":\"https:\/\/www.neurocirugiabarcelona.com\/en\/neurology\/\",\"url\":\"https:\/\/www.neurocirugiabarcelona.com\/en\/neurology\/\",\"name\":\"Neurology - Neurocirug\u00eda Barcelona\",\"isPartOf\":{\"@id\":\"https:\/\/www.neurocirugiabarcelona.com\/#website\"},\"datePublished\":\"2016-07-06T07:36:38+00:00\",\"dateModified\":\"2019-02-14T16:56:03+00:00\",\"breadcrumb\":{\"@id\":\"https:\/\/www.neurocirugiabarcelona.com\/en\/neurology\/#breadcrumb\"},\"inLanguage\":\"en-US\",\"potentialAction\":[{\"@type\":\"ReadAction\",\"target\":[\"https:\/\/www.neurocirugiabarcelona.com\/en\/neurology\/\"]}]},{\"@type\":\"BreadcrumbList\",\"@id\":\"https:\/\/www.neurocirugiabarcelona.com\/en\/neurology\/#breadcrumb\",\"itemListElement\":[{\"@type\":\"ListItem\",\"position\":1,\"name\":\"Portada\",\"item\":\"https:\/\/www.neurocirugiabarcelona.com\/en\/\"},{\"@type\":\"ListItem\",\"position\":2,\"name\":\"Neurology\"}]},{\"@type\":\"WebSite\",\"@id\":\"https:\/\/www.neurocirugiabarcelona.com\/#website\",\"url\":\"https:\/\/www.neurocirugiabarcelona.com\/\",\"name\":\"Neurocirug\u00eda Barcelona\",\"description\":\"Tratamiento integral de las patolog\u00edas neuroquir\u00fargicas mediante una visi\u00f3n multidisciplinar\",\"potentialAction\":[{\"@type\":\"SearchAction\",\"target\":{\"@type\":\"EntryPoint\",\"urlTemplate\":\"https:\/\/www.neurocirugiabarcelona.com\/?s={search_term_string}\"},\"query-input\":\"required name=search_term_string\"}],\"inLanguage\":\"en-US\"}]}<\/script>\n<!-- \/ Yoast SEO plugin. -->","yoast_head_json":{"title":"Neurology - Neurocirug\u00eda Barcelona","robots":{"index":"index","follow":"follow","max-snippet":"max-snippet:-1","max-image-preview":"max-image-preview:large","max-video-preview":"max-video-preview:-1"},"canonical":"https:\/\/www.neurocirugiabarcelona.com\/en\/neurology\/","og_locale":"en_US","og_type":"article","og_title":"Neurology - Neurocirug\u00eda Barcelona","og_description":"Neurology has undergone a great transformation in the last decades and has progressed substantially in the knowledge of pathologies of great complexity, such as stroke, headache, epilepsy or neurodegenerative and neuromuscular diseases. This advancement has led to a considerable increase in the therapeutic possibilities, both at the pharmacological level and through surgical or minimally invasive ...","og_url":"https:\/\/www.neurocirugiabarcelona.com\/en\/neurology\/","og_site_name":"Neurocirug\u00eda Barcelona","article_modified_time":"2019-02-14T16:56:03+00:00","og_image":[{"url":"http:\/\/www.neurocirugiabarcelona.com\/wp-content\/uploads\/2016\/07\/neurologia-300x200.jpg"}],"twitter_card":"summary_large_image","twitter_misc":{"Est. reading time":"2 minutes"},"schema":{"@context":"https:\/\/schema.org","@graph":[{"@type":"WebPage","@id":"https:\/\/www.neurocirugiabarcelona.com\/en\/neurology\/","url":"https:\/\/www.neurocirugiabarcelona.com\/en\/neurology\/","name":"Neurology - Neurocirug\u00eda Barcelona","isPartOf":{"@id":"https:\/\/www.neurocirugiabarcelona.com\/#website"},"datePublished":"2016-07-06T07:36:38+00:00","dateModified":"2019-02-14T16:56:03+00:00","breadcrumb":{"@id":"https:\/\/www.neurocirugiabarcelona.com\/en\/neurology\/#breadcrumb"},"inLanguage":"en-US","potentialAction":[{"@type":"ReadAction","target":["https:\/\/www.neurocirugiabarcelona.com\/en\/neurology\/"]}]},{"@type":"BreadcrumbList","@id":"https:\/\/www.neurocirugiabarcelona.com\/en\/neurology\/#breadcrumb","itemListElement":[{"@type":"ListItem","position":1,"name":"Portada","item":"https:\/\/www.neurocirugiabarcelona.com\/en\/"},{"@type":"ListItem","position":2,"name":"Neurology"}]},{"@type":"WebSite","@id":"https:\/\/www.neurocirugiabarcelona.com\/#website","url":"https:\/\/www.neurocirugiabarcelona.com\/","name":"Neurocirug\u00eda Barcelona","description":"Tratamiento integral de las patolog\u00edas neuroquir\u00fargicas mediante una visi\u00f3n multidisciplinar","potentialAction":[{"@type":"SearchAction","target":{"@type":"EntryPoint","urlTemplate":"https:\/\/www.neurocirugiabarcelona.com\/?s={search_term_string}"},"query-input":"required name=search_term_string"}],"inLanguage":"en-US"}]}},"_links":{"self":[{"href":"https:\/\/www.neurocirugiabarcelona.com\/en\/wp-json\/wp\/v2\/pages\/12125"}],"collection":[{"href":"https:\/\/www.neurocirugiabarcelona.com\/en\/wp-json\/wp\/v2\/pages"}],"about":[{"href":"https:\/\/www.neurocirugiabarcelona.com\/en\/wp-json\/wp\/v2\/types\/page"}],"author":[{"embeddable":true,"href":"https:\/\/www.neurocirugiabarcelona.com\/en\/wp-json\/wp\/v2\/users\/2"}],"replies":[{"embeddable":true,"href":"https:\/\/www.neurocirugiabarcelona.com\/en\/wp-json\/wp\/v2\/comments?post=12125"}],"version-history":[{"count":5,"href":"https:\/\/www.neurocirugiabarcelona.com\/en\/wp-json\/wp\/v2\/pages\/12125\/revisions"}],"predecessor-version":[{"id":12376,"href":"https:\/\/www.neurocirugiabarcelona.com\/en\/wp-json\/wp\/v2\/pages\/12125\/revisions\/12376"}],"wp:attachment":[{"href":"https:\/\/www.neurocirugiabarcelona.com\/en\/wp-json\/wp\/v2\/media?parent=12125"}],"curies":[{"name":"wp","href":"https:\/\/api.w.org\/{rel}","templated":true}]}}