{"id":12111,"date":"2016-07-04T17:14:58","date_gmt":"2016-07-04T16:14:58","guid":{"rendered":"https:\/\/www.neurocirugiabarcelona.com\/tecnicas\/abordaje-retroperitoneal-transpsoas-xlif\/"},"modified":"2019-02-07T19:21:29","modified_gmt":"2019-02-07T18:21:29","slug":"retroperitoneal-transpsoas-approach-xlif-extreme-lateral-interbody-fusion","status":"publish","type":"page","link":"https:\/\/www.neurocirugiabarcelona.com\/en\/techniques\/retroperitoneal-transpsoas-approach-xlif-extreme-lateral-interbody-fusion\/","title":{"rendered":"Retroperitoneal transpsoas approach (XLIF &#8211; eXtreme Lateral Interbody Fusion)"},"content":{"rendered":"<p>The retroperitoneal transpsoas approach (XLIF) is an approach to the lumbar spine (from L1 to L5) that can be applied in many lumbar spine pathologies whether degenerative, traumatic (fractures), deformities (scoliosis), or tumoural.<\/p>\n<p>It involves a small incision on one side of the abdomen and passing through the abdominal muscles, without cutting them, only separating the fibres.<\/p>\n<p>The immediate postoperative period does not usually require admission to the ICU or en the IVU, but this depends on the type of pathology treated.<\/p>\n<p>The patient should be getting up and walking the next day and should wear a standard lumbar corset for 2 to 6 weeks depending on the type of surgery. <\/p>\n<p>Complications are very rare (<5%). \n<\/p>\n","protected":false},"excerpt":{"rendered":"<p>The retroperitoneal transpsoas approach (XLIF) is an approach to the lumbar spine (from L1 to L5) that can be applied in many lumbar spine pathologies whether degenerative, traumatic (fractures), deformities (scoliosis), or tumoural. It involves a small incision on one side of the abdomen and passing through the abdominal muscles, without cutting them, only separating &#8230;<\/p>\n","protected":false},"author":2,"featured_media":0,"parent":12051,"menu_order":10,"comment_status":"closed","ping_status":"closed","template":"","meta":[],"yoast_head":"<!-- This site is optimized with the Yoast SEO plugin v20.11 - https:\/\/yoast.com\/wordpress\/plugins\/seo\/ -->\n<title>Retroperitoneal transpsoas approach (XLIF - eXtreme Lateral Interbody Fusion) - Neurocirug\u00eda Barcelona<\/title>\n<meta name=\"robots\" content=\"index, follow, max-snippet:-1, max-image-preview:large, max-video-preview:-1\" \/>\n<link rel=\"canonical\" href=\"https:\/\/www.neurocirugiabarcelona.com\/tecnicas\/abordaje-retroperitoneal-transpsoas-xlif\/\" \/>\n<meta property=\"og:locale\" content=\"en_US\" \/>\n<meta property=\"og:type\" content=\"article\" \/>\n<meta property=\"og:title\" content=\"Retroperitoneal transpsoas approach (XLIF - eXtreme Lateral Interbody Fusion) - Neurocirug\u00eda Barcelona\" \/>\n<meta property=\"og:description\" content=\"The retroperitoneal transpsoas approach (XLIF) is an approach to the lumbar spine (from L1 to L5) that can be applied in many lumbar spine pathologies whether degenerative, traumatic (fractures), deformities (scoliosis), or tumoural. It involves a small incision on one side of the abdomen and passing through the abdominal muscles, without cutting them, only separating ...\" \/>\n<meta property=\"og:url\" content=\"https:\/\/www.neurocirugiabarcelona.com\/tecnicas\/abordaje-retroperitoneal-transpsoas-xlif\/\" \/>\n<meta property=\"og:site_name\" content=\"Neurocirug\u00eda Barcelona\" \/>\n<meta property=\"article:modified_time\" content=\"2019-02-07T18:21:29+00:00\" \/>\n<meta name=\"twitter:card\" content=\"summary_large_image\" \/>\n<meta name=\"twitter:label1\" content=\"Est. reading time\" \/>\n\t<meta name=\"twitter:data1\" content=\"1 minute\" \/>\n<script type=\"application\/ld+json\" class=\"yoast-schema-graph\">{\"@context\":\"https:\/\/schema.org\",\"@graph\":[{\"@type\":\"WebPage\",\"@id\":\"https:\/\/www.neurocirugiabarcelona.com\/tecnicas\/abordaje-retroperitoneal-transpsoas-xlif\/\",\"url\":\"https:\/\/www.neurocirugiabarcelona.com\/tecnicas\/abordaje-retroperitoneal-transpsoas-xlif\/\",\"name\":\"Retroperitoneal transpsoas approach (XLIF - eXtreme Lateral Interbody Fusion) - Neurocirug\u00eda Barcelona\",\"isPartOf\":{\"@id\":\"https:\/\/www.neurocirugiabarcelona.com\/#website\"},\"datePublished\":\"2016-07-04T16:14:58+00:00\",\"dateModified\":\"2019-02-07T18:21:29+00:00\",\"breadcrumb\":{\"@id\":\"https:\/\/www.neurocirugiabarcelona.com\/tecnicas\/abordaje-retroperitoneal-transpsoas-xlif\/#breadcrumb\"},\"inLanguage\":\"en-US\",\"potentialAction\":[{\"@type\":\"ReadAction\",\"target\":[\"https:\/\/www.neurocirugiabarcelona.com\/tecnicas\/abordaje-retroperitoneal-transpsoas-xlif\/\"]}]},{\"@type\":\"BreadcrumbList\",\"@id\":\"https:\/\/www.neurocirugiabarcelona.com\/tecnicas\/abordaje-retroperitoneal-transpsoas-xlif\/#breadcrumb\",\"itemListElement\":[{\"@type\":\"ListItem\",\"position\":1,\"name\":\"Portada\",\"item\":\"https:\/\/www.neurocirugiabarcelona.com\/en\/\"},{\"@type\":\"ListItem\",\"position\":2,\"name\":\"Techniques\",\"item\":\"https:\/\/www.neurocirugiabarcelona.com\/tecnicas\/\"},{\"@type\":\"ListItem\",\"position\":3,\"name\":\"Retroperitoneal transpsoas approach (XLIF &#8211; eXtreme Lateral Interbody Fusion)\"}]},{\"@type\":\"WebSite\",\"@id\":\"https:\/\/www.neurocirugiabarcelona.com\/#website\",\"url\":\"https:\/\/www.neurocirugiabarcelona.com\/\",\"name\":\"Neurocirug\u00eda Barcelona\",\"description\":\"Tratamiento integral de las patolog\u00edas neuroquir\u00fargicas mediante una visi\u00f3n multidisciplinar\",\"potentialAction\":[{\"@type\":\"SearchAction\",\"target\":{\"@type\":\"EntryPoint\",\"urlTemplate\":\"https:\/\/www.neurocirugiabarcelona.com\/?s={search_term_string}\"},\"query-input\":\"required name=search_term_string\"}],\"inLanguage\":\"en-US\"}]}<\/script>\n<!-- \/ Yoast SEO plugin. -->","yoast_head_json":{"title":"Retroperitoneal transpsoas approach (XLIF - eXtreme Lateral Interbody Fusion) - Neurocirug\u00eda Barcelona","robots":{"index":"index","follow":"follow","max-snippet":"max-snippet:-1","max-image-preview":"max-image-preview:large","max-video-preview":"max-video-preview:-1"},"canonical":"https:\/\/www.neurocirugiabarcelona.com\/tecnicas\/abordaje-retroperitoneal-transpsoas-xlif\/","og_locale":"en_US","og_type":"article","og_title":"Retroperitoneal transpsoas approach (XLIF - eXtreme Lateral Interbody Fusion) - Neurocirug\u00eda Barcelona","og_description":"The retroperitoneal transpsoas approach (XLIF) is an approach to the lumbar spine (from L1 to L5) that can be applied in many lumbar spine pathologies whether degenerative, traumatic (fractures), deformities (scoliosis), or tumoural. It involves a small incision on one side of the abdomen and passing through the abdominal muscles, without cutting them, only separating ...","og_url":"https:\/\/www.neurocirugiabarcelona.com\/tecnicas\/abordaje-retroperitoneal-transpsoas-xlif\/","og_site_name":"Neurocirug\u00eda Barcelona","article_modified_time":"2019-02-07T18:21:29+00:00","twitter_card":"summary_large_image","twitter_misc":{"Est. reading time":"1 minute"},"schema":{"@context":"https:\/\/schema.org","@graph":[{"@type":"WebPage","@id":"https:\/\/www.neurocirugiabarcelona.com\/tecnicas\/abordaje-retroperitoneal-transpsoas-xlif\/","url":"https:\/\/www.neurocirugiabarcelona.com\/tecnicas\/abordaje-retroperitoneal-transpsoas-xlif\/","name":"Retroperitoneal transpsoas approach (XLIF - eXtreme Lateral Interbody Fusion) - Neurocirug\u00eda Barcelona","isPartOf":{"@id":"https:\/\/www.neurocirugiabarcelona.com\/#website"},"datePublished":"2016-07-04T16:14:58+00:00","dateModified":"2019-02-07T18:21:29+00:00","breadcrumb":{"@id":"https:\/\/www.neurocirugiabarcelona.com\/tecnicas\/abordaje-retroperitoneal-transpsoas-xlif\/#breadcrumb"},"inLanguage":"en-US","potentialAction":[{"@type":"ReadAction","target":["https:\/\/www.neurocirugiabarcelona.com\/tecnicas\/abordaje-retroperitoneal-transpsoas-xlif\/"]}]},{"@type":"BreadcrumbList","@id":"https:\/\/www.neurocirugiabarcelona.com\/tecnicas\/abordaje-retroperitoneal-transpsoas-xlif\/#breadcrumb","itemListElement":[{"@type":"ListItem","position":1,"name":"Portada","item":"https:\/\/www.neurocirugiabarcelona.com\/en\/"},{"@type":"ListItem","position":2,"name":"Techniques","item":"https:\/\/www.neurocirugiabarcelona.com\/tecnicas\/"},{"@type":"ListItem","position":3,"name":"Retroperitoneal transpsoas approach (XLIF &#8211; eXtreme Lateral Interbody Fusion)"}]},{"@type":"WebSite","@id":"https:\/\/www.neurocirugiabarcelona.com\/#website","url":"https:\/\/www.neurocirugiabarcelona.com\/","name":"Neurocirug\u00eda Barcelona","description":"Tratamiento integral de las patolog\u00edas neuroquir\u00fargicas mediante una visi\u00f3n multidisciplinar","potentialAction":[{"@type":"SearchAction","target":{"@type":"EntryPoint","urlTemplate":"https:\/\/www.neurocirugiabarcelona.com\/?s={search_term_string}"},"query-input":"required name=search_term_string"}],"inLanguage":"en-US"}]}},"_links":{"self":[{"href":"https:\/\/www.neurocirugiabarcelona.com\/en\/wp-json\/wp\/v2\/pages\/12111"}],"collection":[{"href":"https:\/\/www.neurocirugiabarcelona.com\/en\/wp-json\/wp\/v2\/pages"}],"about":[{"href":"https:\/\/www.neurocirugiabarcelona.com\/en\/wp-json\/wp\/v2\/types\/page"}],"author":[{"embeddable":true,"href":"https:\/\/www.neurocirugiabarcelona.com\/en\/wp-json\/wp\/v2\/users\/2"}],"replies":[{"embeddable":true,"href":"https:\/\/www.neurocirugiabarcelona.com\/en\/wp-json\/wp\/v2\/comments?post=12111"}],"version-history":[{"count":1,"href":"https:\/\/www.neurocirugiabarcelona.com\/en\/wp-json\/wp\/v2\/pages\/12111\/revisions"}],"predecessor-version":[{"id":12112,"href":"https:\/\/www.neurocirugiabarcelona.com\/en\/wp-json\/wp\/v2\/pages\/12111\/revisions\/12112"}],"up":[{"embeddable":true,"href":"https:\/\/www.neurocirugiabarcelona.com\/en\/wp-json\/wp\/v2\/pages\/12051"}],"wp:attachment":[{"href":"https:\/\/www.neurocirugiabarcelona.com\/en\/wp-json\/wp\/v2\/media?parent=12111"}],"curies":[{"name":"wp","href":"https:\/\/api.w.org\/{rel}","templated":true}]}}