{"id":12107,"date":"2016-07-04T17:13:51","date_gmt":"2016-07-04T16:13:51","guid":{"rendered":"https:\/\/www.neurocirugiabarcelona.com\/tecnicas\/abordaje-anterior-retroperitoneal\/"},"modified":"2019-02-07T19:21:02","modified_gmt":"2019-02-07T18:21:02","slug":"anterior-retroperitoneal-approach","status":"publish","type":"page","link":"https:\/\/www.neurocirugiabarcelona.com\/en\/techniques\/anterior-retroperitoneal-approach\/","title":{"rendered":"Anterior retroperitoneal approach"},"content":{"rendered":"<p>The anterior retroperitoneal approach is mainly used for degenerative lumbar spine discal pathologies L4-L5-S1.<br \/>\nIt usually is under general anaesthetic.<\/p>\n<p>It involves a cutaneous incision in the abdomen.<br \/>\nThere is no muscular incision. The muscle is separated to reach the vertebrae where the disc in question is located.<\/p>\n<p>Placement of a mobile or fixed prosthesis depends on several factors (age, type of pathology, MRI results, etc.).<\/p>\n<p>ADVANTAGES: The great advantage of this approach is that there is no need to manipulate nerves to excise hernias and discs as the prior approach.<br \/>\nAnother advantage is that there is no need to open the muscles of the posterior part of the spine, postoperative pain is better controlled and the hospital stay is shorter compared to classic following approaches.<br \/>\nUsually no immediate rehabilitation is necessary.<\/p>\n<p>The patient is admitted to the ICU during the first few hours immediately postoperative (in the case of afternoon surgery, during the first night). On the day following the operation the patient may initiate the sitting position and progressive walking with a standard lumbar corset (which must be worn for 2 to 6 weeks depending on the disease).<br \/>\nHospital discharge is within 3-4 days following surgery provided there are no complications.<\/p>\n","protected":false},"excerpt":{"rendered":"<p>The anterior retroperitoneal approach is mainly used for degenerative lumbar spine discal pathologies L4-L5-S1. It usually is under general anaesthetic. It involves a cutaneous incision in the abdomen. There is no muscular incision. The muscle is separated to reach the vertebrae where the disc in question is located. Placement of a mobile or fixed prosthesis &#8230;<\/p>\n","protected":false},"author":2,"featured_media":0,"parent":12051,"menu_order":9,"comment_status":"closed","ping_status":"closed","template":"","meta":[],"yoast_head":"<!-- This site is optimized with the Yoast SEO plugin v20.11 - https:\/\/yoast.com\/wordpress\/plugins\/seo\/ -->\n<title>Anterior retroperitoneal approach - Neurocirug\u00eda Barcelona<\/title>\n<meta name=\"robots\" content=\"index, follow, max-snippet:-1, max-image-preview:large, max-video-preview:-1\" \/>\n<link rel=\"canonical\" href=\"https:\/\/www.neurocirugiabarcelona.com\/tecnicas\/abordaje-anterior-retroperitoneal\/\" \/>\n<meta property=\"og:locale\" content=\"en_US\" \/>\n<meta property=\"og:type\" content=\"article\" \/>\n<meta property=\"og:title\" content=\"Anterior retroperitoneal approach - Neurocirug\u00eda Barcelona\" \/>\n<meta property=\"og:description\" content=\"The anterior retroperitoneal approach is mainly used for degenerative lumbar spine discal pathologies L4-L5-S1. It usually is under general anaesthetic. It involves a cutaneous incision in the abdomen. There is no muscular incision. The muscle is separated to reach the vertebrae where the disc in question is located. Placement of a mobile or fixed prosthesis ...\" \/>\n<meta property=\"og:url\" content=\"https:\/\/www.neurocirugiabarcelona.com\/tecnicas\/abordaje-anterior-retroperitoneal\/\" \/>\n<meta property=\"og:site_name\" content=\"Neurocirug\u00eda Barcelona\" \/>\n<meta property=\"article:modified_time\" content=\"2019-02-07T18:21:02+00:00\" \/>\n<meta name=\"twitter:card\" content=\"summary_large_image\" \/>\n<meta name=\"twitter:label1\" content=\"Est. reading time\" \/>\n\t<meta name=\"twitter:data1\" content=\"1 minute\" \/>\n<script type=\"application\/ld+json\" class=\"yoast-schema-graph\">{\"@context\":\"https:\/\/schema.org\",\"@graph\":[{\"@type\":\"WebPage\",\"@id\":\"https:\/\/www.neurocirugiabarcelona.com\/tecnicas\/abordaje-anterior-retroperitoneal\/\",\"url\":\"https:\/\/www.neurocirugiabarcelona.com\/tecnicas\/abordaje-anterior-retroperitoneal\/\",\"name\":\"Anterior retroperitoneal approach - Neurocirug\u00eda Barcelona\",\"isPartOf\":{\"@id\":\"https:\/\/www.neurocirugiabarcelona.com\/#website\"},\"datePublished\":\"2016-07-04T16:13:51+00:00\",\"dateModified\":\"2019-02-07T18:21:02+00:00\",\"breadcrumb\":{\"@id\":\"https:\/\/www.neurocirugiabarcelona.com\/tecnicas\/abordaje-anterior-retroperitoneal\/#breadcrumb\"},\"inLanguage\":\"en-US\",\"potentialAction\":[{\"@type\":\"ReadAction\",\"target\":[\"https:\/\/www.neurocirugiabarcelona.com\/tecnicas\/abordaje-anterior-retroperitoneal\/\"]}]},{\"@type\":\"BreadcrumbList\",\"@id\":\"https:\/\/www.neurocirugiabarcelona.com\/tecnicas\/abordaje-anterior-retroperitoneal\/#breadcrumb\",\"itemListElement\":[{\"@type\":\"ListItem\",\"position\":1,\"name\":\"Portada\",\"item\":\"https:\/\/www.neurocirugiabarcelona.com\/en\/\"},{\"@type\":\"ListItem\",\"position\":2,\"name\":\"Techniques\",\"item\":\"https:\/\/www.neurocirugiabarcelona.com\/tecnicas\/\"},{\"@type\":\"ListItem\",\"position\":3,\"name\":\"Anterior retroperitoneal approach\"}]},{\"@type\":\"WebSite\",\"@id\":\"https:\/\/www.neurocirugiabarcelona.com\/#website\",\"url\":\"https:\/\/www.neurocirugiabarcelona.com\/\",\"name\":\"Neurocirug\u00eda Barcelona\",\"description\":\"Tratamiento integral de las patolog\u00edas neuroquir\u00fargicas mediante una visi\u00f3n multidisciplinar\",\"potentialAction\":[{\"@type\":\"SearchAction\",\"target\":{\"@type\":\"EntryPoint\",\"urlTemplate\":\"https:\/\/www.neurocirugiabarcelona.com\/?s={search_term_string}\"},\"query-input\":\"required name=search_term_string\"}],\"inLanguage\":\"en-US\"}]}<\/script>\n<!-- \/ Yoast SEO plugin. -->","yoast_head_json":{"title":"Anterior retroperitoneal approach - Neurocirug\u00eda Barcelona","robots":{"index":"index","follow":"follow","max-snippet":"max-snippet:-1","max-image-preview":"max-image-preview:large","max-video-preview":"max-video-preview:-1"},"canonical":"https:\/\/www.neurocirugiabarcelona.com\/tecnicas\/abordaje-anterior-retroperitoneal\/","og_locale":"en_US","og_type":"article","og_title":"Anterior retroperitoneal approach - Neurocirug\u00eda Barcelona","og_description":"The anterior retroperitoneal approach is mainly used for degenerative lumbar spine discal pathologies L4-L5-S1. It usually is under general anaesthetic. It involves a cutaneous incision in the abdomen. There is no muscular incision. The muscle is separated to reach the vertebrae where the disc in question is located. Placement of a mobile or fixed prosthesis ...","og_url":"https:\/\/www.neurocirugiabarcelona.com\/tecnicas\/abordaje-anterior-retroperitoneal\/","og_site_name":"Neurocirug\u00eda Barcelona","article_modified_time":"2019-02-07T18:21:02+00:00","twitter_card":"summary_large_image","twitter_misc":{"Est. reading time":"1 minute"},"schema":{"@context":"https:\/\/schema.org","@graph":[{"@type":"WebPage","@id":"https:\/\/www.neurocirugiabarcelona.com\/tecnicas\/abordaje-anterior-retroperitoneal\/","url":"https:\/\/www.neurocirugiabarcelona.com\/tecnicas\/abordaje-anterior-retroperitoneal\/","name":"Anterior retroperitoneal approach - Neurocirug\u00eda Barcelona","isPartOf":{"@id":"https:\/\/www.neurocirugiabarcelona.com\/#website"},"datePublished":"2016-07-04T16:13:51+00:00","dateModified":"2019-02-07T18:21:02+00:00","breadcrumb":{"@id":"https:\/\/www.neurocirugiabarcelona.com\/tecnicas\/abordaje-anterior-retroperitoneal\/#breadcrumb"},"inLanguage":"en-US","potentialAction":[{"@type":"ReadAction","target":["https:\/\/www.neurocirugiabarcelona.com\/tecnicas\/abordaje-anterior-retroperitoneal\/"]}]},{"@type":"BreadcrumbList","@id":"https:\/\/www.neurocirugiabarcelona.com\/tecnicas\/abordaje-anterior-retroperitoneal\/#breadcrumb","itemListElement":[{"@type":"ListItem","position":1,"name":"Portada","item":"https:\/\/www.neurocirugiabarcelona.com\/en\/"},{"@type":"ListItem","position":2,"name":"Techniques","item":"https:\/\/www.neurocirugiabarcelona.com\/tecnicas\/"},{"@type":"ListItem","position":3,"name":"Anterior retroperitoneal approach"}]},{"@type":"WebSite","@id":"https:\/\/www.neurocirugiabarcelona.com\/#website","url":"https:\/\/www.neurocirugiabarcelona.com\/","name":"Neurocirug\u00eda Barcelona","description":"Tratamiento integral de las patolog\u00edas neuroquir\u00fargicas mediante una visi\u00f3n multidisciplinar","potentialAction":[{"@type":"SearchAction","target":{"@type":"EntryPoint","urlTemplate":"https:\/\/www.neurocirugiabarcelona.com\/?s={search_term_string}"},"query-input":"required name=search_term_string"}],"inLanguage":"en-US"}]}},"_links":{"self":[{"href":"https:\/\/www.neurocirugiabarcelona.com\/en\/wp-json\/wp\/v2\/pages\/12107"}],"collection":[{"href":"https:\/\/www.neurocirugiabarcelona.com\/en\/wp-json\/wp\/v2\/pages"}],"about":[{"href":"https:\/\/www.neurocirugiabarcelona.com\/en\/wp-json\/wp\/v2\/types\/page"}],"author":[{"embeddable":true,"href":"https:\/\/www.neurocirugiabarcelona.com\/en\/wp-json\/wp\/v2\/users\/2"}],"replies":[{"embeddable":true,"href":"https:\/\/www.neurocirugiabarcelona.com\/en\/wp-json\/wp\/v2\/comments?post=12107"}],"version-history":[{"count":2,"href":"https:\/\/www.neurocirugiabarcelona.com\/en\/wp-json\/wp\/v2\/pages\/12107\/revisions"}],"predecessor-version":[{"id":12109,"href":"https:\/\/www.neurocirugiabarcelona.com\/en\/wp-json\/wp\/v2\/pages\/12107\/revisions\/12109"}],"up":[{"embeddable":true,"href":"https:\/\/www.neurocirugiabarcelona.com\/en\/wp-json\/wp\/v2\/pages\/12051"}],"wp:attachment":[{"href":"https:\/\/www.neurocirugiabarcelona.com\/en\/wp-json\/wp\/v2\/media?parent=12107"}],"curies":[{"name":"wp","href":"https:\/\/api.w.org\/{rel}","templated":true}]}}