{"id":12099,"date":"2016-07-04T16:07:27","date_gmt":"2016-07-04T15:07:27","guid":{"rendered":"https:\/\/www.neurocirugiabarcelona.com\/tecnicas\/rizolisis\/"},"modified":"2019-02-07T19:20:44","modified_gmt":"2019-02-07T18:20:44","slug":"rhizolysis","status":"publish","type":"page","link":"https:\/\/www.neurocirugiabarcelona.com\/en\/techniques\/rhizolysis\/","title":{"rendered":"Rhizolysis"},"content":{"rendered":"<p>Chronic lumbar pain can be diagnosed through a good medical record and additional tests to determine its origin. In some patients the pain mechanism is due to poor function of the joints responsible for the movement of the spinal column, this dysfunction brings about an inflammatory process at a joint level and causes pain. The muscles block the inflamed segment to reduce the pain and this causes muscular contractures resulting in pain in the mid-term.<\/p>\n<p><a href=\"http:\/\/www.neurocirugiabarcelona.com\/wp-content\/uploads\/2016\/07\/rizolisis.jpg\" rel=\"lightbox[12099]\"><img decoding=\"async\" loading=\"lazy\" src=\"http:\/\/www.neurocirugiabarcelona.com\/wp-content\/uploads\/2016\/07\/rizolisis-137x300.jpg\" alt=\"rizolisis\" width=\"137\" height=\"300\" class=\"alignright size-medium wp-image-11161\" srcset=\"https:\/\/www.neurocirugiabarcelona.com\/wp-content\/uploads\/2016\/07\/rizolisis-137x300.jpg 137w, https:\/\/www.neurocirugiabarcelona.com\/wp-content\/uploads\/2016\/07\/rizolisis.jpg 458w\" sizes=\"(max-width: 137px) 100vw, 137px\" \/><\/a>This process brings about clinical pain in these joints. This profile is especially common for the lower back. In these cases the patient normally complains of pain on both sides of the spine which increases with exercise and stretching movements.<\/p>\n<p>The treatment of choice for these cases consists of rhizolysis, causing heat damage to the nerves innervating the joint.<\/p>\n<p>The procedure is carried out in the operating theatre with radiological assistance and the patient can be discharged after the procedure.<\/p>\n<p>In many cases, due to the association with muscular contractures, intramuscular ozone therapy is associated with rhizolysis.<\/p>\n<p>These procedures are not very aggressive for the spine as they do not damage any of the elements responsible for its stability. In general between 80-85% of patients suffering from facet syndromes present notable improvement with these procedures.<\/p>\n","protected":false},"excerpt":{"rendered":"<p>Chronic lumbar pain can be diagnosed through a good medical record and additional tests to determine its origin. In some patients the pain mechanism is due to poor function of the joints responsible for the movement of the spinal column, this dysfunction brings about an inflammatory process at a joint level and causes pain. The &#8230;<\/p>\n","protected":false},"author":2,"featured_media":0,"parent":12051,"menu_order":7,"comment_status":"closed","ping_status":"closed","template":"","meta":[],"yoast_head":"<!-- This site is optimized with the Yoast SEO plugin v20.11 - https:\/\/yoast.com\/wordpress\/plugins\/seo\/ -->\n<title>Rhizolysis - Neurocirug\u00eda Barcelona<\/title>\n<meta name=\"robots\" content=\"index, follow, max-snippet:-1, max-image-preview:large, max-video-preview:-1\" \/>\n<link rel=\"canonical\" href=\"https:\/\/www.neurocirugiabarcelona.com\/tecnicas\/rizolisis\/\" \/>\n<meta property=\"og:locale\" content=\"en_US\" \/>\n<meta property=\"og:type\" content=\"article\" \/>\n<meta property=\"og:title\" content=\"Rhizolysis - Neurocirug\u00eda Barcelona\" \/>\n<meta property=\"og:description\" content=\"Chronic lumbar pain can be diagnosed through a good medical record and additional tests to determine its origin. In some patients the pain mechanism is due to poor function of the joints responsible for the movement of the spinal column, this dysfunction brings about an inflammatory process at a joint level and causes pain. The ...\" \/>\n<meta property=\"og:url\" content=\"https:\/\/www.neurocirugiabarcelona.com\/tecnicas\/rizolisis\/\" \/>\n<meta property=\"og:site_name\" content=\"Neurocirug\u00eda Barcelona\" \/>\n<meta property=\"article:modified_time\" content=\"2019-02-07T18:20:44+00:00\" \/>\n<meta property=\"og:image\" content=\"http:\/\/www.neurocirugiabarcelona.com\/wp-content\/uploads\/2016\/07\/rizolisis-137x300.jpg\" \/>\n<meta name=\"twitter:card\" content=\"summary_large_image\" \/>\n<meta name=\"twitter:label1\" content=\"Est. reading time\" \/>\n\t<meta name=\"twitter:data1\" content=\"1 minute\" \/>\n<script type=\"application\/ld+json\" class=\"yoast-schema-graph\">{\"@context\":\"https:\/\/schema.org\",\"@graph\":[{\"@type\":\"WebPage\",\"@id\":\"https:\/\/www.neurocirugiabarcelona.com\/tecnicas\/rizolisis\/\",\"url\":\"https:\/\/www.neurocirugiabarcelona.com\/tecnicas\/rizolisis\/\",\"name\":\"Rhizolysis - Neurocirug\u00eda Barcelona\",\"isPartOf\":{\"@id\":\"https:\/\/www.neurocirugiabarcelona.com\/#website\"},\"datePublished\":\"2016-07-04T15:07:27+00:00\",\"dateModified\":\"2019-02-07T18:20:44+00:00\",\"breadcrumb\":{\"@id\":\"https:\/\/www.neurocirugiabarcelona.com\/tecnicas\/rizolisis\/#breadcrumb\"},\"inLanguage\":\"en-US\",\"potentialAction\":[{\"@type\":\"ReadAction\",\"target\":[\"https:\/\/www.neurocirugiabarcelona.com\/tecnicas\/rizolisis\/\"]}]},{\"@type\":\"BreadcrumbList\",\"@id\":\"https:\/\/www.neurocirugiabarcelona.com\/tecnicas\/rizolisis\/#breadcrumb\",\"itemListElement\":[{\"@type\":\"ListItem\",\"position\":1,\"name\":\"Portada\",\"item\":\"https:\/\/www.neurocirugiabarcelona.com\/en\/\"},{\"@type\":\"ListItem\",\"position\":2,\"name\":\"Techniques\",\"item\":\"https:\/\/www.neurocirugiabarcelona.com\/tecnicas\/\"},{\"@type\":\"ListItem\",\"position\":3,\"name\":\"Rhizolysis\"}]},{\"@type\":\"WebSite\",\"@id\":\"https:\/\/www.neurocirugiabarcelona.com\/#website\",\"url\":\"https:\/\/www.neurocirugiabarcelona.com\/\",\"name\":\"Neurocirug\u00eda Barcelona\",\"description\":\"Tratamiento integral de las patolog\u00edas neuroquir\u00fargicas mediante una visi\u00f3n multidisciplinar\",\"potentialAction\":[{\"@type\":\"SearchAction\",\"target\":{\"@type\":\"EntryPoint\",\"urlTemplate\":\"https:\/\/www.neurocirugiabarcelona.com\/?s={search_term_string}\"},\"query-input\":\"required name=search_term_string\"}],\"inLanguage\":\"en-US\"}]}<\/script>\n<!-- \/ Yoast SEO plugin. -->","yoast_head_json":{"title":"Rhizolysis - Neurocirug\u00eda Barcelona","robots":{"index":"index","follow":"follow","max-snippet":"max-snippet:-1","max-image-preview":"max-image-preview:large","max-video-preview":"max-video-preview:-1"},"canonical":"https:\/\/www.neurocirugiabarcelona.com\/tecnicas\/rizolisis\/","og_locale":"en_US","og_type":"article","og_title":"Rhizolysis - Neurocirug\u00eda Barcelona","og_description":"Chronic lumbar pain can be diagnosed through a good medical record and additional tests to determine its origin. In some patients the pain mechanism is due to poor function of the joints responsible for the movement of the spinal column, this dysfunction brings about an inflammatory process at a joint level and causes pain. The ...","og_url":"https:\/\/www.neurocirugiabarcelona.com\/tecnicas\/rizolisis\/","og_site_name":"Neurocirug\u00eda Barcelona","article_modified_time":"2019-02-07T18:20:44+00:00","og_image":[{"url":"http:\/\/www.neurocirugiabarcelona.com\/wp-content\/uploads\/2016\/07\/rizolisis-137x300.jpg"}],"twitter_card":"summary_large_image","twitter_misc":{"Est. reading time":"1 minute"},"schema":{"@context":"https:\/\/schema.org","@graph":[{"@type":"WebPage","@id":"https:\/\/www.neurocirugiabarcelona.com\/tecnicas\/rizolisis\/","url":"https:\/\/www.neurocirugiabarcelona.com\/tecnicas\/rizolisis\/","name":"Rhizolysis - Neurocirug\u00eda Barcelona","isPartOf":{"@id":"https:\/\/www.neurocirugiabarcelona.com\/#website"},"datePublished":"2016-07-04T15:07:27+00:00","dateModified":"2019-02-07T18:20:44+00:00","breadcrumb":{"@id":"https:\/\/www.neurocirugiabarcelona.com\/tecnicas\/rizolisis\/#breadcrumb"},"inLanguage":"en-US","potentialAction":[{"@type":"ReadAction","target":["https:\/\/www.neurocirugiabarcelona.com\/tecnicas\/rizolisis\/"]}]},{"@type":"BreadcrumbList","@id":"https:\/\/www.neurocirugiabarcelona.com\/tecnicas\/rizolisis\/#breadcrumb","itemListElement":[{"@type":"ListItem","position":1,"name":"Portada","item":"https:\/\/www.neurocirugiabarcelona.com\/en\/"},{"@type":"ListItem","position":2,"name":"Techniques","item":"https:\/\/www.neurocirugiabarcelona.com\/tecnicas\/"},{"@type":"ListItem","position":3,"name":"Rhizolysis"}]},{"@type":"WebSite","@id":"https:\/\/www.neurocirugiabarcelona.com\/#website","url":"https:\/\/www.neurocirugiabarcelona.com\/","name":"Neurocirug\u00eda Barcelona","description":"Tratamiento integral de las patolog\u00edas neuroquir\u00fargicas mediante una visi\u00f3n multidisciplinar","potentialAction":[{"@type":"SearchAction","target":{"@type":"EntryPoint","urlTemplate":"https:\/\/www.neurocirugiabarcelona.com\/?s={search_term_string}"},"query-input":"required name=search_term_string"}],"inLanguage":"en-US"}]}},"_links":{"self":[{"href":"https:\/\/www.neurocirugiabarcelona.com\/en\/wp-json\/wp\/v2\/pages\/12099"}],"collection":[{"href":"https:\/\/www.neurocirugiabarcelona.com\/en\/wp-json\/wp\/v2\/pages"}],"about":[{"href":"https:\/\/www.neurocirugiabarcelona.com\/en\/wp-json\/wp\/v2\/types\/page"}],"author":[{"embeddable":true,"href":"https:\/\/www.neurocirugiabarcelona.com\/en\/wp-json\/wp\/v2\/users\/2"}],"replies":[{"embeddable":true,"href":"https:\/\/www.neurocirugiabarcelona.com\/en\/wp-json\/wp\/v2\/comments?post=12099"}],"version-history":[{"count":2,"href":"https:\/\/www.neurocirugiabarcelona.com\/en\/wp-json\/wp\/v2\/pages\/12099\/revisions"}],"predecessor-version":[{"id":12101,"href":"https:\/\/www.neurocirugiabarcelona.com\/en\/wp-json\/wp\/v2\/pages\/12099\/revisions\/12101"}],"up":[{"embeddable":true,"href":"https:\/\/www.neurocirugiabarcelona.com\/en\/wp-json\/wp\/v2\/pages\/12051"}],"wp:attachment":[{"href":"https:\/\/www.neurocirugiabarcelona.com\/en\/wp-json\/wp\/v2\/media?parent=12099"}],"curies":[{"name":"wp","href":"https:\/\/api.w.org\/{rel}","templated":true}]}}