{"id":12092,"date":"2016-07-04T16:04:15","date_gmt":"2016-07-04T15:04:15","guid":{"rendered":"https:\/\/www.neurocirugiabarcelona.com\/tecnicas\/procedimientos-endoscopicos\/endoscopia-aplicada-a-la-cirugia-de-la-columna-raquis\/"},"modified":"2019-02-14T17:38:47","modified_gmt":"2019-02-14T16:38:47","slug":"endoscopy-applied-to-spinal-surgery","status":"publish","type":"page","link":"https:\/\/www.neurocirugiabarcelona.com\/en\/techniques\/endoscopic-procedures\/endoscopy-applied-to-spinal-surgery\/","title":{"rendered":"Endoscopy applied to spinal surgery"},"content":{"rendered":"<p>The use of an endoscope enables minimum invasion for the treatment of discal hernia, spinal stenosis and chronic discopathy. A minimal incision (12-14 mm) enables introduction of a work cannula guided by <strong>CAT scan\/scopy<\/strong> and neuronavigation systems to the area of therapeutic interest. Among the advantages of the endoscopic system for treatment of discal hernia is the avoidance of the spinal canal, thus preventing the appearance of post-surgical fibrosis. As there is less damage to tissues, especially muscles, the postoperative period is less painful and post-surgical recovery much faster.<\/p>\n<p>&nbsp;<\/p>\n<p>&nbsp;<\/p>\n","protected":false},"excerpt":{"rendered":"<p>The use of an endoscope enables minimum invasion for the treatment of discal hernia, spinal stenosis and chronic discopathy. A minimal incision (12-14 mm) enables introduction of a work cannula guided by CAT scan\/scopy and neuronavigation systems to the area of therapeutic interest. Among the advantages of the endoscopic system for treatment of discal hernia &#8230;<\/p>\n","protected":false},"author":2,"featured_media":0,"parent":12081,"menu_order":3,"comment_status":"closed","ping_status":"closed","template":"","meta":[],"yoast_head":"<!-- This site is optimized with the Yoast SEO plugin v20.11 - https:\/\/yoast.com\/wordpress\/plugins\/seo\/ -->\n<title>Endoscopy applied to spinal surgery - Neurocirug\u00eda Barcelona<\/title>\n<meta name=\"robots\" content=\"index, follow, max-snippet:-1, max-image-preview:large, max-video-preview:-1\" \/>\n<link rel=\"canonical\" href=\"https:\/\/www.neurocirugiabarcelona.com\/tecnicas\/procedimientos-endoscopicos\/endoscopia-aplicada-a-la-cirugia-de-la-columna-raquis\/\" \/>\n<meta property=\"og:locale\" content=\"en_US\" \/>\n<meta property=\"og:type\" content=\"article\" \/>\n<meta property=\"og:title\" content=\"Endoscopy applied to spinal surgery - Neurocirug\u00eda Barcelona\" \/>\n<meta property=\"og:description\" content=\"The use of an endoscope enables minimum invasion for the treatment of discal hernia, spinal stenosis and chronic discopathy. A minimal incision (12-14 mm) enables introduction of a work cannula guided by CAT scan\/scopy and neuronavigation systems to the area of therapeutic interest. Among the advantages of the endoscopic system for treatment of discal hernia ...\" \/>\n<meta property=\"og:url\" content=\"https:\/\/www.neurocirugiabarcelona.com\/tecnicas\/procedimientos-endoscopicos\/endoscopia-aplicada-a-la-cirugia-de-la-columna-raquis\/\" \/>\n<meta property=\"og:site_name\" content=\"Neurocirug\u00eda Barcelona\" \/>\n<meta property=\"article:modified_time\" content=\"2019-02-14T16:38:47+00:00\" \/>\n<meta name=\"twitter:card\" content=\"summary_large_image\" \/>\n<script type=\"application\/ld+json\" class=\"yoast-schema-graph\">{\"@context\":\"https:\/\/schema.org\",\"@graph\":[{\"@type\":\"WebPage\",\"@id\":\"https:\/\/www.neurocirugiabarcelona.com\/tecnicas\/procedimientos-endoscopicos\/endoscopia-aplicada-a-la-cirugia-de-la-columna-raquis\/\",\"url\":\"https:\/\/www.neurocirugiabarcelona.com\/tecnicas\/procedimientos-endoscopicos\/endoscopia-aplicada-a-la-cirugia-de-la-columna-raquis\/\",\"name\":\"Endoscopy applied to spinal surgery - Neurocirug\u00eda Barcelona\",\"isPartOf\":{\"@id\":\"https:\/\/www.neurocirugiabarcelona.com\/#website\"},\"datePublished\":\"2016-07-04T15:04:15+00:00\",\"dateModified\":\"2019-02-14T16:38:47+00:00\",\"breadcrumb\":{\"@id\":\"https:\/\/www.neurocirugiabarcelona.com\/tecnicas\/procedimientos-endoscopicos\/endoscopia-aplicada-a-la-cirugia-de-la-columna-raquis\/#breadcrumb\"},\"inLanguage\":\"en-US\",\"potentialAction\":[{\"@type\":\"ReadAction\",\"target\":[\"https:\/\/www.neurocirugiabarcelona.com\/tecnicas\/procedimientos-endoscopicos\/endoscopia-aplicada-a-la-cirugia-de-la-columna-raquis\/\"]}]},{\"@type\":\"BreadcrumbList\",\"@id\":\"https:\/\/www.neurocirugiabarcelona.com\/tecnicas\/procedimientos-endoscopicos\/endoscopia-aplicada-a-la-cirugia-de-la-columna-raquis\/#breadcrumb\",\"itemListElement\":[{\"@type\":\"ListItem\",\"position\":1,\"name\":\"Portada\",\"item\":\"https:\/\/www.neurocirugiabarcelona.com\/en\/\"},{\"@type\":\"ListItem\",\"position\":2,\"name\":\"Techniques\",\"item\":\"https:\/\/www.neurocirugiabarcelona.com\/tecnicas\/\"},{\"@type\":\"ListItem\",\"position\":3,\"name\":\"Endoscopic procedures\",\"item\":\"https:\/\/www.neurocirugiabarcelona.com\/tecnicas\/procedimientos-endoscopicos\/\"},{\"@type\":\"ListItem\",\"position\":4,\"name\":\"Endoscopy applied to spinal surgery\"}]},{\"@type\":\"WebSite\",\"@id\":\"https:\/\/www.neurocirugiabarcelona.com\/#website\",\"url\":\"https:\/\/www.neurocirugiabarcelona.com\/\",\"name\":\"Neurocirug\u00eda Barcelona\",\"description\":\"Tratamiento integral de las patolog\u00edas neuroquir\u00fargicas mediante una visi\u00f3n multidisciplinar\",\"potentialAction\":[{\"@type\":\"SearchAction\",\"target\":{\"@type\":\"EntryPoint\",\"urlTemplate\":\"https:\/\/www.neurocirugiabarcelona.com\/?s={search_term_string}\"},\"query-input\":\"required name=search_term_string\"}],\"inLanguage\":\"en-US\"}]}<\/script>\n<!-- \/ Yoast SEO plugin. -->","yoast_head_json":{"title":"Endoscopy applied to spinal surgery - Neurocirug\u00eda Barcelona","robots":{"index":"index","follow":"follow","max-snippet":"max-snippet:-1","max-image-preview":"max-image-preview:large","max-video-preview":"max-video-preview:-1"},"canonical":"https:\/\/www.neurocirugiabarcelona.com\/tecnicas\/procedimientos-endoscopicos\/endoscopia-aplicada-a-la-cirugia-de-la-columna-raquis\/","og_locale":"en_US","og_type":"article","og_title":"Endoscopy applied to spinal surgery - Neurocirug\u00eda Barcelona","og_description":"The use of an endoscope enables minimum invasion for the treatment of discal hernia, spinal stenosis and chronic discopathy. A minimal incision (12-14 mm) enables introduction of a work cannula guided by CAT scan\/scopy and neuronavigation systems to the area of therapeutic interest. Among the advantages of the endoscopic system for treatment of discal hernia ...","og_url":"https:\/\/www.neurocirugiabarcelona.com\/tecnicas\/procedimientos-endoscopicos\/endoscopia-aplicada-a-la-cirugia-de-la-columna-raquis\/","og_site_name":"Neurocirug\u00eda Barcelona","article_modified_time":"2019-02-14T16:38:47+00:00","twitter_card":"summary_large_image","schema":{"@context":"https:\/\/schema.org","@graph":[{"@type":"WebPage","@id":"https:\/\/www.neurocirugiabarcelona.com\/tecnicas\/procedimientos-endoscopicos\/endoscopia-aplicada-a-la-cirugia-de-la-columna-raquis\/","url":"https:\/\/www.neurocirugiabarcelona.com\/tecnicas\/procedimientos-endoscopicos\/endoscopia-aplicada-a-la-cirugia-de-la-columna-raquis\/","name":"Endoscopy applied to spinal surgery - Neurocirug\u00eda Barcelona","isPartOf":{"@id":"https:\/\/www.neurocirugiabarcelona.com\/#website"},"datePublished":"2016-07-04T15:04:15+00:00","dateModified":"2019-02-14T16:38:47+00:00","breadcrumb":{"@id":"https:\/\/www.neurocirugiabarcelona.com\/tecnicas\/procedimientos-endoscopicos\/endoscopia-aplicada-a-la-cirugia-de-la-columna-raquis\/#breadcrumb"},"inLanguage":"en-US","potentialAction":[{"@type":"ReadAction","target":["https:\/\/www.neurocirugiabarcelona.com\/tecnicas\/procedimientos-endoscopicos\/endoscopia-aplicada-a-la-cirugia-de-la-columna-raquis\/"]}]},{"@type":"BreadcrumbList","@id":"https:\/\/www.neurocirugiabarcelona.com\/tecnicas\/procedimientos-endoscopicos\/endoscopia-aplicada-a-la-cirugia-de-la-columna-raquis\/#breadcrumb","itemListElement":[{"@type":"ListItem","position":1,"name":"Portada","item":"https:\/\/www.neurocirugiabarcelona.com\/en\/"},{"@type":"ListItem","position":2,"name":"Techniques","item":"https:\/\/www.neurocirugiabarcelona.com\/tecnicas\/"},{"@type":"ListItem","position":3,"name":"Endoscopic procedures","item":"https:\/\/www.neurocirugiabarcelona.com\/tecnicas\/procedimientos-endoscopicos\/"},{"@type":"ListItem","position":4,"name":"Endoscopy applied to spinal surgery"}]},{"@type":"WebSite","@id":"https:\/\/www.neurocirugiabarcelona.com\/#website","url":"https:\/\/www.neurocirugiabarcelona.com\/","name":"Neurocirug\u00eda Barcelona","description":"Tratamiento integral de las patolog\u00edas neuroquir\u00fargicas mediante una visi\u00f3n multidisciplinar","potentialAction":[{"@type":"SearchAction","target":{"@type":"EntryPoint","urlTemplate":"https:\/\/www.neurocirugiabarcelona.com\/?s={search_term_string}"},"query-input":"required name=search_term_string"}],"inLanguage":"en-US"}]}},"_links":{"self":[{"href":"https:\/\/www.neurocirugiabarcelona.com\/en\/wp-json\/wp\/v2\/pages\/12092"}],"collection":[{"href":"https:\/\/www.neurocirugiabarcelona.com\/en\/wp-json\/wp\/v2\/pages"}],"about":[{"href":"https:\/\/www.neurocirugiabarcelona.com\/en\/wp-json\/wp\/v2\/types\/page"}],"author":[{"embeddable":true,"href":"https:\/\/www.neurocirugiabarcelona.com\/en\/wp-json\/wp\/v2\/users\/2"}],"replies":[{"embeddable":true,"href":"https:\/\/www.neurocirugiabarcelona.com\/en\/wp-json\/wp\/v2\/comments?post=12092"}],"version-history":[{"count":2,"href":"https:\/\/www.neurocirugiabarcelona.com\/en\/wp-json\/wp\/v2\/pages\/12092\/revisions"}],"predecessor-version":[{"id":12373,"href":"https:\/\/www.neurocirugiabarcelona.com\/en\/wp-json\/wp\/v2\/pages\/12092\/revisions\/12373"}],"up":[{"embeddable":true,"href":"https:\/\/www.neurocirugiabarcelona.com\/en\/wp-json\/wp\/v2\/pages\/12081"}],"wp:attachment":[{"href":"https:\/\/www.neurocirugiabarcelona.com\/en\/wp-json\/wp\/v2\/media?parent=12092"}],"curies":[{"name":"wp","href":"https:\/\/api.w.org\/{rel}","templated":true}]}}