{"id":12089,"date":"2016-07-04T16:03:38","date_gmt":"2016-07-04T15:03:38","guid":{"rendered":"https:\/\/www.neurocirugiabarcelona.com\/tecnicas\/procedimientos-endoscopicos\/endoscopia-transnasal\/"},"modified":"2019-02-07T19:20:20","modified_gmt":"2019-02-07T18:20:20","slug":"transnasal-endoscopy","status":"publish","type":"page","link":"https:\/\/www.neurocirugiabarcelona.com\/en\/techniques\/endoscopic-procedures\/transnasal-endoscopy\/","title":{"rendered":"Transnasal endoscopy"},"content":{"rendered":"<p>This system enables approaching various skull base pathologies using a route that is much more direct and less damaging to brain structures. Our team uses this technique to treat hypophysis tumours, clivus tumours, craniopharyngiomas, anterior skull base tumours (i. e. central meningiomas of the olfactory sulcus), tumours of the cavernous sinus, etc. The use of lenses with various angles enables better visualisation of the peripheral structures of the lesion, a common location of lesional remains and, as a result, of relapse.<\/p>\n<p>Over the last few years this technique has experienced enormous progress, new surgical instruments adapted to this technique, better optical units, have all made this technique the treatment of choice in pathologies such as hypophyseal tumours.<\/p>\n","protected":false},"excerpt":{"rendered":"<p>This system enables approaching various skull base pathologies using a route that is much more direct and less damaging to brain structures. Our team uses this technique to treat hypophysis tumours, clivus tumours, craniopharyngiomas, anterior skull base tumours (i. e. central meningiomas of the olfactory sulcus), tumours of the cavernous sinus, etc. The use of &#8230;<\/p>\n","protected":false},"author":2,"featured_media":0,"parent":12081,"menu_order":2,"comment_status":"closed","ping_status":"closed","template":"","meta":[],"yoast_head":"<!-- This site is optimized with the Yoast SEO plugin v20.11 - https:\/\/yoast.com\/wordpress\/plugins\/seo\/ -->\n<title>Transnasal endoscopy - Neurocirug\u00eda Barcelona<\/title>\n<meta name=\"robots\" content=\"index, follow, max-snippet:-1, max-image-preview:large, max-video-preview:-1\" \/>\n<link rel=\"canonical\" href=\"https:\/\/www.neurocirugiabarcelona.com\/tecnicas\/procedimientos-endoscopicos\/endoscopia-transnasal\/\" \/>\n<meta property=\"og:locale\" content=\"en_US\" \/>\n<meta property=\"og:type\" content=\"article\" \/>\n<meta property=\"og:title\" content=\"Transnasal endoscopy - Neurocirug\u00eda Barcelona\" \/>\n<meta property=\"og:description\" content=\"This system enables approaching various skull base pathologies using a route that is much more direct and less damaging to brain structures. Our team uses this technique to treat hypophysis tumours, clivus tumours, craniopharyngiomas, anterior skull base tumours (i. e. central meningiomas of the olfactory sulcus), tumours of the cavernous sinus, etc. The use of ...\" \/>\n<meta property=\"og:url\" content=\"https:\/\/www.neurocirugiabarcelona.com\/tecnicas\/procedimientos-endoscopicos\/endoscopia-transnasal\/\" \/>\n<meta property=\"og:site_name\" content=\"Neurocirug\u00eda Barcelona\" \/>\n<meta property=\"article:modified_time\" content=\"2019-02-07T18:20:20+00:00\" \/>\n<meta name=\"twitter:card\" content=\"summary_large_image\" \/>\n<meta name=\"twitter:label1\" content=\"Est. reading time\" \/>\n\t<meta name=\"twitter:data1\" content=\"1 minute\" \/>\n<script type=\"application\/ld+json\" class=\"yoast-schema-graph\">{\"@context\":\"https:\/\/schema.org\",\"@graph\":[{\"@type\":\"WebPage\",\"@id\":\"https:\/\/www.neurocirugiabarcelona.com\/tecnicas\/procedimientos-endoscopicos\/endoscopia-transnasal\/\",\"url\":\"https:\/\/www.neurocirugiabarcelona.com\/tecnicas\/procedimientos-endoscopicos\/endoscopia-transnasal\/\",\"name\":\"Transnasal endoscopy - Neurocirug\u00eda Barcelona\",\"isPartOf\":{\"@id\":\"https:\/\/www.neurocirugiabarcelona.com\/#website\"},\"datePublished\":\"2016-07-04T15:03:38+00:00\",\"dateModified\":\"2019-02-07T18:20:20+00:00\",\"breadcrumb\":{\"@id\":\"https:\/\/www.neurocirugiabarcelona.com\/tecnicas\/procedimientos-endoscopicos\/endoscopia-transnasal\/#breadcrumb\"},\"inLanguage\":\"en-US\",\"potentialAction\":[{\"@type\":\"ReadAction\",\"target\":[\"https:\/\/www.neurocirugiabarcelona.com\/tecnicas\/procedimientos-endoscopicos\/endoscopia-transnasal\/\"]}]},{\"@type\":\"BreadcrumbList\",\"@id\":\"https:\/\/www.neurocirugiabarcelona.com\/tecnicas\/procedimientos-endoscopicos\/endoscopia-transnasal\/#breadcrumb\",\"itemListElement\":[{\"@type\":\"ListItem\",\"position\":1,\"name\":\"Portada\",\"item\":\"https:\/\/www.neurocirugiabarcelona.com\/en\/\"},{\"@type\":\"ListItem\",\"position\":2,\"name\":\"Techniques\",\"item\":\"https:\/\/www.neurocirugiabarcelona.com\/tecnicas\/\"},{\"@type\":\"ListItem\",\"position\":3,\"name\":\"Endoscopic procedures\",\"item\":\"https:\/\/www.neurocirugiabarcelona.com\/tecnicas\/procedimientos-endoscopicos\/\"},{\"@type\":\"ListItem\",\"position\":4,\"name\":\"Transnasal endoscopy\"}]},{\"@type\":\"WebSite\",\"@id\":\"https:\/\/www.neurocirugiabarcelona.com\/#website\",\"url\":\"https:\/\/www.neurocirugiabarcelona.com\/\",\"name\":\"Neurocirug\u00eda Barcelona\",\"description\":\"Tratamiento integral de las patolog\u00edas neuroquir\u00fargicas mediante una visi\u00f3n multidisciplinar\",\"potentialAction\":[{\"@type\":\"SearchAction\",\"target\":{\"@type\":\"EntryPoint\",\"urlTemplate\":\"https:\/\/www.neurocirugiabarcelona.com\/?s={search_term_string}\"},\"query-input\":\"required name=search_term_string\"}],\"inLanguage\":\"en-US\"}]}<\/script>\n<!-- \/ Yoast SEO plugin. -->","yoast_head_json":{"title":"Transnasal endoscopy - Neurocirug\u00eda Barcelona","robots":{"index":"index","follow":"follow","max-snippet":"max-snippet:-1","max-image-preview":"max-image-preview:large","max-video-preview":"max-video-preview:-1"},"canonical":"https:\/\/www.neurocirugiabarcelona.com\/tecnicas\/procedimientos-endoscopicos\/endoscopia-transnasal\/","og_locale":"en_US","og_type":"article","og_title":"Transnasal endoscopy - Neurocirug\u00eda Barcelona","og_description":"This system enables approaching various skull base pathologies using a route that is much more direct and less damaging to brain structures. Our team uses this technique to treat hypophysis tumours, clivus tumours, craniopharyngiomas, anterior skull base tumours (i. e. central meningiomas of the olfactory sulcus), tumours of the cavernous sinus, etc. The use of ...","og_url":"https:\/\/www.neurocirugiabarcelona.com\/tecnicas\/procedimientos-endoscopicos\/endoscopia-transnasal\/","og_site_name":"Neurocirug\u00eda Barcelona","article_modified_time":"2019-02-07T18:20:20+00:00","twitter_card":"summary_large_image","twitter_misc":{"Est. reading time":"1 minute"},"schema":{"@context":"https:\/\/schema.org","@graph":[{"@type":"WebPage","@id":"https:\/\/www.neurocirugiabarcelona.com\/tecnicas\/procedimientos-endoscopicos\/endoscopia-transnasal\/","url":"https:\/\/www.neurocirugiabarcelona.com\/tecnicas\/procedimientos-endoscopicos\/endoscopia-transnasal\/","name":"Transnasal endoscopy - Neurocirug\u00eda Barcelona","isPartOf":{"@id":"https:\/\/www.neurocirugiabarcelona.com\/#website"},"datePublished":"2016-07-04T15:03:38+00:00","dateModified":"2019-02-07T18:20:20+00:00","breadcrumb":{"@id":"https:\/\/www.neurocirugiabarcelona.com\/tecnicas\/procedimientos-endoscopicos\/endoscopia-transnasal\/#breadcrumb"},"inLanguage":"en-US","potentialAction":[{"@type":"ReadAction","target":["https:\/\/www.neurocirugiabarcelona.com\/tecnicas\/procedimientos-endoscopicos\/endoscopia-transnasal\/"]}]},{"@type":"BreadcrumbList","@id":"https:\/\/www.neurocirugiabarcelona.com\/tecnicas\/procedimientos-endoscopicos\/endoscopia-transnasal\/#breadcrumb","itemListElement":[{"@type":"ListItem","position":1,"name":"Portada","item":"https:\/\/www.neurocirugiabarcelona.com\/en\/"},{"@type":"ListItem","position":2,"name":"Techniques","item":"https:\/\/www.neurocirugiabarcelona.com\/tecnicas\/"},{"@type":"ListItem","position":3,"name":"Endoscopic procedures","item":"https:\/\/www.neurocirugiabarcelona.com\/tecnicas\/procedimientos-endoscopicos\/"},{"@type":"ListItem","position":4,"name":"Transnasal endoscopy"}]},{"@type":"WebSite","@id":"https:\/\/www.neurocirugiabarcelona.com\/#website","url":"https:\/\/www.neurocirugiabarcelona.com\/","name":"Neurocirug\u00eda Barcelona","description":"Tratamiento integral de las patolog\u00edas neuroquir\u00fargicas mediante una visi\u00f3n multidisciplinar","potentialAction":[{"@type":"SearchAction","target":{"@type":"EntryPoint","urlTemplate":"https:\/\/www.neurocirugiabarcelona.com\/?s={search_term_string}"},"query-input":"required name=search_term_string"}],"inLanguage":"en-US"}]}},"_links":{"self":[{"href":"https:\/\/www.neurocirugiabarcelona.com\/en\/wp-json\/wp\/v2\/pages\/12089"}],"collection":[{"href":"https:\/\/www.neurocirugiabarcelona.com\/en\/wp-json\/wp\/v2\/pages"}],"about":[{"href":"https:\/\/www.neurocirugiabarcelona.com\/en\/wp-json\/wp\/v2\/types\/page"}],"author":[{"embeddable":true,"href":"https:\/\/www.neurocirugiabarcelona.com\/en\/wp-json\/wp\/v2\/users\/2"}],"replies":[{"embeddable":true,"href":"https:\/\/www.neurocirugiabarcelona.com\/en\/wp-json\/wp\/v2\/comments?post=12089"}],"version-history":[{"count":1,"href":"https:\/\/www.neurocirugiabarcelona.com\/en\/wp-json\/wp\/v2\/pages\/12089\/revisions"}],"predecessor-version":[{"id":12090,"href":"https:\/\/www.neurocirugiabarcelona.com\/en\/wp-json\/wp\/v2\/pages\/12089\/revisions\/12090"}],"up":[{"embeddable":true,"href":"https:\/\/www.neurocirugiabarcelona.com\/en\/wp-json\/wp\/v2\/pages\/12081"}],"wp:attachment":[{"href":"https:\/\/www.neurocirugiabarcelona.com\/en\/wp-json\/wp\/v2\/media?parent=12089"}],"curies":[{"name":"wp","href":"https:\/\/api.w.org\/{rel}","templated":true}]}}