{"id":12085,"date":"2016-07-04T16:02:33","date_gmt":"2016-07-04T15:02:33","guid":{"rendered":"https:\/\/www.neurocirugiabarcelona.com\/tecnicas\/procedimientos-endoscopicos\/neuroendoscopia-ventricular\/"},"modified":"2019-02-07T19:20:14","modified_gmt":"2019-02-07T18:20:14","slug":"ventricular-neuroendoscopy","status":"publish","type":"page","link":"https:\/\/www.neurocirugiabarcelona.com\/en\/techniques\/endoscopic-procedures\/ventricular-neuroendoscopy\/","title":{"rendered":"Ventricular Neuroendoscopy"},"content":{"rendered":"<p>A small trepan opening (18 mm in diameter) enables performing diagnostic and therapeutic procedures within the ventricular system, brain cavities where cerebrospinal fluid circulates.<\/p>\n<p>Sometimes the purpose is to treat cerebrospinal fluid circulation problems (Aqueductal stenosis, tumoural obstructions or malformations, etc.) using <strong>\u201cBypass\u201d<\/strong> procedures such as endoscopic ventriculostomy or aqueductoplasty. On other occasions it is used for endoscopic tumoural resection procedures or for obtaining endoscopic biopsies in neoformative processes or lesions of any other nature.<\/p>\n<p>At the present time there are two types of endoscopes, rigid and flexible. The first are characterised by having better quality optical systems and at the same time that the instruments used in this type of endoscope enable greater manipulation as a larger number of working channels are available. On the other hand flexible endoscopes enable greater mobility inside ventricular cavities although with a lower margin for manipulation.<\/p>\n<p>The main advantage of this technique is that it enables reaching the point of diagnostic\/therapeutic interest with minimum manipulation of brain tissue.<\/p>\n","protected":false},"excerpt":{"rendered":"<p>A small trepan opening (18 mm in diameter) enables performing diagnostic and therapeutic procedures within the ventricular system, brain cavities where cerebrospinal fluid circulates. Sometimes the purpose is to treat cerebrospinal fluid circulation problems (Aqueductal stenosis, tumoural obstructions or malformations, etc.) using \u201cBypass\u201d procedures such as endoscopic ventriculostomy or aqueductoplasty. On other occasions it is &#8230;<\/p>\n","protected":false},"author":2,"featured_media":0,"parent":12081,"menu_order":1,"comment_status":"closed","ping_status":"closed","template":"","meta":[],"yoast_head":"<!-- This site is optimized with the Yoast SEO plugin v20.11 - https:\/\/yoast.com\/wordpress\/plugins\/seo\/ -->\n<title>Ventricular Neuroendoscopy - Neurocirug\u00eda Barcelona<\/title>\n<meta name=\"robots\" content=\"index, follow, max-snippet:-1, max-image-preview:large, max-video-preview:-1\" \/>\n<link rel=\"canonical\" href=\"https:\/\/www.neurocirugiabarcelona.com\/tecnicas\/procedimientos-endoscopicos\/neuroendoscopia-ventricular\/\" \/>\n<meta property=\"og:locale\" content=\"en_US\" \/>\n<meta property=\"og:type\" content=\"article\" \/>\n<meta property=\"og:title\" content=\"Ventricular Neuroendoscopy - Neurocirug\u00eda Barcelona\" \/>\n<meta property=\"og:description\" content=\"A small trepan opening (18 mm in diameter) enables performing diagnostic and therapeutic procedures within the ventricular system, brain cavities where cerebrospinal fluid circulates. Sometimes the purpose is to treat cerebrospinal fluid circulation problems (Aqueductal stenosis, tumoural obstructions or malformations, etc.) using \u201cBypass\u201d procedures such as endoscopic ventriculostomy or aqueductoplasty. On other occasions it is ...\" \/>\n<meta property=\"og:url\" content=\"https:\/\/www.neurocirugiabarcelona.com\/tecnicas\/procedimientos-endoscopicos\/neuroendoscopia-ventricular\/\" \/>\n<meta property=\"og:site_name\" content=\"Neurocirug\u00eda Barcelona\" \/>\n<meta property=\"article:modified_time\" content=\"2019-02-07T18:20:14+00:00\" \/>\n<meta name=\"twitter:card\" content=\"summary_large_image\" \/>\n<meta name=\"twitter:label1\" content=\"Est. reading time\" \/>\n\t<meta name=\"twitter:data1\" content=\"1 minute\" \/>\n<script type=\"application\/ld+json\" class=\"yoast-schema-graph\">{\"@context\":\"https:\/\/schema.org\",\"@graph\":[{\"@type\":\"WebPage\",\"@id\":\"https:\/\/www.neurocirugiabarcelona.com\/tecnicas\/procedimientos-endoscopicos\/neuroendoscopia-ventricular\/\",\"url\":\"https:\/\/www.neurocirugiabarcelona.com\/tecnicas\/procedimientos-endoscopicos\/neuroendoscopia-ventricular\/\",\"name\":\"Ventricular Neuroendoscopy - Neurocirug\u00eda Barcelona\",\"isPartOf\":{\"@id\":\"https:\/\/www.neurocirugiabarcelona.com\/#website\"},\"datePublished\":\"2016-07-04T15:02:33+00:00\",\"dateModified\":\"2019-02-07T18:20:14+00:00\",\"breadcrumb\":{\"@id\":\"https:\/\/www.neurocirugiabarcelona.com\/tecnicas\/procedimientos-endoscopicos\/neuroendoscopia-ventricular\/#breadcrumb\"},\"inLanguage\":\"en-US\",\"potentialAction\":[{\"@type\":\"ReadAction\",\"target\":[\"https:\/\/www.neurocirugiabarcelona.com\/tecnicas\/procedimientos-endoscopicos\/neuroendoscopia-ventricular\/\"]}]},{\"@type\":\"BreadcrumbList\",\"@id\":\"https:\/\/www.neurocirugiabarcelona.com\/tecnicas\/procedimientos-endoscopicos\/neuroendoscopia-ventricular\/#breadcrumb\",\"itemListElement\":[{\"@type\":\"ListItem\",\"position\":1,\"name\":\"Portada\",\"item\":\"https:\/\/www.neurocirugiabarcelona.com\/en\/\"},{\"@type\":\"ListItem\",\"position\":2,\"name\":\"Techniques\",\"item\":\"https:\/\/www.neurocirugiabarcelona.com\/tecnicas\/\"},{\"@type\":\"ListItem\",\"position\":3,\"name\":\"Endoscopic procedures\",\"item\":\"https:\/\/www.neurocirugiabarcelona.com\/tecnicas\/procedimientos-endoscopicos\/\"},{\"@type\":\"ListItem\",\"position\":4,\"name\":\"Ventricular Neuroendoscopy\"}]},{\"@type\":\"WebSite\",\"@id\":\"https:\/\/www.neurocirugiabarcelona.com\/#website\",\"url\":\"https:\/\/www.neurocirugiabarcelona.com\/\",\"name\":\"Neurocirug\u00eda Barcelona\",\"description\":\"Tratamiento integral de las patolog\u00edas neuroquir\u00fargicas mediante una visi\u00f3n multidisciplinar\",\"potentialAction\":[{\"@type\":\"SearchAction\",\"target\":{\"@type\":\"EntryPoint\",\"urlTemplate\":\"https:\/\/www.neurocirugiabarcelona.com\/?s={search_term_string}\"},\"query-input\":\"required name=search_term_string\"}],\"inLanguage\":\"en-US\"}]}<\/script>\n<!-- \/ Yoast SEO plugin. -->","yoast_head_json":{"title":"Ventricular Neuroendoscopy - Neurocirug\u00eda Barcelona","robots":{"index":"index","follow":"follow","max-snippet":"max-snippet:-1","max-image-preview":"max-image-preview:large","max-video-preview":"max-video-preview:-1"},"canonical":"https:\/\/www.neurocirugiabarcelona.com\/tecnicas\/procedimientos-endoscopicos\/neuroendoscopia-ventricular\/","og_locale":"en_US","og_type":"article","og_title":"Ventricular Neuroendoscopy - Neurocirug\u00eda Barcelona","og_description":"A small trepan opening (18 mm in diameter) enables performing diagnostic and therapeutic procedures within the ventricular system, brain cavities where cerebrospinal fluid circulates. Sometimes the purpose is to treat cerebrospinal fluid circulation problems (Aqueductal stenosis, tumoural obstructions or malformations, etc.) using \u201cBypass\u201d procedures such as endoscopic ventriculostomy or aqueductoplasty. On other occasions it is ...","og_url":"https:\/\/www.neurocirugiabarcelona.com\/tecnicas\/procedimientos-endoscopicos\/neuroendoscopia-ventricular\/","og_site_name":"Neurocirug\u00eda Barcelona","article_modified_time":"2019-02-07T18:20:14+00:00","twitter_card":"summary_large_image","twitter_misc":{"Est. reading time":"1 minute"},"schema":{"@context":"https:\/\/schema.org","@graph":[{"@type":"WebPage","@id":"https:\/\/www.neurocirugiabarcelona.com\/tecnicas\/procedimientos-endoscopicos\/neuroendoscopia-ventricular\/","url":"https:\/\/www.neurocirugiabarcelona.com\/tecnicas\/procedimientos-endoscopicos\/neuroendoscopia-ventricular\/","name":"Ventricular Neuroendoscopy - Neurocirug\u00eda Barcelona","isPartOf":{"@id":"https:\/\/www.neurocirugiabarcelona.com\/#website"},"datePublished":"2016-07-04T15:02:33+00:00","dateModified":"2019-02-07T18:20:14+00:00","breadcrumb":{"@id":"https:\/\/www.neurocirugiabarcelona.com\/tecnicas\/procedimientos-endoscopicos\/neuroendoscopia-ventricular\/#breadcrumb"},"inLanguage":"en-US","potentialAction":[{"@type":"ReadAction","target":["https:\/\/www.neurocirugiabarcelona.com\/tecnicas\/procedimientos-endoscopicos\/neuroendoscopia-ventricular\/"]}]},{"@type":"BreadcrumbList","@id":"https:\/\/www.neurocirugiabarcelona.com\/tecnicas\/procedimientos-endoscopicos\/neuroendoscopia-ventricular\/#breadcrumb","itemListElement":[{"@type":"ListItem","position":1,"name":"Portada","item":"https:\/\/www.neurocirugiabarcelona.com\/en\/"},{"@type":"ListItem","position":2,"name":"Techniques","item":"https:\/\/www.neurocirugiabarcelona.com\/tecnicas\/"},{"@type":"ListItem","position":3,"name":"Endoscopic procedures","item":"https:\/\/www.neurocirugiabarcelona.com\/tecnicas\/procedimientos-endoscopicos\/"},{"@type":"ListItem","position":4,"name":"Ventricular Neuroendoscopy"}]},{"@type":"WebSite","@id":"https:\/\/www.neurocirugiabarcelona.com\/#website","url":"https:\/\/www.neurocirugiabarcelona.com\/","name":"Neurocirug\u00eda Barcelona","description":"Tratamiento integral de las patolog\u00edas neuroquir\u00fargicas mediante una visi\u00f3n multidisciplinar","potentialAction":[{"@type":"SearchAction","target":{"@type":"EntryPoint","urlTemplate":"https:\/\/www.neurocirugiabarcelona.com\/?s={search_term_string}"},"query-input":"required name=search_term_string"}],"inLanguage":"en-US"}]}},"_links":{"self":[{"href":"https:\/\/www.neurocirugiabarcelona.com\/en\/wp-json\/wp\/v2\/pages\/12085"}],"collection":[{"href":"https:\/\/www.neurocirugiabarcelona.com\/en\/wp-json\/wp\/v2\/pages"}],"about":[{"href":"https:\/\/www.neurocirugiabarcelona.com\/en\/wp-json\/wp\/v2\/types\/page"}],"author":[{"embeddable":true,"href":"https:\/\/www.neurocirugiabarcelona.com\/en\/wp-json\/wp\/v2\/users\/2"}],"replies":[{"embeddable":true,"href":"https:\/\/www.neurocirugiabarcelona.com\/en\/wp-json\/wp\/v2\/comments?post=12085"}],"version-history":[{"count":2,"href":"https:\/\/www.neurocirugiabarcelona.com\/en\/wp-json\/wp\/v2\/pages\/12085\/revisions"}],"predecessor-version":[{"id":12087,"href":"https:\/\/www.neurocirugiabarcelona.com\/en\/wp-json\/wp\/v2\/pages\/12085\/revisions\/12087"}],"up":[{"embeddable":true,"href":"https:\/\/www.neurocirugiabarcelona.com\/en\/wp-json\/wp\/v2\/pages\/12081"}],"wp:attachment":[{"href":"https:\/\/www.neurocirugiabarcelona.com\/en\/wp-json\/wp\/v2\/media?parent=12085"}],"curies":[{"name":"wp","href":"https:\/\/api.w.org\/{rel}","templated":true}]}}