{"id":12073,"date":"2016-07-04T15:32:25","date_gmt":"2016-07-04T14:32:25","guid":{"rendered":"https:\/\/www.neurocirugiabarcelona.com\/tecnicas\/estereotaxia\/"},"modified":"2019-02-07T19:19:52","modified_gmt":"2019-02-07T18:19:52","slug":"stereotaxis","status":"publish","type":"page","link":"https:\/\/www.neurocirugiabarcelona.com\/en\/techniques\/stereotaxis\/","title":{"rendered":"Stereotaxis"},"content":{"rendered":"<p style=\"text-align: justify;\">Stereotaxic systems were incorporated into the field of neurosurgery at the end of the 19th century, even though it was not until the early 20th century when Cartesian brain location systems were introduced. This meant that by the end of the 40&#8217;s these systems were sufficiently precise for application in humans.<\/p>\n<h3>Technique:<\/h3>\n<p style=\"text-align: justify;\">Up until just a few years ago this technique required placing a stereotaxic frame over the patient, this frame is no longer required but it is necessary to have a reference system that enables locating the target. Medical imaging of the patient using a CT (scanner), magnetic resonance imaging, etc., enables defining the tissues in relation to a system of coordinates, in other words, a position in three dimensions of any point, thus enabling the location of any point using this system of coordinates. Over the last few years frameless systems have appeared which enable carrying out these procedures without the need to place a stereotaxic frame over the patient. This is done by placing fiducials (references) on the patient, this system enables considerably increasing the precision of the location, diagnostic imaging of the patient then usesd these references to enable performing the stereotaxic procedure.<\/p>\n<h3>Usefulness:<\/h3>\n<p style=\"text-align: justify;\">Its use is mainly for the biopsy of deep brain lesions, especially small ones, even though the development of modern neuronavigation systems makes it more and more possible to take a biopsy of smaller and smaller lesions. For many years the stereotaxic frame was the system of choice for deep brain stimulation, surgery for Parkinson&#8217;s disease, dystonia, etc., even though there are now neuronavigation systems that enable performing these procedures without stereotaxic frames.<\/p>\n<p><img decoding=\"async\" loading=\"lazy\" class=\"aligncenter size-full wp-image-10746\" src=\"http:\/\/www.neurocirugiabarcelona.com\/wp-content\/uploads\/2016\/07\/estereotaxia.jpg\" alt=\"estereotaxia\" width=\"706\" height=\"500\" srcset=\"https:\/\/www.neurocirugiabarcelona.com\/wp-content\/uploads\/2016\/07\/estereotaxia.jpg 706w, https:\/\/www.neurocirugiabarcelona.com\/wp-content\/uploads\/2016\/07\/estereotaxia-300x212.jpg 300w\" sizes=\"(max-width: 706px) 100vw, 706px\" \/><\/p>\n","protected":false},"excerpt":{"rendered":"<p>Stereotaxic systems were incorporated into the field of neurosurgery at the end of the 19th century, even though it was not until the early 20th century when Cartesian brain location systems were introduced. This meant that by the end of the 40&#8217;s these systems were sufficiently precise for application in humans. Technique: Up until just &#8230;<\/p>\n","protected":false},"author":2,"featured_media":0,"parent":12051,"menu_order":3,"comment_status":"closed","ping_status":"closed","template":"","meta":[],"yoast_head":"<!-- This site is optimized with the Yoast SEO plugin v20.11 - https:\/\/yoast.com\/wordpress\/plugins\/seo\/ -->\n<title>Stereotaxis - Neurocirug\u00eda Barcelona<\/title>\n<meta name=\"robots\" content=\"index, follow, max-snippet:-1, max-image-preview:large, max-video-preview:-1\" \/>\n<link rel=\"canonical\" href=\"https:\/\/www.neurocirugiabarcelona.com\/tecnicas\/estereotaxia\/\" \/>\n<meta property=\"og:locale\" content=\"en_US\" \/>\n<meta property=\"og:type\" content=\"article\" \/>\n<meta property=\"og:title\" content=\"Stereotaxis - Neurocirug\u00eda Barcelona\" \/>\n<meta property=\"og:description\" content=\"Stereotaxic systems were incorporated into the field of neurosurgery at the end of the 19th century, even though it was not until the early 20th century when Cartesian brain location systems were introduced. This meant that by the end of the 40&#8217;s these systems were sufficiently precise for application in humans. Technique: Up until just ...\" \/>\n<meta property=\"og:url\" content=\"https:\/\/www.neurocirugiabarcelona.com\/tecnicas\/estereotaxia\/\" \/>\n<meta property=\"og:site_name\" content=\"Neurocirug\u00eda Barcelona\" \/>\n<meta property=\"article:modified_time\" content=\"2019-02-07T18:19:52+00:00\" \/>\n<meta property=\"og:image\" content=\"http:\/\/www.neurocirugiabarcelona.com\/wp-content\/uploads\/2016\/07\/estereotaxia.jpg\" \/>\n<meta name=\"twitter:card\" content=\"summary_large_image\" \/>\n<meta name=\"twitter:label1\" content=\"Est. reading time\" \/>\n\t<meta name=\"twitter:data1\" content=\"1 minute\" \/>\n<script type=\"application\/ld+json\" class=\"yoast-schema-graph\">{\"@context\":\"https:\/\/schema.org\",\"@graph\":[{\"@type\":\"WebPage\",\"@id\":\"https:\/\/www.neurocirugiabarcelona.com\/tecnicas\/estereotaxia\/\",\"url\":\"https:\/\/www.neurocirugiabarcelona.com\/tecnicas\/estereotaxia\/\",\"name\":\"Stereotaxis - Neurocirug\u00eda Barcelona\",\"isPartOf\":{\"@id\":\"https:\/\/www.neurocirugiabarcelona.com\/#website\"},\"datePublished\":\"2016-07-04T14:32:25+00:00\",\"dateModified\":\"2019-02-07T18:19:52+00:00\",\"breadcrumb\":{\"@id\":\"https:\/\/www.neurocirugiabarcelona.com\/tecnicas\/estereotaxia\/#breadcrumb\"},\"inLanguage\":\"en-US\",\"potentialAction\":[{\"@type\":\"ReadAction\",\"target\":[\"https:\/\/www.neurocirugiabarcelona.com\/tecnicas\/estereotaxia\/\"]}]},{\"@type\":\"BreadcrumbList\",\"@id\":\"https:\/\/www.neurocirugiabarcelona.com\/tecnicas\/estereotaxia\/#breadcrumb\",\"itemListElement\":[{\"@type\":\"ListItem\",\"position\":1,\"name\":\"Portada\",\"item\":\"https:\/\/www.neurocirugiabarcelona.com\/en\/\"},{\"@type\":\"ListItem\",\"position\":2,\"name\":\"Techniques\",\"item\":\"https:\/\/www.neurocirugiabarcelona.com\/tecnicas\/\"},{\"@type\":\"ListItem\",\"position\":3,\"name\":\"Stereotaxis\"}]},{\"@type\":\"WebSite\",\"@id\":\"https:\/\/www.neurocirugiabarcelona.com\/#website\",\"url\":\"https:\/\/www.neurocirugiabarcelona.com\/\",\"name\":\"Neurocirug\u00eda Barcelona\",\"description\":\"Tratamiento integral de las patolog\u00edas neuroquir\u00fargicas mediante una visi\u00f3n multidisciplinar\",\"potentialAction\":[{\"@type\":\"SearchAction\",\"target\":{\"@type\":\"EntryPoint\",\"urlTemplate\":\"https:\/\/www.neurocirugiabarcelona.com\/?s={search_term_string}\"},\"query-input\":\"required name=search_term_string\"}],\"inLanguage\":\"en-US\"}]}<\/script>\n<!-- \/ Yoast SEO plugin. -->","yoast_head_json":{"title":"Stereotaxis - Neurocirug\u00eda Barcelona","robots":{"index":"index","follow":"follow","max-snippet":"max-snippet:-1","max-image-preview":"max-image-preview:large","max-video-preview":"max-video-preview:-1"},"canonical":"https:\/\/www.neurocirugiabarcelona.com\/tecnicas\/estereotaxia\/","og_locale":"en_US","og_type":"article","og_title":"Stereotaxis - Neurocirug\u00eda Barcelona","og_description":"Stereotaxic systems were incorporated into the field of neurosurgery at the end of the 19th century, even though it was not until the early 20th century when Cartesian brain location systems were introduced. This meant that by the end of the 40&#8217;s these systems were sufficiently precise for application in humans. Technique: Up until just ...","og_url":"https:\/\/www.neurocirugiabarcelona.com\/tecnicas\/estereotaxia\/","og_site_name":"Neurocirug\u00eda Barcelona","article_modified_time":"2019-02-07T18:19:52+00:00","og_image":[{"url":"http:\/\/www.neurocirugiabarcelona.com\/wp-content\/uploads\/2016\/07\/estereotaxia.jpg"}],"twitter_card":"summary_large_image","twitter_misc":{"Est. reading time":"1 minute"},"schema":{"@context":"https:\/\/schema.org","@graph":[{"@type":"WebPage","@id":"https:\/\/www.neurocirugiabarcelona.com\/tecnicas\/estereotaxia\/","url":"https:\/\/www.neurocirugiabarcelona.com\/tecnicas\/estereotaxia\/","name":"Stereotaxis - Neurocirug\u00eda Barcelona","isPartOf":{"@id":"https:\/\/www.neurocirugiabarcelona.com\/#website"},"datePublished":"2016-07-04T14:32:25+00:00","dateModified":"2019-02-07T18:19:52+00:00","breadcrumb":{"@id":"https:\/\/www.neurocirugiabarcelona.com\/tecnicas\/estereotaxia\/#breadcrumb"},"inLanguage":"en-US","potentialAction":[{"@type":"ReadAction","target":["https:\/\/www.neurocirugiabarcelona.com\/tecnicas\/estereotaxia\/"]}]},{"@type":"BreadcrumbList","@id":"https:\/\/www.neurocirugiabarcelona.com\/tecnicas\/estereotaxia\/#breadcrumb","itemListElement":[{"@type":"ListItem","position":1,"name":"Portada","item":"https:\/\/www.neurocirugiabarcelona.com\/en\/"},{"@type":"ListItem","position":2,"name":"Techniques","item":"https:\/\/www.neurocirugiabarcelona.com\/tecnicas\/"},{"@type":"ListItem","position":3,"name":"Stereotaxis"}]},{"@type":"WebSite","@id":"https:\/\/www.neurocirugiabarcelona.com\/#website","url":"https:\/\/www.neurocirugiabarcelona.com\/","name":"Neurocirug\u00eda Barcelona","description":"Tratamiento integral de las patolog\u00edas neuroquir\u00fargicas mediante una visi\u00f3n multidisciplinar","potentialAction":[{"@type":"SearchAction","target":{"@type":"EntryPoint","urlTemplate":"https:\/\/www.neurocirugiabarcelona.com\/?s={search_term_string}"},"query-input":"required name=search_term_string"}],"inLanguage":"en-US"}]}},"_links":{"self":[{"href":"https:\/\/www.neurocirugiabarcelona.com\/en\/wp-json\/wp\/v2\/pages\/12073"}],"collection":[{"href":"https:\/\/www.neurocirugiabarcelona.com\/en\/wp-json\/wp\/v2\/pages"}],"about":[{"href":"https:\/\/www.neurocirugiabarcelona.com\/en\/wp-json\/wp\/v2\/types\/page"}],"author":[{"embeddable":true,"href":"https:\/\/www.neurocirugiabarcelona.com\/en\/wp-json\/wp\/v2\/users\/2"}],"replies":[{"embeddable":true,"href":"https:\/\/www.neurocirugiabarcelona.com\/en\/wp-json\/wp\/v2\/comments?post=12073"}],"version-history":[{"count":2,"href":"https:\/\/www.neurocirugiabarcelona.com\/en\/wp-json\/wp\/v2\/pages\/12073\/revisions"}],"predecessor-version":[{"id":12075,"href":"https:\/\/www.neurocirugiabarcelona.com\/en\/wp-json\/wp\/v2\/pages\/12073\/revisions\/12075"}],"up":[{"embeddable":true,"href":"https:\/\/www.neurocirugiabarcelona.com\/en\/wp-json\/wp\/v2\/pages\/12051"}],"wp:attachment":[{"href":"https:\/\/www.neurocirugiabarcelona.com\/en\/wp-json\/wp\/v2\/media?parent=12073"}],"curies":[{"name":"wp","href":"https:\/\/api.w.org\/{rel}","templated":true}]}}