{"id":12069,"date":"2016-07-04T15:27:29","date_gmt":"2016-07-04T14:27:29","guid":{"rendered":"https:\/\/www.neurocirugiabarcelona.com\/tecnicas\/tac-intraoperatorio\/"},"modified":"2019-02-07T19:19:45","modified_gmt":"2019-02-07T18:19:45","slug":"intraoperative-cat-scan","status":"publish","type":"page","link":"https:\/\/www.neurocirugiabarcelona.com\/en\/techniques\/intraoperative-cat-scan\/","title":{"rendered":"Intraoperative CAT scan"},"content":{"rendered":"<p><img decoding=\"async\" loading=\"lazy\" class=\"alignright size-medium wp-image-10742\" src=\"http:\/\/www.neurocirugiabarcelona.com\/wp-content\/uploads\/2016\/07\/tac_1-300x200.jpg\" alt=\"TAC intraoperatorio\" width=\"300\" height=\"200\" srcset=\"https:\/\/www.neurocirugiabarcelona.com\/wp-content\/uploads\/2016\/07\/tac_1-300x200.jpg 300w, https:\/\/www.neurocirugiabarcelona.com\/wp-content\/uploads\/2016\/07\/tac_1-768x512.jpg 768w, https:\/\/www.neurocirugiabarcelona.com\/wp-content\/uploads\/2016\/07\/tac_1-1024x683.jpg 1024w, https:\/\/www.neurocirugiabarcelona.com\/wp-content\/uploads\/2016\/07\/tac_1-90x60.jpg 90w\" sizes=\"(max-width: 300px) 100vw, 300px\" \/>Just like when the introduction of X-rays into operating theatres represented a huge step forward for surgical techniques, the introduction of the intraoperative<strong> CT<\/strong> or scanner also implied new progress in intraoperative imaging systems. <strong>The General Hospital of Catalonia had the first intraoperative CAT scan in Spain<\/strong>,<br \/>\nand so our group was the pioneer in the introduction and development of these units on a European level. This system enables precise 3D location of the surgical procedure therefore making it less aggressive for the patient. Since its introduction in operating theatres, this system has undergone enormous development, mainly driven by the growing demand placed on the system by professional physicians, who constantly demand more precise tools, as well as by the patients themselves who have more and more information about the procedures and treatments affecting them. Its use can mainly be divided into two situations:<\/p>\n<ul>\n<li style=\"text-align: justify;\"><strong>Update of Neuronavigation units:<\/strong> on the one hand enabling refreshing navigation systems at any time during the surgical procedure, minimising errors resulting from the lack of the latest navigation information.<\/li>\n<li style=\"text-align: justify;\"><strong>Verification of the location of prosthesis:<\/strong> it is also extremely useful for verifying the correct placement of prosthesis in orthopaedic surgery, spinal surgery or cerebral cortex stimulation systems (e.g. treatment of pain) or deep brain stimulation (DBS, surgery for Parkinson&#8217;s disease), as well as ENT surgery (sinus surgery) and by groups of maxillofacial and plastic surgeons.<\/li>\n<\/ul>\n<p style=\"text-align: justify;\">The introduction of the intraoperative <strong>CAT scan<\/strong> provided a new tool in operating theatres to enable performing more and more precise and less aggressive surgical procedures.<\/p>\n<p style=\"text-align: justify;\"><img decoding=\"async\" loading=\"lazy\" class=\"aligncenter size-large wp-image-10743\" src=\"http:\/\/www.neurocirugiabarcelona.com\/wp-content\/uploads\/2016\/07\/tac_2-1024x683.jpg\" alt=\"TAC intraoperatorio\" width=\"800\" height=\"534\" srcset=\"https:\/\/www.neurocirugiabarcelona.com\/wp-content\/uploads\/2016\/07\/tac_2-1024x683.jpg 1024w, https:\/\/www.neurocirugiabarcelona.com\/wp-content\/uploads\/2016\/07\/tac_2-300x200.jpg 300w, https:\/\/www.neurocirugiabarcelona.com\/wp-content\/uploads\/2016\/07\/tac_2-768x512.jpg 768w, https:\/\/www.neurocirugiabarcelona.com\/wp-content\/uploads\/2016\/07\/tac_2-90x60.jpg 90w\" sizes=\"(max-width: 800px) 100vw, 800px\" \/><\/p>\n","protected":false},"excerpt":{"rendered":"<p>Just like when the introduction of X-rays into operating theatres represented a huge step forward for surgical techniques, the introduction of the intraoperative CT or scanner also implied new progress in intraoperative imaging systems. The General Hospital of Catalonia had the first intraoperative CAT scan in Spain, and so our group was the pioneer in &#8230;<\/p>\n","protected":false},"author":2,"featured_media":0,"parent":12051,"menu_order":2,"comment_status":"closed","ping_status":"closed","template":"","meta":[],"yoast_head":"<!-- This site is optimized with the Yoast SEO plugin v20.11 - https:\/\/yoast.com\/wordpress\/plugins\/seo\/ -->\n<title>Intraoperative CAT scan - Neurocirug\u00eda Barcelona<\/title>\n<meta name=\"robots\" content=\"index, follow, max-snippet:-1, max-image-preview:large, max-video-preview:-1\" \/>\n<link rel=\"canonical\" href=\"https:\/\/www.neurocirugiabarcelona.com\/tecnicas\/tac-intraoperatorio\/\" \/>\n<meta property=\"og:locale\" content=\"en_US\" \/>\n<meta property=\"og:type\" content=\"article\" \/>\n<meta property=\"og:title\" content=\"Intraoperative CAT scan - Neurocirug\u00eda Barcelona\" \/>\n<meta property=\"og:description\" content=\"Just like when the introduction of X-rays into operating theatres represented a huge step forward for surgical techniques, the introduction of the intraoperative CT or scanner also implied new progress in intraoperative imaging systems. The General Hospital of Catalonia had the first intraoperative CAT scan in Spain, and so our group was the pioneer in ...\" \/>\n<meta property=\"og:url\" content=\"https:\/\/www.neurocirugiabarcelona.com\/tecnicas\/tac-intraoperatorio\/\" \/>\n<meta property=\"og:site_name\" content=\"Neurocirug\u00eda Barcelona\" \/>\n<meta property=\"article:modified_time\" content=\"2019-02-07T18:19:45+00:00\" \/>\n<meta property=\"og:image\" content=\"http:\/\/www.neurocirugiabarcelona.com\/wp-content\/uploads\/2016\/07\/tac_1-300x200.jpg\" \/>\n<meta name=\"twitter:card\" content=\"summary_large_image\" \/>\n<meta name=\"twitter:label1\" content=\"Est. reading time\" \/>\n\t<meta name=\"twitter:data1\" content=\"1 minute\" \/>\n<script type=\"application\/ld+json\" class=\"yoast-schema-graph\">{\"@context\":\"https:\/\/schema.org\",\"@graph\":[{\"@type\":\"WebPage\",\"@id\":\"https:\/\/www.neurocirugiabarcelona.com\/tecnicas\/tac-intraoperatorio\/\",\"url\":\"https:\/\/www.neurocirugiabarcelona.com\/tecnicas\/tac-intraoperatorio\/\",\"name\":\"Intraoperative CAT scan - Neurocirug\u00eda Barcelona\",\"isPartOf\":{\"@id\":\"https:\/\/www.neurocirugiabarcelona.com\/#website\"},\"datePublished\":\"2016-07-04T14:27:29+00:00\",\"dateModified\":\"2019-02-07T18:19:45+00:00\",\"breadcrumb\":{\"@id\":\"https:\/\/www.neurocirugiabarcelona.com\/tecnicas\/tac-intraoperatorio\/#breadcrumb\"},\"inLanguage\":\"en-US\",\"potentialAction\":[{\"@type\":\"ReadAction\",\"target\":[\"https:\/\/www.neurocirugiabarcelona.com\/tecnicas\/tac-intraoperatorio\/\"]}]},{\"@type\":\"BreadcrumbList\",\"@id\":\"https:\/\/www.neurocirugiabarcelona.com\/tecnicas\/tac-intraoperatorio\/#breadcrumb\",\"itemListElement\":[{\"@type\":\"ListItem\",\"position\":1,\"name\":\"Portada\",\"item\":\"https:\/\/www.neurocirugiabarcelona.com\/en\/\"},{\"@type\":\"ListItem\",\"position\":2,\"name\":\"Techniques\",\"item\":\"https:\/\/www.neurocirugiabarcelona.com\/tecnicas\/\"},{\"@type\":\"ListItem\",\"position\":3,\"name\":\"Intraoperative CAT scan\"}]},{\"@type\":\"WebSite\",\"@id\":\"https:\/\/www.neurocirugiabarcelona.com\/#website\",\"url\":\"https:\/\/www.neurocirugiabarcelona.com\/\",\"name\":\"Neurocirug\u00eda Barcelona\",\"description\":\"Tratamiento integral de las patolog\u00edas neuroquir\u00fargicas mediante una visi\u00f3n multidisciplinar\",\"potentialAction\":[{\"@type\":\"SearchAction\",\"target\":{\"@type\":\"EntryPoint\",\"urlTemplate\":\"https:\/\/www.neurocirugiabarcelona.com\/?s={search_term_string}\"},\"query-input\":\"required name=search_term_string\"}],\"inLanguage\":\"en-US\"}]}<\/script>\n<!-- \/ Yoast SEO plugin. -->","yoast_head_json":{"title":"Intraoperative CAT scan - Neurocirug\u00eda Barcelona","robots":{"index":"index","follow":"follow","max-snippet":"max-snippet:-1","max-image-preview":"max-image-preview:large","max-video-preview":"max-video-preview:-1"},"canonical":"https:\/\/www.neurocirugiabarcelona.com\/tecnicas\/tac-intraoperatorio\/","og_locale":"en_US","og_type":"article","og_title":"Intraoperative CAT scan - Neurocirug\u00eda Barcelona","og_description":"Just like when the introduction of X-rays into operating theatres represented a huge step forward for surgical techniques, the introduction of the intraoperative CT or scanner also implied new progress in intraoperative imaging systems. The General Hospital of Catalonia had the first intraoperative CAT scan in Spain, and so our group was the pioneer in ...","og_url":"https:\/\/www.neurocirugiabarcelona.com\/tecnicas\/tac-intraoperatorio\/","og_site_name":"Neurocirug\u00eda Barcelona","article_modified_time":"2019-02-07T18:19:45+00:00","og_image":[{"url":"http:\/\/www.neurocirugiabarcelona.com\/wp-content\/uploads\/2016\/07\/tac_1-300x200.jpg"}],"twitter_card":"summary_large_image","twitter_misc":{"Est. reading time":"1 minute"},"schema":{"@context":"https:\/\/schema.org","@graph":[{"@type":"WebPage","@id":"https:\/\/www.neurocirugiabarcelona.com\/tecnicas\/tac-intraoperatorio\/","url":"https:\/\/www.neurocirugiabarcelona.com\/tecnicas\/tac-intraoperatorio\/","name":"Intraoperative CAT scan - Neurocirug\u00eda Barcelona","isPartOf":{"@id":"https:\/\/www.neurocirugiabarcelona.com\/#website"},"datePublished":"2016-07-04T14:27:29+00:00","dateModified":"2019-02-07T18:19:45+00:00","breadcrumb":{"@id":"https:\/\/www.neurocirugiabarcelona.com\/tecnicas\/tac-intraoperatorio\/#breadcrumb"},"inLanguage":"en-US","potentialAction":[{"@type":"ReadAction","target":["https:\/\/www.neurocirugiabarcelona.com\/tecnicas\/tac-intraoperatorio\/"]}]},{"@type":"BreadcrumbList","@id":"https:\/\/www.neurocirugiabarcelona.com\/tecnicas\/tac-intraoperatorio\/#breadcrumb","itemListElement":[{"@type":"ListItem","position":1,"name":"Portada","item":"https:\/\/www.neurocirugiabarcelona.com\/en\/"},{"@type":"ListItem","position":2,"name":"Techniques","item":"https:\/\/www.neurocirugiabarcelona.com\/tecnicas\/"},{"@type":"ListItem","position":3,"name":"Intraoperative CAT scan"}]},{"@type":"WebSite","@id":"https:\/\/www.neurocirugiabarcelona.com\/#website","url":"https:\/\/www.neurocirugiabarcelona.com\/","name":"Neurocirug\u00eda Barcelona","description":"Tratamiento integral de las patolog\u00edas neuroquir\u00fargicas mediante una visi\u00f3n multidisciplinar","potentialAction":[{"@type":"SearchAction","target":{"@type":"EntryPoint","urlTemplate":"https:\/\/www.neurocirugiabarcelona.com\/?s={search_term_string}"},"query-input":"required name=search_term_string"}],"inLanguage":"en-US"}]}},"_links":{"self":[{"href":"https:\/\/www.neurocirugiabarcelona.com\/en\/wp-json\/wp\/v2\/pages\/12069"}],"collection":[{"href":"https:\/\/www.neurocirugiabarcelona.com\/en\/wp-json\/wp\/v2\/pages"}],"about":[{"href":"https:\/\/www.neurocirugiabarcelona.com\/en\/wp-json\/wp\/v2\/types\/page"}],"author":[{"embeddable":true,"href":"https:\/\/www.neurocirugiabarcelona.com\/en\/wp-json\/wp\/v2\/users\/2"}],"replies":[{"embeddable":true,"href":"https:\/\/www.neurocirugiabarcelona.com\/en\/wp-json\/wp\/v2\/comments?post=12069"}],"version-history":[{"count":2,"href":"https:\/\/www.neurocirugiabarcelona.com\/en\/wp-json\/wp\/v2\/pages\/12069\/revisions"}],"predecessor-version":[{"id":12071,"href":"https:\/\/www.neurocirugiabarcelona.com\/en\/wp-json\/wp\/v2\/pages\/12069\/revisions\/12071"}],"up":[{"embeddable":true,"href":"https:\/\/www.neurocirugiabarcelona.com\/en\/wp-json\/wp\/v2\/pages\/12051"}],"wp:attachment":[{"href":"https:\/\/www.neurocirugiabarcelona.com\/en\/wp-json\/wp\/v2\/media?parent=12069"}],"curies":[{"name":"wp","href":"https:\/\/api.w.org\/{rel}","templated":true}]}}