{"id":12054,"date":"2018-07-23T19:23:18","date_gmt":"2018-07-23T18:23:18","guid":{"rendered":"https:\/\/www.neurocirugiabarcelona.com\/tecnicas\/adr-artificial-disk-replacement\/"},"modified":"2019-01-23T17:55:56","modified_gmt":"2019-01-23T16:55:56","slug":"adr-artificial-disk-replacement","status":"publish","type":"page","link":"https:\/\/www.neurocirugiabarcelona.com\/en\/techniques\/adr-artificial-disk-replacement\/","title":{"rendered":"ADR: Artificial Disk Replacement"},"content":{"rendered":"<h2>WHAT IS ADR?<\/h2>\n<p>The <strong>ADR procedure<\/strong>, (acronym for <strong>Artificial Disk Replacement<\/strong>)\u00a0 replaces a damaged vertebral disc with an artificial one. It may be performed on cervical (upper) or lumbar (lower) spine.<\/p>\n<p>The purpose of the treatment is to alleviate back pain and provide stability without limiting the patient&#8217;s range of movement after the procedure.<\/p>\n<h3>WHAT IS IT FOR?<\/h3>\n<p>Degeneration of the intervertebral disc is either directly or indirectly the main cause of pain and disability in adults. It is estimated that 70% to 80% of people experience back pain at some time during their lives. Fortunately the majority do not need surgery to alleviate the pain. But for many people, spine disorders become a permanent chronic pathology. When back pain does not improve with conservative treatment, when non-surgical options have all been tried and the pain persists, consideration should be given to surgery.<\/p>\n<p>The lumbar fusion surgery continues to be the most common option for treating back pain. Fusion is essentially a \u201cwelding\u201d process. The basic idea is to join the painful vertebrae so that heal to form a single solid bone. Even though many patients improve with lumbar fusion, the results of the surgery may vary.<\/p>\n<p>Some studies report that any lack of improvement after fusion surgery is due to the fusion preventing normal movement of the spinal column, thus forcing the column to work in a preset forced position. For this reason, artificial disk replacement (ADR), whose purpose is to preserve natural movement, has become an alternative treatment option for back or neck pain.<\/p>\n<p><span style=\"font-size: large;\"><strong><i>The purpose of the ADR procedure (Artificial Disk Replacement) is to alleviate back or cervical pain while maintaining more natural movement than that permitted by other procedures.<\/i><\/strong><\/span><\/p>\n<p>&nbsp;<\/p>\n<h3>HOW IS ARTIFICIAL DISK REPLACEMENT PERFORMED?<\/h3>\n<p>The majority of artificial disk replacement procedures last 2 or 3 hours. The surgery should be performed by anterior route, through the abdomen until reaching the lumbar spine, thus enabling complete extraction of the intervertebral disc and the implantation of the new prosthesis.<\/p>\n<p>&nbsp;<\/p>\n<h3>THE ARTIFICIAL DISC<\/h3>\n<p>There are various designs for an artificial vertebral disc. Each is unique in its own way, but they all have a similar purpose: reproduce the size and function of a normal intervertebral disc. Some discs are made of metal, whereas others are a combination of metal and other materials, similar to those used to replace knee or hip joints.<\/p>\n<p>Depending on the area, the pathology and the variations in size, the level and the height of the patient must be taken into consideration when selecting the ideal disc.<\/p>\n<p>&nbsp;<\/p>\n<h3>RECOVERY AFTER THE OPERATION<\/h3>\n<p>In the majority of cases, the patient remains in hospital for 1 to 3 days after artificial disk replacement (ADR). The duration of the stay will depend on the progress of the pain and the recovery of mobility.<\/p>\n<p>As no bone knitting is required after artificial disc replacement, the patient is advised to first begin walking around the room and then the ward as early movement of the trunk area leads to faster rehabilitation and recovery.<\/p>\n<p>During the first few weeks after surgery the patient should perform basic exercises, including walking and routine stretching. During this time, it is important to avoid any activity that could cause over-extension of the back.<\/p>\n<p>Not all patients are good candidates for Artificial Disk Replacement if they have other pathologies that affect none strength or spinal column stability. Only a medical professional can determine whether you are a good candidate for disc replacement surgery.<\/p>\n<p>&nbsp;<\/p>\n<p>&nbsp;<\/p>\n","protected":false},"excerpt":{"rendered":"<p>WHAT IS ADR? The ADR procedure, (acronym for Artificial Disk Replacement)\u00a0 replaces a damaged vertebral disc with an artificial one. It may be performed on cervical (upper) or lumbar (lower) spine. The purpose of the treatment is to alleviate back pain and provide stability without limiting the patient&#8217;s range of movement after the procedure. WHAT &#8230;<\/p>\n","protected":false},"author":2,"featured_media":0,"parent":12051,"menu_order":0,"comment_status":"closed","ping_status":"closed","template":"","meta":[],"yoast_head":"<!-- This site is optimized with the Yoast SEO plugin v20.11 - https:\/\/yoast.com\/wordpress\/plugins\/seo\/ -->\n<title>ADR: Artificial Disk Replacement - Reemplazo de disco artificial<\/title>\n<meta name=\"description\" content=\"Artificial Disk Replacement reemplazo-de-disco-artificial\" \/>\n<meta name=\"robots\" content=\"index, follow, max-snippet:-1, max-image-preview:large, max-video-preview:-1\" \/>\n<link rel=\"canonical\" href=\"https:\/\/www.neurocirugiabarcelona.com\/tecnicas\/adr-artificial-disk-replacement\/\" \/>\n<meta property=\"og:locale\" content=\"en_US\" \/>\n<meta property=\"og:type\" content=\"article\" \/>\n<meta property=\"og:title\" content=\"ADR: Artificial Disk Replacement - Reemplazo de disco artificial\" \/>\n<meta property=\"og:description\" content=\"Artificial Disk Replacement reemplazo-de-disco-artificial\" \/>\n<meta property=\"og:url\" content=\"https:\/\/www.neurocirugiabarcelona.com\/tecnicas\/adr-artificial-disk-replacement\/\" \/>\n<meta property=\"og:site_name\" content=\"Neurocirug\u00eda Barcelona\" \/>\n<meta property=\"article:modified_time\" content=\"2019-01-23T16:55:56+00:00\" \/>\n<meta name=\"twitter:card\" content=\"summary_large_image\" \/>\n<meta name=\"twitter:label1\" content=\"Est. reading time\" \/>\n\t<meta name=\"twitter:data1\" content=\"3 minutes\" \/>\n<script type=\"application\/ld+json\" class=\"yoast-schema-graph\">{\"@context\":\"https:\/\/schema.org\",\"@graph\":[{\"@type\":\"WebPage\",\"@id\":\"https:\/\/www.neurocirugiabarcelona.com\/tecnicas\/adr-artificial-disk-replacement\/\",\"url\":\"https:\/\/www.neurocirugiabarcelona.com\/tecnicas\/adr-artificial-disk-replacement\/\",\"name\":\"ADR: Artificial Disk Replacement - Reemplazo de disco artificial\",\"isPartOf\":{\"@id\":\"https:\/\/www.neurocirugiabarcelona.com\/#website\"},\"datePublished\":\"2018-07-23T18:23:18+00:00\",\"dateModified\":\"2019-01-23T16:55:56+00:00\",\"description\":\"Artificial Disk Replacement reemplazo-de-disco-artificial\",\"breadcrumb\":{\"@id\":\"https:\/\/www.neurocirugiabarcelona.com\/tecnicas\/adr-artificial-disk-replacement\/#breadcrumb\"},\"inLanguage\":\"en-US\",\"potentialAction\":[{\"@type\":\"ReadAction\",\"target\":[\"https:\/\/www.neurocirugiabarcelona.com\/tecnicas\/adr-artificial-disk-replacement\/\"]}]},{\"@type\":\"BreadcrumbList\",\"@id\":\"https:\/\/www.neurocirugiabarcelona.com\/tecnicas\/adr-artificial-disk-replacement\/#breadcrumb\",\"itemListElement\":[{\"@type\":\"ListItem\",\"position\":1,\"name\":\"Portada\",\"item\":\"https:\/\/www.neurocirugiabarcelona.com\/en\/\"},{\"@type\":\"ListItem\",\"position\":2,\"name\":\"Techniques\",\"item\":\"https:\/\/www.neurocirugiabarcelona.com\/tecnicas\/\"},{\"@type\":\"ListItem\",\"position\":3,\"name\":\"ADR: Artificial Disk Replacement\"}]},{\"@type\":\"WebSite\",\"@id\":\"https:\/\/www.neurocirugiabarcelona.com\/#website\",\"url\":\"https:\/\/www.neurocirugiabarcelona.com\/\",\"name\":\"Neurocirug\u00eda Barcelona\",\"description\":\"Tratamiento integral de las patolog\u00edas neuroquir\u00fargicas mediante una visi\u00f3n multidisciplinar\",\"potentialAction\":[{\"@type\":\"SearchAction\",\"target\":{\"@type\":\"EntryPoint\",\"urlTemplate\":\"https:\/\/www.neurocirugiabarcelona.com\/?s={search_term_string}\"},\"query-input\":\"required name=search_term_string\"}],\"inLanguage\":\"en-US\"}]}<\/script>\n<!-- \/ Yoast SEO plugin. -->","yoast_head_json":{"title":"ADR: Artificial Disk Replacement - Reemplazo de disco artificial","description":"Artificial Disk Replacement reemplazo-de-disco-artificial","robots":{"index":"index","follow":"follow","max-snippet":"max-snippet:-1","max-image-preview":"max-image-preview:large","max-video-preview":"max-video-preview:-1"},"canonical":"https:\/\/www.neurocirugiabarcelona.com\/tecnicas\/adr-artificial-disk-replacement\/","og_locale":"en_US","og_type":"article","og_title":"ADR: Artificial Disk Replacement - Reemplazo de disco artificial","og_description":"Artificial Disk Replacement reemplazo-de-disco-artificial","og_url":"https:\/\/www.neurocirugiabarcelona.com\/tecnicas\/adr-artificial-disk-replacement\/","og_site_name":"Neurocirug\u00eda Barcelona","article_modified_time":"2019-01-23T16:55:56+00:00","twitter_card":"summary_large_image","twitter_misc":{"Est. reading time":"3 minutes"},"schema":{"@context":"https:\/\/schema.org","@graph":[{"@type":"WebPage","@id":"https:\/\/www.neurocirugiabarcelona.com\/tecnicas\/adr-artificial-disk-replacement\/","url":"https:\/\/www.neurocirugiabarcelona.com\/tecnicas\/adr-artificial-disk-replacement\/","name":"ADR: Artificial Disk Replacement - Reemplazo de disco artificial","isPartOf":{"@id":"https:\/\/www.neurocirugiabarcelona.com\/#website"},"datePublished":"2018-07-23T18:23:18+00:00","dateModified":"2019-01-23T16:55:56+00:00","description":"Artificial Disk Replacement reemplazo-de-disco-artificial","breadcrumb":{"@id":"https:\/\/www.neurocirugiabarcelona.com\/tecnicas\/adr-artificial-disk-replacement\/#breadcrumb"},"inLanguage":"en-US","potentialAction":[{"@type":"ReadAction","target":["https:\/\/www.neurocirugiabarcelona.com\/tecnicas\/adr-artificial-disk-replacement\/"]}]},{"@type":"BreadcrumbList","@id":"https:\/\/www.neurocirugiabarcelona.com\/tecnicas\/adr-artificial-disk-replacement\/#breadcrumb","itemListElement":[{"@type":"ListItem","position":1,"name":"Portada","item":"https:\/\/www.neurocirugiabarcelona.com\/en\/"},{"@type":"ListItem","position":2,"name":"Techniques","item":"https:\/\/www.neurocirugiabarcelona.com\/tecnicas\/"},{"@type":"ListItem","position":3,"name":"ADR: Artificial Disk Replacement"}]},{"@type":"WebSite","@id":"https:\/\/www.neurocirugiabarcelona.com\/#website","url":"https:\/\/www.neurocirugiabarcelona.com\/","name":"Neurocirug\u00eda Barcelona","description":"Tratamiento integral de las patolog\u00edas neuroquir\u00fargicas mediante una visi\u00f3n multidisciplinar","potentialAction":[{"@type":"SearchAction","target":{"@type":"EntryPoint","urlTemplate":"https:\/\/www.neurocirugiabarcelona.com\/?s={search_term_string}"},"query-input":"required name=search_term_string"}],"inLanguage":"en-US"}]}},"_links":{"self":[{"href":"https:\/\/www.neurocirugiabarcelona.com\/en\/wp-json\/wp\/v2\/pages\/12054"}],"collection":[{"href":"https:\/\/www.neurocirugiabarcelona.com\/en\/wp-json\/wp\/v2\/pages"}],"about":[{"href":"https:\/\/www.neurocirugiabarcelona.com\/en\/wp-json\/wp\/v2\/types\/page"}],"author":[{"embeddable":true,"href":"https:\/\/www.neurocirugiabarcelona.com\/en\/wp-json\/wp\/v2\/users\/2"}],"replies":[{"embeddable":true,"href":"https:\/\/www.neurocirugiabarcelona.com\/en\/wp-json\/wp\/v2\/comments?post=12054"}],"version-history":[{"count":2,"href":"https:\/\/www.neurocirugiabarcelona.com\/en\/wp-json\/wp\/v2\/pages\/12054\/revisions"}],"predecessor-version":[{"id":12062,"href":"https:\/\/www.neurocirugiabarcelona.com\/en\/wp-json\/wp\/v2\/pages\/12054\/revisions\/12062"}],"up":[{"embeddable":true,"href":"https:\/\/www.neurocirugiabarcelona.com\/en\/wp-json\/wp\/v2\/pages\/12051"}],"wp:attachment":[{"href":"https:\/\/www.neurocirugiabarcelona.com\/en\/wp-json\/wp\/v2\/media?parent=12054"}],"curies":[{"name":"wp","href":"https:\/\/api.w.org\/{rel}","templated":true}]}}