{"id":12048,"date":"2016-06-09T09:19:26","date_gmt":"2016-06-09T08:19:26","guid":{"rendered":"https:\/\/www.neurocirugiabarcelona.com\/patologias\/dolor-de-espalda-patologia-raquidea\/"},"modified":"2019-02-07T19:19:19","modified_gmt":"2019-02-07T18:19:19","slug":"back-pain-spinal-disease","status":"publish","type":"page","link":"https:\/\/www.neurocirugiabarcelona.com\/en\/pathologies\/back-pain-spinal-disease\/","title":{"rendered":"Back pain (spinal disease)"},"content":{"rendered":"<p>Pain is considered to be one of the most frequent symptoms, but which the most frequent on the 21st century. With longer life expectancy the wear on a bone level will cause pain, immobility, sensation of lack of strength and loss of autonomy.<\/p>\n<p>More than 90% of the population has had back pain at some time in their life. Normally it is resolved with relative rest, drugs and time. Preventing back pain requires good lifestyle habits, lack of overweight and exercise.<\/p>\n<p>On occasions in spite of following all this advice and in spite of using medication, the pain does not remit and affects our quality of life. These cases require assessment by an expert spinal neurosurgeon to diagnose the reason for this pain. In the majority of the cases it is possible to suggest different techniques, both non-invasive and invasive, to reduce the pain or make it disappear and so improve the quality of life.<\/p>\n<p>&nbsp;<\/p>\n<p>More information with published reports is available from our blog labelled under <a href=\"http:\/\/www.neurocirugiabarcelona.com\/tag\/dolor-de-espalda\/\">Back pain<\/a><\/p>\n","protected":false},"excerpt":{"rendered":"<p>Pain is considered to be one of the most frequent symptoms, but which the most frequent on the 21st century. With longer life expectancy the wear on a bone level will cause pain, immobility, sensation of lack of strength and loss of autonomy. More than 90% of the population has had back pain at some &#8230;<\/p>\n","protected":false},"author":2,"featured_media":0,"parent":11772,"menu_order":19,"comment_status":"closed","ping_status":"closed","template":"","meta":[],"yoast_head":"<!-- This site is optimized with the Yoast SEO plugin v20.11 - https:\/\/yoast.com\/wordpress\/plugins\/seo\/ -->\n<title>Back pain (spinal disease) - Neurocirug\u00eda Barcelona<\/title>\n<meta name=\"robots\" content=\"index, follow, max-snippet:-1, max-image-preview:large, max-video-preview:-1\" \/>\n<link rel=\"canonical\" href=\"https:\/\/www.neurocirugiabarcelona.com\/patologias\/dolor-de-espalda-patologia-raquidea\/\" \/>\n<meta property=\"og:locale\" content=\"en_US\" \/>\n<meta property=\"og:type\" content=\"article\" \/>\n<meta property=\"og:title\" content=\"Back pain (spinal disease) - Neurocirug\u00eda Barcelona\" \/>\n<meta property=\"og:description\" content=\"Pain is considered to be one of the most frequent symptoms, but which the most frequent on the 21st century. With longer life expectancy the wear on a bone level will cause pain, immobility, sensation of lack of strength and loss of autonomy. More than 90% of the population has had back pain at some ...\" \/>\n<meta property=\"og:url\" content=\"https:\/\/www.neurocirugiabarcelona.com\/patologias\/dolor-de-espalda-patologia-raquidea\/\" \/>\n<meta property=\"og:site_name\" content=\"Neurocirug\u00eda Barcelona\" \/>\n<meta property=\"article:modified_time\" content=\"2019-02-07T18:19:19+00:00\" \/>\n<meta name=\"twitter:card\" content=\"summary_large_image\" \/>\n<meta name=\"twitter:label1\" content=\"Est. reading time\" \/>\n\t<meta name=\"twitter:data1\" content=\"1 minute\" \/>\n<script type=\"application\/ld+json\" class=\"yoast-schema-graph\">{\"@context\":\"https:\/\/schema.org\",\"@graph\":[{\"@type\":\"WebPage\",\"@id\":\"https:\/\/www.neurocirugiabarcelona.com\/patologias\/dolor-de-espalda-patologia-raquidea\/\",\"url\":\"https:\/\/www.neurocirugiabarcelona.com\/patologias\/dolor-de-espalda-patologia-raquidea\/\",\"name\":\"Back pain (spinal disease) - Neurocirug\u00eda Barcelona\",\"isPartOf\":{\"@id\":\"https:\/\/www.neurocirugiabarcelona.com\/#website\"},\"datePublished\":\"2016-06-09T08:19:26+00:00\",\"dateModified\":\"2019-02-07T18:19:19+00:00\",\"breadcrumb\":{\"@id\":\"https:\/\/www.neurocirugiabarcelona.com\/patologias\/dolor-de-espalda-patologia-raquidea\/#breadcrumb\"},\"inLanguage\":\"en-US\",\"potentialAction\":[{\"@type\":\"ReadAction\",\"target\":[\"https:\/\/www.neurocirugiabarcelona.com\/patologias\/dolor-de-espalda-patologia-raquidea\/\"]}]},{\"@type\":\"BreadcrumbList\",\"@id\":\"https:\/\/www.neurocirugiabarcelona.com\/patologias\/dolor-de-espalda-patologia-raquidea\/#breadcrumb\",\"itemListElement\":[{\"@type\":\"ListItem\",\"position\":1,\"name\":\"Portada\",\"item\":\"https:\/\/www.neurocirugiabarcelona.com\/en\/\"},{\"@type\":\"ListItem\",\"position\":2,\"name\":\"Pathologies\",\"item\":\"https:\/\/www.neurocirugiabarcelona.com\/en\/pathologies\/\"},{\"@type\":\"ListItem\",\"position\":3,\"name\":\"Back pain (spinal disease)\"}]},{\"@type\":\"WebSite\",\"@id\":\"https:\/\/www.neurocirugiabarcelona.com\/#website\",\"url\":\"https:\/\/www.neurocirugiabarcelona.com\/\",\"name\":\"Neurocirug\u00eda Barcelona\",\"description\":\"Tratamiento integral de las patolog\u00edas neuroquir\u00fargicas mediante una visi\u00f3n multidisciplinar\",\"potentialAction\":[{\"@type\":\"SearchAction\",\"target\":{\"@type\":\"EntryPoint\",\"urlTemplate\":\"https:\/\/www.neurocirugiabarcelona.com\/?s={search_term_string}\"},\"query-input\":\"required name=search_term_string\"}],\"inLanguage\":\"en-US\"}]}<\/script>\n<!-- \/ Yoast SEO plugin. -->","yoast_head_json":{"title":"Back pain (spinal disease) - Neurocirug\u00eda Barcelona","robots":{"index":"index","follow":"follow","max-snippet":"max-snippet:-1","max-image-preview":"max-image-preview:large","max-video-preview":"max-video-preview:-1"},"canonical":"https:\/\/www.neurocirugiabarcelona.com\/patologias\/dolor-de-espalda-patologia-raquidea\/","og_locale":"en_US","og_type":"article","og_title":"Back pain (spinal disease) - Neurocirug\u00eda Barcelona","og_description":"Pain is considered to be one of the most frequent symptoms, but which the most frequent on the 21st century. With longer life expectancy the wear on a bone level will cause pain, immobility, sensation of lack of strength and loss of autonomy. More than 90% of the population has had back pain at some ...","og_url":"https:\/\/www.neurocirugiabarcelona.com\/patologias\/dolor-de-espalda-patologia-raquidea\/","og_site_name":"Neurocirug\u00eda Barcelona","article_modified_time":"2019-02-07T18:19:19+00:00","twitter_card":"summary_large_image","twitter_misc":{"Est. reading time":"1 minute"},"schema":{"@context":"https:\/\/schema.org","@graph":[{"@type":"WebPage","@id":"https:\/\/www.neurocirugiabarcelona.com\/patologias\/dolor-de-espalda-patologia-raquidea\/","url":"https:\/\/www.neurocirugiabarcelona.com\/patologias\/dolor-de-espalda-patologia-raquidea\/","name":"Back pain (spinal disease) - Neurocirug\u00eda Barcelona","isPartOf":{"@id":"https:\/\/www.neurocirugiabarcelona.com\/#website"},"datePublished":"2016-06-09T08:19:26+00:00","dateModified":"2019-02-07T18:19:19+00:00","breadcrumb":{"@id":"https:\/\/www.neurocirugiabarcelona.com\/patologias\/dolor-de-espalda-patologia-raquidea\/#breadcrumb"},"inLanguage":"en-US","potentialAction":[{"@type":"ReadAction","target":["https:\/\/www.neurocirugiabarcelona.com\/patologias\/dolor-de-espalda-patologia-raquidea\/"]}]},{"@type":"BreadcrumbList","@id":"https:\/\/www.neurocirugiabarcelona.com\/patologias\/dolor-de-espalda-patologia-raquidea\/#breadcrumb","itemListElement":[{"@type":"ListItem","position":1,"name":"Portada","item":"https:\/\/www.neurocirugiabarcelona.com\/en\/"},{"@type":"ListItem","position":2,"name":"Pathologies","item":"https:\/\/www.neurocirugiabarcelona.com\/en\/pathologies\/"},{"@type":"ListItem","position":3,"name":"Back pain (spinal disease)"}]},{"@type":"WebSite","@id":"https:\/\/www.neurocirugiabarcelona.com\/#website","url":"https:\/\/www.neurocirugiabarcelona.com\/","name":"Neurocirug\u00eda Barcelona","description":"Tratamiento integral de las patolog\u00edas neuroquir\u00fargicas mediante una visi\u00f3n multidisciplinar","potentialAction":[{"@type":"SearchAction","target":{"@type":"EntryPoint","urlTemplate":"https:\/\/www.neurocirugiabarcelona.com\/?s={search_term_string}"},"query-input":"required name=search_term_string"}],"inLanguage":"en-US"}]}},"_links":{"self":[{"href":"https:\/\/www.neurocirugiabarcelona.com\/en\/wp-json\/wp\/v2\/pages\/12048"}],"collection":[{"href":"https:\/\/www.neurocirugiabarcelona.com\/en\/wp-json\/wp\/v2\/pages"}],"about":[{"href":"https:\/\/www.neurocirugiabarcelona.com\/en\/wp-json\/wp\/v2\/types\/page"}],"author":[{"embeddable":true,"href":"https:\/\/www.neurocirugiabarcelona.com\/en\/wp-json\/wp\/v2\/users\/2"}],"replies":[{"embeddable":true,"href":"https:\/\/www.neurocirugiabarcelona.com\/en\/wp-json\/wp\/v2\/comments?post=12048"}],"version-history":[{"count":1,"href":"https:\/\/www.neurocirugiabarcelona.com\/en\/wp-json\/wp\/v2\/pages\/12048\/revisions"}],"predecessor-version":[{"id":12049,"href":"https:\/\/www.neurocirugiabarcelona.com\/en\/wp-json\/wp\/v2\/pages\/12048\/revisions\/12049"}],"up":[{"embeddable":true,"href":"https:\/\/www.neurocirugiabarcelona.com\/en\/wp-json\/wp\/v2\/pages\/11772"}],"wp:attachment":[{"href":"https:\/\/www.neurocirugiabarcelona.com\/en\/wp-json\/wp\/v2\/media?parent=12048"}],"curies":[{"name":"wp","href":"https:\/\/api.w.org\/{rel}","templated":true}]}}