{"id":12044,"date":"2016-06-09T09:18:52","date_gmt":"2016-06-09T08:18:52","guid":{"rendered":"https:\/\/www.neurocirugiabarcelona.com\/patologias\/siringomielia\/"},"modified":"2019-02-07T19:19:10","modified_gmt":"2019-02-07T18:19:10","slug":"syringomyelia","status":"publish","type":"page","link":"https:\/\/www.neurocirugiabarcelona.com\/en\/pathologies\/syringomyelia\/","title":{"rendered":"Syringomyelia"},"content":{"rendered":"<p>Syringomyelia is a disorder that occurs when there is an accumulation of liquid, normally in the form of a cyst, in the central part of the spinal cord. With the passing of time this cyst puts pressure on the spinal cord producing different neurological disorders: pain, weakness in arms and legs, insensitivity in parts of the body.<a href=\"http:\/\/www.neurocirugiabarcelona.com\/wp-content\/uploads\/2016\/06\/siringomielia.jpg\" rel=\"lightbox[12044]\"><img decoding=\"async\" loading=\"lazy\" class=\"alignright size-medium wp-image-11146\" src=\"http:\/\/www.neurocirugiabarcelona.com\/wp-content\/uploads\/2016\/06\/siringomielia-300x243.jpg\" alt=\"Siringomielia\" width=\"300\" height=\"243\" srcset=\"https:\/\/www.neurocirugiabarcelona.com\/wp-content\/uploads\/2016\/06\/siringomielia-300x243.jpg 300w, https:\/\/www.neurocirugiabarcelona.com\/wp-content\/uploads\/2016\/06\/siringomielia-768x623.jpg 768w, https:\/\/www.neurocirugiabarcelona.com\/wp-content\/uploads\/2016\/06\/siringomielia.jpg 1000w\" sizes=\"(max-width: 300px) 100vw, 300px\" \/><\/a><\/p>\n<p>Diagnostic testing must be performed to determine why this liquid has accumulated and reject other associated pathologies such as <a href=\"http:\/\/www.neurocirugiabarcelona.com\/patologias\/sindromes-neuroquirurgicos\/malformaciones-de-chiari\/\"><span style=\"text-decoration: underline;\">Arnold-Chiari Malformation<\/span><\/a>.<\/p>\n<p>Treatment will depend on the clinical study and imaging tests. There are multiple therapeutic possibilities ranging from observation to the need to drain the cyst.<\/p>\n","protected":false},"excerpt":{"rendered":"<p>Syringomyelia is a disorder that occurs when there is an accumulation of liquid, normally in the form of a cyst, in the central part of the spinal cord. With the passing of time this cyst puts pressure on the spinal cord producing different neurological disorders: pain, weakness in arms and legs, insensitivity in parts of &#8230;<\/p>\n","protected":false},"author":2,"featured_media":0,"parent":11772,"menu_order":18,"comment_status":"closed","ping_status":"closed","template":"","meta":[],"yoast_head":"<!-- This site is optimized with the Yoast SEO plugin v20.11 - https:\/\/yoast.com\/wordpress\/plugins\/seo\/ -->\n<title>Syringomyelia - Neurocirug\u00eda Barcelona<\/title>\n<meta name=\"robots\" content=\"index, follow, max-snippet:-1, max-image-preview:large, max-video-preview:-1\" \/>\n<link rel=\"canonical\" href=\"https:\/\/www.neurocirugiabarcelona.com\/patologias\/siringomielia\/\" \/>\n<meta property=\"og:locale\" content=\"en_US\" \/>\n<meta property=\"og:type\" content=\"article\" \/>\n<meta property=\"og:title\" content=\"Syringomyelia - Neurocirug\u00eda Barcelona\" \/>\n<meta property=\"og:description\" content=\"Syringomyelia is a disorder that occurs when there is an accumulation of liquid, normally in the form of a cyst, in the central part of the spinal cord. With the passing of time this cyst puts pressure on the spinal cord producing different neurological disorders: pain, weakness in arms and legs, insensitivity in parts of ...\" \/>\n<meta property=\"og:url\" content=\"https:\/\/www.neurocirugiabarcelona.com\/patologias\/siringomielia\/\" \/>\n<meta property=\"og:site_name\" content=\"Neurocirug\u00eda Barcelona\" \/>\n<meta property=\"article:modified_time\" content=\"2019-02-07T18:19:10+00:00\" \/>\n<meta property=\"og:image\" content=\"http:\/\/www.neurocirugiabarcelona.com\/wp-content\/uploads\/2016\/06\/siringomielia-300x243.jpg\" \/>\n<meta name=\"twitter:card\" content=\"summary_large_image\" \/>\n<meta name=\"twitter:label1\" content=\"Est. reading time\" \/>\n\t<meta name=\"twitter:data1\" content=\"1 minute\" \/>\n<script type=\"application\/ld+json\" class=\"yoast-schema-graph\">{\"@context\":\"https:\/\/schema.org\",\"@graph\":[{\"@type\":\"WebPage\",\"@id\":\"https:\/\/www.neurocirugiabarcelona.com\/patologias\/siringomielia\/\",\"url\":\"https:\/\/www.neurocirugiabarcelona.com\/patologias\/siringomielia\/\",\"name\":\"Syringomyelia - Neurocirug\u00eda Barcelona\",\"isPartOf\":{\"@id\":\"https:\/\/www.neurocirugiabarcelona.com\/#website\"},\"datePublished\":\"2016-06-09T08:18:52+00:00\",\"dateModified\":\"2019-02-07T18:19:10+00:00\",\"breadcrumb\":{\"@id\":\"https:\/\/www.neurocirugiabarcelona.com\/patologias\/siringomielia\/#breadcrumb\"},\"inLanguage\":\"en-US\",\"potentialAction\":[{\"@type\":\"ReadAction\",\"target\":[\"https:\/\/www.neurocirugiabarcelona.com\/patologias\/siringomielia\/\"]}]},{\"@type\":\"BreadcrumbList\",\"@id\":\"https:\/\/www.neurocirugiabarcelona.com\/patologias\/siringomielia\/#breadcrumb\",\"itemListElement\":[{\"@type\":\"ListItem\",\"position\":1,\"name\":\"Portada\",\"item\":\"https:\/\/www.neurocirugiabarcelona.com\/en\/\"},{\"@type\":\"ListItem\",\"position\":2,\"name\":\"Pathologies\",\"item\":\"https:\/\/www.neurocirugiabarcelona.com\/en\/pathologies\/\"},{\"@type\":\"ListItem\",\"position\":3,\"name\":\"Syringomyelia\"}]},{\"@type\":\"WebSite\",\"@id\":\"https:\/\/www.neurocirugiabarcelona.com\/#website\",\"url\":\"https:\/\/www.neurocirugiabarcelona.com\/\",\"name\":\"Neurocirug\u00eda Barcelona\",\"description\":\"Tratamiento integral de las patolog\u00edas neuroquir\u00fargicas mediante una visi\u00f3n multidisciplinar\",\"potentialAction\":[{\"@type\":\"SearchAction\",\"target\":{\"@type\":\"EntryPoint\",\"urlTemplate\":\"https:\/\/www.neurocirugiabarcelona.com\/?s={search_term_string}\"},\"query-input\":\"required name=search_term_string\"}],\"inLanguage\":\"en-US\"}]}<\/script>\n<!-- \/ Yoast SEO plugin. -->","yoast_head_json":{"title":"Syringomyelia - Neurocirug\u00eda Barcelona","robots":{"index":"index","follow":"follow","max-snippet":"max-snippet:-1","max-image-preview":"max-image-preview:large","max-video-preview":"max-video-preview:-1"},"canonical":"https:\/\/www.neurocirugiabarcelona.com\/patologias\/siringomielia\/","og_locale":"en_US","og_type":"article","og_title":"Syringomyelia - Neurocirug\u00eda Barcelona","og_description":"Syringomyelia is a disorder that occurs when there is an accumulation of liquid, normally in the form of a cyst, in the central part of the spinal cord. With the passing of time this cyst puts pressure on the spinal cord producing different neurological disorders: pain, weakness in arms and legs, insensitivity in parts of ...","og_url":"https:\/\/www.neurocirugiabarcelona.com\/patologias\/siringomielia\/","og_site_name":"Neurocirug\u00eda Barcelona","article_modified_time":"2019-02-07T18:19:10+00:00","og_image":[{"url":"http:\/\/www.neurocirugiabarcelona.com\/wp-content\/uploads\/2016\/06\/siringomielia-300x243.jpg"}],"twitter_card":"summary_large_image","twitter_misc":{"Est. reading time":"1 minute"},"schema":{"@context":"https:\/\/schema.org","@graph":[{"@type":"WebPage","@id":"https:\/\/www.neurocirugiabarcelona.com\/patologias\/siringomielia\/","url":"https:\/\/www.neurocirugiabarcelona.com\/patologias\/siringomielia\/","name":"Syringomyelia - Neurocirug\u00eda Barcelona","isPartOf":{"@id":"https:\/\/www.neurocirugiabarcelona.com\/#website"},"datePublished":"2016-06-09T08:18:52+00:00","dateModified":"2019-02-07T18:19:10+00:00","breadcrumb":{"@id":"https:\/\/www.neurocirugiabarcelona.com\/patologias\/siringomielia\/#breadcrumb"},"inLanguage":"en-US","potentialAction":[{"@type":"ReadAction","target":["https:\/\/www.neurocirugiabarcelona.com\/patologias\/siringomielia\/"]}]},{"@type":"BreadcrumbList","@id":"https:\/\/www.neurocirugiabarcelona.com\/patologias\/siringomielia\/#breadcrumb","itemListElement":[{"@type":"ListItem","position":1,"name":"Portada","item":"https:\/\/www.neurocirugiabarcelona.com\/en\/"},{"@type":"ListItem","position":2,"name":"Pathologies","item":"https:\/\/www.neurocirugiabarcelona.com\/en\/pathologies\/"},{"@type":"ListItem","position":3,"name":"Syringomyelia"}]},{"@type":"WebSite","@id":"https:\/\/www.neurocirugiabarcelona.com\/#website","url":"https:\/\/www.neurocirugiabarcelona.com\/","name":"Neurocirug\u00eda Barcelona","description":"Tratamiento integral de las patolog\u00edas neuroquir\u00fargicas mediante una visi\u00f3n multidisciplinar","potentialAction":[{"@type":"SearchAction","target":{"@type":"EntryPoint","urlTemplate":"https:\/\/www.neurocirugiabarcelona.com\/?s={search_term_string}"},"query-input":"required name=search_term_string"}],"inLanguage":"en-US"}]}},"_links":{"self":[{"href":"https:\/\/www.neurocirugiabarcelona.com\/en\/wp-json\/wp\/v2\/pages\/12044"}],"collection":[{"href":"https:\/\/www.neurocirugiabarcelona.com\/en\/wp-json\/wp\/v2\/pages"}],"about":[{"href":"https:\/\/www.neurocirugiabarcelona.com\/en\/wp-json\/wp\/v2\/types\/page"}],"author":[{"embeddable":true,"href":"https:\/\/www.neurocirugiabarcelona.com\/en\/wp-json\/wp\/v2\/users\/2"}],"replies":[{"embeddable":true,"href":"https:\/\/www.neurocirugiabarcelona.com\/en\/wp-json\/wp\/v2\/comments?post=12044"}],"version-history":[{"count":2,"href":"https:\/\/www.neurocirugiabarcelona.com\/en\/wp-json\/wp\/v2\/pages\/12044\/revisions"}],"predecessor-version":[{"id":12046,"href":"https:\/\/www.neurocirugiabarcelona.com\/en\/wp-json\/wp\/v2\/pages\/12044\/revisions\/12046"}],"up":[{"embeddable":true,"href":"https:\/\/www.neurocirugiabarcelona.com\/en\/wp-json\/wp\/v2\/pages\/11772"}],"wp:attachment":[{"href":"https:\/\/www.neurocirugiabarcelona.com\/en\/wp-json\/wp\/v2\/media?parent=12044"}],"curies":[{"name":"wp","href":"https:\/\/api.w.org\/{rel}","templated":true}]}}