{"id":12032,"date":"2016-06-09T08:35:30","date_gmt":"2016-06-09T07:35:30","guid":{"rendered":"https:\/\/www.neurocirugiabarcelona.com\/patologias\/patologia-de-columna-lumbar\/estenosis-canal-toracico\/"},"modified":"2019-02-07T19:18:47","modified_gmt":"2019-02-07T18:18:47","slug":"thoracic-spinal-canal-stenosis","status":"publish","type":"page","link":"https:\/\/www.neurocirugiabarcelona.com\/en\/pathologies\/spinal-disorders-lumbar\/thoracic-spinal-canal-stenosis\/","title":{"rendered":"Thoracic spinal canal stenosis"},"content":{"rendered":"<p>The limited mobility of the thoracic spine means that intervertebral joints on this level are subjected to less than those at the lumbar or cervical level, this means that there is less degeneration and spinal stenosis in this area.<a href=\"http:\/\/www.neurocirugiabarcelona.com\/wp-content\/uploads\/2016\/06\/estenosis-del-canal-toracico.jpg\" rel=\"lightbox[12032]\"><img decoding=\"async\" loading=\"lazy\" class=\"alignright size-medium wp-image-11144\" src=\"http:\/\/www.neurocirugiabarcelona.com\/wp-content\/uploads\/2016\/06\/estenosis-del-canal-toracico-300x300.jpg\" alt=\"Patolog\u00eda lumbar: estenosis del canal tor\u00e1cico\" width=\"300\" height=\"300\" srcset=\"https:\/\/www.neurocirugiabarcelona.com\/wp-content\/uploads\/2016\/06\/estenosis-del-canal-toracico-300x300.jpg 300w, https:\/\/www.neurocirugiabarcelona.com\/wp-content\/uploads\/2016\/06\/estenosis-del-canal-toracico-150x150.jpg 150w, https:\/\/www.neurocirugiabarcelona.com\/wp-content\/uploads\/2016\/06\/estenosis-del-canal-toracico-275x275.jpg 275w, https:\/\/www.neurocirugiabarcelona.com\/wp-content\/uploads\/2016\/06\/estenosis-del-canal-toracico.jpg 560w\" sizes=\"(max-width: 300px) 100vw, 300px\" \/><\/a><\/p>\n<h3>Clinical signs:<\/h3>\n<p>The patient presents a more or less progressive profile of loss of strength and sensitivity in the lower extremities due to compression of the spinal cord brought about by the reduce size of the bone space it passes through.<\/p>\n<h3>Diagnosis:<\/h3>\n<p>The clinical record and physical examination indicate the location of the problem, imaging tests, especially magnetic resonance imaging, will be of great importance when defining the underlying pathology and aid in limiting the levels affected and the size of the surgical decompression.<\/p>\n<h3>Treatment:<\/h3>\n<p>Treatment will be surgical. The purpose of the surgery will be to widen the size of the spinal canal by resecting the laminae of the affected vertebrae, the rear part of the vertebra the closes the canal.<\/p>\n","protected":false},"excerpt":{"rendered":"<p>The limited mobility of the thoracic spine means that intervertebral joints on this level are subjected to less than those at the lumbar or cervical level, this means that there is less degeneration and spinal stenosis in this area. Clinical signs: The patient presents a more or less progressive profile of loss of strength and &#8230;<\/p>\n","protected":false},"author":2,"featured_media":0,"parent":12028,"menu_order":11,"comment_status":"closed","ping_status":"closed","template":"","meta":[],"yoast_head":"<!-- This site is optimized with the Yoast SEO plugin v20.11 - https:\/\/yoast.com\/wordpress\/plugins\/seo\/ -->\n<title>Thoracic spinal canal stenosis - Neurocirug\u00eda Barcelona<\/title>\n<meta name=\"robots\" content=\"index, follow, max-snippet:-1, max-image-preview:large, max-video-preview:-1\" \/>\n<link rel=\"canonical\" href=\"https:\/\/www.neurocirugiabarcelona.com\/en\/pathologies\/spinal-disorders-lumbar\/thoracic-spinal-canal-stenosis\/\" \/>\n<meta property=\"og:locale\" content=\"en_US\" \/>\n<meta property=\"og:type\" content=\"article\" \/>\n<meta property=\"og:title\" content=\"Thoracic spinal canal stenosis - Neurocirug\u00eda Barcelona\" \/>\n<meta property=\"og:description\" content=\"The limited mobility of the thoracic spine means that intervertebral joints on this level are subjected to less than those at the lumbar or cervical level, this means that there is less degeneration and spinal stenosis in this area. Clinical signs: The patient presents a more or less progressive profile of loss of strength and ...\" \/>\n<meta property=\"og:url\" content=\"https:\/\/www.neurocirugiabarcelona.com\/en\/pathologies\/spinal-disorders-lumbar\/thoracic-spinal-canal-stenosis\/\" \/>\n<meta property=\"og:site_name\" content=\"Neurocirug\u00eda Barcelona\" \/>\n<meta property=\"article:modified_time\" content=\"2019-02-07T18:18:47+00:00\" \/>\n<meta property=\"og:image\" content=\"http:\/\/www.neurocirugiabarcelona.com\/wp-content\/uploads\/2016\/06\/estenosis-del-canal-toracico-300x300.jpg\" \/>\n<meta name=\"twitter:card\" content=\"summary_large_image\" \/>\n<meta name=\"twitter:label1\" content=\"Est. reading time\" \/>\n\t<meta name=\"twitter:data1\" content=\"1 minute\" \/>\n<script type=\"application\/ld+json\" class=\"yoast-schema-graph\">{\"@context\":\"https:\/\/schema.org\",\"@graph\":[{\"@type\":\"WebPage\",\"@id\":\"https:\/\/www.neurocirugiabarcelona.com\/en\/pathologies\/spinal-disorders-lumbar\/thoracic-spinal-canal-stenosis\/\",\"url\":\"https:\/\/www.neurocirugiabarcelona.com\/en\/pathologies\/spinal-disorders-lumbar\/thoracic-spinal-canal-stenosis\/\",\"name\":\"Thoracic spinal canal stenosis - Neurocirug\u00eda Barcelona\",\"isPartOf\":{\"@id\":\"https:\/\/www.neurocirugiabarcelona.com\/#website\"},\"datePublished\":\"2016-06-09T07:35:30+00:00\",\"dateModified\":\"2019-02-07T18:18:47+00:00\",\"breadcrumb\":{\"@id\":\"https:\/\/www.neurocirugiabarcelona.com\/en\/pathologies\/spinal-disorders-lumbar\/thoracic-spinal-canal-stenosis\/#breadcrumb\"},\"inLanguage\":\"en-US\",\"potentialAction\":[{\"@type\":\"ReadAction\",\"target\":[\"https:\/\/www.neurocirugiabarcelona.com\/en\/pathologies\/spinal-disorders-lumbar\/thoracic-spinal-canal-stenosis\/\"]}]},{\"@type\":\"BreadcrumbList\",\"@id\":\"https:\/\/www.neurocirugiabarcelona.com\/en\/pathologies\/spinal-disorders-lumbar\/thoracic-spinal-canal-stenosis\/#breadcrumb\",\"itemListElement\":[{\"@type\":\"ListItem\",\"position\":1,\"name\":\"Portada\",\"item\":\"https:\/\/www.neurocirugiabarcelona.com\/en\/\"},{\"@type\":\"ListItem\",\"position\":2,\"name\":\"Pathologies\",\"item\":\"https:\/\/www.neurocirugiabarcelona.com\/en\/pathologies\/\"},{\"@type\":\"ListItem\",\"position\":3,\"name\":\"Spinal disorders: lumbar\",\"item\":\"https:\/\/www.neurocirugiabarcelona.com\/en\/pathologies\/spinal-disorders-lumbar\/\"},{\"@type\":\"ListItem\",\"position\":4,\"name\":\"Thoracic spinal canal stenosis\"}]},{\"@type\":\"WebSite\",\"@id\":\"https:\/\/www.neurocirugiabarcelona.com\/#website\",\"url\":\"https:\/\/www.neurocirugiabarcelona.com\/\",\"name\":\"Neurocirug\u00eda Barcelona\",\"description\":\"Tratamiento integral de las patolog\u00edas neuroquir\u00fargicas mediante una visi\u00f3n multidisciplinar\",\"potentialAction\":[{\"@type\":\"SearchAction\",\"target\":{\"@type\":\"EntryPoint\",\"urlTemplate\":\"https:\/\/www.neurocirugiabarcelona.com\/?s={search_term_string}\"},\"query-input\":\"required name=search_term_string\"}],\"inLanguage\":\"en-US\"}]}<\/script>\n<!-- \/ Yoast SEO plugin. -->","yoast_head_json":{"title":"Thoracic spinal canal stenosis - Neurocirug\u00eda Barcelona","robots":{"index":"index","follow":"follow","max-snippet":"max-snippet:-1","max-image-preview":"max-image-preview:large","max-video-preview":"max-video-preview:-1"},"canonical":"https:\/\/www.neurocirugiabarcelona.com\/en\/pathologies\/spinal-disorders-lumbar\/thoracic-spinal-canal-stenosis\/","og_locale":"en_US","og_type":"article","og_title":"Thoracic spinal canal stenosis - Neurocirug\u00eda Barcelona","og_description":"The limited mobility of the thoracic spine means that intervertebral joints on this level are subjected to less than those at the lumbar or cervical level, this means that there is less degeneration and spinal stenosis in this area. Clinical signs: The patient presents a more or less progressive profile of loss of strength and ...","og_url":"https:\/\/www.neurocirugiabarcelona.com\/en\/pathologies\/spinal-disorders-lumbar\/thoracic-spinal-canal-stenosis\/","og_site_name":"Neurocirug\u00eda Barcelona","article_modified_time":"2019-02-07T18:18:47+00:00","og_image":[{"url":"http:\/\/www.neurocirugiabarcelona.com\/wp-content\/uploads\/2016\/06\/estenosis-del-canal-toracico-300x300.jpg"}],"twitter_card":"summary_large_image","twitter_misc":{"Est. reading time":"1 minute"},"schema":{"@context":"https:\/\/schema.org","@graph":[{"@type":"WebPage","@id":"https:\/\/www.neurocirugiabarcelona.com\/en\/pathologies\/spinal-disorders-lumbar\/thoracic-spinal-canal-stenosis\/","url":"https:\/\/www.neurocirugiabarcelona.com\/en\/pathologies\/spinal-disorders-lumbar\/thoracic-spinal-canal-stenosis\/","name":"Thoracic spinal canal stenosis - Neurocirug\u00eda Barcelona","isPartOf":{"@id":"https:\/\/www.neurocirugiabarcelona.com\/#website"},"datePublished":"2016-06-09T07:35:30+00:00","dateModified":"2019-02-07T18:18:47+00:00","breadcrumb":{"@id":"https:\/\/www.neurocirugiabarcelona.com\/en\/pathologies\/spinal-disorders-lumbar\/thoracic-spinal-canal-stenosis\/#breadcrumb"},"inLanguage":"en-US","potentialAction":[{"@type":"ReadAction","target":["https:\/\/www.neurocirugiabarcelona.com\/en\/pathologies\/spinal-disorders-lumbar\/thoracic-spinal-canal-stenosis\/"]}]},{"@type":"BreadcrumbList","@id":"https:\/\/www.neurocirugiabarcelona.com\/en\/pathologies\/spinal-disorders-lumbar\/thoracic-spinal-canal-stenosis\/#breadcrumb","itemListElement":[{"@type":"ListItem","position":1,"name":"Portada","item":"https:\/\/www.neurocirugiabarcelona.com\/en\/"},{"@type":"ListItem","position":2,"name":"Pathologies","item":"https:\/\/www.neurocirugiabarcelona.com\/en\/pathologies\/"},{"@type":"ListItem","position":3,"name":"Spinal disorders: lumbar","item":"https:\/\/www.neurocirugiabarcelona.com\/en\/pathologies\/spinal-disorders-lumbar\/"},{"@type":"ListItem","position":4,"name":"Thoracic spinal canal stenosis"}]},{"@type":"WebSite","@id":"https:\/\/www.neurocirugiabarcelona.com\/#website","url":"https:\/\/www.neurocirugiabarcelona.com\/","name":"Neurocirug\u00eda Barcelona","description":"Tratamiento integral de las patolog\u00edas neuroquir\u00fargicas mediante una visi\u00f3n multidisciplinar","potentialAction":[{"@type":"SearchAction","target":{"@type":"EntryPoint","urlTemplate":"https:\/\/www.neurocirugiabarcelona.com\/?s={search_term_string}"},"query-input":"required name=search_term_string"}],"inLanguage":"en-US"}]}},"_links":{"self":[{"href":"https:\/\/www.neurocirugiabarcelona.com\/en\/wp-json\/wp\/v2\/pages\/12032"}],"collection":[{"href":"https:\/\/www.neurocirugiabarcelona.com\/en\/wp-json\/wp\/v2\/pages"}],"about":[{"href":"https:\/\/www.neurocirugiabarcelona.com\/en\/wp-json\/wp\/v2\/types\/page"}],"author":[{"embeddable":true,"href":"https:\/\/www.neurocirugiabarcelona.com\/en\/wp-json\/wp\/v2\/users\/2"}],"replies":[{"embeddable":true,"href":"https:\/\/www.neurocirugiabarcelona.com\/en\/wp-json\/wp\/v2\/comments?post=12032"}],"version-history":[{"count":2,"href":"https:\/\/www.neurocirugiabarcelona.com\/en\/wp-json\/wp\/v2\/pages\/12032\/revisions"}],"predecessor-version":[{"id":12034,"href":"https:\/\/www.neurocirugiabarcelona.com\/en\/wp-json\/wp\/v2\/pages\/12032\/revisions\/12034"}],"up":[{"embeddable":true,"href":"https:\/\/www.neurocirugiabarcelona.com\/en\/wp-json\/wp\/v2\/pages\/12028"}],"wp:attachment":[{"href":"https:\/\/www.neurocirugiabarcelona.com\/en\/wp-json\/wp\/v2\/media?parent=12032"}],"curies":[{"name":"wp","href":"https:\/\/api.w.org\/{rel}","templated":true}]}}