{"id":12017,"date":"2016-06-10T10:31:07","date_gmt":"2016-06-10T09:31:07","guid":{"rendered":"https:\/\/www.neurocirugiabarcelona.com\/patologias\/sindromes-neuroquirurgicos\/malformaciones-de-chiari\/"},"modified":"2019-02-07T19:17:50","modified_gmt":"2019-02-07T18:17:50","slug":"chiari-malformations","status":"publish","type":"page","link":"https:\/\/www.neurocirugiabarcelona.com\/en\/pathologies\/neurosurgical-syndromes\/chiari-malformations\/","title":{"rendered":"Chiari malformations"},"content":{"rendered":"<p>Chiari malformation is a disorder characterised by part of the cerebellum (Cerebellar Tonsils) spreading through the greater occipital opening (Foramen Magnum). This opening is only for the part lower of the trunk and the spinal cord but as it is also occupied by part of the brain tissue, this causes compression of these structures and hinders free circulation of cerebrospinal fluid (Hydrocephalus and syringomyelia).<a href=\"http:\/\/www.neurocirugiabarcelona.com\/wp-content\/uploads\/2016\/06\/Malformaciones-de-Chiari.jpg\" rel=\"lightbox[12017]\"><img decoding=\"async\" loading=\"lazy\" class=\"alignright size-medium wp-image-11134\" src=\"http:\/\/www.neurocirugiabarcelona.com\/wp-content\/uploads\/2016\/06\/Malformaciones-de-Chiari-300x298.jpg\" alt=\"Malformaciones de Chiari\" width=\"300\" height=\"298\" srcset=\"https:\/\/www.neurocirugiabarcelona.com\/wp-content\/uploads\/2016\/06\/Malformaciones-de-Chiari-300x298.jpg 300w, https:\/\/www.neurocirugiabarcelona.com\/wp-content\/uploads\/2016\/06\/Malformaciones-de-Chiari-150x150.jpg 150w, https:\/\/www.neurocirugiabarcelona.com\/wp-content\/uploads\/2016\/06\/Malformaciones-de-Chiari-768x763.jpg 768w, https:\/\/www.neurocirugiabarcelona.com\/wp-content\/uploads\/2016\/06\/Malformaciones-de-Chiari.jpg 1000w\" sizes=\"(max-width: 300px) 100vw, 300px\" \/><\/a><\/p>\n<p>The symptoms it causes are by compression and the most common ones are: headache, normally located in the back of the head that worsens with effort, dizziness, nausea, vomiting, instability, sensory and motor disorders. Depending on the degree of progress there may only be headache (main symptom) or all the others combined.<\/p>\n<p>Diagnosis requires cerebral and cervical magnetic resonance to detect invasion of part of the cerebellum through the foramen magnum. Depending on the symptoms and possible associated diseases other complementary studies may be required: Evoked potentials, holomedullary MRI, telemetric radiographs, etc.<\/p>\n<p>Treatment will depend on the assessment of a specialised neurosurgeon who will evaluate the clinical signs and additional tests (resonance) carried out on the patient. In general, as it is a disorder caused by the compression of different structures, if a surgical operation is necessary, it is designed to decompress the nerve structures of the area and achieve improvement or resolution of the symptoms.<\/p>\n","protected":false},"excerpt":{"rendered":"<p>Chiari malformation is a disorder characterised by part of the cerebellum (Cerebellar Tonsils) spreading through the greater occipital opening (Foramen Magnum). This opening is only for the part lower of the trunk and the spinal cord but as it is also occupied by part of the brain tissue, this causes compression of these structures and &#8230;<\/p>\n","protected":false},"author":2,"featured_media":0,"parent":12013,"menu_order":0,"comment_status":"closed","ping_status":"closed","template":"","meta":[],"yoast_head":"<!-- This site is optimized with the Yoast SEO plugin v20.11 - https:\/\/yoast.com\/wordpress\/plugins\/seo\/ -->\n<title>Chiari malformations - Neurocirug\u00eda Barcelona<\/title>\n<meta name=\"robots\" content=\"index, follow, max-snippet:-1, max-image-preview:large, max-video-preview:-1\" \/>\n<link rel=\"canonical\" href=\"https:\/\/www.neurocirugiabarcelona.com\/patologias\/sindromes-neuroquirurgicos\/malformaciones-de-chiari\/\" \/>\n<meta property=\"og:locale\" content=\"en_US\" \/>\n<meta property=\"og:type\" content=\"article\" \/>\n<meta property=\"og:title\" content=\"Chiari malformations - Neurocirug\u00eda Barcelona\" \/>\n<meta property=\"og:description\" content=\"Chiari malformation is a disorder characterised by part of the cerebellum (Cerebellar Tonsils) spreading through the greater occipital opening (Foramen Magnum). This opening is only for the part lower of the trunk and the spinal cord but as it is also occupied by part of the brain tissue, this causes compression of these structures and ...\" \/>\n<meta property=\"og:url\" content=\"https:\/\/www.neurocirugiabarcelona.com\/patologias\/sindromes-neuroquirurgicos\/malformaciones-de-chiari\/\" \/>\n<meta property=\"og:site_name\" content=\"Neurocirug\u00eda Barcelona\" \/>\n<meta property=\"article:modified_time\" content=\"2019-02-07T18:17:50+00:00\" \/>\n<meta property=\"og:image\" content=\"http:\/\/www.neurocirugiabarcelona.com\/wp-content\/uploads\/2016\/06\/Malformaciones-de-Chiari-300x298.jpg\" \/>\n<meta name=\"twitter:card\" content=\"summary_large_image\" \/>\n<meta name=\"twitter:label1\" content=\"Est. reading time\" \/>\n\t<meta name=\"twitter:data1\" content=\"1 minute\" \/>\n<script type=\"application\/ld+json\" class=\"yoast-schema-graph\">{\"@context\":\"https:\/\/schema.org\",\"@graph\":[{\"@type\":\"WebPage\",\"@id\":\"https:\/\/www.neurocirugiabarcelona.com\/patologias\/sindromes-neuroquirurgicos\/malformaciones-de-chiari\/\",\"url\":\"https:\/\/www.neurocirugiabarcelona.com\/patologias\/sindromes-neuroquirurgicos\/malformaciones-de-chiari\/\",\"name\":\"Chiari malformations - Neurocirug\u00eda Barcelona\",\"isPartOf\":{\"@id\":\"https:\/\/www.neurocirugiabarcelona.com\/#website\"},\"datePublished\":\"2016-06-10T09:31:07+00:00\",\"dateModified\":\"2019-02-07T18:17:50+00:00\",\"breadcrumb\":{\"@id\":\"https:\/\/www.neurocirugiabarcelona.com\/patologias\/sindromes-neuroquirurgicos\/malformaciones-de-chiari\/#breadcrumb\"},\"inLanguage\":\"en-US\",\"potentialAction\":[{\"@type\":\"ReadAction\",\"target\":[\"https:\/\/www.neurocirugiabarcelona.com\/patologias\/sindromes-neuroquirurgicos\/malformaciones-de-chiari\/\"]}]},{\"@type\":\"BreadcrumbList\",\"@id\":\"https:\/\/www.neurocirugiabarcelona.com\/patologias\/sindromes-neuroquirurgicos\/malformaciones-de-chiari\/#breadcrumb\",\"itemListElement\":[{\"@type\":\"ListItem\",\"position\":1,\"name\":\"Portada\",\"item\":\"https:\/\/www.neurocirugiabarcelona.com\/en\/\"},{\"@type\":\"ListItem\",\"position\":2,\"name\":\"Pathologies\",\"item\":\"https:\/\/www.neurocirugiabarcelona.com\/en\/pathologies\/\"},{\"@type\":\"ListItem\",\"position\":3,\"name\":\"Neurosurgical Syndromes\",\"item\":\"https:\/\/www.neurocirugiabarcelona.com\/en\/pathologies\/neurosurgical-syndromes\/\"},{\"@type\":\"ListItem\",\"position\":4,\"name\":\"Chiari malformations\"}]},{\"@type\":\"WebSite\",\"@id\":\"https:\/\/www.neurocirugiabarcelona.com\/#website\",\"url\":\"https:\/\/www.neurocirugiabarcelona.com\/\",\"name\":\"Neurocirug\u00eda Barcelona\",\"description\":\"Tratamiento integral de las patolog\u00edas neuroquir\u00fargicas mediante una visi\u00f3n multidisciplinar\",\"potentialAction\":[{\"@type\":\"SearchAction\",\"target\":{\"@type\":\"EntryPoint\",\"urlTemplate\":\"https:\/\/www.neurocirugiabarcelona.com\/?s={search_term_string}\"},\"query-input\":\"required name=search_term_string\"}],\"inLanguage\":\"en-US\"}]}<\/script>\n<!-- \/ Yoast SEO plugin. -->","yoast_head_json":{"title":"Chiari malformations - Neurocirug\u00eda Barcelona","robots":{"index":"index","follow":"follow","max-snippet":"max-snippet:-1","max-image-preview":"max-image-preview:large","max-video-preview":"max-video-preview:-1"},"canonical":"https:\/\/www.neurocirugiabarcelona.com\/patologias\/sindromes-neuroquirurgicos\/malformaciones-de-chiari\/","og_locale":"en_US","og_type":"article","og_title":"Chiari malformations - Neurocirug\u00eda Barcelona","og_description":"Chiari malformation is a disorder characterised by part of the cerebellum (Cerebellar Tonsils) spreading through the greater occipital opening (Foramen Magnum). This opening is only for the part lower of the trunk and the spinal cord but as it is also occupied by part of the brain tissue, this causes compression of these structures and ...","og_url":"https:\/\/www.neurocirugiabarcelona.com\/patologias\/sindromes-neuroquirurgicos\/malformaciones-de-chiari\/","og_site_name":"Neurocirug\u00eda Barcelona","article_modified_time":"2019-02-07T18:17:50+00:00","og_image":[{"url":"http:\/\/www.neurocirugiabarcelona.com\/wp-content\/uploads\/2016\/06\/Malformaciones-de-Chiari-300x298.jpg"}],"twitter_card":"summary_large_image","twitter_misc":{"Est. reading time":"1 minute"},"schema":{"@context":"https:\/\/schema.org","@graph":[{"@type":"WebPage","@id":"https:\/\/www.neurocirugiabarcelona.com\/patologias\/sindromes-neuroquirurgicos\/malformaciones-de-chiari\/","url":"https:\/\/www.neurocirugiabarcelona.com\/patologias\/sindromes-neuroquirurgicos\/malformaciones-de-chiari\/","name":"Chiari malformations - Neurocirug\u00eda Barcelona","isPartOf":{"@id":"https:\/\/www.neurocirugiabarcelona.com\/#website"},"datePublished":"2016-06-10T09:31:07+00:00","dateModified":"2019-02-07T18:17:50+00:00","breadcrumb":{"@id":"https:\/\/www.neurocirugiabarcelona.com\/patologias\/sindromes-neuroquirurgicos\/malformaciones-de-chiari\/#breadcrumb"},"inLanguage":"en-US","potentialAction":[{"@type":"ReadAction","target":["https:\/\/www.neurocirugiabarcelona.com\/patologias\/sindromes-neuroquirurgicos\/malformaciones-de-chiari\/"]}]},{"@type":"BreadcrumbList","@id":"https:\/\/www.neurocirugiabarcelona.com\/patologias\/sindromes-neuroquirurgicos\/malformaciones-de-chiari\/#breadcrumb","itemListElement":[{"@type":"ListItem","position":1,"name":"Portada","item":"https:\/\/www.neurocirugiabarcelona.com\/en\/"},{"@type":"ListItem","position":2,"name":"Pathologies","item":"https:\/\/www.neurocirugiabarcelona.com\/en\/pathologies\/"},{"@type":"ListItem","position":3,"name":"Neurosurgical Syndromes","item":"https:\/\/www.neurocirugiabarcelona.com\/en\/pathologies\/neurosurgical-syndromes\/"},{"@type":"ListItem","position":4,"name":"Chiari malformations"}]},{"@type":"WebSite","@id":"https:\/\/www.neurocirugiabarcelona.com\/#website","url":"https:\/\/www.neurocirugiabarcelona.com\/","name":"Neurocirug\u00eda Barcelona","description":"Tratamiento integral de las patolog\u00edas neuroquir\u00fargicas mediante una visi\u00f3n multidisciplinar","potentialAction":[{"@type":"SearchAction","target":{"@type":"EntryPoint","urlTemplate":"https:\/\/www.neurocirugiabarcelona.com\/?s={search_term_string}"},"query-input":"required name=search_term_string"}],"inLanguage":"en-US"}]}},"_links":{"self":[{"href":"https:\/\/www.neurocirugiabarcelona.com\/en\/wp-json\/wp\/v2\/pages\/12017"}],"collection":[{"href":"https:\/\/www.neurocirugiabarcelona.com\/en\/wp-json\/wp\/v2\/pages"}],"about":[{"href":"https:\/\/www.neurocirugiabarcelona.com\/en\/wp-json\/wp\/v2\/types\/page"}],"author":[{"embeddable":true,"href":"https:\/\/www.neurocirugiabarcelona.com\/en\/wp-json\/wp\/v2\/users\/2"}],"replies":[{"embeddable":true,"href":"https:\/\/www.neurocirugiabarcelona.com\/en\/wp-json\/wp\/v2\/comments?post=12017"}],"version-history":[{"count":1,"href":"https:\/\/www.neurocirugiabarcelona.com\/en\/wp-json\/wp\/v2\/pages\/12017\/revisions"}],"predecessor-version":[{"id":12018,"href":"https:\/\/www.neurocirugiabarcelona.com\/en\/wp-json\/wp\/v2\/pages\/12017\/revisions\/12018"}],"up":[{"embeddable":true,"href":"https:\/\/www.neurocirugiabarcelona.com\/en\/wp-json\/wp\/v2\/pages\/12013"}],"wp:attachment":[{"href":"https:\/\/www.neurocirugiabarcelona.com\/en\/wp-json\/wp\/v2\/media?parent=12017"}],"curies":[{"name":"wp","href":"https:\/\/api.w.org\/{rel}","templated":true}]}}