{"id":12009,"date":"2017-02-06T17:21:48","date_gmt":"2017-02-06T16:21:48","guid":{"rendered":"https:\/\/www.neurocirugiabarcelona.com\/patologias\/vascular\/malformaciones-arteriovenosas\/"},"modified":"2019-02-07T19:16:48","modified_gmt":"2019-02-07T18:16:48","slug":"arteriovenous-malformations","status":"publish","type":"page","link":"https:\/\/www.neurocirugiabarcelona.com\/en\/pathologies\/vascular\/arteriovenous-malformations\/","title":{"rendered":"Arteriovenous malformations"},"content":{"rendered":"<p>Abnormally dilated arteries that drain directly into veins, also abnormal, there are no capillaries.<\/p>\n<p>They may be chance finding or symptomatic: Cerebral bleeding, generally in the form of an intraparenchymatous haematoma, or intraventricular haemorrhage, but onset may also include epileptic seizures.<\/p>\n<p>They are classified (Speztler and Martin) according to size, whether they are in eloquent areas or not, and whether there is superficial or deep drainage.<a href=\"http:\/\/www.neurocirugiabarcelona.com\/wp-content\/uploads\/2017\/02\/Malformaciones-arteriovenosas.png\" rel=\"lightbox[12009]\"><img decoding=\"async\" loading=\"lazy\" class=\"alignright size-full wp-image-11171\" src=\"http:\/\/www.neurocirugiabarcelona.com\/wp-content\/uploads\/2017\/02\/Malformaciones-arteriovenosas.png\" alt=\"Malformaciones arteriovenosas\" width=\"185\" height=\"182\" \/><\/a><\/p>\n<p>Possible treatments: Embolisation (onyx, bioglu), surgery or radiosurgery.<\/p>\n<p>They may be one, two or three treatments in the same patient.<\/p>\n<p>Bleeding in young people, mortality of 10%, with 30-50% of morbidity.<\/p>\n<p>Risk of bleeding: 3% per year.<\/p>\n<p>7% of patients with AVM have aneurysms (flow aneurysms).<\/p>\n","protected":false},"excerpt":{"rendered":"<p>Abnormally dilated arteries that drain directly into veins, also abnormal, there are no capillaries. They may be chance finding or symptomatic: Cerebral bleeding, generally in the form of an intraparenchymatous haematoma, or intraventricular haemorrhage, but onset may also include epileptic seizures. They are classified (Speztler and Martin) according to size, whether they are in eloquent &#8230;<\/p>\n","protected":false},"author":2,"featured_media":0,"parent":11993,"menu_order":0,"comment_status":"closed","ping_status":"closed","template":"","meta":[],"yoast_head":"<!-- This site is optimized with the Yoast SEO plugin v20.11 - https:\/\/yoast.com\/wordpress\/plugins\/seo\/ -->\n<title>Arteriovenous malformations - Neurocirug\u00eda Barcelona<\/title>\n<meta name=\"robots\" content=\"index, follow, max-snippet:-1, max-image-preview:large, max-video-preview:-1\" \/>\n<link rel=\"canonical\" href=\"https:\/\/www.neurocirugiabarcelona.com\/patologias\/vascular\/malformaciones-arteriovenosas\/\" \/>\n<meta property=\"og:locale\" content=\"en_US\" \/>\n<meta property=\"og:type\" content=\"article\" \/>\n<meta property=\"og:title\" content=\"Arteriovenous malformations - Neurocirug\u00eda Barcelona\" \/>\n<meta property=\"og:description\" content=\"Abnormally dilated arteries that drain directly into veins, also abnormal, there are no capillaries. They may be chance finding or symptomatic: Cerebral bleeding, generally in the form of an intraparenchymatous haematoma, or intraventricular haemorrhage, but onset may also include epileptic seizures. They are classified (Speztler and Martin) according to size, whether they are in eloquent ...\" \/>\n<meta property=\"og:url\" content=\"https:\/\/www.neurocirugiabarcelona.com\/patologias\/vascular\/malformaciones-arteriovenosas\/\" \/>\n<meta property=\"og:site_name\" content=\"Neurocirug\u00eda Barcelona\" \/>\n<meta property=\"article:modified_time\" content=\"2019-02-07T18:16:48+00:00\" \/>\n<meta property=\"og:image\" content=\"http:\/\/www.neurocirugiabarcelona.com\/wp-content\/uploads\/2017\/02\/Malformaciones-arteriovenosas.png\" \/>\n<meta name=\"twitter:card\" content=\"summary_large_image\" \/>\n<meta name=\"twitter:label1\" content=\"Est. reading time\" \/>\n\t<meta name=\"twitter:data1\" content=\"1 minute\" \/>\n<script type=\"application\/ld+json\" class=\"yoast-schema-graph\">{\"@context\":\"https:\/\/schema.org\",\"@graph\":[{\"@type\":\"WebPage\",\"@id\":\"https:\/\/www.neurocirugiabarcelona.com\/patologias\/vascular\/malformaciones-arteriovenosas\/\",\"url\":\"https:\/\/www.neurocirugiabarcelona.com\/patologias\/vascular\/malformaciones-arteriovenosas\/\",\"name\":\"Arteriovenous malformations - Neurocirug\u00eda Barcelona\",\"isPartOf\":{\"@id\":\"https:\/\/www.neurocirugiabarcelona.com\/#website\"},\"datePublished\":\"2017-02-06T16:21:48+00:00\",\"dateModified\":\"2019-02-07T18:16:48+00:00\",\"breadcrumb\":{\"@id\":\"https:\/\/www.neurocirugiabarcelona.com\/patologias\/vascular\/malformaciones-arteriovenosas\/#breadcrumb\"},\"inLanguage\":\"en-US\",\"potentialAction\":[{\"@type\":\"ReadAction\",\"target\":[\"https:\/\/www.neurocirugiabarcelona.com\/patologias\/vascular\/malformaciones-arteriovenosas\/\"]}]},{\"@type\":\"BreadcrumbList\",\"@id\":\"https:\/\/www.neurocirugiabarcelona.com\/patologias\/vascular\/malformaciones-arteriovenosas\/#breadcrumb\",\"itemListElement\":[{\"@type\":\"ListItem\",\"position\":1,\"name\":\"Portada\",\"item\":\"https:\/\/www.neurocirugiabarcelona.com\/en\/\"},{\"@type\":\"ListItem\",\"position\":2,\"name\":\"Pathologies\",\"item\":\"https:\/\/www.neurocirugiabarcelona.com\/en\/pathologies\/\"},{\"@type\":\"ListItem\",\"position\":3,\"name\":\"Vascular\",\"item\":\"https:\/\/www.neurocirugiabarcelona.com\/en\/pathologies\/vascular\/\"},{\"@type\":\"ListItem\",\"position\":4,\"name\":\"Arteriovenous malformations\"}]},{\"@type\":\"WebSite\",\"@id\":\"https:\/\/www.neurocirugiabarcelona.com\/#website\",\"url\":\"https:\/\/www.neurocirugiabarcelona.com\/\",\"name\":\"Neurocirug\u00eda Barcelona\",\"description\":\"Tratamiento integral de las patolog\u00edas neuroquir\u00fargicas mediante una visi\u00f3n multidisciplinar\",\"potentialAction\":[{\"@type\":\"SearchAction\",\"target\":{\"@type\":\"EntryPoint\",\"urlTemplate\":\"https:\/\/www.neurocirugiabarcelona.com\/?s={search_term_string}\"},\"query-input\":\"required name=search_term_string\"}],\"inLanguage\":\"en-US\"}]}<\/script>\n<!-- \/ Yoast SEO plugin. -->","yoast_head_json":{"title":"Arteriovenous malformations - Neurocirug\u00eda Barcelona","robots":{"index":"index","follow":"follow","max-snippet":"max-snippet:-1","max-image-preview":"max-image-preview:large","max-video-preview":"max-video-preview:-1"},"canonical":"https:\/\/www.neurocirugiabarcelona.com\/patologias\/vascular\/malformaciones-arteriovenosas\/","og_locale":"en_US","og_type":"article","og_title":"Arteriovenous malformations - Neurocirug\u00eda Barcelona","og_description":"Abnormally dilated arteries that drain directly into veins, also abnormal, there are no capillaries. They may be chance finding or symptomatic: Cerebral bleeding, generally in the form of an intraparenchymatous haematoma, or intraventricular haemorrhage, but onset may also include epileptic seizures. They are classified (Speztler and Martin) according to size, whether they are in eloquent ...","og_url":"https:\/\/www.neurocirugiabarcelona.com\/patologias\/vascular\/malformaciones-arteriovenosas\/","og_site_name":"Neurocirug\u00eda Barcelona","article_modified_time":"2019-02-07T18:16:48+00:00","og_image":[{"url":"http:\/\/www.neurocirugiabarcelona.com\/wp-content\/uploads\/2017\/02\/Malformaciones-arteriovenosas.png"}],"twitter_card":"summary_large_image","twitter_misc":{"Est. reading time":"1 minute"},"schema":{"@context":"https:\/\/schema.org","@graph":[{"@type":"WebPage","@id":"https:\/\/www.neurocirugiabarcelona.com\/patologias\/vascular\/malformaciones-arteriovenosas\/","url":"https:\/\/www.neurocirugiabarcelona.com\/patologias\/vascular\/malformaciones-arteriovenosas\/","name":"Arteriovenous malformations - Neurocirug\u00eda Barcelona","isPartOf":{"@id":"https:\/\/www.neurocirugiabarcelona.com\/#website"},"datePublished":"2017-02-06T16:21:48+00:00","dateModified":"2019-02-07T18:16:48+00:00","breadcrumb":{"@id":"https:\/\/www.neurocirugiabarcelona.com\/patologias\/vascular\/malformaciones-arteriovenosas\/#breadcrumb"},"inLanguage":"en-US","potentialAction":[{"@type":"ReadAction","target":["https:\/\/www.neurocirugiabarcelona.com\/patologias\/vascular\/malformaciones-arteriovenosas\/"]}]},{"@type":"BreadcrumbList","@id":"https:\/\/www.neurocirugiabarcelona.com\/patologias\/vascular\/malformaciones-arteriovenosas\/#breadcrumb","itemListElement":[{"@type":"ListItem","position":1,"name":"Portada","item":"https:\/\/www.neurocirugiabarcelona.com\/en\/"},{"@type":"ListItem","position":2,"name":"Pathologies","item":"https:\/\/www.neurocirugiabarcelona.com\/en\/pathologies\/"},{"@type":"ListItem","position":3,"name":"Vascular","item":"https:\/\/www.neurocirugiabarcelona.com\/en\/pathologies\/vascular\/"},{"@type":"ListItem","position":4,"name":"Arteriovenous malformations"}]},{"@type":"WebSite","@id":"https:\/\/www.neurocirugiabarcelona.com\/#website","url":"https:\/\/www.neurocirugiabarcelona.com\/","name":"Neurocirug\u00eda Barcelona","description":"Tratamiento integral de las patolog\u00edas neuroquir\u00fargicas mediante una visi\u00f3n multidisciplinar","potentialAction":[{"@type":"SearchAction","target":{"@type":"EntryPoint","urlTemplate":"https:\/\/www.neurocirugiabarcelona.com\/?s={search_term_string}"},"query-input":"required name=search_term_string"}],"inLanguage":"en-US"}]}},"_links":{"self":[{"href":"https:\/\/www.neurocirugiabarcelona.com\/en\/wp-json\/wp\/v2\/pages\/12009"}],"collection":[{"href":"https:\/\/www.neurocirugiabarcelona.com\/en\/wp-json\/wp\/v2\/pages"}],"about":[{"href":"https:\/\/www.neurocirugiabarcelona.com\/en\/wp-json\/wp\/v2\/types\/page"}],"author":[{"embeddable":true,"href":"https:\/\/www.neurocirugiabarcelona.com\/en\/wp-json\/wp\/v2\/users\/2"}],"replies":[{"embeddable":true,"href":"https:\/\/www.neurocirugiabarcelona.com\/en\/wp-json\/wp\/v2\/comments?post=12009"}],"version-history":[{"count":2,"href":"https:\/\/www.neurocirugiabarcelona.com\/en\/wp-json\/wp\/v2\/pages\/12009\/revisions"}],"predecessor-version":[{"id":12011,"href":"https:\/\/www.neurocirugiabarcelona.com\/en\/wp-json\/wp\/v2\/pages\/12009\/revisions\/12011"}],"up":[{"embeddable":true,"href":"https:\/\/www.neurocirugiabarcelona.com\/en\/wp-json\/wp\/v2\/pages\/11993"}],"wp:attachment":[{"href":"https:\/\/www.neurocirugiabarcelona.com\/en\/wp-json\/wp\/v2\/media?parent=12009"}],"curies":[{"name":"wp","href":"https:\/\/api.w.org\/{rel}","templated":true}]}}