{"id":12001,"date":"2017-02-06T17:25:28","date_gmt":"2017-02-06T16:25:28","guid":{"rendered":"https:\/\/www.neurocirugiabarcelona.com\/patologias\/vascular\/cavernomas\/"},"modified":"2019-02-07T19:17:07","modified_gmt":"2019-02-07T18:17:07","slug":"cavernomas","status":"publish","type":"page","link":"https:\/\/www.neurocirugiabarcelona.com\/en\/pathologies\/vascular\/cavernomas\/","title":{"rendered":"Cavernomas"},"content":{"rendered":"<p>Angiographically hidden (diagnosis by MRI)<\/p>\n<p>Well defined lesions comprised of vascular channels (neither arteries nor veins), and with no contribution to the brain parenchyma. It is like a vascular haematoma. It may calcify.<a href=\"http:\/\/www.neurocirugiabarcelona.com\/wp-content\/uploads\/2017\/02\/Cavernomas.png\" rel=\"lightbox[12001]\"><img decoding=\"async\" loading=\"lazy\" class=\"alignright size-medium wp-image-11174\" src=\"http:\/\/www.neurocirugiabarcelona.com\/wp-content\/uploads\/2017\/02\/Cavernomas-293x300.png\" alt=\"Cavernomas\" width=\"293\" height=\"300\" srcset=\"https:\/\/www.neurocirugiabarcelona.com\/wp-content\/uploads\/2017\/02\/Cavernomas-293x300.png 293w, https:\/\/www.neurocirugiabarcelona.com\/wp-content\/uploads\/2017\/02\/Cavernomas.png 324w\" sizes=\"(max-width: 293px) 100vw, 293px\" \/><\/a><\/p>\n<p>Usually a chance finding, but may bleed (20%) (less common than other vascular pathologies), and may cause epileptic seizures (60%).<\/p>\n<p>The only treatment is surgical.<\/p>\n<p>Two types: sporadic and hereditary. Some hereditary cases are Family Cavernomatosis and usually multiple.<\/p>\n<p>The majority are located supratentorially, 20-23% in posterior fossa (predilection for the protuberance).<\/p>\n","protected":false},"excerpt":{"rendered":"<p>Angiographically hidden (diagnosis by MRI) Well defined lesions comprised of vascular channels (neither arteries nor veins), and with no contribution to the brain parenchyma. It is like a vascular haematoma. It may calcify. Usually a chance finding, but may bleed (20%) (less common than other vascular pathologies), and may cause epileptic seizures (60%). The only &#8230;<\/p>\n","protected":false},"author":2,"featured_media":0,"parent":11993,"menu_order":0,"comment_status":"closed","ping_status":"closed","template":"","meta":[],"yoast_head":"<!-- This site is optimized with the Yoast SEO plugin v20.11 - https:\/\/yoast.com\/wordpress\/plugins\/seo\/ -->\n<title>Cavernomas - Neurocirug\u00eda Barcelona<\/title>\n<meta name=\"robots\" content=\"index, follow, max-snippet:-1, max-image-preview:large, max-video-preview:-1\" \/>\n<link rel=\"canonical\" href=\"https:\/\/www.neurocirugiabarcelona.com\/patologias\/vascular\/cavernomas\/\" \/>\n<meta property=\"og:locale\" content=\"en_US\" \/>\n<meta property=\"og:type\" content=\"article\" \/>\n<meta property=\"og:title\" content=\"Cavernomas - Neurocirug\u00eda Barcelona\" \/>\n<meta property=\"og:description\" content=\"Angiographically hidden (diagnosis by MRI) Well defined lesions comprised of vascular channels (neither arteries nor veins), and with no contribution to the brain parenchyma. It is like a vascular haematoma. It may calcify. Usually a chance finding, but may bleed (20%) (less common than other vascular pathologies), and may cause epileptic seizures (60%). The only ...\" \/>\n<meta property=\"og:url\" content=\"https:\/\/www.neurocirugiabarcelona.com\/patologias\/vascular\/cavernomas\/\" \/>\n<meta property=\"og:site_name\" content=\"Neurocirug\u00eda Barcelona\" \/>\n<meta property=\"article:modified_time\" content=\"2019-02-07T18:17:07+00:00\" \/>\n<meta property=\"og:image\" content=\"http:\/\/www.neurocirugiabarcelona.com\/wp-content\/uploads\/2017\/02\/Cavernomas-293x300.png\" \/>\n<meta name=\"twitter:card\" content=\"summary_large_image\" \/>\n<script type=\"application\/ld+json\" class=\"yoast-schema-graph\">{\"@context\":\"https:\/\/schema.org\",\"@graph\":[{\"@type\":\"WebPage\",\"@id\":\"https:\/\/www.neurocirugiabarcelona.com\/patologias\/vascular\/cavernomas\/\",\"url\":\"https:\/\/www.neurocirugiabarcelona.com\/patologias\/vascular\/cavernomas\/\",\"name\":\"Cavernomas - Neurocirug\u00eda Barcelona\",\"isPartOf\":{\"@id\":\"https:\/\/www.neurocirugiabarcelona.com\/#website\"},\"datePublished\":\"2017-02-06T16:25:28+00:00\",\"dateModified\":\"2019-02-07T18:17:07+00:00\",\"breadcrumb\":{\"@id\":\"https:\/\/www.neurocirugiabarcelona.com\/patologias\/vascular\/cavernomas\/#breadcrumb\"},\"inLanguage\":\"en-US\",\"potentialAction\":[{\"@type\":\"ReadAction\",\"target\":[\"https:\/\/www.neurocirugiabarcelona.com\/patologias\/vascular\/cavernomas\/\"]}]},{\"@type\":\"BreadcrumbList\",\"@id\":\"https:\/\/www.neurocirugiabarcelona.com\/patologias\/vascular\/cavernomas\/#breadcrumb\",\"itemListElement\":[{\"@type\":\"ListItem\",\"position\":1,\"name\":\"Portada\",\"item\":\"https:\/\/www.neurocirugiabarcelona.com\/en\/\"},{\"@type\":\"ListItem\",\"position\":2,\"name\":\"Pathologies\",\"item\":\"https:\/\/www.neurocirugiabarcelona.com\/en\/pathologies\/\"},{\"@type\":\"ListItem\",\"position\":3,\"name\":\"Vascular\",\"item\":\"https:\/\/www.neurocirugiabarcelona.com\/en\/pathologies\/vascular\/\"},{\"@type\":\"ListItem\",\"position\":4,\"name\":\"Cavernomas\"}]},{\"@type\":\"WebSite\",\"@id\":\"https:\/\/www.neurocirugiabarcelona.com\/#website\",\"url\":\"https:\/\/www.neurocirugiabarcelona.com\/\",\"name\":\"Neurocirug\u00eda Barcelona\",\"description\":\"Tratamiento integral de las patolog\u00edas neuroquir\u00fargicas mediante una visi\u00f3n multidisciplinar\",\"potentialAction\":[{\"@type\":\"SearchAction\",\"target\":{\"@type\":\"EntryPoint\",\"urlTemplate\":\"https:\/\/www.neurocirugiabarcelona.com\/?s={search_term_string}\"},\"query-input\":\"required name=search_term_string\"}],\"inLanguage\":\"en-US\"}]}<\/script>\n<!-- \/ Yoast SEO plugin. -->","yoast_head_json":{"title":"Cavernomas - Neurocirug\u00eda Barcelona","robots":{"index":"index","follow":"follow","max-snippet":"max-snippet:-1","max-image-preview":"max-image-preview:large","max-video-preview":"max-video-preview:-1"},"canonical":"https:\/\/www.neurocirugiabarcelona.com\/patologias\/vascular\/cavernomas\/","og_locale":"en_US","og_type":"article","og_title":"Cavernomas - Neurocirug\u00eda Barcelona","og_description":"Angiographically hidden (diagnosis by MRI) Well defined lesions comprised of vascular channels (neither arteries nor veins), and with no contribution to the brain parenchyma. It is like a vascular haematoma. It may calcify. Usually a chance finding, but may bleed (20%) (less common than other vascular pathologies), and may cause epileptic seizures (60%). The only ...","og_url":"https:\/\/www.neurocirugiabarcelona.com\/patologias\/vascular\/cavernomas\/","og_site_name":"Neurocirug\u00eda Barcelona","article_modified_time":"2019-02-07T18:17:07+00:00","og_image":[{"url":"http:\/\/www.neurocirugiabarcelona.com\/wp-content\/uploads\/2017\/02\/Cavernomas-293x300.png"}],"twitter_card":"summary_large_image","schema":{"@context":"https:\/\/schema.org","@graph":[{"@type":"WebPage","@id":"https:\/\/www.neurocirugiabarcelona.com\/patologias\/vascular\/cavernomas\/","url":"https:\/\/www.neurocirugiabarcelona.com\/patologias\/vascular\/cavernomas\/","name":"Cavernomas - Neurocirug\u00eda Barcelona","isPartOf":{"@id":"https:\/\/www.neurocirugiabarcelona.com\/#website"},"datePublished":"2017-02-06T16:25:28+00:00","dateModified":"2019-02-07T18:17:07+00:00","breadcrumb":{"@id":"https:\/\/www.neurocirugiabarcelona.com\/patologias\/vascular\/cavernomas\/#breadcrumb"},"inLanguage":"en-US","potentialAction":[{"@type":"ReadAction","target":["https:\/\/www.neurocirugiabarcelona.com\/patologias\/vascular\/cavernomas\/"]}]},{"@type":"BreadcrumbList","@id":"https:\/\/www.neurocirugiabarcelona.com\/patologias\/vascular\/cavernomas\/#breadcrumb","itemListElement":[{"@type":"ListItem","position":1,"name":"Portada","item":"https:\/\/www.neurocirugiabarcelona.com\/en\/"},{"@type":"ListItem","position":2,"name":"Pathologies","item":"https:\/\/www.neurocirugiabarcelona.com\/en\/pathologies\/"},{"@type":"ListItem","position":3,"name":"Vascular","item":"https:\/\/www.neurocirugiabarcelona.com\/en\/pathologies\/vascular\/"},{"@type":"ListItem","position":4,"name":"Cavernomas"}]},{"@type":"WebSite","@id":"https:\/\/www.neurocirugiabarcelona.com\/#website","url":"https:\/\/www.neurocirugiabarcelona.com\/","name":"Neurocirug\u00eda Barcelona","description":"Tratamiento integral de las patolog\u00edas neuroquir\u00fargicas mediante una visi\u00f3n multidisciplinar","potentialAction":[{"@type":"SearchAction","target":{"@type":"EntryPoint","urlTemplate":"https:\/\/www.neurocirugiabarcelona.com\/?s={search_term_string}"},"query-input":"required name=search_term_string"}],"inLanguage":"en-US"}]}},"_links":{"self":[{"href":"https:\/\/www.neurocirugiabarcelona.com\/en\/wp-json\/wp\/v2\/pages\/12001"}],"collection":[{"href":"https:\/\/www.neurocirugiabarcelona.com\/en\/wp-json\/wp\/v2\/pages"}],"about":[{"href":"https:\/\/www.neurocirugiabarcelona.com\/en\/wp-json\/wp\/v2\/types\/page"}],"author":[{"embeddable":true,"href":"https:\/\/www.neurocirugiabarcelona.com\/en\/wp-json\/wp\/v2\/users\/2"}],"replies":[{"embeddable":true,"href":"https:\/\/www.neurocirugiabarcelona.com\/en\/wp-json\/wp\/v2\/comments?post=12001"}],"version-history":[{"count":2,"href":"https:\/\/www.neurocirugiabarcelona.com\/en\/wp-json\/wp\/v2\/pages\/12001\/revisions"}],"predecessor-version":[{"id":12003,"href":"https:\/\/www.neurocirugiabarcelona.com\/en\/wp-json\/wp\/v2\/pages\/12001\/revisions\/12003"}],"up":[{"embeddable":true,"href":"https:\/\/www.neurocirugiabarcelona.com\/en\/wp-json\/wp\/v2\/pages\/11993"}],"wp:attachment":[{"href":"https:\/\/www.neurocirugiabarcelona.com\/en\/wp-json\/wp\/v2\/media?parent=12001"}],"curies":[{"name":"wp","href":"https:\/\/api.w.org\/{rel}","templated":true}]}}