{"id":11993,"date":"2016-06-09T08:52:29","date_gmt":"2016-06-09T08:52:29","guid":{"rendered":"https:\/\/www.neurocirugiabarcelona.com\/patologias\/vascular\/"},"modified":"2019-02-14T17:20:02","modified_gmt":"2019-02-14T16:20:02","slug":"vascular","status":"publish","type":"page","link":"https:\/\/www.neurocirugiabarcelona.com\/en\/pathologies\/vascular\/","title":{"rendered":"Vascular"},"content":{"rendered":"<p>Cerebrovascular diseases include a whole series of pathologies affecting cerebral vessels. It is a type of sub-speciality on a neurosurgery and complex neurological level and requires vast experience in this field and a multidisciplinary team.<\/p>\n<p>In general affectation of the vessels may cause two disorders:<\/p>\n<p><strong>Cerebral haemorrhage (Effusion)<\/strong>: with bleeding in a brain area. In these patients it is important to diagnose the cause of the bleeding to prevent as far as possible that it should re-occur in the future. One of the pathologies that must be rejected is vascular malformation (aneurysms, arterio-venous malformations, etc.) which require a highly specialised team for diagnosis, treatment and follow-up.<\/p>\n<p><strong>Cerebral infarction (lack of blood in an area of the brain)<\/strong>: in the same way as haemorrhages the factors causing the cerebral infarction must be studied to prevent it recurrence in the future. A multidisciplinary team (Neurology, Neurosurgery, etc.) is essential for diagnosis, treatment and follow-up.<\/p>\n<p>Cases demanding urgent treatment, whether infarcts or haemorrhages, require medical care by a specialised team that is available 24 hours a day, 365 days a year.<\/p>\n<p>&nbsp;<\/p>\n<p><div class=\"one_fourth\"><a href=\"https:\/\/www.neurocirugiabarcelona.com\/en\/pathologies\/vascular\/brain-aneurysms\/\" target=\"\" style=\"color:#fff\"><div class=\"pmc-button pmc-round-button\" style=\"background-color:#ff505a;border-color:#a01e3c\">Brain aneurysms<\/div><\/a> <\/div><div class=\"one_fourth\"><a href=\"https:\/\/www.neurocirugiabarcelona.com\/en\/pathologies\/vascular\/arteriovenous-malformations\/\" target=\"\" style=\"color:#fff\"><div class=\"pmc-button pmc-round-button\" style=\"background-color:#ff505a;border-color:#a01e3c\">Arteriovenous malformations<\/div><\/a><\/div><div class=\"one_fourth\"><a href=\"https:\/\/www.neurocirugiabarcelona.com\/en\/pathologies\/vascular\/cavernomas\/\" target=\"\" style=\"color:#fff\"><div class=\"pmc-button pmc-round-button\" style=\"background-color:#ff505a;border-color:#a01e3c\">Cavernomas<\/div><\/a><\/div><div class=\"one_fourth last\"><a href=\"https:\/\/www.neurocirugiabarcelona.com\/en\/pathologies\/vascular\/pial-and-dural-fistulas\/\" target=\"\" style=\"color:#fff\"><div class=\"pmc-button pmc-round-button\" style=\"background-color:#ff505a;border-color:#a01e3c\">Pial and dural fistulas<\/div><\/a><\/div><\/p>\n<p>&nbsp;<\/p>\n","protected":false},"excerpt":{"rendered":"<p>Cerebrovascular diseases include a whole series of pathologies affecting cerebral vessels. It is a type of sub-speciality on a neurosurgery and complex neurological level and requires vast experience in this field and a multidisciplinary team. In general affectation of the vessels may cause two disorders: Cerebral haemorrhage (Effusion): with bleeding in a brain area. In &#8230;<\/p>\n","protected":false},"author":2,"featured_media":0,"parent":11772,"menu_order":14,"comment_status":"closed","ping_status":"closed","template":"","meta":[],"yoast_head":"<!-- This site is optimized with the Yoast SEO plugin v20.11 - https:\/\/yoast.com\/wordpress\/plugins\/seo\/ -->\n<title>Vascular - Neurocirug\u00eda Barcelona<\/title>\n<meta name=\"robots\" content=\"index, follow, max-snippet:-1, max-image-preview:large, max-video-preview:-1\" \/>\n<link rel=\"canonical\" href=\"https:\/\/www.neurocirugiabarcelona.com\/en\/pathologies\/vascular\/\" \/>\n<meta property=\"og:locale\" content=\"en_US\" \/>\n<meta property=\"og:type\" content=\"article\" \/>\n<meta property=\"og:title\" content=\"Vascular - Neurocirug\u00eda Barcelona\" \/>\n<meta property=\"og:description\" content=\"Cerebrovascular diseases include a whole series of pathologies affecting cerebral vessels. It is a type of sub-speciality on a neurosurgery and complex neurological level and requires vast experience in this field and a multidisciplinary team. In general affectation of the vessels may cause two disorders: Cerebral haemorrhage (Effusion): with bleeding in a brain area. In ...\" \/>\n<meta property=\"og:url\" content=\"https:\/\/www.neurocirugiabarcelona.com\/en\/pathologies\/vascular\/\" \/>\n<meta property=\"og:site_name\" content=\"Neurocirug\u00eda Barcelona\" \/>\n<meta property=\"article:modified_time\" content=\"2019-02-14T16:20:02+00:00\" \/>\n<meta name=\"twitter:card\" content=\"summary_large_image\" \/>\n<meta name=\"twitter:label1\" content=\"Est. reading time\" \/>\n\t<meta name=\"twitter:data1\" content=\"2 minutes\" \/>\n<script type=\"application\/ld+json\" class=\"yoast-schema-graph\">{\"@context\":\"https:\/\/schema.org\",\"@graph\":[{\"@type\":\"WebPage\",\"@id\":\"https:\/\/www.neurocirugiabarcelona.com\/en\/pathologies\/vascular\/\",\"url\":\"https:\/\/www.neurocirugiabarcelona.com\/en\/pathologies\/vascular\/\",\"name\":\"Vascular - Neurocirug\u00eda Barcelona\",\"isPartOf\":{\"@id\":\"https:\/\/www.neurocirugiabarcelona.com\/#website\"},\"datePublished\":\"2016-06-09T08:52:29+00:00\",\"dateModified\":\"2019-02-14T16:20:02+00:00\",\"breadcrumb\":{\"@id\":\"https:\/\/www.neurocirugiabarcelona.com\/en\/pathologies\/vascular\/#breadcrumb\"},\"inLanguage\":\"en-US\",\"potentialAction\":[{\"@type\":\"ReadAction\",\"target\":[\"https:\/\/www.neurocirugiabarcelona.com\/en\/pathologies\/vascular\/\"]}]},{\"@type\":\"BreadcrumbList\",\"@id\":\"https:\/\/www.neurocirugiabarcelona.com\/en\/pathologies\/vascular\/#breadcrumb\",\"itemListElement\":[{\"@type\":\"ListItem\",\"position\":1,\"name\":\"Portada\",\"item\":\"https:\/\/www.neurocirugiabarcelona.com\/en\/\"},{\"@type\":\"ListItem\",\"position\":2,\"name\":\"Pathologies\",\"item\":\"https:\/\/www.neurocirugiabarcelona.com\/en\/pathologies\/\"},{\"@type\":\"ListItem\",\"position\":3,\"name\":\"Vascular\"}]},{\"@type\":\"WebSite\",\"@id\":\"https:\/\/www.neurocirugiabarcelona.com\/#website\",\"url\":\"https:\/\/www.neurocirugiabarcelona.com\/\",\"name\":\"Neurocirug\u00eda Barcelona\",\"description\":\"Tratamiento integral de las patolog\u00edas neuroquir\u00fargicas mediante una visi\u00f3n multidisciplinar\",\"potentialAction\":[{\"@type\":\"SearchAction\",\"target\":{\"@type\":\"EntryPoint\",\"urlTemplate\":\"https:\/\/www.neurocirugiabarcelona.com\/?s={search_term_string}\"},\"query-input\":\"required name=search_term_string\"}],\"inLanguage\":\"en-US\"}]}<\/script>\n<!-- \/ Yoast SEO plugin. -->","yoast_head_json":{"title":"Vascular - Neurocirug\u00eda Barcelona","robots":{"index":"index","follow":"follow","max-snippet":"max-snippet:-1","max-image-preview":"max-image-preview:large","max-video-preview":"max-video-preview:-1"},"canonical":"https:\/\/www.neurocirugiabarcelona.com\/en\/pathologies\/vascular\/","og_locale":"en_US","og_type":"article","og_title":"Vascular - Neurocirug\u00eda Barcelona","og_description":"Cerebrovascular diseases include a whole series of pathologies affecting cerebral vessels. It is a type of sub-speciality on a neurosurgery and complex neurological level and requires vast experience in this field and a multidisciplinary team. In general affectation of the vessels may cause two disorders: Cerebral haemorrhage (Effusion): with bleeding in a brain area. In ...","og_url":"https:\/\/www.neurocirugiabarcelona.com\/en\/pathologies\/vascular\/","og_site_name":"Neurocirug\u00eda Barcelona","article_modified_time":"2019-02-14T16:20:02+00:00","twitter_card":"summary_large_image","twitter_misc":{"Est. reading time":"2 minutes"},"schema":{"@context":"https:\/\/schema.org","@graph":[{"@type":"WebPage","@id":"https:\/\/www.neurocirugiabarcelona.com\/en\/pathologies\/vascular\/","url":"https:\/\/www.neurocirugiabarcelona.com\/en\/pathologies\/vascular\/","name":"Vascular - Neurocirug\u00eda Barcelona","isPartOf":{"@id":"https:\/\/www.neurocirugiabarcelona.com\/#website"},"datePublished":"2016-06-09T08:52:29+00:00","dateModified":"2019-02-14T16:20:02+00:00","breadcrumb":{"@id":"https:\/\/www.neurocirugiabarcelona.com\/en\/pathologies\/vascular\/#breadcrumb"},"inLanguage":"en-US","potentialAction":[{"@type":"ReadAction","target":["https:\/\/www.neurocirugiabarcelona.com\/en\/pathologies\/vascular\/"]}]},{"@type":"BreadcrumbList","@id":"https:\/\/www.neurocirugiabarcelona.com\/en\/pathologies\/vascular\/#breadcrumb","itemListElement":[{"@type":"ListItem","position":1,"name":"Portada","item":"https:\/\/www.neurocirugiabarcelona.com\/en\/"},{"@type":"ListItem","position":2,"name":"Pathologies","item":"https:\/\/www.neurocirugiabarcelona.com\/en\/pathologies\/"},{"@type":"ListItem","position":3,"name":"Vascular"}]},{"@type":"WebSite","@id":"https:\/\/www.neurocirugiabarcelona.com\/#website","url":"https:\/\/www.neurocirugiabarcelona.com\/","name":"Neurocirug\u00eda Barcelona","description":"Tratamiento integral de las patolog\u00edas neuroquir\u00fargicas mediante una visi\u00f3n multidisciplinar","potentialAction":[{"@type":"SearchAction","target":{"@type":"EntryPoint","urlTemplate":"https:\/\/www.neurocirugiabarcelona.com\/?s={search_term_string}"},"query-input":"required name=search_term_string"}],"inLanguage":"en-US"}]}},"_links":{"self":[{"href":"https:\/\/www.neurocirugiabarcelona.com\/en\/wp-json\/wp\/v2\/pages\/11993"}],"collection":[{"href":"https:\/\/www.neurocirugiabarcelona.com\/en\/wp-json\/wp\/v2\/pages"}],"about":[{"href":"https:\/\/www.neurocirugiabarcelona.com\/en\/wp-json\/wp\/v2\/types\/page"}],"author":[{"embeddable":true,"href":"https:\/\/www.neurocirugiabarcelona.com\/en\/wp-json\/wp\/v2\/users\/2"}],"replies":[{"embeddable":true,"href":"https:\/\/www.neurocirugiabarcelona.com\/en\/wp-json\/wp\/v2\/comments?post=11993"}],"version-history":[{"count":4,"href":"https:\/\/www.neurocirugiabarcelona.com\/en\/wp-json\/wp\/v2\/pages\/11993\/revisions"}],"predecessor-version":[{"id":12360,"href":"https:\/\/www.neurocirugiabarcelona.com\/en\/wp-json\/wp\/v2\/pages\/11993\/revisions\/12360"}],"up":[{"embeddable":true,"href":"https:\/\/www.neurocirugiabarcelona.com\/en\/wp-json\/wp\/v2\/pages\/11772"}],"wp:attachment":[{"href":"https:\/\/www.neurocirugiabarcelona.com\/en\/wp-json\/wp\/v2\/media?parent=11993"}],"curies":[{"name":"wp","href":"https:\/\/api.w.org\/{rel}","templated":true}]}}