{"id":11989,"date":"2016-06-09T08:33:34","date_gmt":"2016-06-09T07:33:34","guid":{"rendered":"https:\/\/www.neurocirugiabarcelona.com\/patologias\/tumores-raquideos\/"},"modified":"2019-02-07T19:16:35","modified_gmt":"2019-02-07T18:16:35","slug":"spinal-cord-tumours","status":"publish","type":"page","link":"https:\/\/www.neurocirugiabarcelona.com\/en\/pathologies\/spinal-cord-tumours\/","title":{"rendered":"Spinal cord tumours"},"content":{"rendered":"<p>Within the tumoural diseases of the spinal column there must be a differentiation with that associated with the bony structure: metastasis, haemangiomas, etc. and those associated with neurological tissue: <strong>meningiomas<\/strong>, <strong>neuromas<\/strong>, <strong>ependymomas<\/strong>\u2026<\/p>\n<p>This pathology must be assessed from two points of view, the neurological situation these tumours could cause with progressive neurological deficits and evaluation of possible spinal instability, of special important in cases of lesions affecting the vertebrae.<\/p>\n<p>Depending of the location of the lesion, the deficits may affect all four limbs, in the case of cervical lesions or only affect the lower extremities when the lesion is located at a dorsal or lumbar level.<\/p>\n<p>The most frequent lesions are those affecting vertebrae, metastasis in the majority of the cases, bone tumours that originate in the vertebrae are much less frequent. The majority of intradural tumours are extramedullary, meningiomas and neuromas in almost all cases. Intramedullary tumours constitute 10% of all spinal cord tumours (<strong>astrocytomas<\/strong> and <strong>ependymomas<\/strong> in the majority of cases).<\/p>\n<p><a href=\"http:\/\/www.neurocirugiabarcelona.com\/wp-content\/uploads\/2016\/06\/Tumores-Raquideos-Neurinoma.jpg\" rel=\"lightbox[11989]\"><img decoding=\"async\" loading=\"lazy\" src=\"http:\/\/www.neurocirugiabarcelona.com\/wp-content\/uploads\/2016\/06\/Tumores-Raquideos-Neurinoma-300x211.jpg\" alt=\"Tumores Raqu\u00eddeos\" width=\"300\" height=\"211\" class=\"aligncenter size-medium wp-image-10952\" srcset=\"https:\/\/www.neurocirugiabarcelona.com\/wp-content\/uploads\/2016\/06\/Tumores-Raquideos-Neurinoma-300x211.jpg 300w, https:\/\/www.neurocirugiabarcelona.com\/wp-content\/uploads\/2016\/06\/Tumores-Raquideos-Neurinoma-768x540.jpg 768w, https:\/\/www.neurocirugiabarcelona.com\/wp-content\/uploads\/2016\/06\/Tumores-Raquideos-Neurinoma-370x260.jpg 370w, https:\/\/www.neurocirugiabarcelona.com\/wp-content\/uploads\/2016\/06\/Tumores-Raquideos-Neurinoma.jpg 800w\" sizes=\"(max-width: 300px) 100vw, 300px\" \/><\/a><\/p>\n","protected":false},"excerpt":{"rendered":"<p>Within the tumoural diseases of the spinal column there must be a differentiation with that associated with the bony structure: metastasis, haemangiomas, etc. and those associated with neurological tissue: meningiomas, neuromas, ependymomas\u2026 This pathology must be assessed from two points of view, the neurological situation these tumours could cause with progressive neurological deficits and evaluation &#8230;<\/p>\n","protected":false},"author":2,"featured_media":0,"parent":11772,"menu_order":9,"comment_status":"closed","ping_status":"closed","template":"","meta":[],"yoast_head":"<!-- This site is optimized with the Yoast SEO plugin v20.11 - https:\/\/yoast.com\/wordpress\/plugins\/seo\/ -->\n<title>Spinal cord tumours - Neurocirug\u00eda Barcelona<\/title>\n<meta name=\"robots\" content=\"index, follow, max-snippet:-1, max-image-preview:large, max-video-preview:-1\" \/>\n<link rel=\"canonical\" href=\"https:\/\/www.neurocirugiabarcelona.com\/patologias\/tumores-raquideos\/\" \/>\n<meta property=\"og:locale\" content=\"en_US\" \/>\n<meta property=\"og:type\" content=\"article\" \/>\n<meta property=\"og:title\" content=\"Spinal cord tumours - Neurocirug\u00eda Barcelona\" \/>\n<meta property=\"og:description\" content=\"Within the tumoural diseases of the spinal column there must be a differentiation with that associated with the bony structure: metastasis, haemangiomas, etc. and those associated with neurological tissue: meningiomas, neuromas, ependymomas\u2026 This pathology must be assessed from two points of view, the neurological situation these tumours could cause with progressive neurological deficits and evaluation ...\" \/>\n<meta property=\"og:url\" content=\"https:\/\/www.neurocirugiabarcelona.com\/patologias\/tumores-raquideos\/\" \/>\n<meta property=\"og:site_name\" content=\"Neurocirug\u00eda Barcelona\" \/>\n<meta property=\"article:modified_time\" content=\"2019-02-07T18:16:35+00:00\" \/>\n<meta property=\"og:image\" content=\"http:\/\/www.neurocirugiabarcelona.com\/wp-content\/uploads\/2016\/06\/Tumores-Raquideos-Neurinoma-300x211.jpg\" \/>\n<meta name=\"twitter:card\" content=\"summary_large_image\" \/>\n<meta name=\"twitter:label1\" content=\"Est. reading time\" \/>\n\t<meta name=\"twitter:data1\" content=\"1 minute\" \/>\n<script type=\"application\/ld+json\" class=\"yoast-schema-graph\">{\"@context\":\"https:\/\/schema.org\",\"@graph\":[{\"@type\":\"WebPage\",\"@id\":\"https:\/\/www.neurocirugiabarcelona.com\/patologias\/tumores-raquideos\/\",\"url\":\"https:\/\/www.neurocirugiabarcelona.com\/patologias\/tumores-raquideos\/\",\"name\":\"Spinal cord tumours - Neurocirug\u00eda Barcelona\",\"isPartOf\":{\"@id\":\"https:\/\/www.neurocirugiabarcelona.com\/#website\"},\"datePublished\":\"2016-06-09T07:33:34+00:00\",\"dateModified\":\"2019-02-07T18:16:35+00:00\",\"breadcrumb\":{\"@id\":\"https:\/\/www.neurocirugiabarcelona.com\/patologias\/tumores-raquideos\/#breadcrumb\"},\"inLanguage\":\"en-US\",\"potentialAction\":[{\"@type\":\"ReadAction\",\"target\":[\"https:\/\/www.neurocirugiabarcelona.com\/patologias\/tumores-raquideos\/\"]}]},{\"@type\":\"BreadcrumbList\",\"@id\":\"https:\/\/www.neurocirugiabarcelona.com\/patologias\/tumores-raquideos\/#breadcrumb\",\"itemListElement\":[{\"@type\":\"ListItem\",\"position\":1,\"name\":\"Portada\",\"item\":\"https:\/\/www.neurocirugiabarcelona.com\/en\/\"},{\"@type\":\"ListItem\",\"position\":2,\"name\":\"Pathologies\",\"item\":\"https:\/\/www.neurocirugiabarcelona.com\/en\/pathologies\/\"},{\"@type\":\"ListItem\",\"position\":3,\"name\":\"Spinal cord tumours\"}]},{\"@type\":\"WebSite\",\"@id\":\"https:\/\/www.neurocirugiabarcelona.com\/#website\",\"url\":\"https:\/\/www.neurocirugiabarcelona.com\/\",\"name\":\"Neurocirug\u00eda Barcelona\",\"description\":\"Tratamiento integral de las patolog\u00edas neuroquir\u00fargicas mediante una visi\u00f3n multidisciplinar\",\"potentialAction\":[{\"@type\":\"SearchAction\",\"target\":{\"@type\":\"EntryPoint\",\"urlTemplate\":\"https:\/\/www.neurocirugiabarcelona.com\/?s={search_term_string}\"},\"query-input\":\"required name=search_term_string\"}],\"inLanguage\":\"en-US\"}]}<\/script>\n<!-- \/ Yoast SEO plugin. -->","yoast_head_json":{"title":"Spinal cord tumours - Neurocirug\u00eda Barcelona","robots":{"index":"index","follow":"follow","max-snippet":"max-snippet:-1","max-image-preview":"max-image-preview:large","max-video-preview":"max-video-preview:-1"},"canonical":"https:\/\/www.neurocirugiabarcelona.com\/patologias\/tumores-raquideos\/","og_locale":"en_US","og_type":"article","og_title":"Spinal cord tumours - Neurocirug\u00eda Barcelona","og_description":"Within the tumoural diseases of the spinal column there must be a differentiation with that associated with the bony structure: metastasis, haemangiomas, etc. and those associated with neurological tissue: meningiomas, neuromas, ependymomas\u2026 This pathology must be assessed from two points of view, the neurological situation these tumours could cause with progressive neurological deficits and evaluation ...","og_url":"https:\/\/www.neurocirugiabarcelona.com\/patologias\/tumores-raquideos\/","og_site_name":"Neurocirug\u00eda Barcelona","article_modified_time":"2019-02-07T18:16:35+00:00","og_image":[{"url":"http:\/\/www.neurocirugiabarcelona.com\/wp-content\/uploads\/2016\/06\/Tumores-Raquideos-Neurinoma-300x211.jpg"}],"twitter_card":"summary_large_image","twitter_misc":{"Est. reading time":"1 minute"},"schema":{"@context":"https:\/\/schema.org","@graph":[{"@type":"WebPage","@id":"https:\/\/www.neurocirugiabarcelona.com\/patologias\/tumores-raquideos\/","url":"https:\/\/www.neurocirugiabarcelona.com\/patologias\/tumores-raquideos\/","name":"Spinal cord tumours - Neurocirug\u00eda Barcelona","isPartOf":{"@id":"https:\/\/www.neurocirugiabarcelona.com\/#website"},"datePublished":"2016-06-09T07:33:34+00:00","dateModified":"2019-02-07T18:16:35+00:00","breadcrumb":{"@id":"https:\/\/www.neurocirugiabarcelona.com\/patologias\/tumores-raquideos\/#breadcrumb"},"inLanguage":"en-US","potentialAction":[{"@type":"ReadAction","target":["https:\/\/www.neurocirugiabarcelona.com\/patologias\/tumores-raquideos\/"]}]},{"@type":"BreadcrumbList","@id":"https:\/\/www.neurocirugiabarcelona.com\/patologias\/tumores-raquideos\/#breadcrumb","itemListElement":[{"@type":"ListItem","position":1,"name":"Portada","item":"https:\/\/www.neurocirugiabarcelona.com\/en\/"},{"@type":"ListItem","position":2,"name":"Pathologies","item":"https:\/\/www.neurocirugiabarcelona.com\/en\/pathologies\/"},{"@type":"ListItem","position":3,"name":"Spinal cord tumours"}]},{"@type":"WebSite","@id":"https:\/\/www.neurocirugiabarcelona.com\/#website","url":"https:\/\/www.neurocirugiabarcelona.com\/","name":"Neurocirug\u00eda Barcelona","description":"Tratamiento integral de las patolog\u00edas neuroquir\u00fargicas mediante una visi\u00f3n multidisciplinar","potentialAction":[{"@type":"SearchAction","target":{"@type":"EntryPoint","urlTemplate":"https:\/\/www.neurocirugiabarcelona.com\/?s={search_term_string}"},"query-input":"required name=search_term_string"}],"inLanguage":"en-US"}]}},"_links":{"self":[{"href":"https:\/\/www.neurocirugiabarcelona.com\/en\/wp-json\/wp\/v2\/pages\/11989"}],"collection":[{"href":"https:\/\/www.neurocirugiabarcelona.com\/en\/wp-json\/wp\/v2\/pages"}],"about":[{"href":"https:\/\/www.neurocirugiabarcelona.com\/en\/wp-json\/wp\/v2\/types\/page"}],"author":[{"embeddable":true,"href":"https:\/\/www.neurocirugiabarcelona.com\/en\/wp-json\/wp\/v2\/users\/2"}],"replies":[{"embeddable":true,"href":"https:\/\/www.neurocirugiabarcelona.com\/en\/wp-json\/wp\/v2\/comments?post=11989"}],"version-history":[{"count":2,"href":"https:\/\/www.neurocirugiabarcelona.com\/en\/wp-json\/wp\/v2\/pages\/11989\/revisions"}],"predecessor-version":[{"id":11991,"href":"https:\/\/www.neurocirugiabarcelona.com\/en\/wp-json\/wp\/v2\/pages\/11989\/revisions\/11991"}],"up":[{"embeddable":true,"href":"https:\/\/www.neurocirugiabarcelona.com\/en\/wp-json\/wp\/v2\/pages\/11772"}],"wp:attachment":[{"href":"https:\/\/www.neurocirugiabarcelona.com\/en\/wp-json\/wp\/v2\/media?parent=11989"}],"curies":[{"name":"wp","href":"https:\/\/api.w.org\/{rel}","templated":true}]}}