{"id":11975,"date":"2016-06-09T08:31:13","date_gmt":"2016-06-09T07:31:13","guid":{"rendered":"https:\/\/www.neurocirugiabarcelona.com\/patologias\/sistema-nervioso-periferico\/"},"modified":"2019-02-14T17:09:28","modified_gmt":"2019-02-14T16:09:28","slug":"peripheral-nervous-system","status":"publish","type":"page","link":"https:\/\/www.neurocirugiabarcelona.com\/en\/pathologies\/peripheral-nervous-system\/","title":{"rendered":"Peripheral nervous system"},"content":{"rendered":"<p>The PNS is comprised of all cranial and spinal cord nerves and their ganglions. Every nerve is composed of thousands of small cables (axons). These axons are responsible for transmitting information along the nerve. Whenever a lesion occurs on a peripheral nerve, the damaged part is the axon, which unlike the neuronal body presents a certain regenerative capacity.<br \/>\nThis section concentrates on the nerves originating in the spinal cord as pathologies affecting cranial nerves are discussed in other sections.<\/p>\n<p>The pathologies affecting the PNS can be differentiated as:<\/p>\n<p>Traumatic, such as the severing of a nerve.<br \/>\nDegenerative such as the compression of nerves at some point of their length such as Carpal tunnel syndrome.<\/p>\n<p><div class=\"one_third\"><a href=\"https:\/\/www.neurocirugiabarcelona.com\/en\/pathologies\/peripheral-nervous-system\/carpal-tunnel-syndrome\/\" target=\"\" style=\"color:#fff\"><div class=\"pmc-button pmc-round-button\" style=\"background-color:#ff505a;border-color:#a01e3c\">Carpal tunnel syndrome<\/div><\/a><\/div><div class=\"one_third\"><a href=\"https:\/\/www.neurocirugiabarcelona.com\/en\/pathologies\/peripheral-nervous-system\/traumatic-microsurgery\/\" target=\"\" style=\"color:#fff\"><div class=\"pmc-button pmc-round-button\" style=\"background-color:#ff505a;border-color:#a01e3c\"> (Traumatic) Microsurgery<\/div><\/a><\/div><div class=\"one_third last\"><a href=\"https:\/\/www.neurocirugiabarcelona.com\/en\/pathologies\/peripheral-nervous-system\/brachial-plexus-damage\/\" target=\"\" style=\"color:#fff\"><div class=\"pmc-button pmc-round-button\" style=\"background-color:#ff505a;border-color:#a01e3c\">Brachial plexus damage<\/div><\/a><\/div><\/p>\n<p>&nbsp;<\/p>\n<p>&nbsp;<\/p>\n","protected":false},"excerpt":{"rendered":"<p>The PNS is comprised of all cranial and spinal cord nerves and their ganglions. Every nerve is composed of thousands of small cables (axons). These axons are responsible for transmitting information along the nerve. Whenever a lesion occurs on a peripheral nerve, the damaged part is the axon, which unlike the neuronal body presents a &#8230;<\/p>\n","protected":false},"author":2,"featured_media":0,"parent":11772,"menu_order":8,"comment_status":"closed","ping_status":"closed","template":"","meta":[],"yoast_head":"<!-- This site is optimized with the Yoast SEO plugin v20.11 - https:\/\/yoast.com\/wordpress\/plugins\/seo\/ -->\n<title>Peripheral nervous system - Neurocirug\u00eda Barcelona<\/title>\n<meta name=\"robots\" content=\"index, follow, max-snippet:-1, max-image-preview:large, max-video-preview:-1\" \/>\n<link rel=\"canonical\" href=\"https:\/\/www.neurocirugiabarcelona.com\/patologias\/sistema-nervioso-periferico\/\" \/>\n<meta property=\"og:locale\" content=\"en_US\" \/>\n<meta property=\"og:type\" content=\"article\" \/>\n<meta property=\"og:title\" content=\"Peripheral nervous system - Neurocirug\u00eda Barcelona\" \/>\n<meta property=\"og:description\" content=\"The PNS is comprised of all cranial and spinal cord nerves and their ganglions. Every nerve is composed of thousands of small cables (axons). These axons are responsible for transmitting information along the nerve. Whenever a lesion occurs on a peripheral nerve, the damaged part is the axon, which unlike the neuronal body presents a ...\" \/>\n<meta property=\"og:url\" content=\"https:\/\/www.neurocirugiabarcelona.com\/patologias\/sistema-nervioso-periferico\/\" \/>\n<meta property=\"og:site_name\" content=\"Neurocirug\u00eda Barcelona\" \/>\n<meta property=\"article:modified_time\" content=\"2019-02-14T16:09:28+00:00\" \/>\n<meta name=\"twitter:card\" content=\"summary_large_image\" \/>\n<meta name=\"twitter:label1\" content=\"Est. reading time\" \/>\n\t<meta name=\"twitter:data1\" content=\"1 minute\" \/>\n<script type=\"application\/ld+json\" class=\"yoast-schema-graph\">{\"@context\":\"https:\/\/schema.org\",\"@graph\":[{\"@type\":\"WebPage\",\"@id\":\"https:\/\/www.neurocirugiabarcelona.com\/patologias\/sistema-nervioso-periferico\/\",\"url\":\"https:\/\/www.neurocirugiabarcelona.com\/patologias\/sistema-nervioso-periferico\/\",\"name\":\"Peripheral nervous system - Neurocirug\u00eda Barcelona\",\"isPartOf\":{\"@id\":\"https:\/\/www.neurocirugiabarcelona.com\/#website\"},\"datePublished\":\"2016-06-09T07:31:13+00:00\",\"dateModified\":\"2019-02-14T16:09:28+00:00\",\"breadcrumb\":{\"@id\":\"https:\/\/www.neurocirugiabarcelona.com\/patologias\/sistema-nervioso-periferico\/#breadcrumb\"},\"inLanguage\":\"en-US\",\"potentialAction\":[{\"@type\":\"ReadAction\",\"target\":[\"https:\/\/www.neurocirugiabarcelona.com\/patologias\/sistema-nervioso-periferico\/\"]}]},{\"@type\":\"BreadcrumbList\",\"@id\":\"https:\/\/www.neurocirugiabarcelona.com\/patologias\/sistema-nervioso-periferico\/#breadcrumb\",\"itemListElement\":[{\"@type\":\"ListItem\",\"position\":1,\"name\":\"Portada\",\"item\":\"https:\/\/www.neurocirugiabarcelona.com\/en\/\"},{\"@type\":\"ListItem\",\"position\":2,\"name\":\"Pathologies\",\"item\":\"https:\/\/www.neurocirugiabarcelona.com\/en\/pathologies\/\"},{\"@type\":\"ListItem\",\"position\":3,\"name\":\"Peripheral nervous system\"}]},{\"@type\":\"WebSite\",\"@id\":\"https:\/\/www.neurocirugiabarcelona.com\/#website\",\"url\":\"https:\/\/www.neurocirugiabarcelona.com\/\",\"name\":\"Neurocirug\u00eda Barcelona\",\"description\":\"Tratamiento integral de las patolog\u00edas neuroquir\u00fargicas mediante una visi\u00f3n multidisciplinar\",\"potentialAction\":[{\"@type\":\"SearchAction\",\"target\":{\"@type\":\"EntryPoint\",\"urlTemplate\":\"https:\/\/www.neurocirugiabarcelona.com\/?s={search_term_string}\"},\"query-input\":\"required name=search_term_string\"}],\"inLanguage\":\"en-US\"}]}<\/script>\n<!-- \/ Yoast SEO plugin. -->","yoast_head_json":{"title":"Peripheral nervous system - Neurocirug\u00eda Barcelona","robots":{"index":"index","follow":"follow","max-snippet":"max-snippet:-1","max-image-preview":"max-image-preview:large","max-video-preview":"max-video-preview:-1"},"canonical":"https:\/\/www.neurocirugiabarcelona.com\/patologias\/sistema-nervioso-periferico\/","og_locale":"en_US","og_type":"article","og_title":"Peripheral nervous system - Neurocirug\u00eda Barcelona","og_description":"The PNS is comprised of all cranial and spinal cord nerves and their ganglions. Every nerve is composed of thousands of small cables (axons). These axons are responsible for transmitting information along the nerve. Whenever a lesion occurs on a peripheral nerve, the damaged part is the axon, which unlike the neuronal body presents a ...","og_url":"https:\/\/www.neurocirugiabarcelona.com\/patologias\/sistema-nervioso-periferico\/","og_site_name":"Neurocirug\u00eda Barcelona","article_modified_time":"2019-02-14T16:09:28+00:00","twitter_card":"summary_large_image","twitter_misc":{"Est. reading time":"1 minute"},"schema":{"@context":"https:\/\/schema.org","@graph":[{"@type":"WebPage","@id":"https:\/\/www.neurocirugiabarcelona.com\/patologias\/sistema-nervioso-periferico\/","url":"https:\/\/www.neurocirugiabarcelona.com\/patologias\/sistema-nervioso-periferico\/","name":"Peripheral nervous system - Neurocirug\u00eda Barcelona","isPartOf":{"@id":"https:\/\/www.neurocirugiabarcelona.com\/#website"},"datePublished":"2016-06-09T07:31:13+00:00","dateModified":"2019-02-14T16:09:28+00:00","breadcrumb":{"@id":"https:\/\/www.neurocirugiabarcelona.com\/patologias\/sistema-nervioso-periferico\/#breadcrumb"},"inLanguage":"en-US","potentialAction":[{"@type":"ReadAction","target":["https:\/\/www.neurocirugiabarcelona.com\/patologias\/sistema-nervioso-periferico\/"]}]},{"@type":"BreadcrumbList","@id":"https:\/\/www.neurocirugiabarcelona.com\/patologias\/sistema-nervioso-periferico\/#breadcrumb","itemListElement":[{"@type":"ListItem","position":1,"name":"Portada","item":"https:\/\/www.neurocirugiabarcelona.com\/en\/"},{"@type":"ListItem","position":2,"name":"Pathologies","item":"https:\/\/www.neurocirugiabarcelona.com\/en\/pathologies\/"},{"@type":"ListItem","position":3,"name":"Peripheral nervous system"}]},{"@type":"WebSite","@id":"https:\/\/www.neurocirugiabarcelona.com\/#website","url":"https:\/\/www.neurocirugiabarcelona.com\/","name":"Neurocirug\u00eda Barcelona","description":"Tratamiento integral de las patolog\u00edas neuroquir\u00fargicas mediante una visi\u00f3n multidisciplinar","potentialAction":[{"@type":"SearchAction","target":{"@type":"EntryPoint","urlTemplate":"https:\/\/www.neurocirugiabarcelona.com\/?s={search_term_string}"},"query-input":"required name=search_term_string"}],"inLanguage":"en-US"}]}},"_links":{"self":[{"href":"https:\/\/www.neurocirugiabarcelona.com\/en\/wp-json\/wp\/v2\/pages\/11975"}],"collection":[{"href":"https:\/\/www.neurocirugiabarcelona.com\/en\/wp-json\/wp\/v2\/pages"}],"about":[{"href":"https:\/\/www.neurocirugiabarcelona.com\/en\/wp-json\/wp\/v2\/types\/page"}],"author":[{"embeddable":true,"href":"https:\/\/www.neurocirugiabarcelona.com\/en\/wp-json\/wp\/v2\/users\/2"}],"replies":[{"embeddable":true,"href":"https:\/\/www.neurocirugiabarcelona.com\/en\/wp-json\/wp\/v2\/comments?post=11975"}],"version-history":[{"count":4,"href":"https:\/\/www.neurocirugiabarcelona.com\/en\/wp-json\/wp\/v2\/pages\/11975\/revisions"}],"predecessor-version":[{"id":12356,"href":"https:\/\/www.neurocirugiabarcelona.com\/en\/wp-json\/wp\/v2\/pages\/11975\/revisions\/12356"}],"up":[{"embeddable":true,"href":"https:\/\/www.neurocirugiabarcelona.com\/en\/wp-json\/wp\/v2\/pages\/11772"}],"wp:attachment":[{"href":"https:\/\/www.neurocirugiabarcelona.com\/en\/wp-json\/wp\/v2\/media?parent=11975"}],"curies":[{"name":"wp","href":"https:\/\/api.w.org\/{rel}","templated":true}]}}