{"id":11957,"date":"2017-02-07T10:19:36","date_gmt":"2017-02-07T09:19:36","guid":{"rendered":"https:\/\/www.neurocirugiabarcelona.com\/patologias\/cirugia-de-dolor\/cefalea\/tratamiento-quirurgico-del-dolor-facial-atipico-neuralgia-atipica\/"},"modified":"2019-02-14T17:02:31","modified_gmt":"2019-02-14T16:02:31","slug":"surgical-treatment-of-atypical-facial-pain-atypical-neuralgia","status":"publish","type":"page","link":"https:\/\/www.neurocirugiabarcelona.com\/en\/pathologies\/surgery-for-chronic-pain\/headache\/surgical-treatment-of-atypical-facial-pain-atypical-neuralgia\/","title":{"rendered":"Surgical treatment of atypical facial pain \/ atypical neuralgia"},"content":{"rendered":"<p>Atypical facial pain also known as atypical neuralgia is a type of pain of difficult diagnosis as it does not meet the diagnostic criteria of other types of headache, or complies with various characteristics of several types of headaches.<\/p>\n<p>When pharmacological treatment is not sufficient, the following surgical technique is available:<\/p>\n<p>STIMULATION OF THE PTERYGOPALATINE GANGLION<\/p>\n<p>&nbsp;<\/p>\n<a href=\"https:\/\/www.neurocirugiabarcelona.com\/en\/pathologies\/surgery-for-chronic-pain\/headache\/\" target=\"\" style=\"color:#fff\"><div class=\"pmc-button pmc-icon-button\" style=\"background-color:#ff505a;border-color:#a01e3c\"><div class=\"button-icon-icon\"><i class=\"fa fa-link\"><\/i><\/div><div class=\"button_icon-content\">Back to Headache<\/div><\/div><\/a>\n<p>&nbsp;<\/p>\n<p>&nbsp;<\/p>\n","protected":false},"excerpt":{"rendered":"<p>Atypical facial pain also known as atypical neuralgia is a type of pain of difficult diagnosis as it does not meet the diagnostic criteria of other types of headache, or complies with various characteristics of several types of headaches. When pharmacological treatment is not sufficient, the following surgical technique is available: STIMULATION OF THE PTERYGOPALATINE &#8230;<\/p>\n","protected":false},"author":2,"featured_media":0,"parent":11930,"menu_order":5,"comment_status":"closed","ping_status":"closed","template":"","meta":[],"yoast_head":"<!-- This site is optimized with the Yoast SEO plugin v20.11 - https:\/\/yoast.com\/wordpress\/plugins\/seo\/ -->\n<title>Surgical treatment of atypical facial pain \/ atypical neuralgia - Neurocirug\u00eda Barcelona<\/title>\n<meta name=\"robots\" content=\"index, follow, max-snippet:-1, max-image-preview:large, max-video-preview:-1\" \/>\n<link rel=\"canonical\" href=\"https:\/\/www.neurocirugiabarcelona.com\/patologias\/cirugia-de-dolor\/cefalea\/tratamiento-quirurgico-del-dolor-facial-atipico-neuralgia-atipica\/\" \/>\n<meta property=\"og:locale\" content=\"en_US\" \/>\n<meta property=\"og:type\" content=\"article\" \/>\n<meta property=\"og:title\" content=\"Surgical treatment of atypical facial pain \/ atypical neuralgia - Neurocirug\u00eda Barcelona\" \/>\n<meta property=\"og:description\" content=\"Atypical facial pain also known as atypical neuralgia is a type of pain of difficult diagnosis as it does not meet the diagnostic criteria of other types of headache, or complies with various characteristics of several types of headaches. When pharmacological treatment is not sufficient, the following surgical technique is available: STIMULATION OF THE PTERYGOPALATINE ...\" \/>\n<meta property=\"og:url\" content=\"https:\/\/www.neurocirugiabarcelona.com\/patologias\/cirugia-de-dolor\/cefalea\/tratamiento-quirurgico-del-dolor-facial-atipico-neuralgia-atipica\/\" \/>\n<meta property=\"og:site_name\" content=\"Neurocirug\u00eda Barcelona\" \/>\n<meta property=\"article:modified_time\" content=\"2019-02-14T16:02:31+00:00\" \/>\n<meta name=\"twitter:card\" content=\"summary_large_image\" \/>\n<script type=\"application\/ld+json\" class=\"yoast-schema-graph\">{\"@context\":\"https:\/\/schema.org\",\"@graph\":[{\"@type\":\"WebPage\",\"@id\":\"https:\/\/www.neurocirugiabarcelona.com\/patologias\/cirugia-de-dolor\/cefalea\/tratamiento-quirurgico-del-dolor-facial-atipico-neuralgia-atipica\/\",\"url\":\"https:\/\/www.neurocirugiabarcelona.com\/patologias\/cirugia-de-dolor\/cefalea\/tratamiento-quirurgico-del-dolor-facial-atipico-neuralgia-atipica\/\",\"name\":\"Surgical treatment of atypical facial pain \/ atypical neuralgia - Neurocirug\u00eda Barcelona\",\"isPartOf\":{\"@id\":\"https:\/\/www.neurocirugiabarcelona.com\/#website\"},\"datePublished\":\"2017-02-07T09:19:36+00:00\",\"dateModified\":\"2019-02-14T16:02:31+00:00\",\"breadcrumb\":{\"@id\":\"https:\/\/www.neurocirugiabarcelona.com\/patologias\/cirugia-de-dolor\/cefalea\/tratamiento-quirurgico-del-dolor-facial-atipico-neuralgia-atipica\/#breadcrumb\"},\"inLanguage\":\"en-US\",\"potentialAction\":[{\"@type\":\"ReadAction\",\"target\":[\"https:\/\/www.neurocirugiabarcelona.com\/patologias\/cirugia-de-dolor\/cefalea\/tratamiento-quirurgico-del-dolor-facial-atipico-neuralgia-atipica\/\"]}]},{\"@type\":\"BreadcrumbList\",\"@id\":\"https:\/\/www.neurocirugiabarcelona.com\/patologias\/cirugia-de-dolor\/cefalea\/tratamiento-quirurgico-del-dolor-facial-atipico-neuralgia-atipica\/#breadcrumb\",\"itemListElement\":[{\"@type\":\"ListItem\",\"position\":1,\"name\":\"Portada\",\"item\":\"https:\/\/www.neurocirugiabarcelona.com\/en\/\"},{\"@type\":\"ListItem\",\"position\":2,\"name\":\"Pathologies\",\"item\":\"https:\/\/www.neurocirugiabarcelona.com\/en\/pathologies\/\"},{\"@type\":\"ListItem\",\"position\":3,\"name\":\"Surgery for Chronic Pain\",\"item\":\"https:\/\/www.neurocirugiabarcelona.com\/patologias\/cirugia-de-dolor\/\"},{\"@type\":\"ListItem\",\"position\":4,\"name\":\"Headache\",\"item\":\"https:\/\/www.neurocirugiabarcelona.com\/patologias\/cirugia-de-dolor\/cefalea\/\"},{\"@type\":\"ListItem\",\"position\":5,\"name\":\"Surgical treatment of atypical facial pain \/ atypical neuralgia\"}]},{\"@type\":\"WebSite\",\"@id\":\"https:\/\/www.neurocirugiabarcelona.com\/#website\",\"url\":\"https:\/\/www.neurocirugiabarcelona.com\/\",\"name\":\"Neurocirug\u00eda Barcelona\",\"description\":\"Tratamiento integral de las patolog\u00edas neuroquir\u00fargicas mediante una visi\u00f3n multidisciplinar\",\"potentialAction\":[{\"@type\":\"SearchAction\",\"target\":{\"@type\":\"EntryPoint\",\"urlTemplate\":\"https:\/\/www.neurocirugiabarcelona.com\/?s={search_term_string}\"},\"query-input\":\"required name=search_term_string\"}],\"inLanguage\":\"en-US\"}]}<\/script>\n<!-- \/ Yoast SEO plugin. -->","yoast_head_json":{"title":"Surgical treatment of atypical facial pain \/ atypical neuralgia - Neurocirug\u00eda Barcelona","robots":{"index":"index","follow":"follow","max-snippet":"max-snippet:-1","max-image-preview":"max-image-preview:large","max-video-preview":"max-video-preview:-1"},"canonical":"https:\/\/www.neurocirugiabarcelona.com\/patologias\/cirugia-de-dolor\/cefalea\/tratamiento-quirurgico-del-dolor-facial-atipico-neuralgia-atipica\/","og_locale":"en_US","og_type":"article","og_title":"Surgical treatment of atypical facial pain \/ atypical neuralgia - Neurocirug\u00eda Barcelona","og_description":"Atypical facial pain also known as atypical neuralgia is a type of pain of difficult diagnosis as it does not meet the diagnostic criteria of other types of headache, or complies with various characteristics of several types of headaches. When pharmacological treatment is not sufficient, the following surgical technique is available: STIMULATION OF THE PTERYGOPALATINE ...","og_url":"https:\/\/www.neurocirugiabarcelona.com\/patologias\/cirugia-de-dolor\/cefalea\/tratamiento-quirurgico-del-dolor-facial-atipico-neuralgia-atipica\/","og_site_name":"Neurocirug\u00eda Barcelona","article_modified_time":"2019-02-14T16:02:31+00:00","twitter_card":"summary_large_image","schema":{"@context":"https:\/\/schema.org","@graph":[{"@type":"WebPage","@id":"https:\/\/www.neurocirugiabarcelona.com\/patologias\/cirugia-de-dolor\/cefalea\/tratamiento-quirurgico-del-dolor-facial-atipico-neuralgia-atipica\/","url":"https:\/\/www.neurocirugiabarcelona.com\/patologias\/cirugia-de-dolor\/cefalea\/tratamiento-quirurgico-del-dolor-facial-atipico-neuralgia-atipica\/","name":"Surgical treatment of atypical facial pain \/ atypical neuralgia - Neurocirug\u00eda Barcelona","isPartOf":{"@id":"https:\/\/www.neurocirugiabarcelona.com\/#website"},"datePublished":"2017-02-07T09:19:36+00:00","dateModified":"2019-02-14T16:02:31+00:00","breadcrumb":{"@id":"https:\/\/www.neurocirugiabarcelona.com\/patologias\/cirugia-de-dolor\/cefalea\/tratamiento-quirurgico-del-dolor-facial-atipico-neuralgia-atipica\/#breadcrumb"},"inLanguage":"en-US","potentialAction":[{"@type":"ReadAction","target":["https:\/\/www.neurocirugiabarcelona.com\/patologias\/cirugia-de-dolor\/cefalea\/tratamiento-quirurgico-del-dolor-facial-atipico-neuralgia-atipica\/"]}]},{"@type":"BreadcrumbList","@id":"https:\/\/www.neurocirugiabarcelona.com\/patologias\/cirugia-de-dolor\/cefalea\/tratamiento-quirurgico-del-dolor-facial-atipico-neuralgia-atipica\/#breadcrumb","itemListElement":[{"@type":"ListItem","position":1,"name":"Portada","item":"https:\/\/www.neurocirugiabarcelona.com\/en\/"},{"@type":"ListItem","position":2,"name":"Pathologies","item":"https:\/\/www.neurocirugiabarcelona.com\/en\/pathologies\/"},{"@type":"ListItem","position":3,"name":"Surgery for Chronic Pain","item":"https:\/\/www.neurocirugiabarcelona.com\/patologias\/cirugia-de-dolor\/"},{"@type":"ListItem","position":4,"name":"Headache","item":"https:\/\/www.neurocirugiabarcelona.com\/patologias\/cirugia-de-dolor\/cefalea\/"},{"@type":"ListItem","position":5,"name":"Surgical treatment of atypical facial pain \/ atypical neuralgia"}]},{"@type":"WebSite","@id":"https:\/\/www.neurocirugiabarcelona.com\/#website","url":"https:\/\/www.neurocirugiabarcelona.com\/","name":"Neurocirug\u00eda Barcelona","description":"Tratamiento integral de las patolog\u00edas neuroquir\u00fargicas mediante una visi\u00f3n multidisciplinar","potentialAction":[{"@type":"SearchAction","target":{"@type":"EntryPoint","urlTemplate":"https:\/\/www.neurocirugiabarcelona.com\/?s={search_term_string}"},"query-input":"required name=search_term_string"}],"inLanguage":"en-US"}]}},"_links":{"self":[{"href":"https:\/\/www.neurocirugiabarcelona.com\/en\/wp-json\/wp\/v2\/pages\/11957"}],"collection":[{"href":"https:\/\/www.neurocirugiabarcelona.com\/en\/wp-json\/wp\/v2\/pages"}],"about":[{"href":"https:\/\/www.neurocirugiabarcelona.com\/en\/wp-json\/wp\/v2\/types\/page"}],"author":[{"embeddable":true,"href":"https:\/\/www.neurocirugiabarcelona.com\/en\/wp-json\/wp\/v2\/users\/2"}],"replies":[{"embeddable":true,"href":"https:\/\/www.neurocirugiabarcelona.com\/en\/wp-json\/wp\/v2\/comments?post=11957"}],"version-history":[{"count":2,"href":"https:\/\/www.neurocirugiabarcelona.com\/en\/wp-json\/wp\/v2\/pages\/11957\/revisions"}],"predecessor-version":[{"id":12346,"href":"https:\/\/www.neurocirugiabarcelona.com\/en\/wp-json\/wp\/v2\/pages\/11957\/revisions\/12346"}],"up":[{"embeddable":true,"href":"https:\/\/www.neurocirugiabarcelona.com\/en\/wp-json\/wp\/v2\/pages\/11930"}],"wp:attachment":[{"href":"https:\/\/www.neurocirugiabarcelona.com\/en\/wp-json\/wp\/v2\/media?parent=11957"}],"curies":[{"name":"wp","href":"https:\/\/api.w.org\/{rel}","templated":true}]}}