{"id":11953,"date":"2017-02-07T10:14:37","date_gmt":"2017-02-07T09:14:37","guid":{"rendered":"https:\/\/www.neurocirugiabarcelona.com\/patologias\/cirugia-de-dolor\/cefalea\/tratamiento-quirurgico-del-dolor-neuropatico-facial\/"},"modified":"2019-02-14T17:03:27","modified_gmt":"2019-02-14T16:03:27","slug":"surgical-treatment-of-neuropathic-facial-pain","status":"publish","type":"page","link":"https:\/\/www.neurocirugiabarcelona.com\/en\/pathologies\/surgery-for-chronic-pain\/headache\/surgical-treatment-of-neuropathic-facial-pain\/","title":{"rendered":"Surgical treatment of neuropathic facial pain"},"content":{"rendered":"<p>Neuropathic facial pain is a type of pain facial of difficult diagnosis in a large number of patients.<\/p>\n<p>Generally there is a trigger reason: Tooth extraction, operated trigeminal neuralgia, facial traumatism, cerebral infarction, etc. All may cause nerve damage.<\/p>\n<p>This type of pain responds very poorly to medication which usually brings on many side effects.<\/p>\n<p>A surgical treatment is available:<\/p>\n<p><strong>MOTOR CORTEX STIMULATION<\/strong>. Depending on the cause of the neuropathic facial pain there are more or less possibilities of success. In general the probability of pain reduction is 65% of patients who pass the test phase.<\/p>\n<p>To determine whether a patient is a good candidate for cortex stimulation requires a test phase and if the pain is reduced by more than 50%, final surgery is performed.<br \/>\nThe surgery is cranial and the complication rate is low.<\/p>\n<p>&nbsp;<\/p>\n<a href=\"https:\/\/www.neurocirugiabarcelona.com\/en\/pathologies\/surgery-for-chronic-pain\/headache\/\" target=\"\" style=\"color:#fff\"><div class=\"pmc-button pmc-icon-button\" style=\"background-color:#ff505a;border-color:#a01e3c\"><div class=\"button-icon-icon\"><i class=\"fa fa-link\"><\/i><\/div><div class=\"button_icon-content\">Back to Headache<\/div><\/div><\/a>\n<p>&nbsp;<\/p>\n<p>&nbsp;<\/p>\n","protected":false},"excerpt":{"rendered":"<p>Neuropathic facial pain is a type of pain facial of difficult diagnosis in a large number of patients. Generally there is a trigger reason: Tooth extraction, operated trigeminal neuralgia, facial traumatism, cerebral infarction, etc. All may cause nerve damage. This type of pain responds very poorly to medication which usually brings on many side effects. &#8230;<\/p>\n","protected":false},"author":2,"featured_media":0,"parent":11930,"menu_order":4,"comment_status":"closed","ping_status":"closed","template":"","meta":[],"yoast_head":"<!-- This site is optimized with the Yoast SEO plugin v20.11 - https:\/\/yoast.com\/wordpress\/plugins\/seo\/ -->\n<title>Surgical treatment of neuropathic facial pain - Neurocirug\u00eda Barcelona<\/title>\n<meta name=\"robots\" content=\"index, follow, max-snippet:-1, max-image-preview:large, max-video-preview:-1\" \/>\n<link rel=\"canonical\" href=\"https:\/\/www.neurocirugiabarcelona.com\/patologias\/cirugia-de-dolor\/cefalea\/tratamiento-quirurgico-del-dolor-neuropatico-facial\/\" \/>\n<meta property=\"og:locale\" content=\"en_US\" \/>\n<meta property=\"og:type\" content=\"article\" \/>\n<meta property=\"og:title\" content=\"Surgical treatment of neuropathic facial pain - Neurocirug\u00eda Barcelona\" \/>\n<meta property=\"og:description\" content=\"Neuropathic facial pain is a type of pain facial of difficult diagnosis in a large number of patients. Generally there is a trigger reason: Tooth extraction, operated trigeminal neuralgia, facial traumatism, cerebral infarction, etc. All may cause nerve damage. This type of pain responds very poorly to medication which usually brings on many side effects. ...\" \/>\n<meta property=\"og:url\" content=\"https:\/\/www.neurocirugiabarcelona.com\/patologias\/cirugia-de-dolor\/cefalea\/tratamiento-quirurgico-del-dolor-neuropatico-facial\/\" \/>\n<meta property=\"og:site_name\" content=\"Neurocirug\u00eda Barcelona\" \/>\n<meta property=\"article:modified_time\" content=\"2019-02-14T16:03:27+00:00\" \/>\n<meta name=\"twitter:card\" content=\"summary_large_image\" \/>\n<meta name=\"twitter:label1\" content=\"Est. reading time\" \/>\n\t<meta name=\"twitter:data1\" content=\"1 minute\" \/>\n<script type=\"application\/ld+json\" class=\"yoast-schema-graph\">{\"@context\":\"https:\/\/schema.org\",\"@graph\":[{\"@type\":\"WebPage\",\"@id\":\"https:\/\/www.neurocirugiabarcelona.com\/patologias\/cirugia-de-dolor\/cefalea\/tratamiento-quirurgico-del-dolor-neuropatico-facial\/\",\"url\":\"https:\/\/www.neurocirugiabarcelona.com\/patologias\/cirugia-de-dolor\/cefalea\/tratamiento-quirurgico-del-dolor-neuropatico-facial\/\",\"name\":\"Surgical treatment of neuropathic facial pain - Neurocirug\u00eda Barcelona\",\"isPartOf\":{\"@id\":\"https:\/\/www.neurocirugiabarcelona.com\/#website\"},\"datePublished\":\"2017-02-07T09:14:37+00:00\",\"dateModified\":\"2019-02-14T16:03:27+00:00\",\"breadcrumb\":{\"@id\":\"https:\/\/www.neurocirugiabarcelona.com\/patologias\/cirugia-de-dolor\/cefalea\/tratamiento-quirurgico-del-dolor-neuropatico-facial\/#breadcrumb\"},\"inLanguage\":\"en-US\",\"potentialAction\":[{\"@type\":\"ReadAction\",\"target\":[\"https:\/\/www.neurocirugiabarcelona.com\/patologias\/cirugia-de-dolor\/cefalea\/tratamiento-quirurgico-del-dolor-neuropatico-facial\/\"]}]},{\"@type\":\"BreadcrumbList\",\"@id\":\"https:\/\/www.neurocirugiabarcelona.com\/patologias\/cirugia-de-dolor\/cefalea\/tratamiento-quirurgico-del-dolor-neuropatico-facial\/#breadcrumb\",\"itemListElement\":[{\"@type\":\"ListItem\",\"position\":1,\"name\":\"Portada\",\"item\":\"https:\/\/www.neurocirugiabarcelona.com\/en\/\"},{\"@type\":\"ListItem\",\"position\":2,\"name\":\"Pathologies\",\"item\":\"https:\/\/www.neurocirugiabarcelona.com\/en\/pathologies\/\"},{\"@type\":\"ListItem\",\"position\":3,\"name\":\"Surgery for Chronic Pain\",\"item\":\"https:\/\/www.neurocirugiabarcelona.com\/patologias\/cirugia-de-dolor\/\"},{\"@type\":\"ListItem\",\"position\":4,\"name\":\"Headache\",\"item\":\"https:\/\/www.neurocirugiabarcelona.com\/patologias\/cirugia-de-dolor\/cefalea\/\"},{\"@type\":\"ListItem\",\"position\":5,\"name\":\"Surgical treatment of neuropathic facial pain\"}]},{\"@type\":\"WebSite\",\"@id\":\"https:\/\/www.neurocirugiabarcelona.com\/#website\",\"url\":\"https:\/\/www.neurocirugiabarcelona.com\/\",\"name\":\"Neurocirug\u00eda Barcelona\",\"description\":\"Tratamiento integral de las patolog\u00edas neuroquir\u00fargicas mediante una visi\u00f3n multidisciplinar\",\"potentialAction\":[{\"@type\":\"SearchAction\",\"target\":{\"@type\":\"EntryPoint\",\"urlTemplate\":\"https:\/\/www.neurocirugiabarcelona.com\/?s={search_term_string}\"},\"query-input\":\"required name=search_term_string\"}],\"inLanguage\":\"en-US\"}]}<\/script>\n<!-- \/ Yoast SEO plugin. -->","yoast_head_json":{"title":"Surgical treatment of neuropathic facial pain - Neurocirug\u00eda Barcelona","robots":{"index":"index","follow":"follow","max-snippet":"max-snippet:-1","max-image-preview":"max-image-preview:large","max-video-preview":"max-video-preview:-1"},"canonical":"https:\/\/www.neurocirugiabarcelona.com\/patologias\/cirugia-de-dolor\/cefalea\/tratamiento-quirurgico-del-dolor-neuropatico-facial\/","og_locale":"en_US","og_type":"article","og_title":"Surgical treatment of neuropathic facial pain - Neurocirug\u00eda Barcelona","og_description":"Neuropathic facial pain is a type of pain facial of difficult diagnosis in a large number of patients. Generally there is a trigger reason: Tooth extraction, operated trigeminal neuralgia, facial traumatism, cerebral infarction, etc. All may cause nerve damage. This type of pain responds very poorly to medication which usually brings on many side effects. ...","og_url":"https:\/\/www.neurocirugiabarcelona.com\/patologias\/cirugia-de-dolor\/cefalea\/tratamiento-quirurgico-del-dolor-neuropatico-facial\/","og_site_name":"Neurocirug\u00eda Barcelona","article_modified_time":"2019-02-14T16:03:27+00:00","twitter_card":"summary_large_image","twitter_misc":{"Est. reading time":"1 minute"},"schema":{"@context":"https:\/\/schema.org","@graph":[{"@type":"WebPage","@id":"https:\/\/www.neurocirugiabarcelona.com\/patologias\/cirugia-de-dolor\/cefalea\/tratamiento-quirurgico-del-dolor-neuropatico-facial\/","url":"https:\/\/www.neurocirugiabarcelona.com\/patologias\/cirugia-de-dolor\/cefalea\/tratamiento-quirurgico-del-dolor-neuropatico-facial\/","name":"Surgical treatment of neuropathic facial pain - Neurocirug\u00eda Barcelona","isPartOf":{"@id":"https:\/\/www.neurocirugiabarcelona.com\/#website"},"datePublished":"2017-02-07T09:14:37+00:00","dateModified":"2019-02-14T16:03:27+00:00","breadcrumb":{"@id":"https:\/\/www.neurocirugiabarcelona.com\/patologias\/cirugia-de-dolor\/cefalea\/tratamiento-quirurgico-del-dolor-neuropatico-facial\/#breadcrumb"},"inLanguage":"en-US","potentialAction":[{"@type":"ReadAction","target":["https:\/\/www.neurocirugiabarcelona.com\/patologias\/cirugia-de-dolor\/cefalea\/tratamiento-quirurgico-del-dolor-neuropatico-facial\/"]}]},{"@type":"BreadcrumbList","@id":"https:\/\/www.neurocirugiabarcelona.com\/patologias\/cirugia-de-dolor\/cefalea\/tratamiento-quirurgico-del-dolor-neuropatico-facial\/#breadcrumb","itemListElement":[{"@type":"ListItem","position":1,"name":"Portada","item":"https:\/\/www.neurocirugiabarcelona.com\/en\/"},{"@type":"ListItem","position":2,"name":"Pathologies","item":"https:\/\/www.neurocirugiabarcelona.com\/en\/pathologies\/"},{"@type":"ListItem","position":3,"name":"Surgery for Chronic Pain","item":"https:\/\/www.neurocirugiabarcelona.com\/patologias\/cirugia-de-dolor\/"},{"@type":"ListItem","position":4,"name":"Headache","item":"https:\/\/www.neurocirugiabarcelona.com\/patologias\/cirugia-de-dolor\/cefalea\/"},{"@type":"ListItem","position":5,"name":"Surgical treatment of neuropathic facial pain"}]},{"@type":"WebSite","@id":"https:\/\/www.neurocirugiabarcelona.com\/#website","url":"https:\/\/www.neurocirugiabarcelona.com\/","name":"Neurocirug\u00eda Barcelona","description":"Tratamiento integral de las patolog\u00edas neuroquir\u00fargicas mediante una visi\u00f3n multidisciplinar","potentialAction":[{"@type":"SearchAction","target":{"@type":"EntryPoint","urlTemplate":"https:\/\/www.neurocirugiabarcelona.com\/?s={search_term_string}"},"query-input":"required name=search_term_string"}],"inLanguage":"en-US"}]}},"_links":{"self":[{"href":"https:\/\/www.neurocirugiabarcelona.com\/en\/wp-json\/wp\/v2\/pages\/11953"}],"collection":[{"href":"https:\/\/www.neurocirugiabarcelona.com\/en\/wp-json\/wp\/v2\/pages"}],"about":[{"href":"https:\/\/www.neurocirugiabarcelona.com\/en\/wp-json\/wp\/v2\/types\/page"}],"author":[{"embeddable":true,"href":"https:\/\/www.neurocirugiabarcelona.com\/en\/wp-json\/wp\/v2\/users\/2"}],"replies":[{"embeddable":true,"href":"https:\/\/www.neurocirugiabarcelona.com\/en\/wp-json\/wp\/v2\/comments?post=11953"}],"version-history":[{"count":3,"href":"https:\/\/www.neurocirugiabarcelona.com\/en\/wp-json\/wp\/v2\/pages\/11953\/revisions"}],"predecessor-version":[{"id":12352,"href":"https:\/\/www.neurocirugiabarcelona.com\/en\/wp-json\/wp\/v2\/pages\/11953\/revisions\/12352"}],"up":[{"embeddable":true,"href":"https:\/\/www.neurocirugiabarcelona.com\/en\/wp-json\/wp\/v2\/pages\/11930"}],"wp:attachment":[{"href":"https:\/\/www.neurocirugiabarcelona.com\/en\/wp-json\/wp\/v2\/media?parent=11953"}],"curies":[{"name":"wp","href":"https:\/\/api.w.org\/{rel}","templated":true}]}}