{"id":11949,"date":"2017-02-07T10:02:29","date_gmt":"2017-02-07T09:02:29","guid":{"rendered":"https:\/\/www.neurocirugiabarcelona.com\/patologias\/cirugia-de-dolor\/cefalea\/tratamiento-quirurgico-hemicranea-paroxistica\/"},"modified":"2019-02-14T17:03:05","modified_gmt":"2019-02-14T16:03:05","slug":"surgical-treatment-of-paroxysmal-hemicrania","status":"publish","type":"page","link":"https:\/\/www.neurocirugiabarcelona.com\/en\/pathologies\/surgery-for-chronic-pain\/headache\/surgical-treatment-of-paroxysmal-hemicrania\/","title":{"rendered":"Surgical treatment of Paroxysmal hemicrania"},"content":{"rendered":"<p>Paroxysmal hemicrania is also known as Sjaastad syndrome.<br \/>\nIt is most common among adult women and attacks last an average of 15 minutes. Some headaches are self-limiting, of variable duration and chronic.<\/p>\n<p>Trigger factors may be: twisting of the neck, chewing, laughter, Valsalva manoeuvre, eye pressure, etc. The spectacular response to indomethacin is the diagnosis.<\/p>\n<p>There are certain consensuated criteria for the diagnosis: At least 50 attacks, attacks of severe unilateral orbital, supraorbital and\/or temporal pain, always on the same side, of 2 to 45 minutes duration. It\u2019s accompanied by conjunctival injection or tearing or nasal congestion, rhinorrhea, ptosis or palpebral oedema. To an absolute effectiveness of indomethacin, a dose of 150 mg\/day or less.<\/p>\n<p>When pharmacological treatment is not sufficient, the options surgical are:<\/p>\n<p><strong>RADIOFREQUENCY OF THE PTERYGOPALATINE GANGLION<\/strong><\/p>\n<p>This is a simple technique performed under local anaesthesia and minimum sedation, with ablation of the pterygopalatine ganglion, the ganglion involved in cluster headache.<br \/>\nThe patient is discharged 2 hours after completing the procedure. Complications are very infrequent, and only mild.<br \/>\nThe probability of improvement with this technique is 60%.<\/p>\n<p><strong>OCCIPITAL NERVE STIMULATION<\/strong><\/p>\n<p>This technique is somewhat more complex than radiofrequency of the pterygopalatine ganglion. It is usually indicated when radiofrequency of the pterygopalatine ganglion has not been sufficient to reduce the pain. It is extracranial surgery, and so there are no severe complications. The probability of improvement for this headache is 70%.<\/p>\n<p>&nbsp;<\/p>\n<a href=\"https:\/\/www.neurocirugiabarcelona.com\/en\/pathologies\/surgery-for-chronic-pain\/headache\/\" target=\"\" style=\"color:#fff\"><div class=\"pmc-button pmc-icon-button\" style=\"background-color:#ff505a;border-color:#a01e3c\"><div class=\"button-icon-icon\"><i class=\"fa fa-link\"><\/i><\/div><div class=\"button_icon-content\">Back to Headache<\/div><\/div><\/a>\n<p>&nbsp;<\/p>\n<p>&nbsp;<\/p>\n","protected":false},"excerpt":{"rendered":"<p>Paroxysmal hemicrania is also known as Sjaastad syndrome. It is most common among adult women and attacks last an average of 15 minutes. Some headaches are self-limiting, of variable duration and chronic. Trigger factors may be: twisting of the neck, chewing, laughter, Valsalva manoeuvre, eye pressure, etc. The spectacular response to indomethacin is the diagnosis. &#8230;<\/p>\n","protected":false},"author":2,"featured_media":0,"parent":11930,"menu_order":3,"comment_status":"closed","ping_status":"closed","template":"","meta":[],"yoast_head":"<!-- This site is optimized with the Yoast SEO plugin v20.11 - https:\/\/yoast.com\/wordpress\/plugins\/seo\/ -->\n<title>Surgical treatment of Paroxysmal hemicrania - Neurocirug\u00eda Barcelona<\/title>\n<meta name=\"robots\" content=\"index, follow, max-snippet:-1, max-image-preview:large, max-video-preview:-1\" \/>\n<link rel=\"canonical\" href=\"https:\/\/www.neurocirugiabarcelona.com\/patologias\/cirugia-de-dolor\/cefalea\/tratamiento-quirurgico-hemicranea-paroxistica\/\" \/>\n<meta property=\"og:locale\" content=\"en_US\" \/>\n<meta property=\"og:type\" content=\"article\" \/>\n<meta property=\"og:title\" content=\"Surgical treatment of Paroxysmal hemicrania - Neurocirug\u00eda Barcelona\" \/>\n<meta property=\"og:description\" content=\"Paroxysmal hemicrania is also known as Sjaastad syndrome. It is most common among adult women and attacks last an average of 15 minutes. Some headaches are self-limiting, of variable duration and chronic. Trigger factors may be: twisting of the neck, chewing, laughter, Valsalva manoeuvre, eye pressure, etc. The spectacular response to indomethacin is the diagnosis. ...\" \/>\n<meta property=\"og:url\" content=\"https:\/\/www.neurocirugiabarcelona.com\/patologias\/cirugia-de-dolor\/cefalea\/tratamiento-quirurgico-hemicranea-paroxistica\/\" \/>\n<meta property=\"og:site_name\" content=\"Neurocirug\u00eda Barcelona\" \/>\n<meta property=\"article:modified_time\" content=\"2019-02-14T16:03:05+00:00\" \/>\n<meta name=\"twitter:card\" content=\"summary_large_image\" \/>\n<meta name=\"twitter:label1\" content=\"Est. reading time\" \/>\n\t<meta name=\"twitter:data1\" content=\"1 minute\" \/>\n<script type=\"application\/ld+json\" class=\"yoast-schema-graph\">{\"@context\":\"https:\/\/schema.org\",\"@graph\":[{\"@type\":\"WebPage\",\"@id\":\"https:\/\/www.neurocirugiabarcelona.com\/patologias\/cirugia-de-dolor\/cefalea\/tratamiento-quirurgico-hemicranea-paroxistica\/\",\"url\":\"https:\/\/www.neurocirugiabarcelona.com\/patologias\/cirugia-de-dolor\/cefalea\/tratamiento-quirurgico-hemicranea-paroxistica\/\",\"name\":\"Surgical treatment of Paroxysmal hemicrania - Neurocirug\u00eda Barcelona\",\"isPartOf\":{\"@id\":\"https:\/\/www.neurocirugiabarcelona.com\/#website\"},\"datePublished\":\"2017-02-07T09:02:29+00:00\",\"dateModified\":\"2019-02-14T16:03:05+00:00\",\"breadcrumb\":{\"@id\":\"https:\/\/www.neurocirugiabarcelona.com\/patologias\/cirugia-de-dolor\/cefalea\/tratamiento-quirurgico-hemicranea-paroxistica\/#breadcrumb\"},\"inLanguage\":\"en-US\",\"potentialAction\":[{\"@type\":\"ReadAction\",\"target\":[\"https:\/\/www.neurocirugiabarcelona.com\/patologias\/cirugia-de-dolor\/cefalea\/tratamiento-quirurgico-hemicranea-paroxistica\/\"]}]},{\"@type\":\"BreadcrumbList\",\"@id\":\"https:\/\/www.neurocirugiabarcelona.com\/patologias\/cirugia-de-dolor\/cefalea\/tratamiento-quirurgico-hemicranea-paroxistica\/#breadcrumb\",\"itemListElement\":[{\"@type\":\"ListItem\",\"position\":1,\"name\":\"Portada\",\"item\":\"https:\/\/www.neurocirugiabarcelona.com\/en\/\"},{\"@type\":\"ListItem\",\"position\":2,\"name\":\"Pathologies\",\"item\":\"https:\/\/www.neurocirugiabarcelona.com\/en\/pathologies\/\"},{\"@type\":\"ListItem\",\"position\":3,\"name\":\"Surgery for Chronic Pain\",\"item\":\"https:\/\/www.neurocirugiabarcelona.com\/patologias\/cirugia-de-dolor\/\"},{\"@type\":\"ListItem\",\"position\":4,\"name\":\"Headache\",\"item\":\"https:\/\/www.neurocirugiabarcelona.com\/patologias\/cirugia-de-dolor\/cefalea\/\"},{\"@type\":\"ListItem\",\"position\":5,\"name\":\"Surgical treatment of Paroxysmal hemicrania\"}]},{\"@type\":\"WebSite\",\"@id\":\"https:\/\/www.neurocirugiabarcelona.com\/#website\",\"url\":\"https:\/\/www.neurocirugiabarcelona.com\/\",\"name\":\"Neurocirug\u00eda Barcelona\",\"description\":\"Tratamiento integral de las patolog\u00edas neuroquir\u00fargicas mediante una visi\u00f3n multidisciplinar\",\"potentialAction\":[{\"@type\":\"SearchAction\",\"target\":{\"@type\":\"EntryPoint\",\"urlTemplate\":\"https:\/\/www.neurocirugiabarcelona.com\/?s={search_term_string}\"},\"query-input\":\"required name=search_term_string\"}],\"inLanguage\":\"en-US\"}]}<\/script>\n<!-- \/ Yoast SEO plugin. -->","yoast_head_json":{"title":"Surgical treatment of Paroxysmal hemicrania - Neurocirug\u00eda Barcelona","robots":{"index":"index","follow":"follow","max-snippet":"max-snippet:-1","max-image-preview":"max-image-preview:large","max-video-preview":"max-video-preview:-1"},"canonical":"https:\/\/www.neurocirugiabarcelona.com\/patologias\/cirugia-de-dolor\/cefalea\/tratamiento-quirurgico-hemicranea-paroxistica\/","og_locale":"en_US","og_type":"article","og_title":"Surgical treatment of Paroxysmal hemicrania - Neurocirug\u00eda Barcelona","og_description":"Paroxysmal hemicrania is also known as Sjaastad syndrome. It is most common among adult women and attacks last an average of 15 minutes. Some headaches are self-limiting, of variable duration and chronic. Trigger factors may be: twisting of the neck, chewing, laughter, Valsalva manoeuvre, eye pressure, etc. The spectacular response to indomethacin is the diagnosis. ...","og_url":"https:\/\/www.neurocirugiabarcelona.com\/patologias\/cirugia-de-dolor\/cefalea\/tratamiento-quirurgico-hemicranea-paroxistica\/","og_site_name":"Neurocirug\u00eda Barcelona","article_modified_time":"2019-02-14T16:03:05+00:00","twitter_card":"summary_large_image","twitter_misc":{"Est. reading time":"1 minute"},"schema":{"@context":"https:\/\/schema.org","@graph":[{"@type":"WebPage","@id":"https:\/\/www.neurocirugiabarcelona.com\/patologias\/cirugia-de-dolor\/cefalea\/tratamiento-quirurgico-hemicranea-paroxistica\/","url":"https:\/\/www.neurocirugiabarcelona.com\/patologias\/cirugia-de-dolor\/cefalea\/tratamiento-quirurgico-hemicranea-paroxistica\/","name":"Surgical treatment of Paroxysmal hemicrania - Neurocirug\u00eda Barcelona","isPartOf":{"@id":"https:\/\/www.neurocirugiabarcelona.com\/#website"},"datePublished":"2017-02-07T09:02:29+00:00","dateModified":"2019-02-14T16:03:05+00:00","breadcrumb":{"@id":"https:\/\/www.neurocirugiabarcelona.com\/patologias\/cirugia-de-dolor\/cefalea\/tratamiento-quirurgico-hemicranea-paroxistica\/#breadcrumb"},"inLanguage":"en-US","potentialAction":[{"@type":"ReadAction","target":["https:\/\/www.neurocirugiabarcelona.com\/patologias\/cirugia-de-dolor\/cefalea\/tratamiento-quirurgico-hemicranea-paroxistica\/"]}]},{"@type":"BreadcrumbList","@id":"https:\/\/www.neurocirugiabarcelona.com\/patologias\/cirugia-de-dolor\/cefalea\/tratamiento-quirurgico-hemicranea-paroxistica\/#breadcrumb","itemListElement":[{"@type":"ListItem","position":1,"name":"Portada","item":"https:\/\/www.neurocirugiabarcelona.com\/en\/"},{"@type":"ListItem","position":2,"name":"Pathologies","item":"https:\/\/www.neurocirugiabarcelona.com\/en\/pathologies\/"},{"@type":"ListItem","position":3,"name":"Surgery for Chronic Pain","item":"https:\/\/www.neurocirugiabarcelona.com\/patologias\/cirugia-de-dolor\/"},{"@type":"ListItem","position":4,"name":"Headache","item":"https:\/\/www.neurocirugiabarcelona.com\/patologias\/cirugia-de-dolor\/cefalea\/"},{"@type":"ListItem","position":5,"name":"Surgical treatment of Paroxysmal hemicrania"}]},{"@type":"WebSite","@id":"https:\/\/www.neurocirugiabarcelona.com\/#website","url":"https:\/\/www.neurocirugiabarcelona.com\/","name":"Neurocirug\u00eda Barcelona","description":"Tratamiento integral de las patolog\u00edas neuroquir\u00fargicas mediante una visi\u00f3n multidisciplinar","potentialAction":[{"@type":"SearchAction","target":{"@type":"EntryPoint","urlTemplate":"https:\/\/www.neurocirugiabarcelona.com\/?s={search_term_string}"},"query-input":"required name=search_term_string"}],"inLanguage":"en-US"}]}},"_links":{"self":[{"href":"https:\/\/www.neurocirugiabarcelona.com\/en\/wp-json\/wp\/v2\/pages\/11949"}],"collection":[{"href":"https:\/\/www.neurocirugiabarcelona.com\/en\/wp-json\/wp\/v2\/pages"}],"about":[{"href":"https:\/\/www.neurocirugiabarcelona.com\/en\/wp-json\/wp\/v2\/types\/page"}],"author":[{"embeddable":true,"href":"https:\/\/www.neurocirugiabarcelona.com\/en\/wp-json\/wp\/v2\/users\/2"}],"replies":[{"embeddable":true,"href":"https:\/\/www.neurocirugiabarcelona.com\/en\/wp-json\/wp\/v2\/comments?post=11949"}],"version-history":[{"count":3,"href":"https:\/\/www.neurocirugiabarcelona.com\/en\/wp-json\/wp\/v2\/pages\/11949\/revisions"}],"predecessor-version":[{"id":12350,"href":"https:\/\/www.neurocirugiabarcelona.com\/en\/wp-json\/wp\/v2\/pages\/11949\/revisions\/12350"}],"up":[{"embeddable":true,"href":"https:\/\/www.neurocirugiabarcelona.com\/en\/wp-json\/wp\/v2\/pages\/11930"}],"wp:attachment":[{"href":"https:\/\/www.neurocirugiabarcelona.com\/en\/wp-json\/wp\/v2\/media?parent=11949"}],"curies":[{"name":"wp","href":"https:\/\/api.w.org\/{rel}","templated":true}]}}