{"id":11934,"date":"2017-02-07T09:32:59","date_gmt":"2017-02-07T08:32:59","guid":{"rendered":"https:\/\/www.neurocirugiabarcelona.com\/patologias\/cirugia-de-dolor\/cefalea\/tratamiento-quirurgico-de-la-migrana\/"},"modified":"2019-02-14T17:02:00","modified_gmt":"2019-02-14T16:02:00","slug":"surgical-treatment-of-migraine","status":"publish","type":"page","link":"https:\/\/www.neurocirugiabarcelona.com\/en\/pathologies\/surgery-for-chronic-pain\/headache\/surgical-treatment-of-migraine\/","title":{"rendered":"Surgical treatment of migraine"},"content":{"rendered":"<p>Migraine is a disorder probably determined genetically and unleashed by multiple factors: stress, hormones, sleep, climate, foods, exercise, alcohol, etc. In 70-80% of cases there is a family history. Its importance is due to it being highly prevalent (12%) and the incidence of incapacitating crises.<\/p>\n<p>Migraine may be: without aura, with aura, with sustained aura, basilar migraine, ophthalmoplegia migraine, retinal migraine.<\/p>\n<p>The complications of migraine may be: status migraine, and migraine infarction.<\/p>\n<p>Treatment is pharmacological, but in some cases drugs are not very effective. In cases where the symptoms of migraine are severe and recurrent, surgical treatment of migraine is available through OCCIPITAL NERVE STIMULATION. This is simple, extracranial surgery with very few complications and where occipital nerve is stimulated bilaterally.<br \/>\nThe probability of improvement with this technique in this type of headache is 50%.<\/p>\n<p>&nbsp;<\/p>\n<a href=\"https:\/\/www.neurocirugiabarcelona.com\/en\/pathologies\/surgery-for-chronic-pain\/headache\/\" target=\"\" style=\"color:#fff\"><div class=\"pmc-button pmc-icon-button\" style=\"background-color:#ff505a;border-color:#a01e3c\"><div class=\"button-icon-icon\"><i class=\"fa fa-link\"><\/i><\/div><div class=\"button_icon-content\">Back to Headache<\/div><\/div><\/a>\n<p>&nbsp;<\/p>\n<p>&nbsp;<\/p>\n","protected":false},"excerpt":{"rendered":"<p>Migraine is a disorder probably determined genetically and unleashed by multiple factors: stress, hormones, sleep, climate, foods, exercise, alcohol, etc. In 70-80% of cases there is a family history. Its importance is due to it being highly prevalent (12%) and the incidence of incapacitating crises. Migraine may be: without aura, with aura, with sustained aura, &#8230;<\/p>\n","protected":false},"author":1,"featured_media":0,"parent":11930,"menu_order":1,"comment_status":"closed","ping_status":"closed","template":"","meta":[],"yoast_head":"<!-- This site is optimized with the Yoast SEO plugin v20.11 - https:\/\/yoast.com\/wordpress\/plugins\/seo\/ -->\n<title>Surgical treatment of migraine - Neurosurgery Barcelona<\/title>\n<meta name=\"description\" content=\"In cases where the symptoms of migraine are severe and recurrent, surgical treatment of migraine is available through OCCIPITAL NERVE STIMULATION.\" \/>\n<meta name=\"robots\" content=\"index, follow, max-snippet:-1, max-image-preview:large, max-video-preview:-1\" \/>\n<link rel=\"canonical\" href=\"https:\/\/www.neurocirugiabarcelona.com\/patologias\/cirugia-de-dolor\/cefalea\/tratamiento-quirurgico-de-la-migrana\/\" \/>\n<meta property=\"og:locale\" content=\"en_US\" \/>\n<meta property=\"og:type\" content=\"article\" \/>\n<meta property=\"og:title\" content=\"Surgical treatment of migraine - Neurosurgery Barcelona\" \/>\n<meta property=\"og:description\" content=\"In cases where the symptoms of migraine are severe and recurrent, surgical treatment of migraine is available through OCCIPITAL NERVE STIMULATION.\" \/>\n<meta property=\"og:url\" content=\"https:\/\/www.neurocirugiabarcelona.com\/patologias\/cirugia-de-dolor\/cefalea\/tratamiento-quirurgico-de-la-migrana\/\" \/>\n<meta property=\"og:site_name\" content=\"Neurocirug\u00eda Barcelona\" \/>\n<meta property=\"article:modified_time\" content=\"2019-02-14T16:02:00+00:00\" \/>\n<meta name=\"twitter:card\" content=\"summary_large_image\" \/>\n<meta name=\"twitter:label1\" content=\"Est. reading time\" \/>\n\t<meta name=\"twitter:data1\" content=\"1 minute\" \/>\n<script type=\"application\/ld+json\" class=\"yoast-schema-graph\">{\"@context\":\"https:\/\/schema.org\",\"@graph\":[{\"@type\":\"WebPage\",\"@id\":\"https:\/\/www.neurocirugiabarcelona.com\/patologias\/cirugia-de-dolor\/cefalea\/tratamiento-quirurgico-de-la-migrana\/\",\"url\":\"https:\/\/www.neurocirugiabarcelona.com\/patologias\/cirugia-de-dolor\/cefalea\/tratamiento-quirurgico-de-la-migrana\/\",\"name\":\"Surgical treatment of migraine - Neurosurgery Barcelona\",\"isPartOf\":{\"@id\":\"https:\/\/www.neurocirugiabarcelona.com\/#website\"},\"datePublished\":\"2017-02-07T08:32:59+00:00\",\"dateModified\":\"2019-02-14T16:02:00+00:00\",\"description\":\"In cases where the symptoms of migraine are severe and recurrent, surgical treatment of migraine is available through OCCIPITAL NERVE STIMULATION.\",\"breadcrumb\":{\"@id\":\"https:\/\/www.neurocirugiabarcelona.com\/patologias\/cirugia-de-dolor\/cefalea\/tratamiento-quirurgico-de-la-migrana\/#breadcrumb\"},\"inLanguage\":\"en-US\",\"potentialAction\":[{\"@type\":\"ReadAction\",\"target\":[\"https:\/\/www.neurocirugiabarcelona.com\/patologias\/cirugia-de-dolor\/cefalea\/tratamiento-quirurgico-de-la-migrana\/\"]}]},{\"@type\":\"BreadcrumbList\",\"@id\":\"https:\/\/www.neurocirugiabarcelona.com\/patologias\/cirugia-de-dolor\/cefalea\/tratamiento-quirurgico-de-la-migrana\/#breadcrumb\",\"itemListElement\":[{\"@type\":\"ListItem\",\"position\":1,\"name\":\"Portada\",\"item\":\"https:\/\/www.neurocirugiabarcelona.com\/en\/\"},{\"@type\":\"ListItem\",\"position\":2,\"name\":\"Pathologies\",\"item\":\"https:\/\/www.neurocirugiabarcelona.com\/en\/pathologies\/\"},{\"@type\":\"ListItem\",\"position\":3,\"name\":\"Surgery for Chronic Pain\",\"item\":\"https:\/\/www.neurocirugiabarcelona.com\/patologias\/cirugia-de-dolor\/\"},{\"@type\":\"ListItem\",\"position\":4,\"name\":\"Headache\",\"item\":\"https:\/\/www.neurocirugiabarcelona.com\/patologias\/cirugia-de-dolor\/cefalea\/\"},{\"@type\":\"ListItem\",\"position\":5,\"name\":\"Surgical treatment of migraine\"}]},{\"@type\":\"WebSite\",\"@id\":\"https:\/\/www.neurocirugiabarcelona.com\/#website\",\"url\":\"https:\/\/www.neurocirugiabarcelona.com\/\",\"name\":\"Neurocirug\u00eda Barcelona\",\"description\":\"Tratamiento integral de las patolog\u00edas neuroquir\u00fargicas mediante una visi\u00f3n multidisciplinar\",\"potentialAction\":[{\"@type\":\"SearchAction\",\"target\":{\"@type\":\"EntryPoint\",\"urlTemplate\":\"https:\/\/www.neurocirugiabarcelona.com\/?s={search_term_string}\"},\"query-input\":\"required name=search_term_string\"}],\"inLanguage\":\"en-US\"}]}<\/script>\n<!-- \/ Yoast SEO plugin. -->","yoast_head_json":{"title":"Surgical treatment of migraine - Neurosurgery Barcelona","description":"In cases where the symptoms of migraine are severe and recurrent, surgical treatment of migraine is available through OCCIPITAL NERVE STIMULATION.","robots":{"index":"index","follow":"follow","max-snippet":"max-snippet:-1","max-image-preview":"max-image-preview:large","max-video-preview":"max-video-preview:-1"},"canonical":"https:\/\/www.neurocirugiabarcelona.com\/patologias\/cirugia-de-dolor\/cefalea\/tratamiento-quirurgico-de-la-migrana\/","og_locale":"en_US","og_type":"article","og_title":"Surgical treatment of migraine - Neurosurgery Barcelona","og_description":"In cases where the symptoms of migraine are severe and recurrent, surgical treatment of migraine is available through OCCIPITAL NERVE STIMULATION.","og_url":"https:\/\/www.neurocirugiabarcelona.com\/patologias\/cirugia-de-dolor\/cefalea\/tratamiento-quirurgico-de-la-migrana\/","og_site_name":"Neurocirug\u00eda Barcelona","article_modified_time":"2019-02-14T16:02:00+00:00","twitter_card":"summary_large_image","twitter_misc":{"Est. reading time":"1 minute"},"schema":{"@context":"https:\/\/schema.org","@graph":[{"@type":"WebPage","@id":"https:\/\/www.neurocirugiabarcelona.com\/patologias\/cirugia-de-dolor\/cefalea\/tratamiento-quirurgico-de-la-migrana\/","url":"https:\/\/www.neurocirugiabarcelona.com\/patologias\/cirugia-de-dolor\/cefalea\/tratamiento-quirurgico-de-la-migrana\/","name":"Surgical treatment of migraine - Neurosurgery Barcelona","isPartOf":{"@id":"https:\/\/www.neurocirugiabarcelona.com\/#website"},"datePublished":"2017-02-07T08:32:59+00:00","dateModified":"2019-02-14T16:02:00+00:00","description":"In cases where the symptoms of migraine are severe and recurrent, surgical treatment of migraine is available through OCCIPITAL NERVE STIMULATION.","breadcrumb":{"@id":"https:\/\/www.neurocirugiabarcelona.com\/patologias\/cirugia-de-dolor\/cefalea\/tratamiento-quirurgico-de-la-migrana\/#breadcrumb"},"inLanguage":"en-US","potentialAction":[{"@type":"ReadAction","target":["https:\/\/www.neurocirugiabarcelona.com\/patologias\/cirugia-de-dolor\/cefalea\/tratamiento-quirurgico-de-la-migrana\/"]}]},{"@type":"BreadcrumbList","@id":"https:\/\/www.neurocirugiabarcelona.com\/patologias\/cirugia-de-dolor\/cefalea\/tratamiento-quirurgico-de-la-migrana\/#breadcrumb","itemListElement":[{"@type":"ListItem","position":1,"name":"Portada","item":"https:\/\/www.neurocirugiabarcelona.com\/en\/"},{"@type":"ListItem","position":2,"name":"Pathologies","item":"https:\/\/www.neurocirugiabarcelona.com\/en\/pathologies\/"},{"@type":"ListItem","position":3,"name":"Surgery for Chronic Pain","item":"https:\/\/www.neurocirugiabarcelona.com\/patologias\/cirugia-de-dolor\/"},{"@type":"ListItem","position":4,"name":"Headache","item":"https:\/\/www.neurocirugiabarcelona.com\/patologias\/cirugia-de-dolor\/cefalea\/"},{"@type":"ListItem","position":5,"name":"Surgical treatment of migraine"}]},{"@type":"WebSite","@id":"https:\/\/www.neurocirugiabarcelona.com\/#website","url":"https:\/\/www.neurocirugiabarcelona.com\/","name":"Neurocirug\u00eda Barcelona","description":"Tratamiento integral de las patolog\u00edas neuroquir\u00fargicas mediante una visi\u00f3n multidisciplinar","potentialAction":[{"@type":"SearchAction","target":{"@type":"EntryPoint","urlTemplate":"https:\/\/www.neurocirugiabarcelona.com\/?s={search_term_string}"},"query-input":"required name=search_term_string"}],"inLanguage":"en-US"}]}},"_links":{"self":[{"href":"https:\/\/www.neurocirugiabarcelona.com\/en\/wp-json\/wp\/v2\/pages\/11934"}],"collection":[{"href":"https:\/\/www.neurocirugiabarcelona.com\/en\/wp-json\/wp\/v2\/pages"}],"about":[{"href":"https:\/\/www.neurocirugiabarcelona.com\/en\/wp-json\/wp\/v2\/types\/page"}],"author":[{"embeddable":true,"href":"https:\/\/www.neurocirugiabarcelona.com\/en\/wp-json\/wp\/v2\/users\/1"}],"replies":[{"embeddable":true,"href":"https:\/\/www.neurocirugiabarcelona.com\/en\/wp-json\/wp\/v2\/comments?post=11934"}],"version-history":[{"count":5,"href":"https:\/\/www.neurocirugiabarcelona.com\/en\/wp-json\/wp\/v2\/pages\/11934\/revisions"}],"predecessor-version":[{"id":12345,"href":"https:\/\/www.neurocirugiabarcelona.com\/en\/wp-json\/wp\/v2\/pages\/11934\/revisions\/12345"}],"up":[{"embeddable":true,"href":"https:\/\/www.neurocirugiabarcelona.com\/en\/wp-json\/wp\/v2\/pages\/11930"}],"wp:attachment":[{"href":"https:\/\/www.neurocirugiabarcelona.com\/en\/wp-json\/wp\/v2\/media?parent=11934"}],"curies":[{"name":"wp","href":"https:\/\/api.w.org\/{rel}","templated":true}]}}