{"id":11910,"date":"2016-06-09T07:33:38","date_gmt":"2016-06-09T06:33:38","guid":{"rendered":"https:\/\/www.neurocirugiabarcelona.com\/patologias\/trastornos-del-movimiento\/parkinson\/"},"modified":"2019-01-26T12:53:41","modified_gmt":"2019-01-26T11:53:41","slug":"parkinson","status":"publish","type":"page","link":"https:\/\/www.neurocirugiabarcelona.com\/en\/pathologies\/movement-disorders\/parkinson\/","title":{"rendered":"Parkinson"},"content":{"rendered":"<p><strong>Parkinson&#8217;s disease<\/strong>\u00a0(<strong>PD<\/strong>), also called\u00a0<strong>idiopathic Parkinsonism<\/strong>\u00a0or\u00a0<strong>paralysis agitans<\/strong>, is a chronic neurodegenerative disorder that in time leads to progressive disability, produced as a result of the destruction, by as yet unknown causes, of pigmented neurons of the substantia nigra. Frequently classified as a movement disorder, Parkinson&#8217;s disease also unleashes disorders in cognitive functions, the expression of emotions and involuntary functions.<\/p>\n<p><a href=\"http:\/\/www.neurocirugiabarcelona.com\/wp-content\/uploads\/2016\/06\/Parkinson-planificacion_result.jpg\" rel=\"lightbox[11910]\"><img decoding=\"async\" loading=\"lazy\" class=\"alignright wp-image-10941\" src=\"http:\/\/www.neurocirugiabarcelona.com\/wp-content\/uploads\/2016\/06\/Parkinson-planificacion_result-300x225.jpg\" alt=\"Cirujia del Parkinson\" width=\"350\" height=\"263\" srcset=\"https:\/\/www.neurocirugiabarcelona.com\/wp-content\/uploads\/2016\/06\/Parkinson-planificacion_result-300x225.jpg 300w, https:\/\/www.neurocirugiabarcelona.com\/wp-content\/uploads\/2016\/06\/Parkinson-planificacion_result-768x576.jpg 768w, https:\/\/www.neurocirugiabarcelona.com\/wp-content\/uploads\/2016\/06\/Parkinson-planificacion_result.jpg 800w\" sizes=\"(max-width: 350px) 100vw, 350px\" \/><\/a>This disease represents the second neurodegenerative disorder in frequency, behind Alzheimer&#8217;s disease. It extends all over the world and affects both men and women and usually appears after the sixth decade of life. However, apart from this tardive variety, there is another early version that appears in people under forty.<\/p>\n<p>At the present time, diagnosis is based on the clinical signs as no biological marker has been identified for this disease. For this reason, diagnosis is based on detection of the characteristic triad rigidity-tremor-bradykinesia and the absence of atypical symptoms, although the exclusion of other possible disorders using brain imaging techniques or blood analyses is also important.<\/p>\n<p>&nbsp;<\/p>\n<h2>Surgery for Parkinson&#8217;s disease<\/h2>\n<p>The surgical treatment of Parkinson&#8217;s disease has been an option since the 80&#8217;s. The technique currently used is deep brain stimulation (DBS) of a very specific area of the brain, the most common being the Subthalamic nucleus.<br \/>\nNot all patients with Parkinson&#8217;s disease are good candidates for surgery. Surgical treatment is indicated when the motor symptoms (tremors, dyskinesias, gait disorders, stiffness, bradykinesia) do not respond sufficiently to pharmacological treatment.<\/p>\n<p>Deep brain stimulation (DBS) is a surgical treatment that can reduce some of the symptoms associated with Parkinson&#8217;s disease. It is an adjustable therapy, and if necessary, reversible. It uses a device that stimulates the brain electrically, blocking the signals that cause incapacitating motor symptoms.<br \/>\nIt consists of two brain electrodes connected to a stimulus generator (battery) similar to a heart pacemaker. The battery is usually placed in the subcutaneous tissue of the abdomen or beneath the clavicle, wherever the patient prefers.<\/p>\n<p>The parameters stimulation generator can be adjusted by a remote device to the precise needs of the patient.<\/p>\n<p>The risks\/side effects of deep brain stimulation therapy are very infrequent, and may include risks related to the surgery itself, complications with the device or the stimulation. The risks related to the stimulation can be resolved by adjusting the stimulation parameters.<\/p>\n","protected":false},"excerpt":{"rendered":"<p>Parkinson&#8217;s disease\u00a0(PD), also called\u00a0idiopathic Parkinsonism\u00a0or\u00a0paralysis agitans, is a chronic neurodegenerative disorder that in time leads to progressive disability, produced as a result of the destruction, by as yet unknown causes, of pigmented neurons of the substantia nigra. Frequently classified as a movement disorder, Parkinson&#8217;s disease also unleashes disorders in cognitive functions, the expression of emotions &#8230;<\/p>\n","protected":false},"author":2,"featured_media":0,"parent":11899,"menu_order":3,"comment_status":"closed","ping_status":"closed","template":"","meta":[],"yoast_head":"<!-- This site is optimized with the Yoast SEO plugin v20.11 - https:\/\/yoast.com\/wordpress\/plugins\/seo\/ -->\n<title>Parkinson - Neurocirug\u00eda Barcelona<\/title>\n<meta name=\"robots\" content=\"index, follow, max-snippet:-1, max-image-preview:large, max-video-preview:-1\" \/>\n<link rel=\"canonical\" href=\"https:\/\/www.neurocirugiabarcelona.com\/en\/pathologies\/movement-disorders\/parkinson\/\" \/>\n<meta property=\"og:locale\" content=\"en_US\" \/>\n<meta property=\"og:type\" content=\"article\" \/>\n<meta property=\"og:title\" content=\"Parkinson - Neurocirug\u00eda Barcelona\" \/>\n<meta property=\"og:description\" content=\"Parkinson&#8217;s disease\u00a0(PD), also called\u00a0idiopathic Parkinsonism\u00a0or\u00a0paralysis agitans, is a chronic neurodegenerative disorder that in time leads to progressive disability, produced as a result of the destruction, by as yet unknown causes, of pigmented neurons of the substantia nigra. Frequently classified as a movement disorder, Parkinson&#8217;s disease also unleashes disorders in cognitive functions, the expression of emotions ...\" \/>\n<meta property=\"og:url\" content=\"https:\/\/www.neurocirugiabarcelona.com\/en\/pathologies\/movement-disorders\/parkinson\/\" \/>\n<meta property=\"og:site_name\" content=\"Neurocirug\u00eda Barcelona\" \/>\n<meta property=\"article:modified_time\" content=\"2019-01-26T11:53:41+00:00\" \/>\n<meta property=\"og:image\" content=\"http:\/\/www.neurocirugiabarcelona.com\/wp-content\/uploads\/2016\/06\/Parkinson-planificacion_result-300x225.jpg\" \/>\n<meta name=\"twitter:card\" content=\"summary_large_image\" \/>\n<meta name=\"twitter:label1\" content=\"Est. reading time\" \/>\n\t<meta name=\"twitter:data1\" content=\"2 minutes\" \/>\n<script type=\"application\/ld+json\" class=\"yoast-schema-graph\">{\"@context\":\"https:\/\/schema.org\",\"@graph\":[{\"@type\":\"WebPage\",\"@id\":\"https:\/\/www.neurocirugiabarcelona.com\/en\/pathologies\/movement-disorders\/parkinson\/\",\"url\":\"https:\/\/www.neurocirugiabarcelona.com\/en\/pathologies\/movement-disorders\/parkinson\/\",\"name\":\"Parkinson - Neurocirug\u00eda Barcelona\",\"isPartOf\":{\"@id\":\"https:\/\/www.neurocirugiabarcelona.com\/#website\"},\"datePublished\":\"2016-06-09T06:33:38+00:00\",\"dateModified\":\"2019-01-26T11:53:41+00:00\",\"breadcrumb\":{\"@id\":\"https:\/\/www.neurocirugiabarcelona.com\/en\/pathologies\/movement-disorders\/parkinson\/#breadcrumb\"},\"inLanguage\":\"en-US\",\"potentialAction\":[{\"@type\":\"ReadAction\",\"target\":[\"https:\/\/www.neurocirugiabarcelona.com\/en\/pathologies\/movement-disorders\/parkinson\/\"]}]},{\"@type\":\"BreadcrumbList\",\"@id\":\"https:\/\/www.neurocirugiabarcelona.com\/en\/pathologies\/movement-disorders\/parkinson\/#breadcrumb\",\"itemListElement\":[{\"@type\":\"ListItem\",\"position\":1,\"name\":\"Portada\",\"item\":\"https:\/\/www.neurocirugiabarcelona.com\/en\/\"},{\"@type\":\"ListItem\",\"position\":2,\"name\":\"Pathologies\",\"item\":\"https:\/\/www.neurocirugiabarcelona.com\/en\/pathologies\/\"},{\"@type\":\"ListItem\",\"position\":3,\"name\":\"Movement disorders\",\"item\":\"https:\/\/www.neurocirugiabarcelona.com\/en\/pathologies\/movement-disorders\/\"},{\"@type\":\"ListItem\",\"position\":4,\"name\":\"Parkinson\"}]},{\"@type\":\"WebSite\",\"@id\":\"https:\/\/www.neurocirugiabarcelona.com\/#website\",\"url\":\"https:\/\/www.neurocirugiabarcelona.com\/\",\"name\":\"Neurocirug\u00eda Barcelona\",\"description\":\"Tratamiento integral de las patolog\u00edas neuroquir\u00fargicas mediante una visi\u00f3n multidisciplinar\",\"potentialAction\":[{\"@type\":\"SearchAction\",\"target\":{\"@type\":\"EntryPoint\",\"urlTemplate\":\"https:\/\/www.neurocirugiabarcelona.com\/?s={search_term_string}\"},\"query-input\":\"required name=search_term_string\"}],\"inLanguage\":\"en-US\"}]}<\/script>\n<!-- \/ Yoast SEO plugin. -->","yoast_head_json":{"title":"Parkinson - Neurocirug\u00eda Barcelona","robots":{"index":"index","follow":"follow","max-snippet":"max-snippet:-1","max-image-preview":"max-image-preview:large","max-video-preview":"max-video-preview:-1"},"canonical":"https:\/\/www.neurocirugiabarcelona.com\/en\/pathologies\/movement-disorders\/parkinson\/","og_locale":"en_US","og_type":"article","og_title":"Parkinson - Neurocirug\u00eda Barcelona","og_description":"Parkinson&#8217;s disease\u00a0(PD), also called\u00a0idiopathic Parkinsonism\u00a0or\u00a0paralysis agitans, is a chronic neurodegenerative disorder that in time leads to progressive disability, produced as a result of the destruction, by as yet unknown causes, of pigmented neurons of the substantia nigra. Frequently classified as a movement disorder, Parkinson&#8217;s disease also unleashes disorders in cognitive functions, the expression of emotions ...","og_url":"https:\/\/www.neurocirugiabarcelona.com\/en\/pathologies\/movement-disorders\/parkinson\/","og_site_name":"Neurocirug\u00eda Barcelona","article_modified_time":"2019-01-26T11:53:41+00:00","og_image":[{"url":"http:\/\/www.neurocirugiabarcelona.com\/wp-content\/uploads\/2016\/06\/Parkinson-planificacion_result-300x225.jpg"}],"twitter_card":"summary_large_image","twitter_misc":{"Est. reading time":"2 minutes"},"schema":{"@context":"https:\/\/schema.org","@graph":[{"@type":"WebPage","@id":"https:\/\/www.neurocirugiabarcelona.com\/en\/pathologies\/movement-disorders\/parkinson\/","url":"https:\/\/www.neurocirugiabarcelona.com\/en\/pathologies\/movement-disorders\/parkinson\/","name":"Parkinson - Neurocirug\u00eda Barcelona","isPartOf":{"@id":"https:\/\/www.neurocirugiabarcelona.com\/#website"},"datePublished":"2016-06-09T06:33:38+00:00","dateModified":"2019-01-26T11:53:41+00:00","breadcrumb":{"@id":"https:\/\/www.neurocirugiabarcelona.com\/en\/pathologies\/movement-disorders\/parkinson\/#breadcrumb"},"inLanguage":"en-US","potentialAction":[{"@type":"ReadAction","target":["https:\/\/www.neurocirugiabarcelona.com\/en\/pathologies\/movement-disorders\/parkinson\/"]}]},{"@type":"BreadcrumbList","@id":"https:\/\/www.neurocirugiabarcelona.com\/en\/pathologies\/movement-disorders\/parkinson\/#breadcrumb","itemListElement":[{"@type":"ListItem","position":1,"name":"Portada","item":"https:\/\/www.neurocirugiabarcelona.com\/en\/"},{"@type":"ListItem","position":2,"name":"Pathologies","item":"https:\/\/www.neurocirugiabarcelona.com\/en\/pathologies\/"},{"@type":"ListItem","position":3,"name":"Movement disorders","item":"https:\/\/www.neurocirugiabarcelona.com\/en\/pathologies\/movement-disorders\/"},{"@type":"ListItem","position":4,"name":"Parkinson"}]},{"@type":"WebSite","@id":"https:\/\/www.neurocirugiabarcelona.com\/#website","url":"https:\/\/www.neurocirugiabarcelona.com\/","name":"Neurocirug\u00eda Barcelona","description":"Tratamiento integral de las patolog\u00edas neuroquir\u00fargicas mediante una visi\u00f3n multidisciplinar","potentialAction":[{"@type":"SearchAction","target":{"@type":"EntryPoint","urlTemplate":"https:\/\/www.neurocirugiabarcelona.com\/?s={search_term_string}"},"query-input":"required name=search_term_string"}],"inLanguage":"en-US"}]}},"_links":{"self":[{"href":"https:\/\/www.neurocirugiabarcelona.com\/en\/wp-json\/wp\/v2\/pages\/11910"}],"collection":[{"href":"https:\/\/www.neurocirugiabarcelona.com\/en\/wp-json\/wp\/v2\/pages"}],"about":[{"href":"https:\/\/www.neurocirugiabarcelona.com\/en\/wp-json\/wp\/v2\/types\/page"}],"author":[{"embeddable":true,"href":"https:\/\/www.neurocirugiabarcelona.com\/en\/wp-json\/wp\/v2\/users\/2"}],"replies":[{"embeddable":true,"href":"https:\/\/www.neurocirugiabarcelona.com\/en\/wp-json\/wp\/v2\/comments?post=11910"}],"version-history":[{"count":2,"href":"https:\/\/www.neurocirugiabarcelona.com\/en\/wp-json\/wp\/v2\/pages\/11910\/revisions"}],"predecessor-version":[{"id":11912,"href":"https:\/\/www.neurocirugiabarcelona.com\/en\/wp-json\/wp\/v2\/pages\/11910\/revisions\/11912"}],"up":[{"embeddable":true,"href":"https:\/\/www.neurocirugiabarcelona.com\/en\/wp-json\/wp\/v2\/pages\/11899"}],"wp:attachment":[{"href":"https:\/\/www.neurocirugiabarcelona.com\/en\/wp-json\/wp\/v2\/media?parent=11910"}],"curies":[{"name":"wp","href":"https:\/\/api.w.org\/{rel}","templated":true}]}}