{"id":11899,"date":"2016-06-09T07:29:31","date_gmt":"2016-06-09T06:29:31","guid":{"rendered":"https:\/\/www.neurocirugiabarcelona.com\/patologias\/trastornos-del-movimiento\/"},"modified":"2019-02-14T16:44:27","modified_gmt":"2019-02-14T15:44:27","slug":"movement-disorders","status":"publish","type":"page","link":"https:\/\/www.neurocirugiabarcelona.com\/en\/pathologies\/movement-disorders\/","title":{"rendered":"Movement disorders"},"content":{"rendered":"<p>This term covers a series of pathologies characterised by an alteration in movement control, either in excess or lack thereof.<\/p>\n<p>The most common movement disorder in the general population is essential tremor, although it is not the reason for visits to the neurosurgeon as it is generally benign. One of the movement disorders which presents most incidence for neurosurgical action is Parkinson&#8217;s disease as its course is progressive and often incapacitating.<\/p>\n<p>All these clinical profiles have an underlying alteration of the mechanisms that control movement. These patients present a lesion in the extrapyramidal pathway, a series of brain nuclei whose function is to co-ordinate and refine the movements originating in the cerebral cortex. Any alteration in these mechanisms either due to a defect or excess inhibition\/activation of certain pathways will cause these movement disorders.<\/p>\n<p><div class=\"one_third\"><a href=\"https:\/\/www.neurocirugiabarcelona.com\/en\/pathologies\/movement-disorders\/parkinson\/\" target=\"\" style=\"color:#fff\"><div class=\"pmc-button pmc-round-button\" style=\"background-color:#ff505a;border-color:#a01e3c\">Parkinson<\/div><\/a><\/div><div class=\"one_third\"><a href=\"https:\/\/www.neurocirugiabarcelona.com\/en\/pathologies\/movement-disorders\/dystonia-movement-disorders\/\" target=\"\" style=\"color:#fff\"><div class=\"pmc-button pmc-round-button\" style=\"background-color:#ff505a;border-color:#a01e3c\">Dystonia \u2013 Movement disorders<\/div><\/a><\/div><div class=\"one_third last\"><a href=\"https:\/\/www.neurocirugiabarcelona.com\/en\/pathologies\/movement-disorders\/essential-tremor\/\" target=\"\" style=\"color:#fff\"><div class=\"pmc-button pmc-round-button\" style=\"background-color:#ff505a;border-color:#a01e3c\">Essential tremor<\/div><\/a><\/div><\/p>\n<p>&nbsp;<\/p>\n<p>&nbsp;<\/p>\n","protected":false},"excerpt":{"rendered":"<p>This term covers a series of pathologies characterised by an alteration in movement control, either in excess or lack thereof. The most common movement disorder in the general population is essential tremor, although it is not the reason for visits to the neurosurgeon as it is generally benign. One of the movement disorders which presents &#8230;<\/p>\n","protected":false},"author":2,"featured_media":0,"parent":11772,"menu_order":5,"comment_status":"closed","ping_status":"closed","template":"","meta":[],"yoast_head":"<!-- This site is optimized with the Yoast SEO plugin v20.11 - https:\/\/yoast.com\/wordpress\/plugins\/seo\/ -->\n<title>Movement disorders - Neurocirug\u00eda Barcelona<\/title>\n<meta name=\"robots\" content=\"index, follow, max-snippet:-1, max-image-preview:large, max-video-preview:-1\" \/>\n<link rel=\"canonical\" href=\"https:\/\/www.neurocirugiabarcelona.com\/en\/pathologies\/movement-disorders\/\" \/>\n<meta property=\"og:locale\" content=\"en_US\" \/>\n<meta property=\"og:type\" content=\"article\" \/>\n<meta property=\"og:title\" content=\"Movement disorders - Neurocirug\u00eda Barcelona\" \/>\n<meta property=\"og:description\" content=\"This term covers a series of pathologies characterised by an alteration in movement control, either in excess or lack thereof. The most common movement disorder in the general population is essential tremor, although it is not the reason for visits to the neurosurgeon as it is generally benign. One of the movement disorders which presents ...\" \/>\n<meta property=\"og:url\" content=\"https:\/\/www.neurocirugiabarcelona.com\/en\/pathologies\/movement-disorders\/\" \/>\n<meta property=\"og:site_name\" content=\"Neurocirug\u00eda Barcelona\" \/>\n<meta property=\"article:modified_time\" content=\"2019-02-14T15:44:27+00:00\" \/>\n<meta name=\"twitter:card\" content=\"summary_large_image\" \/>\n<meta name=\"twitter:label1\" content=\"Est. reading time\" \/>\n\t<meta name=\"twitter:data1\" content=\"1 minute\" \/>\n<script type=\"application\/ld+json\" class=\"yoast-schema-graph\">{\"@context\":\"https:\/\/schema.org\",\"@graph\":[{\"@type\":\"WebPage\",\"@id\":\"https:\/\/www.neurocirugiabarcelona.com\/en\/pathologies\/movement-disorders\/\",\"url\":\"https:\/\/www.neurocirugiabarcelona.com\/en\/pathologies\/movement-disorders\/\",\"name\":\"Movement disorders - Neurocirug\u00eda Barcelona\",\"isPartOf\":{\"@id\":\"https:\/\/www.neurocirugiabarcelona.com\/#website\"},\"datePublished\":\"2016-06-09T06:29:31+00:00\",\"dateModified\":\"2019-02-14T15:44:27+00:00\",\"breadcrumb\":{\"@id\":\"https:\/\/www.neurocirugiabarcelona.com\/en\/pathologies\/movement-disorders\/#breadcrumb\"},\"inLanguage\":\"en-US\",\"potentialAction\":[{\"@type\":\"ReadAction\",\"target\":[\"https:\/\/www.neurocirugiabarcelona.com\/en\/pathologies\/movement-disorders\/\"]}]},{\"@type\":\"BreadcrumbList\",\"@id\":\"https:\/\/www.neurocirugiabarcelona.com\/en\/pathologies\/movement-disorders\/#breadcrumb\",\"itemListElement\":[{\"@type\":\"ListItem\",\"position\":1,\"name\":\"Portada\",\"item\":\"https:\/\/www.neurocirugiabarcelona.com\/en\/\"},{\"@type\":\"ListItem\",\"position\":2,\"name\":\"Pathologies\",\"item\":\"https:\/\/www.neurocirugiabarcelona.com\/en\/pathologies\/\"},{\"@type\":\"ListItem\",\"position\":3,\"name\":\"Movement disorders\"}]},{\"@type\":\"WebSite\",\"@id\":\"https:\/\/www.neurocirugiabarcelona.com\/#website\",\"url\":\"https:\/\/www.neurocirugiabarcelona.com\/\",\"name\":\"Neurocirug\u00eda Barcelona\",\"description\":\"Tratamiento integral de las patolog\u00edas neuroquir\u00fargicas mediante una visi\u00f3n multidisciplinar\",\"potentialAction\":[{\"@type\":\"SearchAction\",\"target\":{\"@type\":\"EntryPoint\",\"urlTemplate\":\"https:\/\/www.neurocirugiabarcelona.com\/?s={search_term_string}\"},\"query-input\":\"required name=search_term_string\"}],\"inLanguage\":\"en-US\"}]}<\/script>\n<!-- \/ Yoast SEO plugin. -->","yoast_head_json":{"title":"Movement disorders - Neurocirug\u00eda Barcelona","robots":{"index":"index","follow":"follow","max-snippet":"max-snippet:-1","max-image-preview":"max-image-preview:large","max-video-preview":"max-video-preview:-1"},"canonical":"https:\/\/www.neurocirugiabarcelona.com\/en\/pathologies\/movement-disorders\/","og_locale":"en_US","og_type":"article","og_title":"Movement disorders - Neurocirug\u00eda Barcelona","og_description":"This term covers a series of pathologies characterised by an alteration in movement control, either in excess or lack thereof. The most common movement disorder in the general population is essential tremor, although it is not the reason for visits to the neurosurgeon as it is generally benign. One of the movement disorders which presents ...","og_url":"https:\/\/www.neurocirugiabarcelona.com\/en\/pathologies\/movement-disorders\/","og_site_name":"Neurocirug\u00eda Barcelona","article_modified_time":"2019-02-14T15:44:27+00:00","twitter_card":"summary_large_image","twitter_misc":{"Est. reading time":"1 minute"},"schema":{"@context":"https:\/\/schema.org","@graph":[{"@type":"WebPage","@id":"https:\/\/www.neurocirugiabarcelona.com\/en\/pathologies\/movement-disorders\/","url":"https:\/\/www.neurocirugiabarcelona.com\/en\/pathologies\/movement-disorders\/","name":"Movement disorders - Neurocirug\u00eda Barcelona","isPartOf":{"@id":"https:\/\/www.neurocirugiabarcelona.com\/#website"},"datePublished":"2016-06-09T06:29:31+00:00","dateModified":"2019-02-14T15:44:27+00:00","breadcrumb":{"@id":"https:\/\/www.neurocirugiabarcelona.com\/en\/pathologies\/movement-disorders\/#breadcrumb"},"inLanguage":"en-US","potentialAction":[{"@type":"ReadAction","target":["https:\/\/www.neurocirugiabarcelona.com\/en\/pathologies\/movement-disorders\/"]}]},{"@type":"BreadcrumbList","@id":"https:\/\/www.neurocirugiabarcelona.com\/en\/pathologies\/movement-disorders\/#breadcrumb","itemListElement":[{"@type":"ListItem","position":1,"name":"Portada","item":"https:\/\/www.neurocirugiabarcelona.com\/en\/"},{"@type":"ListItem","position":2,"name":"Pathologies","item":"https:\/\/www.neurocirugiabarcelona.com\/en\/pathologies\/"},{"@type":"ListItem","position":3,"name":"Movement disorders"}]},{"@type":"WebSite","@id":"https:\/\/www.neurocirugiabarcelona.com\/#website","url":"https:\/\/www.neurocirugiabarcelona.com\/","name":"Neurocirug\u00eda Barcelona","description":"Tratamiento integral de las patolog\u00edas neuroquir\u00fargicas mediante una visi\u00f3n multidisciplinar","potentialAction":[{"@type":"SearchAction","target":{"@type":"EntryPoint","urlTemplate":"https:\/\/www.neurocirugiabarcelona.com\/?s={search_term_string}"},"query-input":"required name=search_term_string"}],"inLanguage":"en-US"}]}},"_links":{"self":[{"href":"https:\/\/www.neurocirugiabarcelona.com\/en\/wp-json\/wp\/v2\/pages\/11899"}],"collection":[{"href":"https:\/\/www.neurocirugiabarcelona.com\/en\/wp-json\/wp\/v2\/pages"}],"about":[{"href":"https:\/\/www.neurocirugiabarcelona.com\/en\/wp-json\/wp\/v2\/types\/page"}],"author":[{"embeddable":true,"href":"https:\/\/www.neurocirugiabarcelona.com\/en\/wp-json\/wp\/v2\/users\/2"}],"replies":[{"embeddable":true,"href":"https:\/\/www.neurocirugiabarcelona.com\/en\/wp-json\/wp\/v2\/comments?post=11899"}],"version-history":[{"count":4,"href":"https:\/\/www.neurocirugiabarcelona.com\/en\/wp-json\/wp\/v2\/pages\/11899\/revisions"}],"predecessor-version":[{"id":12338,"href":"https:\/\/www.neurocirugiabarcelona.com\/en\/wp-json\/wp\/v2\/pages\/11899\/revisions\/12338"}],"up":[{"embeddable":true,"href":"https:\/\/www.neurocirugiabarcelona.com\/en\/wp-json\/wp\/v2\/pages\/11772"}],"wp:attachment":[{"href":"https:\/\/www.neurocirugiabarcelona.com\/en\/wp-json\/wp\/v2\/media?parent=11899"}],"curies":[{"name":"wp","href":"https:\/\/api.w.org\/{rel}","templated":true}]}}