{"id":11895,"date":"2016-06-10T10:31:34","date_gmt":"2016-06-10T09:31:34","guid":{"rendered":"https:\/\/www.neurocirugiabarcelona.com\/patologias\/facomatosis-nf-1-y-nf-2\/neurofibromatosis\/"},"modified":"2019-01-26T12:52:49","modified_gmt":"2019-01-26T11:52:49","slug":"neurofibromatosis","status":"publish","type":"page","link":"https:\/\/www.neurocirugiabarcelona.com\/en\/pathologies\/phakomatosis-nf-1-and-nf-2\/neurofibromatosis\/","title":{"rendered":"Neurofibromatosis"},"content":{"rendered":"<p>Neurofibromatosis is a genetic disorder within the group of <span style=\"text-decoration: underline;\"><a href=\"http:\/\/www.neurocirugiabarcelona.com\/patologias\/facomatosis-nf-1-y-nf-2\/\">Phakomatosis<\/a><\/span> (Von Recklinghausen\u2019s disease or Neurofibromatosis type 1, Neurofibromatosis type 2, Sturge-Weber Syndrome, Von Hippel-Lindau syndrome and <span style=\"text-decoration: underline;\"><a href=\"http:\/\/www.neurocirugiabarcelona.com\/patologias\/facomatosis-nf-1-y-nf-2\/esclerosis-tuberosa\/\">Tuberous sclerosis<\/a><\/span> or Bourneville disease).<a href=\"http:\/\/www.neurocirugiabarcelona.com\/wp-content\/uploads\/2016\/06\/neurofibromatosis.jpg\" rel=\"lightbox[11895]\"><img decoding=\"async\" loading=\"lazy\" class=\"alignright size-medium wp-image-11137\" src=\"http:\/\/www.neurocirugiabarcelona.com\/wp-content\/uploads\/2016\/06\/neurofibromatosis-241x300.jpg\" alt=\"neurofibromatosis\" width=\"241\" height=\"300\" srcset=\"https:\/\/www.neurocirugiabarcelona.com\/wp-content\/uploads\/2016\/06\/neurofibromatosis-241x300.jpg 241w, https:\/\/www.neurocirugiabarcelona.com\/wp-content\/uploads\/2016\/06\/neurofibromatosis-768x955.jpg 768w, https:\/\/www.neurocirugiabarcelona.com\/wp-content\/uploads\/2016\/06\/neurofibromatosis.jpg 804w\" sizes=\"(max-width: 241px) 100vw, 241px\" \/><\/a><\/p>\n<p>Neurofibromatosis is a disorder that affects the development and growth of nerve tissue cells. This means the patient has a susceptibility to generate tumours of nervous origin. Classically there are two types:<\/p>\n<ul>\n<li>Neurofibromatosis type 1: characterised by the appearance skin spots (\u201cwhitish\u201d) and the appearance of neurofibromas.<\/li>\n<li>Neurofibromatosis type 2: tendency to create nerve tumours but without skin disorders.<\/li>\n<\/ul>\n<p>&nbsp;<\/p>\n<p>Talk to a neurosurgeon with experience in these diseases for correct follow-up and surgical action if necessary.<\/p>\n","protected":false},"excerpt":{"rendered":"<p>Neurofibromatosis is a genetic disorder within the group of Phakomatosis (Von Recklinghausen\u2019s disease or Neurofibromatosis type 1, Neurofibromatosis type 2, Sturge-Weber Syndrome, Von Hippel-Lindau syndrome and Tuberous sclerosis or Bourneville disease). Neurofibromatosis is a disorder that affects the development and growth of nerve tissue cells. This means the patient has a susceptibility to generate tumours &#8230;<\/p>\n","protected":false},"author":2,"featured_media":0,"parent":11887,"menu_order":1,"comment_status":"closed","ping_status":"closed","template":"","meta":[],"yoast_head":"<!-- This site is optimized with the Yoast SEO plugin v20.11 - https:\/\/yoast.com\/wordpress\/plugins\/seo\/ -->\n<title>Neurofibromatosis - Neurocirug\u00eda Barcelona<\/title>\n<meta name=\"robots\" content=\"index, follow, max-snippet:-1, max-image-preview:large, max-video-preview:-1\" \/>\n<link rel=\"canonical\" href=\"https:\/\/www.neurocirugiabarcelona.com\/patologias\/facomatosis-nf-1-y-nf-2\/neurofibromatosis\/\" \/>\n<meta property=\"og:locale\" content=\"en_US\" \/>\n<meta property=\"og:type\" content=\"article\" \/>\n<meta property=\"og:title\" content=\"Neurofibromatosis - Neurocirug\u00eda Barcelona\" \/>\n<meta property=\"og:description\" content=\"Neurofibromatosis is a genetic disorder within the group of Phakomatosis (Von Recklinghausen\u2019s disease or Neurofibromatosis type 1, Neurofibromatosis type 2, Sturge-Weber Syndrome, Von Hippel-Lindau syndrome and Tuberous sclerosis or Bourneville disease). Neurofibromatosis is a disorder that affects the development and growth of nerve tissue cells. This means the patient has a susceptibility to generate tumours ...\" \/>\n<meta property=\"og:url\" content=\"https:\/\/www.neurocirugiabarcelona.com\/patologias\/facomatosis-nf-1-y-nf-2\/neurofibromatosis\/\" \/>\n<meta property=\"og:site_name\" content=\"Neurocirug\u00eda Barcelona\" \/>\n<meta property=\"article:modified_time\" content=\"2019-01-26T11:52:49+00:00\" \/>\n<meta property=\"og:image\" content=\"http:\/\/www.neurocirugiabarcelona.com\/wp-content\/uploads\/2016\/06\/neurofibromatosis-241x300.jpg\" \/>\n<meta name=\"twitter:card\" content=\"summary_large_image\" \/>\n<meta name=\"twitter:label1\" content=\"Est. reading time\" \/>\n\t<meta name=\"twitter:data1\" content=\"1 minute\" \/>\n<script type=\"application\/ld+json\" class=\"yoast-schema-graph\">{\"@context\":\"https:\/\/schema.org\",\"@graph\":[{\"@type\":\"WebPage\",\"@id\":\"https:\/\/www.neurocirugiabarcelona.com\/patologias\/facomatosis-nf-1-y-nf-2\/neurofibromatosis\/\",\"url\":\"https:\/\/www.neurocirugiabarcelona.com\/patologias\/facomatosis-nf-1-y-nf-2\/neurofibromatosis\/\",\"name\":\"Neurofibromatosis - Neurocirug\u00eda Barcelona\",\"isPartOf\":{\"@id\":\"https:\/\/www.neurocirugiabarcelona.com\/#website\"},\"datePublished\":\"2016-06-10T09:31:34+00:00\",\"dateModified\":\"2019-01-26T11:52:49+00:00\",\"breadcrumb\":{\"@id\":\"https:\/\/www.neurocirugiabarcelona.com\/patologias\/facomatosis-nf-1-y-nf-2\/neurofibromatosis\/#breadcrumb\"},\"inLanguage\":\"en-US\",\"potentialAction\":[{\"@type\":\"ReadAction\",\"target\":[\"https:\/\/www.neurocirugiabarcelona.com\/patologias\/facomatosis-nf-1-y-nf-2\/neurofibromatosis\/\"]}]},{\"@type\":\"BreadcrumbList\",\"@id\":\"https:\/\/www.neurocirugiabarcelona.com\/patologias\/facomatosis-nf-1-y-nf-2\/neurofibromatosis\/#breadcrumb\",\"itemListElement\":[{\"@type\":\"ListItem\",\"position\":1,\"name\":\"Portada\",\"item\":\"https:\/\/www.neurocirugiabarcelona.com\/en\/\"},{\"@type\":\"ListItem\",\"position\":2,\"name\":\"Pathologies\",\"item\":\"https:\/\/www.neurocirugiabarcelona.com\/en\/pathologies\/\"},{\"@type\":\"ListItem\",\"position\":3,\"name\":\"Phakomatosis (NF-1 and NF-2)\",\"item\":\"https:\/\/www.neurocirugiabarcelona.com\/en\/pathologies\/phakomatosis-nf-1-and-nf-2\/\"},{\"@type\":\"ListItem\",\"position\":4,\"name\":\"Neurofibromatosis\"}]},{\"@type\":\"WebSite\",\"@id\":\"https:\/\/www.neurocirugiabarcelona.com\/#website\",\"url\":\"https:\/\/www.neurocirugiabarcelona.com\/\",\"name\":\"Neurocirug\u00eda Barcelona\",\"description\":\"Tratamiento integral de las patolog\u00edas neuroquir\u00fargicas mediante una visi\u00f3n multidisciplinar\",\"potentialAction\":[{\"@type\":\"SearchAction\",\"target\":{\"@type\":\"EntryPoint\",\"urlTemplate\":\"https:\/\/www.neurocirugiabarcelona.com\/?s={search_term_string}\"},\"query-input\":\"required name=search_term_string\"}],\"inLanguage\":\"en-US\"}]}<\/script>\n<!-- \/ Yoast SEO plugin. -->","yoast_head_json":{"title":"Neurofibromatosis - Neurocirug\u00eda Barcelona","robots":{"index":"index","follow":"follow","max-snippet":"max-snippet:-1","max-image-preview":"max-image-preview:large","max-video-preview":"max-video-preview:-1"},"canonical":"https:\/\/www.neurocirugiabarcelona.com\/patologias\/facomatosis-nf-1-y-nf-2\/neurofibromatosis\/","og_locale":"en_US","og_type":"article","og_title":"Neurofibromatosis - Neurocirug\u00eda Barcelona","og_description":"Neurofibromatosis is a genetic disorder within the group of Phakomatosis (Von Recklinghausen\u2019s disease or Neurofibromatosis type 1, Neurofibromatosis type 2, Sturge-Weber Syndrome, Von Hippel-Lindau syndrome and Tuberous sclerosis or Bourneville disease). Neurofibromatosis is a disorder that affects the development and growth of nerve tissue cells. This means the patient has a susceptibility to generate tumours ...","og_url":"https:\/\/www.neurocirugiabarcelona.com\/patologias\/facomatosis-nf-1-y-nf-2\/neurofibromatosis\/","og_site_name":"Neurocirug\u00eda Barcelona","article_modified_time":"2019-01-26T11:52:49+00:00","og_image":[{"url":"http:\/\/www.neurocirugiabarcelona.com\/wp-content\/uploads\/2016\/06\/neurofibromatosis-241x300.jpg"}],"twitter_card":"summary_large_image","twitter_misc":{"Est. reading time":"1 minute"},"schema":{"@context":"https:\/\/schema.org","@graph":[{"@type":"WebPage","@id":"https:\/\/www.neurocirugiabarcelona.com\/patologias\/facomatosis-nf-1-y-nf-2\/neurofibromatosis\/","url":"https:\/\/www.neurocirugiabarcelona.com\/patologias\/facomatosis-nf-1-y-nf-2\/neurofibromatosis\/","name":"Neurofibromatosis - Neurocirug\u00eda Barcelona","isPartOf":{"@id":"https:\/\/www.neurocirugiabarcelona.com\/#website"},"datePublished":"2016-06-10T09:31:34+00:00","dateModified":"2019-01-26T11:52:49+00:00","breadcrumb":{"@id":"https:\/\/www.neurocirugiabarcelona.com\/patologias\/facomatosis-nf-1-y-nf-2\/neurofibromatosis\/#breadcrumb"},"inLanguage":"en-US","potentialAction":[{"@type":"ReadAction","target":["https:\/\/www.neurocirugiabarcelona.com\/patologias\/facomatosis-nf-1-y-nf-2\/neurofibromatosis\/"]}]},{"@type":"BreadcrumbList","@id":"https:\/\/www.neurocirugiabarcelona.com\/patologias\/facomatosis-nf-1-y-nf-2\/neurofibromatosis\/#breadcrumb","itemListElement":[{"@type":"ListItem","position":1,"name":"Portada","item":"https:\/\/www.neurocirugiabarcelona.com\/en\/"},{"@type":"ListItem","position":2,"name":"Pathologies","item":"https:\/\/www.neurocirugiabarcelona.com\/en\/pathologies\/"},{"@type":"ListItem","position":3,"name":"Phakomatosis (NF-1 and NF-2)","item":"https:\/\/www.neurocirugiabarcelona.com\/en\/pathologies\/phakomatosis-nf-1-and-nf-2\/"},{"@type":"ListItem","position":4,"name":"Neurofibromatosis"}]},{"@type":"WebSite","@id":"https:\/\/www.neurocirugiabarcelona.com\/#website","url":"https:\/\/www.neurocirugiabarcelona.com\/","name":"Neurocirug\u00eda Barcelona","description":"Tratamiento integral de las patolog\u00edas neuroquir\u00fargicas mediante una visi\u00f3n multidisciplinar","potentialAction":[{"@type":"SearchAction","target":{"@type":"EntryPoint","urlTemplate":"https:\/\/www.neurocirugiabarcelona.com\/?s={search_term_string}"},"query-input":"required name=search_term_string"}],"inLanguage":"en-US"}]}},"_links":{"self":[{"href":"https:\/\/www.neurocirugiabarcelona.com\/en\/wp-json\/wp\/v2\/pages\/11895"}],"collection":[{"href":"https:\/\/www.neurocirugiabarcelona.com\/en\/wp-json\/wp\/v2\/pages"}],"about":[{"href":"https:\/\/www.neurocirugiabarcelona.com\/en\/wp-json\/wp\/v2\/types\/page"}],"author":[{"embeddable":true,"href":"https:\/\/www.neurocirugiabarcelona.com\/en\/wp-json\/wp\/v2\/users\/2"}],"replies":[{"embeddable":true,"href":"https:\/\/www.neurocirugiabarcelona.com\/en\/wp-json\/wp\/v2\/comments?post=11895"}],"version-history":[{"count":2,"href":"https:\/\/www.neurocirugiabarcelona.com\/en\/wp-json\/wp\/v2\/pages\/11895\/revisions"}],"predecessor-version":[{"id":11897,"href":"https:\/\/www.neurocirugiabarcelona.com\/en\/wp-json\/wp\/v2\/pages\/11895\/revisions\/11897"}],"up":[{"embeddable":true,"href":"https:\/\/www.neurocirugiabarcelona.com\/en\/wp-json\/wp\/v2\/pages\/11887"}],"wp:attachment":[{"href":"https:\/\/www.neurocirugiabarcelona.com\/en\/wp-json\/wp\/v2\/media?parent=11895"}],"curies":[{"name":"wp","href":"https:\/\/api.w.org\/{rel}","templated":true}]}}