{"id":11867,"date":"2016-06-09T06:59:32","date_gmt":"2016-06-09T05:59:32","guid":{"rendered":"https:\/\/www.neurocirugiabarcelona.com\/patologias\/neurocirugia-pediatrica\/tumores-pediatricos\/meduloblastomas\/"},"modified":"2019-01-26T12:50:46","modified_gmt":"2019-01-26T11:50:46","slug":"medulloblastomas","status":"publish","type":"page","link":"https:\/\/www.neurocirugiabarcelona.com\/en\/pathologies\/paediatric-neurosurgery\/paediatric-tumours\/medulloblastomas\/","title":{"rendered":"Medulloblastomas"},"content":{"rendered":"<p>These are one of the most frequent tumours in young children. They constitute <strong>15-20% of all tumours in children<\/strong>. The greatest incidence is between 8 and 9 years of age.<\/p>\n<p><img decoding=\"async\" loading=\"lazy\" class=\"alignright size-medium wp-image-10911\" src=\"http:\/\/www.neurocirugiabarcelona.com\/wp-content\/uploads\/2016\/06\/Meduloblastomas-300x300.jpg\" alt=\"Meduloblastomas\" width=\"300\" height=\"300\" srcset=\"https:\/\/www.neurocirugiabarcelona.com\/wp-content\/uploads\/2016\/06\/Meduloblastomas-300x300.jpg 300w, https:\/\/www.neurocirugiabarcelona.com\/wp-content\/uploads\/2016\/06\/Meduloblastomas-150x150.jpg 150w, https:\/\/www.neurocirugiabarcelona.com\/wp-content\/uploads\/2016\/06\/Meduloblastomas-768x768.jpg 768w, https:\/\/www.neurocirugiabarcelona.com\/wp-content\/uploads\/2016\/06\/Meduloblastomas-1024x1024.jpg 1024w, https:\/\/www.neurocirugiabarcelona.com\/wp-content\/uploads\/2016\/06\/Meduloblastomas-275x275.jpg 275w, https:\/\/www.neurocirugiabarcelona.com\/wp-content\/uploads\/2016\/06\/Meduloblastomas.jpg 1152w\" sizes=\"(max-width: 300px) 100vw, 300px\" \/> It is a fast growing tumour and so the clinical record is very short, weeks or a few months and onset is usually with intracranial hypertension due to secondary hydrocephalus and so these patients present headache, vomiting and papilloedema.<\/p>\n<p><strong>Diagnosis<\/strong> is based on <strong>CT scan<\/strong> and <strong>MRI<\/strong>. The<strong> treatment<\/strong> of <strong>medulloblastomas<\/strong> is always surgical. Surgery of the tumour has a double interest. First, to obtain a tissue for diagnosis of the lesion and, secondly, to remove it. On many occasions it may require placement of external ventricular drainage or a ventriculo-peritoneal shunt to treat the associated hydrocephalus. This other surgery may be required urgently at the time of diagnosis, just before surgery on the posterior fossa, or in the postoperative period. Given the complexity of this pathology, after surgery patients will be transferred to an intensive care unit for better surveillance and management.<\/p>\n<p>The location of the lesion as well as the size will be factors to be taken into account when planning the surgery. In many cases intraoperative neurophysiological monitoring will be required to locate brain nuclei so as not to damage them during resection of the tumour.<\/p>\n<p>The result of the analysis of the excised tumour may take between 7 and 15 days. Once the anatomy of the lesion is confirmed, consideration should be given to the administration of complementary treatment, radiotherapy or chemotherapy. Age is a determining factor for assessing radiotherapy, as it is highly damaging to brain tissue in very young children. The <strong>prongnosis<\/strong> will depend on the size of the tumour, the affectation of nearby structures, the dissemination or not of the tumour and the child&#8217;s age.<br \/>\n<img decoding=\"async\" loading=\"lazy\" class=\"aligncenter wp-image-10912\" src=\"http:\/\/www.neurocirugiabarcelona.com\/wp-content\/uploads\/2016\/06\/Meduloblastomas-2-202x300.jpg\" alt=\"Meduloblastomas\" width=\"400\" height=\"595\" srcset=\"https:\/\/www.neurocirugiabarcelona.com\/wp-content\/uploads\/2016\/06\/Meduloblastomas-2-202x300.jpg 202w, https:\/\/www.neurocirugiabarcelona.com\/wp-content\/uploads\/2016\/06\/Meduloblastomas-2.jpg 646w\" sizes=\"(max-width: 400px) 100vw, 400px\" \/><\/p>\n","protected":false},"excerpt":{"rendered":"<p>These are one of the most frequent tumours in young children. They constitute 15-20% of all tumours in children. The greatest incidence is between 8 and 9 years of age. It is a fast growing tumour and so the clinical record is very short, weeks or a few months and onset is usually with intracranial &#8230;<\/p>\n","protected":false},"author":2,"featured_media":0,"parent":11863,"menu_order":1,"comment_status":"closed","ping_status":"closed","template":"","meta":[],"yoast_head":"<!-- This site is optimized with the Yoast SEO plugin v20.11 - https:\/\/yoast.com\/wordpress\/plugins\/seo\/ -->\n<title>Medulloblastomas - Neurocirug\u00eda Barcelona<\/title>\n<meta name=\"robots\" content=\"index, follow, max-snippet:-1, max-image-preview:large, max-video-preview:-1\" \/>\n<link rel=\"canonical\" href=\"https:\/\/www.neurocirugiabarcelona.com\/patologias\/neurocirugia-pediatrica\/tumores-pediatricos\/meduloblastomas\/\" \/>\n<meta property=\"og:locale\" content=\"en_US\" \/>\n<meta property=\"og:type\" content=\"article\" \/>\n<meta property=\"og:title\" content=\"Medulloblastomas - Neurocirug\u00eda Barcelona\" \/>\n<meta property=\"og:description\" content=\"These are one of the most frequent tumours in young children. They constitute 15-20% of all tumours in children. The greatest incidence is between 8 and 9 years of age. It is a fast growing tumour and so the clinical record is very short, weeks or a few months and onset is usually with intracranial ...\" \/>\n<meta property=\"og:url\" content=\"https:\/\/www.neurocirugiabarcelona.com\/patologias\/neurocirugia-pediatrica\/tumores-pediatricos\/meduloblastomas\/\" \/>\n<meta property=\"og:site_name\" content=\"Neurocirug\u00eda Barcelona\" \/>\n<meta property=\"article:modified_time\" content=\"2019-01-26T11:50:46+00:00\" \/>\n<meta property=\"og:image\" content=\"http:\/\/www.neurocirugiabarcelona.com\/wp-content\/uploads\/2016\/06\/Meduloblastomas-300x300.jpg\" \/>\n<meta name=\"twitter:card\" content=\"summary_large_image\" \/>\n<meta name=\"twitter:label1\" content=\"Est. reading time\" \/>\n\t<meta name=\"twitter:data1\" content=\"1 minute\" \/>\n<script type=\"application\/ld+json\" class=\"yoast-schema-graph\">{\"@context\":\"https:\/\/schema.org\",\"@graph\":[{\"@type\":\"WebPage\",\"@id\":\"https:\/\/www.neurocirugiabarcelona.com\/patologias\/neurocirugia-pediatrica\/tumores-pediatricos\/meduloblastomas\/\",\"url\":\"https:\/\/www.neurocirugiabarcelona.com\/patologias\/neurocirugia-pediatrica\/tumores-pediatricos\/meduloblastomas\/\",\"name\":\"Medulloblastomas - Neurocirug\u00eda Barcelona\",\"isPartOf\":{\"@id\":\"https:\/\/www.neurocirugiabarcelona.com\/#website\"},\"datePublished\":\"2016-06-09T05:59:32+00:00\",\"dateModified\":\"2019-01-26T11:50:46+00:00\",\"breadcrumb\":{\"@id\":\"https:\/\/www.neurocirugiabarcelona.com\/patologias\/neurocirugia-pediatrica\/tumores-pediatricos\/meduloblastomas\/#breadcrumb\"},\"inLanguage\":\"en-US\",\"potentialAction\":[{\"@type\":\"ReadAction\",\"target\":[\"https:\/\/www.neurocirugiabarcelona.com\/patologias\/neurocirugia-pediatrica\/tumores-pediatricos\/meduloblastomas\/\"]}]},{\"@type\":\"BreadcrumbList\",\"@id\":\"https:\/\/www.neurocirugiabarcelona.com\/patologias\/neurocirugia-pediatrica\/tumores-pediatricos\/meduloblastomas\/#breadcrumb\",\"itemListElement\":[{\"@type\":\"ListItem\",\"position\":1,\"name\":\"Portada\",\"item\":\"https:\/\/www.neurocirugiabarcelona.com\/en\/\"},{\"@type\":\"ListItem\",\"position\":2,\"name\":\"Pathologies\",\"item\":\"https:\/\/www.neurocirugiabarcelona.com\/en\/pathologies\/\"},{\"@type\":\"ListItem\",\"position\":3,\"name\":\"Paediatric neurosurgery\",\"item\":\"https:\/\/www.neurocirugiabarcelona.com\/en\/pathologies\/paediatric-neurosurgery\/\"},{\"@type\":\"ListItem\",\"position\":4,\"name\":\"Paediatric tumours\",\"item\":\"https:\/\/www.neurocirugiabarcelona.com\/en\/pathologies\/paediatric-neurosurgery\/paediatric-tumours\/\"},{\"@type\":\"ListItem\",\"position\":5,\"name\":\"Medulloblastomas\"}]},{\"@type\":\"WebSite\",\"@id\":\"https:\/\/www.neurocirugiabarcelona.com\/#website\",\"url\":\"https:\/\/www.neurocirugiabarcelona.com\/\",\"name\":\"Neurocirug\u00eda Barcelona\",\"description\":\"Tratamiento integral de las patolog\u00edas neuroquir\u00fargicas mediante una visi\u00f3n multidisciplinar\",\"potentialAction\":[{\"@type\":\"SearchAction\",\"target\":{\"@type\":\"EntryPoint\",\"urlTemplate\":\"https:\/\/www.neurocirugiabarcelona.com\/?s={search_term_string}\"},\"query-input\":\"required name=search_term_string\"}],\"inLanguage\":\"en-US\"}]}<\/script>\n<!-- \/ Yoast SEO plugin. -->","yoast_head_json":{"title":"Medulloblastomas - Neurocirug\u00eda Barcelona","robots":{"index":"index","follow":"follow","max-snippet":"max-snippet:-1","max-image-preview":"max-image-preview:large","max-video-preview":"max-video-preview:-1"},"canonical":"https:\/\/www.neurocirugiabarcelona.com\/patologias\/neurocirugia-pediatrica\/tumores-pediatricos\/meduloblastomas\/","og_locale":"en_US","og_type":"article","og_title":"Medulloblastomas - Neurocirug\u00eda Barcelona","og_description":"These are one of the most frequent tumours in young children. They constitute 15-20% of all tumours in children. The greatest incidence is between 8 and 9 years of age. It is a fast growing tumour and so the clinical record is very short, weeks or a few months and onset is usually with intracranial ...","og_url":"https:\/\/www.neurocirugiabarcelona.com\/patologias\/neurocirugia-pediatrica\/tumores-pediatricos\/meduloblastomas\/","og_site_name":"Neurocirug\u00eda Barcelona","article_modified_time":"2019-01-26T11:50:46+00:00","og_image":[{"url":"http:\/\/www.neurocirugiabarcelona.com\/wp-content\/uploads\/2016\/06\/Meduloblastomas-300x300.jpg"}],"twitter_card":"summary_large_image","twitter_misc":{"Est. reading time":"1 minute"},"schema":{"@context":"https:\/\/schema.org","@graph":[{"@type":"WebPage","@id":"https:\/\/www.neurocirugiabarcelona.com\/patologias\/neurocirugia-pediatrica\/tumores-pediatricos\/meduloblastomas\/","url":"https:\/\/www.neurocirugiabarcelona.com\/patologias\/neurocirugia-pediatrica\/tumores-pediatricos\/meduloblastomas\/","name":"Medulloblastomas - Neurocirug\u00eda Barcelona","isPartOf":{"@id":"https:\/\/www.neurocirugiabarcelona.com\/#website"},"datePublished":"2016-06-09T05:59:32+00:00","dateModified":"2019-01-26T11:50:46+00:00","breadcrumb":{"@id":"https:\/\/www.neurocirugiabarcelona.com\/patologias\/neurocirugia-pediatrica\/tumores-pediatricos\/meduloblastomas\/#breadcrumb"},"inLanguage":"en-US","potentialAction":[{"@type":"ReadAction","target":["https:\/\/www.neurocirugiabarcelona.com\/patologias\/neurocirugia-pediatrica\/tumores-pediatricos\/meduloblastomas\/"]}]},{"@type":"BreadcrumbList","@id":"https:\/\/www.neurocirugiabarcelona.com\/patologias\/neurocirugia-pediatrica\/tumores-pediatricos\/meduloblastomas\/#breadcrumb","itemListElement":[{"@type":"ListItem","position":1,"name":"Portada","item":"https:\/\/www.neurocirugiabarcelona.com\/en\/"},{"@type":"ListItem","position":2,"name":"Pathologies","item":"https:\/\/www.neurocirugiabarcelona.com\/en\/pathologies\/"},{"@type":"ListItem","position":3,"name":"Paediatric neurosurgery","item":"https:\/\/www.neurocirugiabarcelona.com\/en\/pathologies\/paediatric-neurosurgery\/"},{"@type":"ListItem","position":4,"name":"Paediatric tumours","item":"https:\/\/www.neurocirugiabarcelona.com\/en\/pathologies\/paediatric-neurosurgery\/paediatric-tumours\/"},{"@type":"ListItem","position":5,"name":"Medulloblastomas"}]},{"@type":"WebSite","@id":"https:\/\/www.neurocirugiabarcelona.com\/#website","url":"https:\/\/www.neurocirugiabarcelona.com\/","name":"Neurocirug\u00eda Barcelona","description":"Tratamiento integral de las patolog\u00edas neuroquir\u00fargicas mediante una visi\u00f3n multidisciplinar","potentialAction":[{"@type":"SearchAction","target":{"@type":"EntryPoint","urlTemplate":"https:\/\/www.neurocirugiabarcelona.com\/?s={search_term_string}"},"query-input":"required name=search_term_string"}],"inLanguage":"en-US"}]}},"_links":{"self":[{"href":"https:\/\/www.neurocirugiabarcelona.com\/en\/wp-json\/wp\/v2\/pages\/11867"}],"collection":[{"href":"https:\/\/www.neurocirugiabarcelona.com\/en\/wp-json\/wp\/v2\/pages"}],"about":[{"href":"https:\/\/www.neurocirugiabarcelona.com\/en\/wp-json\/wp\/v2\/types\/page"}],"author":[{"embeddable":true,"href":"https:\/\/www.neurocirugiabarcelona.com\/en\/wp-json\/wp\/v2\/users\/2"}],"replies":[{"embeddable":true,"href":"https:\/\/www.neurocirugiabarcelona.com\/en\/wp-json\/wp\/v2\/comments?post=11867"}],"version-history":[{"count":3,"href":"https:\/\/www.neurocirugiabarcelona.com\/en\/wp-json\/wp\/v2\/pages\/11867\/revisions"}],"predecessor-version":[{"id":11941,"href":"https:\/\/www.neurocirugiabarcelona.com\/en\/wp-json\/wp\/v2\/pages\/11867\/revisions\/11941"}],"up":[{"embeddable":true,"href":"https:\/\/www.neurocirugiabarcelona.com\/en\/wp-json\/wp\/v2\/pages\/11863"}],"wp:attachment":[{"href":"https:\/\/www.neurocirugiabarcelona.com\/en\/wp-json\/wp\/v2\/media?parent=11867"}],"curies":[{"name":"wp","href":"https:\/\/api.w.org\/{rel}","templated":true}]}}