{"id":11829,"date":"2016-06-09T06:52:11","date_gmt":"2016-06-09T05:52:11","guid":{"rendered":"https:\/\/www.neurocirugiabarcelona.com\/patologias\/tumores-cerebrales\/epidermoides\/"},"modified":"2019-01-26T12:48:44","modified_gmt":"2019-01-26T11:48:44","slug":"epidermoids","status":"publish","type":"page","link":"https:\/\/www.neurocirugiabarcelona.com\/en\/pathologies\/brain-tumours\/epidermoids\/","title":{"rendered":"Epidermoids"},"content":{"rendered":"<p>These lesions are benign and originate in ectodermal epithelial tissue. They are also known as pearl tumour (because of its pearly colour and lack of vascularisation) and\/or cholesteatomas.<\/p>\n<p>They represent 1% of all<strong> intracranial tumours<\/strong>. The most common location in the central nervous system is the cerebellopontine angle. They also appear on a spinal column level.<\/p>\n<h3>Clinical signs<\/h3>\n<p><img decoding=\"async\" loading=\"lazy\" class=\"alignright size-medium wp-image-10873\" src=\"http:\/\/www.neurocirugiabarcelona.com\/wp-content\/uploads\/2016\/06\/Epidermoides-235x300.jpg\" alt=\"Epidermoides\" width=\"235\" height=\"300\" srcset=\"https:\/\/www.neurocirugiabarcelona.com\/wp-content\/uploads\/2016\/06\/Epidermoides-235x300.jpg 235w, https:\/\/www.neurocirugiabarcelona.com\/wp-content\/uploads\/2016\/06\/Epidermoides.jpg 430w\" sizes=\"(max-width: 235px) 100vw, 235px\" \/>The signs may be those of intracranial hypertension (headache, nauseas, vomiting, dizziness, etc.) and depending on the location may cause different neurological alterations. It is also possible that they cause repetitive meningitis.<br \/>\nWhen located in the cerebellopontine angle, they may cause trigeminal neuralgia or affect other cranial pairs (facial mobility, swallowing, etc.)<\/p>\n<h3>Diagnostic tests<\/h3>\n<p>Magnetic resonance imaging is essential for correct assessment of the lesion and to determine its anatomical relationship to surrounding tissues.<\/p>\n<h3>Treatment<\/h3>\n<p>The treatment of choice is surgical. Correct planning through neuronavigation and experience in neurophysiological monitoring is essential to reduce the risks of surgery (especially when cranial pairs are affected).<\/p>\n","protected":false},"excerpt":{"rendered":"<p>These lesions are benign and originate in ectodermal epithelial tissue. They are also known as pearl tumour (because of its pearly colour and lack of vascularisation) and\/or cholesteatomas. They represent 1% of all intracranial tumours. The most common location in the central nervous system is the cerebellopontine angle. They also appear on a spinal column &#8230;<\/p>\n","protected":false},"author":2,"featured_media":0,"parent":11763,"menu_order":9,"comment_status":"closed","ping_status":"closed","template":"","meta":[],"yoast_head":"<!-- This site is optimized with the Yoast SEO plugin v20.11 - https:\/\/yoast.com\/wordpress\/plugins\/seo\/ -->\n<title>Epidermoids - Neurocirug\u00eda Barcelona<\/title>\n<meta name=\"robots\" content=\"index, follow, max-snippet:-1, max-image-preview:large, max-video-preview:-1\" \/>\n<link rel=\"canonical\" href=\"https:\/\/www.neurocirugiabarcelona.com\/patologias\/tumores-cerebrales\/epidermoides\/\" \/>\n<meta property=\"og:locale\" content=\"en_US\" \/>\n<meta property=\"og:type\" content=\"article\" \/>\n<meta property=\"og:title\" content=\"Epidermoids - Neurocirug\u00eda Barcelona\" \/>\n<meta property=\"og:description\" content=\"These lesions are benign and originate in ectodermal epithelial tissue. They are also known as pearl tumour (because of its pearly colour and lack of vascularisation) and\/or cholesteatomas. They represent 1% of all intracranial tumours. The most common location in the central nervous system is the cerebellopontine angle. They also appear on a spinal column ...\" \/>\n<meta property=\"og:url\" content=\"https:\/\/www.neurocirugiabarcelona.com\/patologias\/tumores-cerebrales\/epidermoides\/\" \/>\n<meta property=\"og:site_name\" content=\"Neurocirug\u00eda Barcelona\" \/>\n<meta property=\"article:modified_time\" content=\"2019-01-26T11:48:44+00:00\" \/>\n<meta property=\"og:image\" content=\"http:\/\/www.neurocirugiabarcelona.com\/wp-content\/uploads\/2016\/06\/Epidermoides-235x300.jpg\" \/>\n<meta name=\"twitter:card\" content=\"summary_large_image\" \/>\n<meta name=\"twitter:label1\" content=\"Est. reading time\" \/>\n\t<meta name=\"twitter:data1\" content=\"1 minute\" \/>\n<script type=\"application\/ld+json\" class=\"yoast-schema-graph\">{\"@context\":\"https:\/\/schema.org\",\"@graph\":[{\"@type\":\"WebPage\",\"@id\":\"https:\/\/www.neurocirugiabarcelona.com\/patologias\/tumores-cerebrales\/epidermoides\/\",\"url\":\"https:\/\/www.neurocirugiabarcelona.com\/patologias\/tumores-cerebrales\/epidermoides\/\",\"name\":\"Epidermoids - Neurocirug\u00eda Barcelona\",\"isPartOf\":{\"@id\":\"https:\/\/www.neurocirugiabarcelona.com\/#website\"},\"datePublished\":\"2016-06-09T05:52:11+00:00\",\"dateModified\":\"2019-01-26T11:48:44+00:00\",\"breadcrumb\":{\"@id\":\"https:\/\/www.neurocirugiabarcelona.com\/patologias\/tumores-cerebrales\/epidermoides\/#breadcrumb\"},\"inLanguage\":\"en-US\",\"potentialAction\":[{\"@type\":\"ReadAction\",\"target\":[\"https:\/\/www.neurocirugiabarcelona.com\/patologias\/tumores-cerebrales\/epidermoides\/\"]}]},{\"@type\":\"BreadcrumbList\",\"@id\":\"https:\/\/www.neurocirugiabarcelona.com\/patologias\/tumores-cerebrales\/epidermoides\/#breadcrumb\",\"itemListElement\":[{\"@type\":\"ListItem\",\"position\":1,\"name\":\"Portada\",\"item\":\"https:\/\/www.neurocirugiabarcelona.com\/en\/\"},{\"@type\":\"ListItem\",\"position\":2,\"name\":\"Pathologies\",\"item\":\"https:\/\/www.neurocirugiabarcelona.com\/en\/pathologies\/\"},{\"@type\":\"ListItem\",\"position\":3,\"name\":\"Brain Tumours\",\"item\":\"https:\/\/www.neurocirugiabarcelona.com\/en\/pathologies\/brain-tumours\/\"},{\"@type\":\"ListItem\",\"position\":4,\"name\":\"Epidermoids\"}]},{\"@type\":\"WebSite\",\"@id\":\"https:\/\/www.neurocirugiabarcelona.com\/#website\",\"url\":\"https:\/\/www.neurocirugiabarcelona.com\/\",\"name\":\"Neurocirug\u00eda Barcelona\",\"description\":\"Tratamiento integral de las patolog\u00edas neuroquir\u00fargicas mediante una visi\u00f3n multidisciplinar\",\"potentialAction\":[{\"@type\":\"SearchAction\",\"target\":{\"@type\":\"EntryPoint\",\"urlTemplate\":\"https:\/\/www.neurocirugiabarcelona.com\/?s={search_term_string}\"},\"query-input\":\"required name=search_term_string\"}],\"inLanguage\":\"en-US\"}]}<\/script>\n<!-- \/ Yoast SEO plugin. -->","yoast_head_json":{"title":"Epidermoids - Neurocirug\u00eda Barcelona","robots":{"index":"index","follow":"follow","max-snippet":"max-snippet:-1","max-image-preview":"max-image-preview:large","max-video-preview":"max-video-preview:-1"},"canonical":"https:\/\/www.neurocirugiabarcelona.com\/patologias\/tumores-cerebrales\/epidermoides\/","og_locale":"en_US","og_type":"article","og_title":"Epidermoids - Neurocirug\u00eda Barcelona","og_description":"These lesions are benign and originate in ectodermal epithelial tissue. They are also known as pearl tumour (because of its pearly colour and lack of vascularisation) and\/or cholesteatomas. They represent 1% of all intracranial tumours. The most common location in the central nervous system is the cerebellopontine angle. They also appear on a spinal column ...","og_url":"https:\/\/www.neurocirugiabarcelona.com\/patologias\/tumores-cerebrales\/epidermoides\/","og_site_name":"Neurocirug\u00eda Barcelona","article_modified_time":"2019-01-26T11:48:44+00:00","og_image":[{"url":"http:\/\/www.neurocirugiabarcelona.com\/wp-content\/uploads\/2016\/06\/Epidermoides-235x300.jpg"}],"twitter_card":"summary_large_image","twitter_misc":{"Est. reading time":"1 minute"},"schema":{"@context":"https:\/\/schema.org","@graph":[{"@type":"WebPage","@id":"https:\/\/www.neurocirugiabarcelona.com\/patologias\/tumores-cerebrales\/epidermoides\/","url":"https:\/\/www.neurocirugiabarcelona.com\/patologias\/tumores-cerebrales\/epidermoides\/","name":"Epidermoids - Neurocirug\u00eda Barcelona","isPartOf":{"@id":"https:\/\/www.neurocirugiabarcelona.com\/#website"},"datePublished":"2016-06-09T05:52:11+00:00","dateModified":"2019-01-26T11:48:44+00:00","breadcrumb":{"@id":"https:\/\/www.neurocirugiabarcelona.com\/patologias\/tumores-cerebrales\/epidermoides\/#breadcrumb"},"inLanguage":"en-US","potentialAction":[{"@type":"ReadAction","target":["https:\/\/www.neurocirugiabarcelona.com\/patologias\/tumores-cerebrales\/epidermoides\/"]}]},{"@type":"BreadcrumbList","@id":"https:\/\/www.neurocirugiabarcelona.com\/patologias\/tumores-cerebrales\/epidermoides\/#breadcrumb","itemListElement":[{"@type":"ListItem","position":1,"name":"Portada","item":"https:\/\/www.neurocirugiabarcelona.com\/en\/"},{"@type":"ListItem","position":2,"name":"Pathologies","item":"https:\/\/www.neurocirugiabarcelona.com\/en\/pathologies\/"},{"@type":"ListItem","position":3,"name":"Brain Tumours","item":"https:\/\/www.neurocirugiabarcelona.com\/en\/pathologies\/brain-tumours\/"},{"@type":"ListItem","position":4,"name":"Epidermoids"}]},{"@type":"WebSite","@id":"https:\/\/www.neurocirugiabarcelona.com\/#website","url":"https:\/\/www.neurocirugiabarcelona.com\/","name":"Neurocirug\u00eda Barcelona","description":"Tratamiento integral de las patolog\u00edas neuroquir\u00fargicas mediante una visi\u00f3n multidisciplinar","potentialAction":[{"@type":"SearchAction","target":{"@type":"EntryPoint","urlTemplate":"https:\/\/www.neurocirugiabarcelona.com\/?s={search_term_string}"},"query-input":"required name=search_term_string"}],"inLanguage":"en-US"}]}},"_links":{"self":[{"href":"https:\/\/www.neurocirugiabarcelona.com\/en\/wp-json\/wp\/v2\/pages\/11829"}],"collection":[{"href":"https:\/\/www.neurocirugiabarcelona.com\/en\/wp-json\/wp\/v2\/pages"}],"about":[{"href":"https:\/\/www.neurocirugiabarcelona.com\/en\/wp-json\/wp\/v2\/types\/page"}],"author":[{"embeddable":true,"href":"https:\/\/www.neurocirugiabarcelona.com\/en\/wp-json\/wp\/v2\/users\/2"}],"replies":[{"embeddable":true,"href":"https:\/\/www.neurocirugiabarcelona.com\/en\/wp-json\/wp\/v2\/comments?post=11829"}],"version-history":[{"count":2,"href":"https:\/\/www.neurocirugiabarcelona.com\/en\/wp-json\/wp\/v2\/pages\/11829\/revisions"}],"predecessor-version":[{"id":11831,"href":"https:\/\/www.neurocirugiabarcelona.com\/en\/wp-json\/wp\/v2\/pages\/11829\/revisions\/11831"}],"up":[{"embeddable":true,"href":"https:\/\/www.neurocirugiabarcelona.com\/en\/wp-json\/wp\/v2\/pages\/11763"}],"wp:attachment":[{"href":"https:\/\/www.neurocirugiabarcelona.com\/en\/wp-json\/wp\/v2\/media?parent=11829"}],"curies":[{"name":"wp","href":"https:\/\/api.w.org\/{rel}","templated":true}]}}