{"id":11817,"date":"2016-06-09T06:47:45","date_gmt":"2016-06-09T05:47:45","guid":{"rendered":"https:\/\/www.neurocirugiabarcelona.com\/patologias\/tumores-cerebrales\/neurinomas\/"},"modified":"2019-01-26T12:48:22","modified_gmt":"2019-01-26T11:48:22","slug":"neuromas","status":"publish","type":"page","link":"https:\/\/www.neurocirugiabarcelona.com\/en\/pathologies\/brain-tumours\/neuromas\/","title":{"rendered":"Neuromas"},"content":{"rendered":"<p><strong>Introduction<\/strong><\/p>\n<p><strong>Neuromas<\/strong>, <strong>schwannomas<\/strong> or so called <strong>neurilemoma<\/strong> are benign lesions that normally originate in the myelin sheath covering nerves.<\/p>\n<p>They may originate on any nerve but in the brain the most common site is the cerebellopontine angle. In this area the neuromas originated from the statoacoustic nerve or VIII cranial nerve and are called acoustic neurinomas.<\/p>\n<p><strong>Clinical signs<\/strong><\/p>\n<p>The statoacoustic nerve is responsible for hearing and balance and so the symptoms caused by growth of the neuroma in this area are hearing loss or deafness and balance disorders.<\/p>\n<p>Should the lesion grow, it may cause headache, nausea, vomiting, affectation of the facial nerve controlling facial movement and the trigeminal nerve responsible for sensation in the face. Should it be large in size, it may cause compression of the brain stem and more important neurological disorders.<\/p>\n<p><strong>Diagnosis<\/strong><\/p>\n<p>In suspected diagnosis it is important to perform cranial magnetic resonance imaging of the cerebellopontine angle to make a good assessment of the lesion and the effect on surrounding structures.<\/p>\n<p>Other tests may also be required: audiometry evoked hearing potentials, somatosensory evoked potentials (SEPs) to complete the diagnosis.<\/p>\n\n\t\t<style type=\"text\/css\">\n\t\t\t#gallery-1 {\n\t\t\t\tmargin: auto;\n\t\t\t}\n\t\t\t#gallery-1 .gallery-item {\n\t\t\t\tfloat: left;\n\t\t\t\tmargin-top: 10px;\n\t\t\t\ttext-align: center;\n\t\t\t\twidth: 33%;\n\t\t\t}\n\t\t\t#gallery-1 img {\n\t\t\t\tborder: 2px solid #cfcfcf;\n\t\t\t}\n\t\t\t#gallery-1 .gallery-caption {\n\t\t\t\tmargin-left: 0;\n\t\t\t}\n\t\t\t\/* see gallery_shortcode() in wp-includes\/media.php *\/\n\t\t<\/style>\n\t\t<div id='gallery-1' class='gallery galleryid-11817 gallery-columns-3 gallery-size-medium'><dl class='gallery-item'>\n\t\t\t<dt class='gallery-icon landscape'>\n\t\t\t\t<a href='https:\/\/www.neurocirugiabarcelona.com\/wp-content\/uploads\/2016\/06\/Neurinoma-2.jpg'><img width=\"300\" height=\"300\" src=\"https:\/\/www.neurocirugiabarcelona.com\/wp-content\/uploads\/2016\/06\/Neurinoma-2-300x300.jpg\" class=\"attachment-medium size-medium\" alt=\"\" decoding=\"async\" loading=\"lazy\" srcset=\"https:\/\/www.neurocirugiabarcelona.com\/wp-content\/uploads\/2016\/06\/Neurinoma-2-300x300.jpg 300w, https:\/\/www.neurocirugiabarcelona.com\/wp-content\/uploads\/2016\/06\/Neurinoma-2-150x150.jpg 150w, https:\/\/www.neurocirugiabarcelona.com\/wp-content\/uploads\/2016\/06\/Neurinoma-2-275x275.jpg 275w, https:\/\/www.neurocirugiabarcelona.com\/wp-content\/uploads\/2016\/06\/Neurinoma-2.jpg 512w\" sizes=\"(max-width: 300px) 100vw, 300px\" \/><\/a>\n\t\t\t<\/dt><\/dl><dl class='gallery-item'>\n\t\t\t<dt class='gallery-icon landscape'>\n\t\t\t\t<a href='https:\/\/www.neurocirugiabarcelona.com\/wp-content\/uploads\/2016\/06\/Neurinoma-3.jpg'><img width=\"300\" height=\"300\" src=\"https:\/\/www.neurocirugiabarcelona.com\/wp-content\/uploads\/2016\/06\/Neurinoma-3-300x300.jpg\" class=\"attachment-medium size-medium\" alt=\"\" decoding=\"async\" loading=\"lazy\" srcset=\"https:\/\/www.neurocirugiabarcelona.com\/wp-content\/uploads\/2016\/06\/Neurinoma-3-300x300.jpg 300w, https:\/\/www.neurocirugiabarcelona.com\/wp-content\/uploads\/2016\/06\/Neurinoma-3-150x150.jpg 150w, https:\/\/www.neurocirugiabarcelona.com\/wp-content\/uploads\/2016\/06\/Neurinoma-3-275x275.jpg 275w, https:\/\/www.neurocirugiabarcelona.com\/wp-content\/uploads\/2016\/06\/Neurinoma-3.jpg 432w\" sizes=\"(max-width: 300px) 100vw, 300px\" \/><\/a>\n\t\t\t<\/dt><\/dl><dl class='gallery-item'>\n\t\t\t<dt class='gallery-icon portrait'>\n\t\t\t\t<a href='https:\/\/www.neurocirugiabarcelona.com\/wp-content\/uploads\/2016\/06\/neurinoma.jpg'><img width=\"284\" height=\"300\" src=\"https:\/\/www.neurocirugiabarcelona.com\/wp-content\/uploads\/2016\/06\/neurinoma-284x300.jpg\" class=\"attachment-medium size-medium\" alt=\"\" decoding=\"async\" loading=\"lazy\" srcset=\"https:\/\/www.neurocirugiabarcelona.com\/wp-content\/uploads\/2016\/06\/neurinoma-284x300.jpg 284w, https:\/\/www.neurocirugiabarcelona.com\/wp-content\/uploads\/2016\/06\/neurinoma.jpg 555w\" sizes=\"(max-width: 284px) 100vw, 284px\" \/><\/a>\n\t\t\t<\/dt><\/dl><br style=\"clear: both\" \/>\n\t\t<\/div>\n\n<p>&nbsp;<\/p>\n","protected":false},"excerpt":{"rendered":"<p>Introduction Neuromas, schwannomas or so called neurilemoma are benign lesions that normally originate in the myelin sheath covering nerves. They may originate on any nerve but in the brain the most common site is the cerebellopontine angle. In this area the neuromas originated from the statoacoustic nerve or VIII cranial nerve and are called acoustic &#8230;<\/p>\n","protected":false},"author":2,"featured_media":0,"parent":11763,"menu_order":5,"comment_status":"closed","ping_status":"closed","template":"","meta":[],"yoast_head":"<!-- This site is optimized with the Yoast SEO plugin v20.11 - https:\/\/yoast.com\/wordpress\/plugins\/seo\/ -->\n<title>Neuromas - Neurocirug\u00eda Barcelona<\/title>\n<meta name=\"robots\" content=\"index, follow, max-snippet:-1, max-image-preview:large, max-video-preview:-1\" \/>\n<link rel=\"canonical\" href=\"https:\/\/www.neurocirugiabarcelona.com\/patologias\/tumores-cerebrales\/neurinomas\/\" \/>\n<meta property=\"og:locale\" content=\"en_US\" \/>\n<meta property=\"og:type\" content=\"article\" \/>\n<meta property=\"og:title\" content=\"Neuromas - Neurocirug\u00eda Barcelona\" \/>\n<meta property=\"og:description\" content=\"Introduction Neuromas, schwannomas or so called neurilemoma are benign lesions that normally originate in the myelin sheath covering nerves. They may originate on any nerve but in the brain the most common site is the cerebellopontine angle. In this area the neuromas originated from the statoacoustic nerve or VIII cranial nerve and are called acoustic ...\" \/>\n<meta property=\"og:url\" content=\"https:\/\/www.neurocirugiabarcelona.com\/patologias\/tumores-cerebrales\/neurinomas\/\" \/>\n<meta property=\"og:site_name\" content=\"Neurocirug\u00eda Barcelona\" \/>\n<meta property=\"article:modified_time\" content=\"2019-01-26T11:48:22+00:00\" \/>\n<meta property=\"og:image\" content=\"https:\/\/www.neurocirugiabarcelona.com\/wp-content\/uploads\/2016\/06\/Neurinoma-2-300x300.jpg\" \/>\n<meta name=\"twitter:card\" content=\"summary_large_image\" \/>\n<meta name=\"twitter:label1\" content=\"Est. reading time\" \/>\n\t<meta name=\"twitter:data1\" content=\"1 minute\" \/>\n<script type=\"application\/ld+json\" class=\"yoast-schema-graph\">{\"@context\":\"https:\/\/schema.org\",\"@graph\":[{\"@type\":\"WebPage\",\"@id\":\"https:\/\/www.neurocirugiabarcelona.com\/patologias\/tumores-cerebrales\/neurinomas\/\",\"url\":\"https:\/\/www.neurocirugiabarcelona.com\/patologias\/tumores-cerebrales\/neurinomas\/\",\"name\":\"Neuromas - Neurocirug\u00eda Barcelona\",\"isPartOf\":{\"@id\":\"https:\/\/www.neurocirugiabarcelona.com\/#website\"},\"datePublished\":\"2016-06-09T05:47:45+00:00\",\"dateModified\":\"2019-01-26T11:48:22+00:00\",\"breadcrumb\":{\"@id\":\"https:\/\/www.neurocirugiabarcelona.com\/patologias\/tumores-cerebrales\/neurinomas\/#breadcrumb\"},\"inLanguage\":\"en-US\",\"potentialAction\":[{\"@type\":\"ReadAction\",\"target\":[\"https:\/\/www.neurocirugiabarcelona.com\/patologias\/tumores-cerebrales\/neurinomas\/\"]}]},{\"@type\":\"BreadcrumbList\",\"@id\":\"https:\/\/www.neurocirugiabarcelona.com\/patologias\/tumores-cerebrales\/neurinomas\/#breadcrumb\",\"itemListElement\":[{\"@type\":\"ListItem\",\"position\":1,\"name\":\"Portada\",\"item\":\"https:\/\/www.neurocirugiabarcelona.com\/en\/\"},{\"@type\":\"ListItem\",\"position\":2,\"name\":\"Pathologies\",\"item\":\"https:\/\/www.neurocirugiabarcelona.com\/en\/pathologies\/\"},{\"@type\":\"ListItem\",\"position\":3,\"name\":\"Brain Tumours\",\"item\":\"https:\/\/www.neurocirugiabarcelona.com\/en\/pathologies\/brain-tumours\/\"},{\"@type\":\"ListItem\",\"position\":4,\"name\":\"Neuromas\"}]},{\"@type\":\"WebSite\",\"@id\":\"https:\/\/www.neurocirugiabarcelona.com\/#website\",\"url\":\"https:\/\/www.neurocirugiabarcelona.com\/\",\"name\":\"Neurocirug\u00eda Barcelona\",\"description\":\"Tratamiento integral de las patolog\u00edas neuroquir\u00fargicas mediante una visi\u00f3n multidisciplinar\",\"potentialAction\":[{\"@type\":\"SearchAction\",\"target\":{\"@type\":\"EntryPoint\",\"urlTemplate\":\"https:\/\/www.neurocirugiabarcelona.com\/?s={search_term_string}\"},\"query-input\":\"required name=search_term_string\"}],\"inLanguage\":\"en-US\"}]}<\/script>\n<!-- \/ Yoast SEO plugin. -->","yoast_head_json":{"title":"Neuromas - Neurocirug\u00eda Barcelona","robots":{"index":"index","follow":"follow","max-snippet":"max-snippet:-1","max-image-preview":"max-image-preview:large","max-video-preview":"max-video-preview:-1"},"canonical":"https:\/\/www.neurocirugiabarcelona.com\/patologias\/tumores-cerebrales\/neurinomas\/","og_locale":"en_US","og_type":"article","og_title":"Neuromas - Neurocirug\u00eda Barcelona","og_description":"Introduction Neuromas, schwannomas or so called neurilemoma are benign lesions that normally originate in the myelin sheath covering nerves. They may originate on any nerve but in the brain the most common site is the cerebellopontine angle. In this area the neuromas originated from the statoacoustic nerve or VIII cranial nerve and are called acoustic ...","og_url":"https:\/\/www.neurocirugiabarcelona.com\/patologias\/tumores-cerebrales\/neurinomas\/","og_site_name":"Neurocirug\u00eda Barcelona","article_modified_time":"2019-01-26T11:48:22+00:00","og_image":[{"url":"https:\/\/www.neurocirugiabarcelona.com\/wp-content\/uploads\/2016\/06\/Neurinoma-2-300x300.jpg"}],"twitter_card":"summary_large_image","twitter_misc":{"Est. reading time":"1 minute"},"schema":{"@context":"https:\/\/schema.org","@graph":[{"@type":"WebPage","@id":"https:\/\/www.neurocirugiabarcelona.com\/patologias\/tumores-cerebrales\/neurinomas\/","url":"https:\/\/www.neurocirugiabarcelona.com\/patologias\/tumores-cerebrales\/neurinomas\/","name":"Neuromas - Neurocirug\u00eda Barcelona","isPartOf":{"@id":"https:\/\/www.neurocirugiabarcelona.com\/#website"},"datePublished":"2016-06-09T05:47:45+00:00","dateModified":"2019-01-26T11:48:22+00:00","breadcrumb":{"@id":"https:\/\/www.neurocirugiabarcelona.com\/patologias\/tumores-cerebrales\/neurinomas\/#breadcrumb"},"inLanguage":"en-US","potentialAction":[{"@type":"ReadAction","target":["https:\/\/www.neurocirugiabarcelona.com\/patologias\/tumores-cerebrales\/neurinomas\/"]}]},{"@type":"BreadcrumbList","@id":"https:\/\/www.neurocirugiabarcelona.com\/patologias\/tumores-cerebrales\/neurinomas\/#breadcrumb","itemListElement":[{"@type":"ListItem","position":1,"name":"Portada","item":"https:\/\/www.neurocirugiabarcelona.com\/en\/"},{"@type":"ListItem","position":2,"name":"Pathologies","item":"https:\/\/www.neurocirugiabarcelona.com\/en\/pathologies\/"},{"@type":"ListItem","position":3,"name":"Brain Tumours","item":"https:\/\/www.neurocirugiabarcelona.com\/en\/pathologies\/brain-tumours\/"},{"@type":"ListItem","position":4,"name":"Neuromas"}]},{"@type":"WebSite","@id":"https:\/\/www.neurocirugiabarcelona.com\/#website","url":"https:\/\/www.neurocirugiabarcelona.com\/","name":"Neurocirug\u00eda Barcelona","description":"Tratamiento integral de las patolog\u00edas neuroquir\u00fargicas mediante una visi\u00f3n multidisciplinar","potentialAction":[{"@type":"SearchAction","target":{"@type":"EntryPoint","urlTemplate":"https:\/\/www.neurocirugiabarcelona.com\/?s={search_term_string}"},"query-input":"required name=search_term_string"}],"inLanguage":"en-US"}]}},"_links":{"self":[{"href":"https:\/\/www.neurocirugiabarcelona.com\/en\/wp-json\/wp\/v2\/pages\/11817"}],"collection":[{"href":"https:\/\/www.neurocirugiabarcelona.com\/en\/wp-json\/wp\/v2\/pages"}],"about":[{"href":"https:\/\/www.neurocirugiabarcelona.com\/en\/wp-json\/wp\/v2\/types\/page"}],"author":[{"embeddable":true,"href":"https:\/\/www.neurocirugiabarcelona.com\/en\/wp-json\/wp\/v2\/users\/2"}],"replies":[{"embeddable":true,"href":"https:\/\/www.neurocirugiabarcelona.com\/en\/wp-json\/wp\/v2\/comments?post=11817"}],"version-history":[{"count":2,"href":"https:\/\/www.neurocirugiabarcelona.com\/en\/wp-json\/wp\/v2\/pages\/11817\/revisions"}],"predecessor-version":[{"id":11819,"href":"https:\/\/www.neurocirugiabarcelona.com\/en\/wp-json\/wp\/v2\/pages\/11817\/revisions\/11819"}],"up":[{"embeddable":true,"href":"https:\/\/www.neurocirugiabarcelona.com\/en\/wp-json\/wp\/v2\/pages\/11763"}],"wp:attachment":[{"href":"https:\/\/www.neurocirugiabarcelona.com\/en\/wp-json\/wp\/v2\/media?parent=11817"}],"curies":[{"name":"wp","href":"https:\/\/api.w.org\/{rel}","templated":true}]}}