{"id":11813,"date":"2016-06-09T06:46:58","date_gmt":"2016-06-09T05:46:58","guid":{"rendered":"https:\/\/www.neurocirugiabarcelona.com\/patologias\/tumores-cerebrales\/hipofisarios\/"},"modified":"2019-01-26T12:48:11","modified_gmt":"2019-01-26T11:48:11","slug":"pituitary-tumours","status":"publish","type":"page","link":"https:\/\/www.neurocirugiabarcelona.com\/en\/pathologies\/brain-tumours\/pituitary-tumours\/","title":{"rendered":"Pituitary tumours"},"content":{"rendered":"<p><img decoding=\"async\" loading=\"lazy\" class=\"alignright size-medium wp-image-10854\" src=\"http:\/\/www.neurocirugiabarcelona.com\/wp-content\/uploads\/2016\/06\/tumores-cerebrales-hipofisarios-300x240.jpg\" alt=\"tumores cerebrales Hipofisarios\" width=\"300\" height=\"240\" srcset=\"https:\/\/www.neurocirugiabarcelona.com\/wp-content\/uploads\/2016\/06\/tumores-cerebrales-hipofisarios-300x240.jpg 300w, https:\/\/www.neurocirugiabarcelona.com\/wp-content\/uploads\/2016\/06\/tumores-cerebrales-hipofisarios-768x614.jpg 768w, https:\/\/www.neurocirugiabarcelona.com\/wp-content\/uploads\/2016\/06\/tumores-cerebrales-hipofisarios.jpg 800w\" sizes=\"(max-width: 300px) 100vw, 300px\" \/>These lesions originate in a part of the hypophysis, the adenohypophysis, a gland that secretes hormones that regulate body functions. In a large majority of cases they are benign lesions, but as they interfere with hormonal mechanisms and the compressive effect they may have on adjacent structures, they should be treated.<\/p>\n<h3>Clinical signs<\/h3>\n<p>Depending on the type of hormone segregated by the tumour, in the event of the functioning tumours, there are several possible clinical profiles. In the majority of cases the tumours are non-secreting, that is the tumour itself does not produce any hormone, and so the clinical signs will be those of the absence of hormonal action, in other cases there is excess prolactin, and in others of growth hormone. This is called acromegaly or cortisol in <strong>Cushing&#8217;s syndrome<\/strong>.<\/p>\n<h3>Diagnostic tests<\/h3>\n<p>In these patients apart from the imaging tests common to all brain tumours, analytical determinations should be made to determine the current hormonal situation of the patient. These tests should then be repeated following surgery to assess its repercussion on hormonal secretion in those cases where the tumour produced a specific type of hormone.<\/p>\n<h3>Treatment<\/h3>\n<p>The first approach should be pharmacological. Cases presenting poor response to medical treatment should be remitted to surgical treatment. Surgery should not be delayed in patients suffering visual disorders as de deficiencies may become permanent.<\/p>\n","protected":false},"excerpt":{"rendered":"<p>These lesions originate in a part of the hypophysis, the adenohypophysis, a gland that secretes hormones that regulate body functions. In a large majority of cases they are benign lesions, but as they interfere with hormonal mechanisms and the compressive effect they may have on adjacent structures, they should be treated. Clinical signs Depending on &#8230;<\/p>\n","protected":false},"author":2,"featured_media":0,"parent":11763,"menu_order":4,"comment_status":"closed","ping_status":"closed","template":"","meta":[],"yoast_head":"<!-- This site is optimized with the Yoast SEO plugin v20.11 - https:\/\/yoast.com\/wordpress\/plugins\/seo\/ -->\n<title>Pituitary tumours - Neurocirug\u00eda Barcelona<\/title>\n<meta name=\"robots\" content=\"index, follow, max-snippet:-1, max-image-preview:large, max-video-preview:-1\" \/>\n<link rel=\"canonical\" href=\"https:\/\/www.neurocirugiabarcelona.com\/patologias\/tumores-cerebrales\/hipofisarios\/\" \/>\n<meta property=\"og:locale\" content=\"en_US\" \/>\n<meta property=\"og:type\" content=\"article\" \/>\n<meta property=\"og:title\" content=\"Pituitary tumours - Neurocirug\u00eda Barcelona\" \/>\n<meta property=\"og:description\" content=\"These lesions originate in a part of the hypophysis, the adenohypophysis, a gland that secretes hormones that regulate body functions. In a large majority of cases they are benign lesions, but as they interfere with hormonal mechanisms and the compressive effect they may have on adjacent structures, they should be treated. Clinical signs Depending on ...\" \/>\n<meta property=\"og:url\" content=\"https:\/\/www.neurocirugiabarcelona.com\/patologias\/tumores-cerebrales\/hipofisarios\/\" \/>\n<meta property=\"og:site_name\" content=\"Neurocirug\u00eda Barcelona\" \/>\n<meta property=\"article:modified_time\" content=\"2019-01-26T11:48:11+00:00\" \/>\n<meta property=\"og:image\" content=\"http:\/\/www.neurocirugiabarcelona.com\/wp-content\/uploads\/2016\/06\/tumores-cerebrales-hipofisarios-300x240.jpg\" \/>\n<meta name=\"twitter:card\" content=\"summary_large_image\" \/>\n<meta name=\"twitter:label1\" content=\"Est. reading time\" \/>\n\t<meta name=\"twitter:data1\" content=\"1 minute\" \/>\n<script type=\"application\/ld+json\" class=\"yoast-schema-graph\">{\"@context\":\"https:\/\/schema.org\",\"@graph\":[{\"@type\":\"WebPage\",\"@id\":\"https:\/\/www.neurocirugiabarcelona.com\/patologias\/tumores-cerebrales\/hipofisarios\/\",\"url\":\"https:\/\/www.neurocirugiabarcelona.com\/patologias\/tumores-cerebrales\/hipofisarios\/\",\"name\":\"Pituitary tumours - Neurocirug\u00eda Barcelona\",\"isPartOf\":{\"@id\":\"https:\/\/www.neurocirugiabarcelona.com\/#website\"},\"datePublished\":\"2016-06-09T05:46:58+00:00\",\"dateModified\":\"2019-01-26T11:48:11+00:00\",\"breadcrumb\":{\"@id\":\"https:\/\/www.neurocirugiabarcelona.com\/patologias\/tumores-cerebrales\/hipofisarios\/#breadcrumb\"},\"inLanguage\":\"en-US\",\"potentialAction\":[{\"@type\":\"ReadAction\",\"target\":[\"https:\/\/www.neurocirugiabarcelona.com\/patologias\/tumores-cerebrales\/hipofisarios\/\"]}]},{\"@type\":\"BreadcrumbList\",\"@id\":\"https:\/\/www.neurocirugiabarcelona.com\/patologias\/tumores-cerebrales\/hipofisarios\/#breadcrumb\",\"itemListElement\":[{\"@type\":\"ListItem\",\"position\":1,\"name\":\"Portada\",\"item\":\"https:\/\/www.neurocirugiabarcelona.com\/en\/\"},{\"@type\":\"ListItem\",\"position\":2,\"name\":\"Pathologies\",\"item\":\"https:\/\/www.neurocirugiabarcelona.com\/en\/pathologies\/\"},{\"@type\":\"ListItem\",\"position\":3,\"name\":\"Brain Tumours\",\"item\":\"https:\/\/www.neurocirugiabarcelona.com\/en\/pathologies\/brain-tumours\/\"},{\"@type\":\"ListItem\",\"position\":4,\"name\":\"Pituitary tumours\"}]},{\"@type\":\"WebSite\",\"@id\":\"https:\/\/www.neurocirugiabarcelona.com\/#website\",\"url\":\"https:\/\/www.neurocirugiabarcelona.com\/\",\"name\":\"Neurocirug\u00eda Barcelona\",\"description\":\"Tratamiento integral de las patolog\u00edas neuroquir\u00fargicas mediante una visi\u00f3n multidisciplinar\",\"potentialAction\":[{\"@type\":\"SearchAction\",\"target\":{\"@type\":\"EntryPoint\",\"urlTemplate\":\"https:\/\/www.neurocirugiabarcelona.com\/?s={search_term_string}\"},\"query-input\":\"required name=search_term_string\"}],\"inLanguage\":\"en-US\"}]}<\/script>\n<!-- \/ Yoast SEO plugin. -->","yoast_head_json":{"title":"Pituitary tumours - Neurocirug\u00eda Barcelona","robots":{"index":"index","follow":"follow","max-snippet":"max-snippet:-1","max-image-preview":"max-image-preview:large","max-video-preview":"max-video-preview:-1"},"canonical":"https:\/\/www.neurocirugiabarcelona.com\/patologias\/tumores-cerebrales\/hipofisarios\/","og_locale":"en_US","og_type":"article","og_title":"Pituitary tumours - Neurocirug\u00eda Barcelona","og_description":"These lesions originate in a part of the hypophysis, the adenohypophysis, a gland that secretes hormones that regulate body functions. In a large majority of cases they are benign lesions, but as they interfere with hormonal mechanisms and the compressive effect they may have on adjacent structures, they should be treated. Clinical signs Depending on ...","og_url":"https:\/\/www.neurocirugiabarcelona.com\/patologias\/tumores-cerebrales\/hipofisarios\/","og_site_name":"Neurocirug\u00eda Barcelona","article_modified_time":"2019-01-26T11:48:11+00:00","og_image":[{"url":"http:\/\/www.neurocirugiabarcelona.com\/wp-content\/uploads\/2016\/06\/tumores-cerebrales-hipofisarios-300x240.jpg"}],"twitter_card":"summary_large_image","twitter_misc":{"Est. reading time":"1 minute"},"schema":{"@context":"https:\/\/schema.org","@graph":[{"@type":"WebPage","@id":"https:\/\/www.neurocirugiabarcelona.com\/patologias\/tumores-cerebrales\/hipofisarios\/","url":"https:\/\/www.neurocirugiabarcelona.com\/patologias\/tumores-cerebrales\/hipofisarios\/","name":"Pituitary tumours - Neurocirug\u00eda Barcelona","isPartOf":{"@id":"https:\/\/www.neurocirugiabarcelona.com\/#website"},"datePublished":"2016-06-09T05:46:58+00:00","dateModified":"2019-01-26T11:48:11+00:00","breadcrumb":{"@id":"https:\/\/www.neurocirugiabarcelona.com\/patologias\/tumores-cerebrales\/hipofisarios\/#breadcrumb"},"inLanguage":"en-US","potentialAction":[{"@type":"ReadAction","target":["https:\/\/www.neurocirugiabarcelona.com\/patologias\/tumores-cerebrales\/hipofisarios\/"]}]},{"@type":"BreadcrumbList","@id":"https:\/\/www.neurocirugiabarcelona.com\/patologias\/tumores-cerebrales\/hipofisarios\/#breadcrumb","itemListElement":[{"@type":"ListItem","position":1,"name":"Portada","item":"https:\/\/www.neurocirugiabarcelona.com\/en\/"},{"@type":"ListItem","position":2,"name":"Pathologies","item":"https:\/\/www.neurocirugiabarcelona.com\/en\/pathologies\/"},{"@type":"ListItem","position":3,"name":"Brain Tumours","item":"https:\/\/www.neurocirugiabarcelona.com\/en\/pathologies\/brain-tumours\/"},{"@type":"ListItem","position":4,"name":"Pituitary tumours"}]},{"@type":"WebSite","@id":"https:\/\/www.neurocirugiabarcelona.com\/#website","url":"https:\/\/www.neurocirugiabarcelona.com\/","name":"Neurocirug\u00eda Barcelona","description":"Tratamiento integral de las patolog\u00edas neuroquir\u00fargicas mediante una visi\u00f3n multidisciplinar","potentialAction":[{"@type":"SearchAction","target":{"@type":"EntryPoint","urlTemplate":"https:\/\/www.neurocirugiabarcelona.com\/?s={search_term_string}"},"query-input":"required name=search_term_string"}],"inLanguage":"en-US"}]}},"_links":{"self":[{"href":"https:\/\/www.neurocirugiabarcelona.com\/en\/wp-json\/wp\/v2\/pages\/11813"}],"collection":[{"href":"https:\/\/www.neurocirugiabarcelona.com\/en\/wp-json\/wp\/v2\/pages"}],"about":[{"href":"https:\/\/www.neurocirugiabarcelona.com\/en\/wp-json\/wp\/v2\/types\/page"}],"author":[{"embeddable":true,"href":"https:\/\/www.neurocirugiabarcelona.com\/en\/wp-json\/wp\/v2\/users\/2"}],"replies":[{"embeddable":true,"href":"https:\/\/www.neurocirugiabarcelona.com\/en\/wp-json\/wp\/v2\/comments?post=11813"}],"version-history":[{"count":2,"href":"https:\/\/www.neurocirugiabarcelona.com\/en\/wp-json\/wp\/v2\/pages\/11813\/revisions"}],"predecessor-version":[{"id":11815,"href":"https:\/\/www.neurocirugiabarcelona.com\/en\/wp-json\/wp\/v2\/pages\/11813\/revisions\/11815"}],"up":[{"embeddable":true,"href":"https:\/\/www.neurocirugiabarcelona.com\/en\/wp-json\/wp\/v2\/pages\/11763"}],"wp:attachment":[{"href":"https:\/\/www.neurocirugiabarcelona.com\/en\/wp-json\/wp\/v2\/media?parent=11813"}],"curies":[{"name":"wp","href":"https:\/\/api.w.org\/{rel}","templated":true}]}}