{"id":11805,"date":"2016-06-09T06:41:15","date_gmt":"2016-06-09T05:41:15","guid":{"rendered":"https:\/\/www.neurocirugiabarcelona.com\/patologias\/tumores-cerebrales\/meningiomas\/"},"modified":"2019-01-26T12:47:54","modified_gmt":"2019-01-26T11:47:54","slug":"meningiomas","status":"publish","type":"page","link":"https:\/\/www.neurocirugiabarcelona.com\/en\/pathologies\/brain-tumours\/meningiomas\/","title":{"rendered":"Meningiomas"},"content":{"rendered":"<p>These lesions originate in the tissue surrounding the brain and spinal cord, the meninges. In the majority of cases these tumours are benign, even though in some cases their location requires taking urgent therapeutic action.<\/p>\n<h3>Clinical signs<\/h3>\n<p><a href=\"http:\/\/www.neurocirugiabarcelona.com\/wp-content\/uploads\/2016\/06\/Meningioma2.jpg\" rel=\"lightbox[11805]\"><img decoding=\"async\" loading=\"lazy\" class=\"alignright wp-image-10915\" src=\"http:\/\/www.neurocirugiabarcelona.com\/wp-content\/uploads\/2016\/06\/Meningioma2.jpg\" alt=\"Meningioma\" width=\"256\" height=\"256\" srcset=\"https:\/\/www.neurocirugiabarcelona.com\/wp-content\/uploads\/2016\/06\/Meningioma2.jpg 256w, https:\/\/www.neurocirugiabarcelona.com\/wp-content\/uploads\/2016\/06\/Meningioma2-150x150.jpg 150w\" sizes=\"(max-width: 256px) 100vw, 256px\" \/><\/a>The clinical signs will depend on the location of the lesion, but common to all of them are headaches, epileptic seizures or neurological indications such as difficulty in walking, speaking, visual disorders, etc.<\/p>\n<h3>Diagnostic tests<\/h3>\n<p>The clinical examination is of vital importance, magnetic resonance imaging with contrast is the diagnostic test of choice and enables planning a precise surgical procedure.<\/p>\n<h3>Treatment<\/h3>\n<p>Treatment will be primordially surgical. Other treatments such as radiosurgery or chemotherapy may be indicated in some patients with excessively high surgical risk or because of the histology of the tumour.<\/p>\n\n\t\t<style type=\"text\/css\">\n\t\t\t#gallery-1 {\n\t\t\t\tmargin: auto;\n\t\t\t}\n\t\t\t#gallery-1 .gallery-item {\n\t\t\t\tfloat: left;\n\t\t\t\tmargin-top: 10px;\n\t\t\t\ttext-align: center;\n\t\t\t\twidth: 11%;\n\t\t\t}\n\t\t\t#gallery-1 img {\n\t\t\t\tborder: 2px solid #cfcfcf;\n\t\t\t}\n\t\t\t#gallery-1 .gallery-caption {\n\t\t\t\tmargin-left: 0;\n\t\t\t}\n\t\t\t\/* see gallery_shortcode() in wp-includes\/media.php *\/\n\t\t<\/style>\n\t\t<div id='gallery-1' class='gallery galleryid-11805 gallery-columns-9 gallery-size-medium'><dl class='gallery-item'>\n\t\t\t<dt class='gallery-icon landscape'>\n\t\t\t\t<a href='https:\/\/www.neurocirugiabarcelona.com\/wp-content\/uploads\/2016\/06\/Meningioma.jpg'><img width=\"256\" height=\"256\" src=\"https:\/\/www.neurocirugiabarcelona.com\/wp-content\/uploads\/2016\/06\/Meningioma.jpg\" class=\"attachment-medium size-medium\" alt=\"\" decoding=\"async\" loading=\"lazy\" srcset=\"https:\/\/www.neurocirugiabarcelona.com\/wp-content\/uploads\/2016\/06\/Meningioma.jpg 256w, https:\/\/www.neurocirugiabarcelona.com\/wp-content\/uploads\/2016\/06\/Meningioma-150x150.jpg 150w\" sizes=\"(max-width: 256px) 100vw, 256px\" \/><\/a>\n\t\t\t<\/dt><\/dl><dl class='gallery-item'>\n\t\t\t<dt class='gallery-icon landscape'>\n\t\t\t\t<a href='https:\/\/www.neurocirugiabarcelona.com\/wp-content\/uploads\/2016\/06\/Meningioma2-1.jpg'><img width=\"256\" height=\"256\" src=\"https:\/\/www.neurocirugiabarcelona.com\/wp-content\/uploads\/2016\/06\/Meningioma2-1.jpg\" class=\"attachment-medium size-medium\" alt=\"\" decoding=\"async\" loading=\"lazy\" srcset=\"https:\/\/www.neurocirugiabarcelona.com\/wp-content\/uploads\/2016\/06\/Meningioma2-1.jpg 256w, https:\/\/www.neurocirugiabarcelona.com\/wp-content\/uploads\/2016\/06\/Meningioma2-1-150x150.jpg 150w\" sizes=\"(max-width: 256px) 100vw, 256px\" \/><\/a>\n\t\t\t<\/dt><\/dl><dl class='gallery-item'>\n\t\t\t<dt class='gallery-icon portrait'>\n\t\t\t\t<a href='https:\/\/www.neurocirugiabarcelona.com\/wp-content\/uploads\/2016\/06\/meningioma-clinoideo.0001-896x1024.jpg'><img width=\"263\" height=\"300\" src=\"https:\/\/www.neurocirugiabarcelona.com\/wp-content\/uploads\/2016\/06\/meningioma-clinoideo.0001-896x1024-263x300.jpg\" class=\"attachment-medium size-medium\" alt=\"\" decoding=\"async\" loading=\"lazy\" srcset=\"https:\/\/www.neurocirugiabarcelona.com\/wp-content\/uploads\/2016\/06\/meningioma-clinoideo.0001-896x1024-263x300.jpg 263w, https:\/\/www.neurocirugiabarcelona.com\/wp-content\/uploads\/2016\/06\/meningioma-clinoideo.0001-896x1024-768x878.jpg 768w, https:\/\/www.neurocirugiabarcelona.com\/wp-content\/uploads\/2016\/06\/meningioma-clinoideo.0001-896x1024.jpg 896w\" sizes=\"(max-width: 263px) 100vw, 263px\" \/><\/a>\n\t\t\t<\/dt><\/dl><dl class='gallery-item'>\n\t\t\t<dt class='gallery-icon portrait'>\n\t\t\t\t<a href='https:\/\/www.neurocirugiabarcelona.com\/wp-content\/uploads\/2016\/06\/meningioma-convexidad.0001-896x1024.jpg'><img width=\"263\" height=\"300\" src=\"https:\/\/www.neurocirugiabarcelona.com\/wp-content\/uploads\/2016\/06\/meningioma-convexidad.0001-896x1024-263x300.jpg\" class=\"attachment-medium size-medium\" alt=\"\" decoding=\"async\" loading=\"lazy\" srcset=\"https:\/\/www.neurocirugiabarcelona.com\/wp-content\/uploads\/2016\/06\/meningioma-convexidad.0001-896x1024-263x300.jpg 263w, https:\/\/www.neurocirugiabarcelona.com\/wp-content\/uploads\/2016\/06\/meningioma-convexidad.0001-896x1024-768x878.jpg 768w, https:\/\/www.neurocirugiabarcelona.com\/wp-content\/uploads\/2016\/06\/meningioma-convexidad.0001-896x1024.jpg 896w\" sizes=\"(max-width: 263px) 100vw, 263px\" \/><\/a>\n\t\t\t<\/dt><\/dl><dl class='gallery-item'>\n\t\t\t<dt class='gallery-icon landscape'>\n\t\t\t\t<a href='https:\/\/www.neurocirugiabarcelona.com\/wp-content\/uploads\/2016\/06\/meningioma-falcotentorial_result.jpg'><img width=\"300\" height=\"300\" src=\"https:\/\/www.neurocirugiabarcelona.com\/wp-content\/uploads\/2016\/06\/meningioma-falcotentorial_result-300x300.jpg\" class=\"attachment-medium size-medium\" alt=\"\" decoding=\"async\" loading=\"lazy\" srcset=\"https:\/\/www.neurocirugiabarcelona.com\/wp-content\/uploads\/2016\/06\/meningioma-falcotentorial_result-300x300.jpg 300w, https:\/\/www.neurocirugiabarcelona.com\/wp-content\/uploads\/2016\/06\/meningioma-falcotentorial_result-150x150.jpg 150w, https:\/\/www.neurocirugiabarcelona.com\/wp-content\/uploads\/2016\/06\/meningioma-falcotentorial_result-275x275.jpg 275w, https:\/\/www.neurocirugiabarcelona.com\/wp-content\/uploads\/2016\/06\/meningioma-falcotentorial_result.jpg 512w\" sizes=\"(max-width: 300px) 100vw, 300px\" \/><\/a>\n\t\t\t<\/dt><\/dl><dl class='gallery-item'>\n\t\t\t<dt class='gallery-icon landscape'>\n\t\t\t\t<a href='https:\/\/www.neurocirugiabarcelona.com\/wp-content\/uploads\/2016\/06\/meningioma-falcotentorial-coronal-seno-invadido_result_1-e1361179187945.jpg'><img width=\"300\" height=\"274\" src=\"https:\/\/www.neurocirugiabarcelona.com\/wp-content\/uploads\/2016\/06\/meningioma-falcotentorial-coronal-seno-invadido_result_1-e1361179187945-300x274.jpg\" class=\"attachment-medium size-medium\" alt=\"\" decoding=\"async\" loading=\"lazy\" srcset=\"https:\/\/www.neurocirugiabarcelona.com\/wp-content\/uploads\/2016\/06\/meningioma-falcotentorial-coronal-seno-invadido_result_1-e1361179187945-300x274.jpg 300w, https:\/\/www.neurocirugiabarcelona.com\/wp-content\/uploads\/2016\/06\/meningioma-falcotentorial-coronal-seno-invadido_result_1-e1361179187945.jpg 512w\" sizes=\"(max-width: 300px) 100vw, 300px\" \/><\/a>\n\t\t\t<\/dt><\/dl><dl class='gallery-item'>\n\t\t\t<dt class='gallery-icon landscape'>\n\t\t\t\t<a href='https:\/\/www.neurocirugiabarcelona.com\/wp-content\/uploads\/2016\/06\/meningioma-falcotentorial-sagital_result-e1361179130123.jpg'><img width=\"300\" height=\"274\" src=\"https:\/\/www.neurocirugiabarcelona.com\/wp-content\/uploads\/2016\/06\/meningioma-falcotentorial-sagital_result-e1361179130123-300x274.jpg\" class=\"attachment-medium size-medium\" alt=\"\" decoding=\"async\" loading=\"lazy\" srcset=\"https:\/\/www.neurocirugiabarcelona.com\/wp-content\/uploads\/2016\/06\/meningioma-falcotentorial-sagital_result-e1361179130123-300x274.jpg 300w, https:\/\/www.neurocirugiabarcelona.com\/wp-content\/uploads\/2016\/06\/meningioma-falcotentorial-sagital_result-e1361179130123.jpg 512w\" sizes=\"(max-width: 300px) 100vw, 300px\" \/><\/a>\n\t\t\t<\/dt><\/dl><dl class='gallery-item'>\n\t\t\t<dt class='gallery-icon portrait'>\n\t\t\t\t<a href='https:\/\/www.neurocirugiabarcelona.com\/wp-content\/uploads\/2016\/06\/tumores-columna-dorsal-meningioma_result.jpg'><img width=\"194\" height=\"259\" src=\"https:\/\/www.neurocirugiabarcelona.com\/wp-content\/uploads\/2016\/06\/tumores-columna-dorsal-meningioma_result.jpg\" class=\"attachment-medium size-medium\" alt=\"\" decoding=\"async\" loading=\"lazy\" \/><\/a>\n\t\t\t<\/dt><\/dl><dl class='gallery-item'>\n\t\t\t<dt class='gallery-icon landscape'>\n\t\t\t\t<a href='https:\/\/www.neurocirugiabarcelona.com\/wp-content\/uploads\/2016\/06\/meningioma-infratentorial_result.jpg'><img width=\"180\" height=\"175\" src=\"https:\/\/www.neurocirugiabarcelona.com\/wp-content\/uploads\/2016\/06\/meningioma-infratentorial_result.jpg\" class=\"attachment-medium size-medium\" alt=\"\" decoding=\"async\" loading=\"lazy\" \/><\/a>\n\t\t\t<\/dt><\/dl><br style=\"clear: both\" \/>\n\t\t<\/div>\n\n<p>&nbsp;<\/p>\n","protected":false},"excerpt":{"rendered":"<p>These lesions originate in the tissue surrounding the brain and spinal cord, the meninges. In the majority of cases these tumours are benign, even though in some cases their location requires taking urgent therapeutic action. Clinical signs The clinical signs will depend on the location of the lesion, but common to all of them are &#8230;<\/p>\n","protected":false},"author":2,"featured_media":0,"parent":11763,"menu_order":2,"comment_status":"closed","ping_status":"closed","template":"","meta":[],"yoast_head":"<!-- This site is optimized with the Yoast SEO plugin v20.11 - https:\/\/yoast.com\/wordpress\/plugins\/seo\/ -->\n<title>Meningiomas - Neurocirug\u00eda Barcelona<\/title>\n<meta name=\"robots\" content=\"index, follow, max-snippet:-1, max-image-preview:large, max-video-preview:-1\" \/>\n<link rel=\"canonical\" href=\"https:\/\/www.neurocirugiabarcelona.com\/patologias\/tumores-cerebrales\/meningiomas\/\" \/>\n<meta property=\"og:locale\" content=\"en_US\" \/>\n<meta property=\"og:type\" content=\"article\" \/>\n<meta property=\"og:title\" content=\"Meningiomas - Neurocirug\u00eda Barcelona\" \/>\n<meta property=\"og:description\" content=\"These lesions originate in the tissue surrounding the brain and spinal cord, the meninges. In the majority of cases these tumours are benign, even though in some cases their location requires taking urgent therapeutic action. Clinical signs The clinical signs will depend on the location of the lesion, but common to all of them are ...\" \/>\n<meta property=\"og:url\" content=\"https:\/\/www.neurocirugiabarcelona.com\/patologias\/tumores-cerebrales\/meningiomas\/\" \/>\n<meta property=\"og:site_name\" content=\"Neurocirug\u00eda Barcelona\" \/>\n<meta property=\"article:modified_time\" content=\"2019-01-26T11:47:54+00:00\" \/>\n<meta property=\"og:image\" content=\"https:\/\/www.neurocirugiabarcelona.com\/wp-content\/uploads\/2016\/06\/Meningioma.jpg\" \/>\n<meta name=\"twitter:card\" content=\"summary_large_image\" \/>\n<meta name=\"twitter:label1\" content=\"Est. reading time\" \/>\n\t<meta name=\"twitter:data1\" content=\"1 minute\" \/>\n<script type=\"application\/ld+json\" class=\"yoast-schema-graph\">{\"@context\":\"https:\/\/schema.org\",\"@graph\":[{\"@type\":\"WebPage\",\"@id\":\"https:\/\/www.neurocirugiabarcelona.com\/patologias\/tumores-cerebrales\/meningiomas\/\",\"url\":\"https:\/\/www.neurocirugiabarcelona.com\/patologias\/tumores-cerebrales\/meningiomas\/\",\"name\":\"Meningiomas - Neurocirug\u00eda Barcelona\",\"isPartOf\":{\"@id\":\"https:\/\/www.neurocirugiabarcelona.com\/#website\"},\"datePublished\":\"2016-06-09T05:41:15+00:00\",\"dateModified\":\"2019-01-26T11:47:54+00:00\",\"breadcrumb\":{\"@id\":\"https:\/\/www.neurocirugiabarcelona.com\/patologias\/tumores-cerebrales\/meningiomas\/#breadcrumb\"},\"inLanguage\":\"en-US\",\"potentialAction\":[{\"@type\":\"ReadAction\",\"target\":[\"https:\/\/www.neurocirugiabarcelona.com\/patologias\/tumores-cerebrales\/meningiomas\/\"]}]},{\"@type\":\"BreadcrumbList\",\"@id\":\"https:\/\/www.neurocirugiabarcelona.com\/patologias\/tumores-cerebrales\/meningiomas\/#breadcrumb\",\"itemListElement\":[{\"@type\":\"ListItem\",\"position\":1,\"name\":\"Portada\",\"item\":\"https:\/\/www.neurocirugiabarcelona.com\/en\/\"},{\"@type\":\"ListItem\",\"position\":2,\"name\":\"Pathologies\",\"item\":\"https:\/\/www.neurocirugiabarcelona.com\/en\/pathologies\/\"},{\"@type\":\"ListItem\",\"position\":3,\"name\":\"Brain Tumours\",\"item\":\"https:\/\/www.neurocirugiabarcelona.com\/en\/pathologies\/brain-tumours\/\"},{\"@type\":\"ListItem\",\"position\":4,\"name\":\"Meningiomas\"}]},{\"@type\":\"WebSite\",\"@id\":\"https:\/\/www.neurocirugiabarcelona.com\/#website\",\"url\":\"https:\/\/www.neurocirugiabarcelona.com\/\",\"name\":\"Neurocirug\u00eda Barcelona\",\"description\":\"Tratamiento integral de las patolog\u00edas neuroquir\u00fargicas mediante una visi\u00f3n multidisciplinar\",\"potentialAction\":[{\"@type\":\"SearchAction\",\"target\":{\"@type\":\"EntryPoint\",\"urlTemplate\":\"https:\/\/www.neurocirugiabarcelona.com\/?s={search_term_string}\"},\"query-input\":\"required name=search_term_string\"}],\"inLanguage\":\"en-US\"}]}<\/script>\n<!-- \/ Yoast SEO plugin. -->","yoast_head_json":{"title":"Meningiomas - Neurocirug\u00eda Barcelona","robots":{"index":"index","follow":"follow","max-snippet":"max-snippet:-1","max-image-preview":"max-image-preview:large","max-video-preview":"max-video-preview:-1"},"canonical":"https:\/\/www.neurocirugiabarcelona.com\/patologias\/tumores-cerebrales\/meningiomas\/","og_locale":"en_US","og_type":"article","og_title":"Meningiomas - Neurocirug\u00eda Barcelona","og_description":"These lesions originate in the tissue surrounding the brain and spinal cord, the meninges. In the majority of cases these tumours are benign, even though in some cases their location requires taking urgent therapeutic action. Clinical signs The clinical signs will depend on the location of the lesion, but common to all of them are ...","og_url":"https:\/\/www.neurocirugiabarcelona.com\/patologias\/tumores-cerebrales\/meningiomas\/","og_site_name":"Neurocirug\u00eda Barcelona","article_modified_time":"2019-01-26T11:47:54+00:00","og_image":[{"url":"https:\/\/www.neurocirugiabarcelona.com\/wp-content\/uploads\/2016\/06\/Meningioma.jpg"}],"twitter_card":"summary_large_image","twitter_misc":{"Est. reading time":"1 minute"},"schema":{"@context":"https:\/\/schema.org","@graph":[{"@type":"WebPage","@id":"https:\/\/www.neurocirugiabarcelona.com\/patologias\/tumores-cerebrales\/meningiomas\/","url":"https:\/\/www.neurocirugiabarcelona.com\/patologias\/tumores-cerebrales\/meningiomas\/","name":"Meningiomas - Neurocirug\u00eda Barcelona","isPartOf":{"@id":"https:\/\/www.neurocirugiabarcelona.com\/#website"},"datePublished":"2016-06-09T05:41:15+00:00","dateModified":"2019-01-26T11:47:54+00:00","breadcrumb":{"@id":"https:\/\/www.neurocirugiabarcelona.com\/patologias\/tumores-cerebrales\/meningiomas\/#breadcrumb"},"inLanguage":"en-US","potentialAction":[{"@type":"ReadAction","target":["https:\/\/www.neurocirugiabarcelona.com\/patologias\/tumores-cerebrales\/meningiomas\/"]}]},{"@type":"BreadcrumbList","@id":"https:\/\/www.neurocirugiabarcelona.com\/patologias\/tumores-cerebrales\/meningiomas\/#breadcrumb","itemListElement":[{"@type":"ListItem","position":1,"name":"Portada","item":"https:\/\/www.neurocirugiabarcelona.com\/en\/"},{"@type":"ListItem","position":2,"name":"Pathologies","item":"https:\/\/www.neurocirugiabarcelona.com\/en\/pathologies\/"},{"@type":"ListItem","position":3,"name":"Brain Tumours","item":"https:\/\/www.neurocirugiabarcelona.com\/en\/pathologies\/brain-tumours\/"},{"@type":"ListItem","position":4,"name":"Meningiomas"}]},{"@type":"WebSite","@id":"https:\/\/www.neurocirugiabarcelona.com\/#website","url":"https:\/\/www.neurocirugiabarcelona.com\/","name":"Neurocirug\u00eda Barcelona","description":"Tratamiento integral de las patolog\u00edas neuroquir\u00fargicas mediante una visi\u00f3n multidisciplinar","potentialAction":[{"@type":"SearchAction","target":{"@type":"EntryPoint","urlTemplate":"https:\/\/www.neurocirugiabarcelona.com\/?s={search_term_string}"},"query-input":"required name=search_term_string"}],"inLanguage":"en-US"}]}},"_links":{"self":[{"href":"https:\/\/www.neurocirugiabarcelona.com\/en\/wp-json\/wp\/v2\/pages\/11805"}],"collection":[{"href":"https:\/\/www.neurocirugiabarcelona.com\/en\/wp-json\/wp\/v2\/pages"}],"about":[{"href":"https:\/\/www.neurocirugiabarcelona.com\/en\/wp-json\/wp\/v2\/types\/page"}],"author":[{"embeddable":true,"href":"https:\/\/www.neurocirugiabarcelona.com\/en\/wp-json\/wp\/v2\/users\/2"}],"replies":[{"embeddable":true,"href":"https:\/\/www.neurocirugiabarcelona.com\/en\/wp-json\/wp\/v2\/comments?post=11805"}],"version-history":[{"count":2,"href":"https:\/\/www.neurocirugiabarcelona.com\/en\/wp-json\/wp\/v2\/pages\/11805\/revisions"}],"predecessor-version":[{"id":11807,"href":"https:\/\/www.neurocirugiabarcelona.com\/en\/wp-json\/wp\/v2\/pages\/11805\/revisions\/11807"}],"up":[{"embeddable":true,"href":"https:\/\/www.neurocirugiabarcelona.com\/en\/wp-json\/wp\/v2\/pages\/11763"}],"wp:attachment":[{"href":"https:\/\/www.neurocirugiabarcelona.com\/en\/wp-json\/wp\/v2\/media?parent=11805"}],"curies":[{"name":"wp","href":"https:\/\/api.w.org\/{rel}","templated":true}]}}