{"id":11793,"date":"2016-06-09T06:37:33","date_gmt":"2016-06-09T05:37:33","guid":{"rendered":"https:\/\/www.neurocirugiabarcelona.com\/patologias\/tumores-cerebrales\/gliales\/ependinomas\/subependimoma\/"},"modified":"2019-01-26T12:47:10","modified_gmt":"2019-01-26T11:47:10","slug":"subependymoma","status":"publish","type":"page","link":"https:\/\/www.neurocirugiabarcelona.com\/en\/pathologies\/brain-tumours\/glial-tumours\/ependymomas\/subependymoma\/","title":{"rendered":"Subependymoma"},"content":{"rendered":"<p><strong>Subependymoma<\/strong> is a low grade, WHO <strong>grade I<\/strong> glial tumour. It develops from the subependymal glial matrix.<\/p>\n<p>These tumours have a very low growth rate, the majority of them being diagnosed by chance during autopsies, even though their intraventricular location may be responsible for signs of hydrocephalus, debuting with headache, nauseas and vomiting or even associated with loss of consciousness.<\/p>\n<p>Even though they may be located at any point of the neural axis, a spinal location is extremely rare as a few more than 30 cases have been reported in the literature, almost all cervical or at the cervicothoracic junction.<\/p>\n<p>Some authors consider them hamartomas, considering that they are lesions reactive to chronic infectious processes. Some cases are associated with astrocytoma or oligodendrocyte strains, and in these cases prognosis is less favourable.<\/p>\n<p>The treatment of choice is surgery in those cases where resection is technically possible. In the case of pure subependymomas, no other treatment will be required after surgery. In those cases where there is a mixed component, treatment should be according to the most aggressive component present, and it may be necessary to include radiotherapy or chemotherapy.<\/p>\n","protected":false},"excerpt":{"rendered":"<p>Subependymoma is a low grade, WHO grade I glial tumour. It develops from the subependymal glial matrix. These tumours have a very low growth rate, the majority of them being diagnosed by chance during autopsies, even though their intraventricular location may be responsible for signs of hydrocephalus, debuting with headache, nauseas and vomiting or even &#8230;<\/p>\n","protected":false},"author":2,"featured_media":0,"parent":11789,"menu_order":0,"comment_status":"closed","ping_status":"closed","template":"","meta":[],"yoast_head":"<!-- This site is optimized with the Yoast SEO plugin v20.11 - https:\/\/yoast.com\/wordpress\/plugins\/seo\/ -->\n<title>Subependymoma - Neurocirug\u00eda Barcelona<\/title>\n<meta name=\"robots\" content=\"index, follow, max-snippet:-1, max-image-preview:large, max-video-preview:-1\" \/>\n<link rel=\"canonical\" href=\"https:\/\/www.neurocirugiabarcelona.com\/patologias\/tumores-cerebrales\/gliales\/ependinomas\/subependimoma\/\" \/>\n<meta property=\"og:locale\" content=\"en_US\" \/>\n<meta property=\"og:type\" content=\"article\" \/>\n<meta property=\"og:title\" content=\"Subependymoma - Neurocirug\u00eda Barcelona\" \/>\n<meta property=\"og:description\" content=\"Subependymoma is a low grade, WHO grade I glial tumour. It develops from the subependymal glial matrix. These tumours have a very low growth rate, the majority of them being diagnosed by chance during autopsies, even though their intraventricular location may be responsible for signs of hydrocephalus, debuting with headache, nauseas and vomiting or even ...\" \/>\n<meta property=\"og:url\" content=\"https:\/\/www.neurocirugiabarcelona.com\/patologias\/tumores-cerebrales\/gliales\/ependinomas\/subependimoma\/\" \/>\n<meta property=\"og:site_name\" content=\"Neurocirug\u00eda Barcelona\" \/>\n<meta property=\"article:modified_time\" content=\"2019-01-26T11:47:10+00:00\" \/>\n<meta name=\"twitter:card\" content=\"summary_large_image\" \/>\n<meta name=\"twitter:label1\" content=\"Est. reading time\" \/>\n\t<meta name=\"twitter:data1\" content=\"1 minute\" \/>\n<script type=\"application\/ld+json\" class=\"yoast-schema-graph\">{\"@context\":\"https:\/\/schema.org\",\"@graph\":[{\"@type\":\"WebPage\",\"@id\":\"https:\/\/www.neurocirugiabarcelona.com\/patologias\/tumores-cerebrales\/gliales\/ependinomas\/subependimoma\/\",\"url\":\"https:\/\/www.neurocirugiabarcelona.com\/patologias\/tumores-cerebrales\/gliales\/ependinomas\/subependimoma\/\",\"name\":\"Subependymoma - Neurocirug\u00eda Barcelona\",\"isPartOf\":{\"@id\":\"https:\/\/www.neurocirugiabarcelona.com\/#website\"},\"datePublished\":\"2016-06-09T05:37:33+00:00\",\"dateModified\":\"2019-01-26T11:47:10+00:00\",\"breadcrumb\":{\"@id\":\"https:\/\/www.neurocirugiabarcelona.com\/patologias\/tumores-cerebrales\/gliales\/ependinomas\/subependimoma\/#breadcrumb\"},\"inLanguage\":\"en-US\",\"potentialAction\":[{\"@type\":\"ReadAction\",\"target\":[\"https:\/\/www.neurocirugiabarcelona.com\/patologias\/tumores-cerebrales\/gliales\/ependinomas\/subependimoma\/\"]}]},{\"@type\":\"BreadcrumbList\",\"@id\":\"https:\/\/www.neurocirugiabarcelona.com\/patologias\/tumores-cerebrales\/gliales\/ependinomas\/subependimoma\/#breadcrumb\",\"itemListElement\":[{\"@type\":\"ListItem\",\"position\":1,\"name\":\"Portada\",\"item\":\"https:\/\/www.neurocirugiabarcelona.com\/en\/\"},{\"@type\":\"ListItem\",\"position\":2,\"name\":\"Pathologies\",\"item\":\"https:\/\/www.neurocirugiabarcelona.com\/en\/pathologies\/\"},{\"@type\":\"ListItem\",\"position\":3,\"name\":\"Brain Tumours\",\"item\":\"https:\/\/www.neurocirugiabarcelona.com\/en\/pathologies\/brain-tumours\/\"},{\"@type\":\"ListItem\",\"position\":4,\"name\":\"Glial tumours\",\"item\":\"https:\/\/www.neurocirugiabarcelona.com\/en\/pathologies\/brain-tumours\/glial-tumours\/\"},{\"@type\":\"ListItem\",\"position\":5,\"name\":\"Ependymomas\",\"item\":\"https:\/\/www.neurocirugiabarcelona.com\/en\/pathologies\/brain-tumours\/glial-tumours\/ependymomas\/\"},{\"@type\":\"ListItem\",\"position\":6,\"name\":\"Subependymoma\"}]},{\"@type\":\"WebSite\",\"@id\":\"https:\/\/www.neurocirugiabarcelona.com\/#website\",\"url\":\"https:\/\/www.neurocirugiabarcelona.com\/\",\"name\":\"Neurocirug\u00eda Barcelona\",\"description\":\"Tratamiento integral de las patolog\u00edas neuroquir\u00fargicas mediante una visi\u00f3n multidisciplinar\",\"potentialAction\":[{\"@type\":\"SearchAction\",\"target\":{\"@type\":\"EntryPoint\",\"urlTemplate\":\"https:\/\/www.neurocirugiabarcelona.com\/?s={search_term_string}\"},\"query-input\":\"required name=search_term_string\"}],\"inLanguage\":\"en-US\"}]}<\/script>\n<!-- \/ Yoast SEO plugin. -->","yoast_head_json":{"title":"Subependymoma - Neurocirug\u00eda Barcelona","robots":{"index":"index","follow":"follow","max-snippet":"max-snippet:-1","max-image-preview":"max-image-preview:large","max-video-preview":"max-video-preview:-1"},"canonical":"https:\/\/www.neurocirugiabarcelona.com\/patologias\/tumores-cerebrales\/gliales\/ependinomas\/subependimoma\/","og_locale":"en_US","og_type":"article","og_title":"Subependymoma - Neurocirug\u00eda Barcelona","og_description":"Subependymoma is a low grade, WHO grade I glial tumour. It develops from the subependymal glial matrix. These tumours have a very low growth rate, the majority of them being diagnosed by chance during autopsies, even though their intraventricular location may be responsible for signs of hydrocephalus, debuting with headache, nauseas and vomiting or even ...","og_url":"https:\/\/www.neurocirugiabarcelona.com\/patologias\/tumores-cerebrales\/gliales\/ependinomas\/subependimoma\/","og_site_name":"Neurocirug\u00eda Barcelona","article_modified_time":"2019-01-26T11:47:10+00:00","twitter_card":"summary_large_image","twitter_misc":{"Est. reading time":"1 minute"},"schema":{"@context":"https:\/\/schema.org","@graph":[{"@type":"WebPage","@id":"https:\/\/www.neurocirugiabarcelona.com\/patologias\/tumores-cerebrales\/gliales\/ependinomas\/subependimoma\/","url":"https:\/\/www.neurocirugiabarcelona.com\/patologias\/tumores-cerebrales\/gliales\/ependinomas\/subependimoma\/","name":"Subependymoma - Neurocirug\u00eda Barcelona","isPartOf":{"@id":"https:\/\/www.neurocirugiabarcelona.com\/#website"},"datePublished":"2016-06-09T05:37:33+00:00","dateModified":"2019-01-26T11:47:10+00:00","breadcrumb":{"@id":"https:\/\/www.neurocirugiabarcelona.com\/patologias\/tumores-cerebrales\/gliales\/ependinomas\/subependimoma\/#breadcrumb"},"inLanguage":"en-US","potentialAction":[{"@type":"ReadAction","target":["https:\/\/www.neurocirugiabarcelona.com\/patologias\/tumores-cerebrales\/gliales\/ependinomas\/subependimoma\/"]}]},{"@type":"BreadcrumbList","@id":"https:\/\/www.neurocirugiabarcelona.com\/patologias\/tumores-cerebrales\/gliales\/ependinomas\/subependimoma\/#breadcrumb","itemListElement":[{"@type":"ListItem","position":1,"name":"Portada","item":"https:\/\/www.neurocirugiabarcelona.com\/en\/"},{"@type":"ListItem","position":2,"name":"Pathologies","item":"https:\/\/www.neurocirugiabarcelona.com\/en\/pathologies\/"},{"@type":"ListItem","position":3,"name":"Brain Tumours","item":"https:\/\/www.neurocirugiabarcelona.com\/en\/pathologies\/brain-tumours\/"},{"@type":"ListItem","position":4,"name":"Glial tumours","item":"https:\/\/www.neurocirugiabarcelona.com\/en\/pathologies\/brain-tumours\/glial-tumours\/"},{"@type":"ListItem","position":5,"name":"Ependymomas","item":"https:\/\/www.neurocirugiabarcelona.com\/en\/pathologies\/brain-tumours\/glial-tumours\/ependymomas\/"},{"@type":"ListItem","position":6,"name":"Subependymoma"}]},{"@type":"WebSite","@id":"https:\/\/www.neurocirugiabarcelona.com\/#website","url":"https:\/\/www.neurocirugiabarcelona.com\/","name":"Neurocirug\u00eda Barcelona","description":"Tratamiento integral de las patolog\u00edas neuroquir\u00fargicas mediante una visi\u00f3n multidisciplinar","potentialAction":[{"@type":"SearchAction","target":{"@type":"EntryPoint","urlTemplate":"https:\/\/www.neurocirugiabarcelona.com\/?s={search_term_string}"},"query-input":"required name=search_term_string"}],"inLanguage":"en-US"}]}},"_links":{"self":[{"href":"https:\/\/www.neurocirugiabarcelona.com\/en\/wp-json\/wp\/v2\/pages\/11793"}],"collection":[{"href":"https:\/\/www.neurocirugiabarcelona.com\/en\/wp-json\/wp\/v2\/pages"}],"about":[{"href":"https:\/\/www.neurocirugiabarcelona.com\/en\/wp-json\/wp\/v2\/types\/page"}],"author":[{"embeddable":true,"href":"https:\/\/www.neurocirugiabarcelona.com\/en\/wp-json\/wp\/v2\/users\/2"}],"replies":[{"embeddable":true,"href":"https:\/\/www.neurocirugiabarcelona.com\/en\/wp-json\/wp\/v2\/comments?post=11793"}],"version-history":[{"count":2,"href":"https:\/\/www.neurocirugiabarcelona.com\/en\/wp-json\/wp\/v2\/pages\/11793\/revisions"}],"predecessor-version":[{"id":11795,"href":"https:\/\/www.neurocirugiabarcelona.com\/en\/wp-json\/wp\/v2\/pages\/11793\/revisions\/11795"}],"up":[{"embeddable":true,"href":"https:\/\/www.neurocirugiabarcelona.com\/en\/wp-json\/wp\/v2\/pages\/11789"}],"wp:attachment":[{"href":"https:\/\/www.neurocirugiabarcelona.com\/en\/wp-json\/wp\/v2\/media?parent=11793"}],"curies":[{"name":"wp","href":"https:\/\/api.w.org\/{rel}","templated":true}]}}