{"id":11789,"date":"2016-06-09T06:35:08","date_gmt":"2016-06-09T05:35:08","guid":{"rendered":"https:\/\/www.neurocirugiabarcelona.com\/patologias\/tumores-cerebrales\/gliales\/ependinomas\/"},"modified":"2019-02-14T16:36:49","modified_gmt":"2019-02-14T15:36:49","slug":"ependymomas","status":"publish","type":"page","link":"https:\/\/www.neurocirugiabarcelona.com\/en\/pathologies\/brain-tumours\/glial-tumours\/ependymomas\/","title":{"rendered":"Ependymomas"},"content":{"rendered":"<p><strong>Ependymomas<\/strong> are primary tumours that originate in the ependymal cells, cells that surround ventricular brain cavities and the central canal of the spinal cord. They are included in the group of <strong>gliomas<\/strong>.<\/p>\n<p>They represent between 5-10% of neuroepitelial tumours and are especially common among children. 70% of intracranial ependymomas appear in children. They present two peaks of incidence, one at 5 years of age, where they are especially common at a level of the IV ventricle and at 35 when they are more common on a spinal level.<\/p>\n<p>It is the most frequent tumour of the fossa posterior in children, after <strong>meduloblastomas<\/strong> and <strong>astrocytomas<\/strong>.<\/p>\n<p><img decoding=\"async\" loading=\"lazy\" class=\"alignright wp-image-10868\" src=\"http:\/\/www.neurocirugiabarcelona.com\/wp-content\/uploads\/2016\/06\/Ependinomas-300x230.jpg\" alt=\"Ependinomas\" width=\"350\" height=\"268\" srcset=\"https:\/\/www.neurocirugiabarcelona.com\/wp-content\/uploads\/2016\/06\/Ependinomas-300x230.jpg 300w, https:\/\/www.neurocirugiabarcelona.com\/wp-content\/uploads\/2016\/06\/Ependinomas-768x589.jpg 768w, https:\/\/www.neurocirugiabarcelona.com\/wp-content\/uploads\/2016\/06\/Ependinomas-393x300.jpg 393w, https:\/\/www.neurocirugiabarcelona.com\/wp-content\/uploads\/2016\/06\/Ependinomas.jpg 987w\" sizes=\"(max-width: 350px) 100vw, 350px\" \/>The clinical appearance is common to all other brain tumours, with headache, nausea and vomiting being frequent symptoms of cerebral ependymomas, in many cases due to obstruction of the normal circulation of cerebrospinal fluid (hydrocephalus). In the event de spinal tumours, they may simulate sciatica or clinical deficiency due to spinal compression, paraparesis, tetraparesis in cervical cases, etc.<\/p>\n<p>The WHO classifies <strong>ependymomas<\/strong> in four groups.<\/p>\n<ul>\n<li>Myxopapillary ependymoma (grade I)<\/li>\n<li>Subependymoma (grade I)<\/li>\n<li>Ependymoma (grade II)<\/li>\n<li>Anaplastic ependymoma (grade III)<\/li>\n<\/ul>\n<p>The treatment of choice will be surgery in those cases where it is technically possible. Complete resection is especially difficult in tumours of the posterior fossa as many of them originate in the fourth ventricle floor where very important brain nuclei are located and whose damage brings about very important neurological deficits. In cases where they originate in the ceiling of the fourth ventricle resection is possible. In cases of greater malignancy (grade II-III) treatment may be associated with radiotherapy or chemotherapy. They are especially radiosensitive tumours.<\/p>\n<p>The prognosis seems more related to the degree of resection rather than the histological grade.<\/p>\n<p><strong>Leptomeningeal dissemination<\/strong> (through the CSF) is especially common in cases of anaplastic ependymomas although it may also occur in ependymoma (grade II) or myxopapillary (grade I), and so after diagnosis of this tumour lineage the whole neural axis should be closely examined.<\/p>\n<p><div class=\"one_third\"><a href=\"https:\/\/www.neurocirugiabarcelona.com\/en\/pathologies\/brain-tumours\/glial-tumours\/ependymomas\/subependymoma\/\" target=\"\" style=\"color:#fff\"><div class=\"pmc-button pmc-round-button\" style=\"background-color:#ff505a;border-color:#a01e3c\">Subependymoma<\/div><\/a><\/div><div class=\"one_third\"><a href=\"https:\/\/www.neurocirugiabarcelona.com\/en\/pathologies\/brain-tumours\/glial-tumours\/ependymomas\/spinal-ependymomas\/\" target=\"\" style=\"color:#fff\"><div class=\"pmc-button pmc-round-button\" style=\"background-color:#ff505a;border-color:#a01e3c\">Spinal ependymomas<\/div><\/a><\/div><br \/>\n<div class=\"one_third last\"><\/p>\n<p><\/div><\/p>\n","protected":false},"excerpt":{"rendered":"<p>Ependymomas are primary tumours that originate in the ependymal cells, cells that surround ventricular brain cavities and the central canal of the spinal cord. They are included in the group of gliomas. They represent between 5-10% of neuroepitelial tumours and are especially common among children. 70% of intracranial ependymomas appear in children. They present two &#8230;<\/p>\n","protected":false},"author":2,"featured_media":0,"parent":11766,"menu_order":3,"comment_status":"closed","ping_status":"closed","template":"","meta":[],"yoast_head":"<!-- This site is optimized with the Yoast SEO plugin v20.11 - https:\/\/yoast.com\/wordpress\/plugins\/seo\/ -->\n<title>Ependymomas - Neurocirug\u00eda Barcelona<\/title>\n<meta name=\"robots\" content=\"index, follow, max-snippet:-1, max-image-preview:large, max-video-preview:-1\" \/>\n<link rel=\"canonical\" href=\"https:\/\/www.neurocirugiabarcelona.com\/en\/pathologies\/brain-tumours\/glial-tumours\/ependymomas\/\" \/>\n<meta property=\"og:locale\" content=\"en_US\" \/>\n<meta property=\"og:type\" content=\"article\" \/>\n<meta property=\"og:title\" content=\"Ependymomas - Neurocirug\u00eda Barcelona\" \/>\n<meta property=\"og:description\" content=\"Ependymomas are primary tumours that originate in the ependymal cells, cells that surround ventricular brain cavities and the central canal of the spinal cord. They are included in the group of gliomas. They represent between 5-10% of neuroepitelial tumours and are especially common among children. 70% of intracranial ependymomas appear in children. They present two ...\" \/>\n<meta property=\"og:url\" content=\"https:\/\/www.neurocirugiabarcelona.com\/en\/pathologies\/brain-tumours\/glial-tumours\/ependymomas\/\" \/>\n<meta property=\"og:site_name\" content=\"Neurocirug\u00eda Barcelona\" \/>\n<meta property=\"article:modified_time\" content=\"2019-02-14T15:36:49+00:00\" \/>\n<meta property=\"og:image\" content=\"http:\/\/www.neurocirugiabarcelona.com\/wp-content\/uploads\/2016\/06\/Ependinomas-300x230.jpg\" \/>\n<meta name=\"twitter:card\" content=\"summary_large_image\" \/>\n<meta name=\"twitter:label1\" content=\"Est. reading time\" \/>\n\t<meta name=\"twitter:data1\" content=\"2 minutes\" \/>\n<script type=\"application\/ld+json\" class=\"yoast-schema-graph\">{\"@context\":\"https:\/\/schema.org\",\"@graph\":[{\"@type\":\"WebPage\",\"@id\":\"https:\/\/www.neurocirugiabarcelona.com\/en\/pathologies\/brain-tumours\/glial-tumours\/ependymomas\/\",\"url\":\"https:\/\/www.neurocirugiabarcelona.com\/en\/pathologies\/brain-tumours\/glial-tumours\/ependymomas\/\",\"name\":\"Ependymomas - Neurocirug\u00eda Barcelona\",\"isPartOf\":{\"@id\":\"https:\/\/www.neurocirugiabarcelona.com\/#website\"},\"datePublished\":\"2016-06-09T05:35:08+00:00\",\"dateModified\":\"2019-02-14T15:36:49+00:00\",\"breadcrumb\":{\"@id\":\"https:\/\/www.neurocirugiabarcelona.com\/en\/pathologies\/brain-tumours\/glial-tumours\/ependymomas\/#breadcrumb\"},\"inLanguage\":\"en-US\",\"potentialAction\":[{\"@type\":\"ReadAction\",\"target\":[\"https:\/\/www.neurocirugiabarcelona.com\/en\/pathologies\/brain-tumours\/glial-tumours\/ependymomas\/\"]}]},{\"@type\":\"BreadcrumbList\",\"@id\":\"https:\/\/www.neurocirugiabarcelona.com\/en\/pathologies\/brain-tumours\/glial-tumours\/ependymomas\/#breadcrumb\",\"itemListElement\":[{\"@type\":\"ListItem\",\"position\":1,\"name\":\"Portada\",\"item\":\"https:\/\/www.neurocirugiabarcelona.com\/en\/\"},{\"@type\":\"ListItem\",\"position\":2,\"name\":\"Pathologies\",\"item\":\"https:\/\/www.neurocirugiabarcelona.com\/en\/pathologies\/\"},{\"@type\":\"ListItem\",\"position\":3,\"name\":\"Brain Tumours\",\"item\":\"https:\/\/www.neurocirugiabarcelona.com\/en\/pathologies\/brain-tumours\/\"},{\"@type\":\"ListItem\",\"position\":4,\"name\":\"Glial tumours\",\"item\":\"https:\/\/www.neurocirugiabarcelona.com\/en\/pathologies\/brain-tumours\/glial-tumours\/\"},{\"@type\":\"ListItem\",\"position\":5,\"name\":\"Ependymomas\"}]},{\"@type\":\"WebSite\",\"@id\":\"https:\/\/www.neurocirugiabarcelona.com\/#website\",\"url\":\"https:\/\/www.neurocirugiabarcelona.com\/\",\"name\":\"Neurocirug\u00eda Barcelona\",\"description\":\"Tratamiento integral de las patolog\u00edas neuroquir\u00fargicas mediante una visi\u00f3n multidisciplinar\",\"potentialAction\":[{\"@type\":\"SearchAction\",\"target\":{\"@type\":\"EntryPoint\",\"urlTemplate\":\"https:\/\/www.neurocirugiabarcelona.com\/?s={search_term_string}\"},\"query-input\":\"required name=search_term_string\"}],\"inLanguage\":\"en-US\"}]}<\/script>\n<!-- \/ Yoast SEO plugin. -->","yoast_head_json":{"title":"Ependymomas - Neurocirug\u00eda Barcelona","robots":{"index":"index","follow":"follow","max-snippet":"max-snippet:-1","max-image-preview":"max-image-preview:large","max-video-preview":"max-video-preview:-1"},"canonical":"https:\/\/www.neurocirugiabarcelona.com\/en\/pathologies\/brain-tumours\/glial-tumours\/ependymomas\/","og_locale":"en_US","og_type":"article","og_title":"Ependymomas - Neurocirug\u00eda Barcelona","og_description":"Ependymomas are primary tumours that originate in the ependymal cells, cells that surround ventricular brain cavities and the central canal of the spinal cord. They are included in the group of gliomas. They represent between 5-10% of neuroepitelial tumours and are especially common among children. 70% of intracranial ependymomas appear in children. They present two ...","og_url":"https:\/\/www.neurocirugiabarcelona.com\/en\/pathologies\/brain-tumours\/glial-tumours\/ependymomas\/","og_site_name":"Neurocirug\u00eda Barcelona","article_modified_time":"2019-02-14T15:36:49+00:00","og_image":[{"url":"http:\/\/www.neurocirugiabarcelona.com\/wp-content\/uploads\/2016\/06\/Ependinomas-300x230.jpg"}],"twitter_card":"summary_large_image","twitter_misc":{"Est. reading time":"2 minutes"},"schema":{"@context":"https:\/\/schema.org","@graph":[{"@type":"WebPage","@id":"https:\/\/www.neurocirugiabarcelona.com\/en\/pathologies\/brain-tumours\/glial-tumours\/ependymomas\/","url":"https:\/\/www.neurocirugiabarcelona.com\/en\/pathologies\/brain-tumours\/glial-tumours\/ependymomas\/","name":"Ependymomas - Neurocirug\u00eda Barcelona","isPartOf":{"@id":"https:\/\/www.neurocirugiabarcelona.com\/#website"},"datePublished":"2016-06-09T05:35:08+00:00","dateModified":"2019-02-14T15:36:49+00:00","breadcrumb":{"@id":"https:\/\/www.neurocirugiabarcelona.com\/en\/pathologies\/brain-tumours\/glial-tumours\/ependymomas\/#breadcrumb"},"inLanguage":"en-US","potentialAction":[{"@type":"ReadAction","target":["https:\/\/www.neurocirugiabarcelona.com\/en\/pathologies\/brain-tumours\/glial-tumours\/ependymomas\/"]}]},{"@type":"BreadcrumbList","@id":"https:\/\/www.neurocirugiabarcelona.com\/en\/pathologies\/brain-tumours\/glial-tumours\/ependymomas\/#breadcrumb","itemListElement":[{"@type":"ListItem","position":1,"name":"Portada","item":"https:\/\/www.neurocirugiabarcelona.com\/en\/"},{"@type":"ListItem","position":2,"name":"Pathologies","item":"https:\/\/www.neurocirugiabarcelona.com\/en\/pathologies\/"},{"@type":"ListItem","position":3,"name":"Brain Tumours","item":"https:\/\/www.neurocirugiabarcelona.com\/en\/pathologies\/brain-tumours\/"},{"@type":"ListItem","position":4,"name":"Glial tumours","item":"https:\/\/www.neurocirugiabarcelona.com\/en\/pathologies\/brain-tumours\/glial-tumours\/"},{"@type":"ListItem","position":5,"name":"Ependymomas"}]},{"@type":"WebSite","@id":"https:\/\/www.neurocirugiabarcelona.com\/#website","url":"https:\/\/www.neurocirugiabarcelona.com\/","name":"Neurocirug\u00eda Barcelona","description":"Tratamiento integral de las patolog\u00edas neuroquir\u00fargicas mediante una visi\u00f3n multidisciplinar","potentialAction":[{"@type":"SearchAction","target":{"@type":"EntryPoint","urlTemplate":"https:\/\/www.neurocirugiabarcelona.com\/?s={search_term_string}"},"query-input":"required name=search_term_string"}],"inLanguage":"en-US"}]}},"_links":{"self":[{"href":"https:\/\/www.neurocirugiabarcelona.com\/en\/wp-json\/wp\/v2\/pages\/11789"}],"collection":[{"href":"https:\/\/www.neurocirugiabarcelona.com\/en\/wp-json\/wp\/v2\/pages"}],"about":[{"href":"https:\/\/www.neurocirugiabarcelona.com\/en\/wp-json\/wp\/v2\/types\/page"}],"author":[{"embeddable":true,"href":"https:\/\/www.neurocirugiabarcelona.com\/en\/wp-json\/wp\/v2\/users\/2"}],"replies":[{"embeddable":true,"href":"https:\/\/www.neurocirugiabarcelona.com\/en\/wp-json\/wp\/v2\/comments?post=11789"}],"version-history":[{"count":3,"href":"https:\/\/www.neurocirugiabarcelona.com\/en\/wp-json\/wp\/v2\/pages\/11789\/revisions"}],"predecessor-version":[{"id":12332,"href":"https:\/\/www.neurocirugiabarcelona.com\/en\/wp-json\/wp\/v2\/pages\/11789\/revisions\/12332"}],"up":[{"embeddable":true,"href":"https:\/\/www.neurocirugiabarcelona.com\/en\/wp-json\/wp\/v2\/pages\/11766"}],"wp:attachment":[{"href":"https:\/\/www.neurocirugiabarcelona.com\/en\/wp-json\/wp\/v2\/media?parent=11789"}],"curies":[{"name":"wp","href":"https:\/\/api.w.org\/{rel}","templated":true}]}}