{"id":11781,"date":"2016-06-09T06:32:42","date_gmt":"2016-06-09T05:32:42","guid":{"rendered":"https:\/\/www.neurocirugiabarcelona.com\/patologias\/tumores-cerebrales\/gliales\/astrocitomas\/"},"modified":"2019-01-26T12:46:39","modified_gmt":"2019-01-26T11:46:39","slug":"astrocytomas","status":"publish","type":"page","link":"https:\/\/www.neurocirugiabarcelona.com\/en\/pathologies\/brain-tumours\/glial-tumours\/astrocytomas\/","title":{"rendered":"Astrocytomas"},"content":{"rendered":"<p><strong>Astrocytomas<\/strong> form part of the group of <strong>gliomas (glial tumours<\/strong>), they are primary brain tumours, that is, tumours that originate in cells that form part of the normal brain structure. Within the group of<strong> glial tumours<\/strong>, <strong>astrocytomas<\/strong> represent the most frequent tumours.<a href=\"http:\/\/www.neurocirugiabarcelona.com\/wp-content\/uploads\/2016\/06\/recidiva-glioblastoma-multiforme-astrocitomas.jpg\" rel=\"lightbox[11781]\"><img decoding=\"async\" loading=\"lazy\" class=\"alignright wp-image-10856\" src=\"http:\/\/www.neurocirugiabarcelona.com\/wp-content\/uploads\/2016\/06\/recidiva-glioblastoma-multiforme-astrocitomas-262x300.jpg\" alt=\"Astrocitomas\" width=\"300\" height=\"343\" srcset=\"https:\/\/www.neurocirugiabarcelona.com\/wp-content\/uploads\/2016\/06\/recidiva-glioblastoma-multiforme-astrocitomas-262x300.jpg 262w, https:\/\/www.neurocirugiabarcelona.com\/wp-content\/uploads\/2016\/06\/recidiva-glioblastoma-multiforme-astrocitomas-768x878.jpg 768w, https:\/\/www.neurocirugiabarcelona.com\/wp-content\/uploads\/2016\/06\/recidiva-glioblastoma-multiforme-astrocitomas-896x1024.jpg 896w, https:\/\/www.neurocirugiabarcelona.com\/wp-content\/uploads\/2016\/06\/recidiva-glioblastoma-multiforme-astrocitomas.jpg 1035w\" sizes=\"(max-width: 300px) 100vw, 300px\" \/><\/a><\/p>\n<p>They may be located at any point of the neural axis (brain and spinal cord) even though they are especially common at a level of the cerebral hemispheres. Gliomas of the optic nerve, thalamic astrocytomas and astrocytomas of the brain stem and spinal cord are worth special mention as they present particular characteristics regarding their location and histology and so personalised treatment is recommended for this type of lesion.<\/p>\n<p>The symptomatology presented by these tumours is quite similar to other cerebral lesions, headache, vomiting, gait disorders, seizures, etc. the symptoms may be brought about by invasion of the tumour into area responsible for these functions, by the oedema (swelling) these lesions produce in the brain or by the simple compressive effect they have on healthy surrounding tissue.<\/p>\n<p>Astrocytomas make up a heterogeneous group, classified by the WHO in four degrees (1993) based on their histological characteristics:<\/p>\n<ul>\n<li><strong>Astrocytoma grade I (pilocytic astrocytoma):<\/strong> especially common among children. Presenting very good prognosis, as complete resection implies cure in the immense majority of cases.<\/li>\n<li><strong>Astrocytoma grade II, or diffuse astrocytoma: <\/strong>This group is comprised of different sub-groups with particular characteristics. It is an infiltrating tumour with a tendency to evolve into lesions with a more aggressive histology.<\/li>\n<li><strong>Astrocytoma grade III or anaplastic astrocytoma:<\/strong> This tumour is equally invasive, although its histological characteristics give it a worse prognosis than the previous groups, it may evolve into glioblastoma multiforme.<\/li>\n<li><strong>Astrocytoma grade IV or Glioblastoma multiforme:<\/strong> The most aggressive and at the same time most common of all astrocytomas.<\/li>\n<\/ul>\n<p><a href=\"http:\/\/www.neurocirugiabarcelona.com\/wp-content\/uploads\/2016\/06\/tumores-gliales-astrocitoma.jpg\" rel=\"lightbox[11781]\"><img decoding=\"async\" loading=\"lazy\" class=\"alignright size-full wp-image-11149\" src=\"http:\/\/www.neurocirugiabarcelona.com\/wp-content\/uploads\/2016\/06\/tumores-gliales-astrocitoma.jpg\" alt=\"tumores gliales: astrocitoma\" width=\"256\" height=\"256\" srcset=\"https:\/\/www.neurocirugiabarcelona.com\/wp-content\/uploads\/2016\/06\/tumores-gliales-astrocitoma.jpg 256w, https:\/\/www.neurocirugiabarcelona.com\/wp-content\/uploads\/2016\/06\/tumores-gliales-astrocitoma-150x150.jpg 150w\" sizes=\"(max-width: 256px) 100vw, 256px\" \/><\/a><br \/>\nThe treatment of choice for all resectable tumours will be surgery, associated with concomitant radiotherapy and chemotherapy treatment in some cases, especially the most aggressive ones.<br \/>\nOn a medullary level they are infiltrating tumours with poorly defined margins, and so the treatment of choice in this location will be biopsy.<br \/>\nOver the last few years different lines of treatment have appeared, including immunotherapy, vaccines, etc., even though all of them are still in the evaluation phase.<\/p>\n","protected":false},"excerpt":{"rendered":"<p>Astrocytomas form part of the group of gliomas (glial tumours), they are primary brain tumours, that is, tumours that originate in cells that form part of the normal brain structure. Within the group of glial tumours, astrocytomas represent the most frequent tumours. They may be located at any point of the neural axis (brain and &#8230;<\/p>\n","protected":false},"author":2,"featured_media":0,"parent":11766,"menu_order":0,"comment_status":"closed","ping_status":"closed","template":"","meta":[],"yoast_head":"<!-- This site is optimized with the Yoast SEO plugin v20.11 - https:\/\/yoast.com\/wordpress\/plugins\/seo\/ -->\n<title>Astrocytomas - Neurocirug\u00eda Barcelona<\/title>\n<meta name=\"robots\" content=\"index, follow, max-snippet:-1, max-image-preview:large, max-video-preview:-1\" \/>\n<link rel=\"canonical\" href=\"https:\/\/www.neurocirugiabarcelona.com\/en\/pathologies\/brain-tumours\/glial-tumours\/astrocytomas\/\" \/>\n<meta property=\"og:locale\" content=\"en_US\" \/>\n<meta property=\"og:type\" content=\"article\" \/>\n<meta property=\"og:title\" content=\"Astrocytomas - Neurocirug\u00eda Barcelona\" \/>\n<meta property=\"og:description\" content=\"Astrocytomas form part of the group of gliomas (glial tumours), they are primary brain tumours, that is, tumours that originate in cells that form part of the normal brain structure. Within the group of glial tumours, astrocytomas represent the most frequent tumours. They may be located at any point of the neural axis (brain and ...\" \/>\n<meta property=\"og:url\" content=\"https:\/\/www.neurocirugiabarcelona.com\/en\/pathologies\/brain-tumours\/glial-tumours\/astrocytomas\/\" \/>\n<meta property=\"og:site_name\" content=\"Neurocirug\u00eda Barcelona\" \/>\n<meta property=\"article:modified_time\" content=\"2019-01-26T11:46:39+00:00\" \/>\n<meta property=\"og:image\" content=\"http:\/\/www.neurocirugiabarcelona.com\/wp-content\/uploads\/2016\/06\/recidiva-glioblastoma-multiforme-astrocitomas-262x300.jpg\" \/>\n<meta name=\"twitter:card\" content=\"summary_large_image\" \/>\n<meta name=\"twitter:label1\" content=\"Est. reading time\" \/>\n\t<meta name=\"twitter:data1\" content=\"2 minutes\" \/>\n<script type=\"application\/ld+json\" class=\"yoast-schema-graph\">{\"@context\":\"https:\/\/schema.org\",\"@graph\":[{\"@type\":\"WebPage\",\"@id\":\"https:\/\/www.neurocirugiabarcelona.com\/en\/pathologies\/brain-tumours\/glial-tumours\/astrocytomas\/\",\"url\":\"https:\/\/www.neurocirugiabarcelona.com\/en\/pathologies\/brain-tumours\/glial-tumours\/astrocytomas\/\",\"name\":\"Astrocytomas - Neurocirug\u00eda Barcelona\",\"isPartOf\":{\"@id\":\"https:\/\/www.neurocirugiabarcelona.com\/#website\"},\"datePublished\":\"2016-06-09T05:32:42+00:00\",\"dateModified\":\"2019-01-26T11:46:39+00:00\",\"breadcrumb\":{\"@id\":\"https:\/\/www.neurocirugiabarcelona.com\/en\/pathologies\/brain-tumours\/glial-tumours\/astrocytomas\/#breadcrumb\"},\"inLanguage\":\"en-US\",\"potentialAction\":[{\"@type\":\"ReadAction\",\"target\":[\"https:\/\/www.neurocirugiabarcelona.com\/en\/pathologies\/brain-tumours\/glial-tumours\/astrocytomas\/\"]}]},{\"@type\":\"BreadcrumbList\",\"@id\":\"https:\/\/www.neurocirugiabarcelona.com\/en\/pathologies\/brain-tumours\/glial-tumours\/astrocytomas\/#breadcrumb\",\"itemListElement\":[{\"@type\":\"ListItem\",\"position\":1,\"name\":\"Portada\",\"item\":\"https:\/\/www.neurocirugiabarcelona.com\/en\/\"},{\"@type\":\"ListItem\",\"position\":2,\"name\":\"Pathologies\",\"item\":\"https:\/\/www.neurocirugiabarcelona.com\/en\/pathologies\/\"},{\"@type\":\"ListItem\",\"position\":3,\"name\":\"Brain Tumours\",\"item\":\"https:\/\/www.neurocirugiabarcelona.com\/en\/pathologies\/brain-tumours\/\"},{\"@type\":\"ListItem\",\"position\":4,\"name\":\"Glial tumours\",\"item\":\"https:\/\/www.neurocirugiabarcelona.com\/en\/pathologies\/brain-tumours\/glial-tumours\/\"},{\"@type\":\"ListItem\",\"position\":5,\"name\":\"Astrocytomas\"}]},{\"@type\":\"WebSite\",\"@id\":\"https:\/\/www.neurocirugiabarcelona.com\/#website\",\"url\":\"https:\/\/www.neurocirugiabarcelona.com\/\",\"name\":\"Neurocirug\u00eda Barcelona\",\"description\":\"Tratamiento integral de las patolog\u00edas neuroquir\u00fargicas mediante una visi\u00f3n multidisciplinar\",\"potentialAction\":[{\"@type\":\"SearchAction\",\"target\":{\"@type\":\"EntryPoint\",\"urlTemplate\":\"https:\/\/www.neurocirugiabarcelona.com\/?s={search_term_string}\"},\"query-input\":\"required name=search_term_string\"}],\"inLanguage\":\"en-US\"}]}<\/script>\n<!-- \/ Yoast SEO plugin. -->","yoast_head_json":{"title":"Astrocytomas - Neurocirug\u00eda Barcelona","robots":{"index":"index","follow":"follow","max-snippet":"max-snippet:-1","max-image-preview":"max-image-preview:large","max-video-preview":"max-video-preview:-1"},"canonical":"https:\/\/www.neurocirugiabarcelona.com\/en\/pathologies\/brain-tumours\/glial-tumours\/astrocytomas\/","og_locale":"en_US","og_type":"article","og_title":"Astrocytomas - Neurocirug\u00eda Barcelona","og_description":"Astrocytomas form part of the group of gliomas (glial tumours), they are primary brain tumours, that is, tumours that originate in cells that form part of the normal brain structure. Within the group of glial tumours, astrocytomas represent the most frequent tumours. They may be located at any point of the neural axis (brain and ...","og_url":"https:\/\/www.neurocirugiabarcelona.com\/en\/pathologies\/brain-tumours\/glial-tumours\/astrocytomas\/","og_site_name":"Neurocirug\u00eda Barcelona","article_modified_time":"2019-01-26T11:46:39+00:00","og_image":[{"url":"http:\/\/www.neurocirugiabarcelona.com\/wp-content\/uploads\/2016\/06\/recidiva-glioblastoma-multiforme-astrocitomas-262x300.jpg"}],"twitter_card":"summary_large_image","twitter_misc":{"Est. reading time":"2 minutes"},"schema":{"@context":"https:\/\/schema.org","@graph":[{"@type":"WebPage","@id":"https:\/\/www.neurocirugiabarcelona.com\/en\/pathologies\/brain-tumours\/glial-tumours\/astrocytomas\/","url":"https:\/\/www.neurocirugiabarcelona.com\/en\/pathologies\/brain-tumours\/glial-tumours\/astrocytomas\/","name":"Astrocytomas - Neurocirug\u00eda Barcelona","isPartOf":{"@id":"https:\/\/www.neurocirugiabarcelona.com\/#website"},"datePublished":"2016-06-09T05:32:42+00:00","dateModified":"2019-01-26T11:46:39+00:00","breadcrumb":{"@id":"https:\/\/www.neurocirugiabarcelona.com\/en\/pathologies\/brain-tumours\/glial-tumours\/astrocytomas\/#breadcrumb"},"inLanguage":"en-US","potentialAction":[{"@type":"ReadAction","target":["https:\/\/www.neurocirugiabarcelona.com\/en\/pathologies\/brain-tumours\/glial-tumours\/astrocytomas\/"]}]},{"@type":"BreadcrumbList","@id":"https:\/\/www.neurocirugiabarcelona.com\/en\/pathologies\/brain-tumours\/glial-tumours\/astrocytomas\/#breadcrumb","itemListElement":[{"@type":"ListItem","position":1,"name":"Portada","item":"https:\/\/www.neurocirugiabarcelona.com\/en\/"},{"@type":"ListItem","position":2,"name":"Pathologies","item":"https:\/\/www.neurocirugiabarcelona.com\/en\/pathologies\/"},{"@type":"ListItem","position":3,"name":"Brain Tumours","item":"https:\/\/www.neurocirugiabarcelona.com\/en\/pathologies\/brain-tumours\/"},{"@type":"ListItem","position":4,"name":"Glial tumours","item":"https:\/\/www.neurocirugiabarcelona.com\/en\/pathologies\/brain-tumours\/glial-tumours\/"},{"@type":"ListItem","position":5,"name":"Astrocytomas"}]},{"@type":"WebSite","@id":"https:\/\/www.neurocirugiabarcelona.com\/#website","url":"https:\/\/www.neurocirugiabarcelona.com\/","name":"Neurocirug\u00eda Barcelona","description":"Tratamiento integral de las patolog\u00edas neuroquir\u00fargicas mediante una visi\u00f3n multidisciplinar","potentialAction":[{"@type":"SearchAction","target":{"@type":"EntryPoint","urlTemplate":"https:\/\/www.neurocirugiabarcelona.com\/?s={search_term_string}"},"query-input":"required name=search_term_string"}],"inLanguage":"en-US"}]}},"_links":{"self":[{"href":"https:\/\/www.neurocirugiabarcelona.com\/en\/wp-json\/wp\/v2\/pages\/11781"}],"collection":[{"href":"https:\/\/www.neurocirugiabarcelona.com\/en\/wp-json\/wp\/v2\/pages"}],"about":[{"href":"https:\/\/www.neurocirugiabarcelona.com\/en\/wp-json\/wp\/v2\/types\/page"}],"author":[{"embeddable":true,"href":"https:\/\/www.neurocirugiabarcelona.com\/en\/wp-json\/wp\/v2\/users\/2"}],"replies":[{"embeddable":true,"href":"https:\/\/www.neurocirugiabarcelona.com\/en\/wp-json\/wp\/v2\/comments?post=11781"}],"version-history":[{"count":2,"href":"https:\/\/www.neurocirugiabarcelona.com\/en\/wp-json\/wp\/v2\/pages\/11781\/revisions"}],"predecessor-version":[{"id":11783,"href":"https:\/\/www.neurocirugiabarcelona.com\/en\/wp-json\/wp\/v2\/pages\/11781\/revisions\/11783"}],"up":[{"embeddable":true,"href":"https:\/\/www.neurocirugiabarcelona.com\/en\/wp-json\/wp\/v2\/pages\/11766"}],"wp:attachment":[{"href":"https:\/\/www.neurocirugiabarcelona.com\/en\/wp-json\/wp\/v2\/media?parent=11781"}],"curies":[{"name":"wp","href":"https:\/\/api.w.org\/{rel}","templated":true}]}}