{"id":11766,"date":"2016-06-09T06:31:49","date_gmt":"2016-06-09T05:31:49","guid":{"rendered":"https:\/\/www.neurocirugiabarcelona.com\/tumores-cerebrales\/gliales\/"},"modified":"2019-02-14T16:35:43","modified_gmt":"2019-02-14T15:35:43","slug":"glial-tumours","status":"publish","type":"page","link":"https:\/\/www.neurocirugiabarcelona.com\/en\/pathologies\/brain-tumours\/glial-tumours\/","title":{"rendered":"Glial tumours"},"content":{"rendered":"<p>These tumours originate in the glial cells, cells whose function is to provide supporting tissue for neurons. Depending on the origin they can be classified as astrocytomas, oligodendrogliomas and ependymomas.<\/p>\n<h3>Clinical signs<\/h3>\n<p><img decoding=\"async\" loading=\"lazy\" class=\"alignright wp-image-10885\" src=\"http:\/\/www.neurocirugiabarcelona.com\/wp-content\/uploads\/2016\/06\/gliales-300x205.jpg\" alt=\"Gliales\" width=\"400\" height=\"273\" srcset=\"https:\/\/www.neurocirugiabarcelona.com\/wp-content\/uploads\/2016\/06\/gliales-300x205.jpg 300w, https:\/\/www.neurocirugiabarcelona.com\/wp-content\/uploads\/2016\/06\/gliales-768x524.jpg 768w, https:\/\/www.neurocirugiabarcelona.com\/wp-content\/uploads\/2016\/06\/gliales-1024x699.jpg 1024w, https:\/\/www.neurocirugiabarcelona.com\/wp-content\/uploads\/2016\/06\/gliales-90x60.jpg 90w, https:\/\/www.neurocirugiabarcelona.com\/wp-content\/uploads\/2016\/06\/gliales.jpg 1121w\" sizes=\"(max-width: 400px) 100vw, 400px\" \/><br \/>\nThe clinical signs will be marked by the location of the lesion. There are general signs common to all locations, although not always present, they include headache, cognitive slowness, seizures in cortical tumours, and other clinical signs more related to the precise location of the lesion. Depending on the area of the brain affected, these may include difficulty or impossibility to move one half of the body, language difficulties, visual disorders, etc., in other cases the symptoms may be subtler or even nonexistent.<\/p>\n<h3>Diagnostic tests<\/h3>\n<p>After performing the clinical examination and if an intracerebral lesion is suspected, we must proceed with imaging tests. Usually the first test is a cerebral CAT scan, followed by cerebral MR imaging to enable more precise location of the lesion.<\/p>\n<h3>Treatment<\/h3>\n<p>The treatment of glial tumours considers three basic pillars, surgery, which in the majority of the cases will be the treatment of choice, radiotherapy and chemotherapy. Depending of the location of the lesion, clinical condition of the patient and other prognostic factors, the treatment of choice will be one or another, or even a combination of these treatments in some cases.<\/p>\n<p><div class=\"one_third\"><a href=\"https:\/\/www.neurocirugiabarcelona.com\/en\/pathologies\/brain-tumours\/glial-tumours\/astrocytomas\/\" target=\"\" style=\"color:#fff\"><div class=\"pmc-button pmc-round-button\" style=\"background-color:#ff505a;border-color:#a01e3c\">Astrocytomas<\/div><\/a><\/div><div class=\"one_third\"><a href=\"https:\/\/www.neurocirugiabarcelona.com\/en\/pathologies\/brain-tumours\/glial-tumours\/oligodendrogliomas\/\" target=\"\" style=\"color:#fff\"><div class=\"pmc-button pmc-round-button\" style=\"background-color:#ff505a;border-color:#a01e3c\">Oligodendrogliomas<\/div><\/a><\/div><div class=\"one_third last\"><a href=\"https:\/\/www.neurocirugiabarcelona.com\/en\/pathologies\/brain-tumours\/glial-tumours\/ependymomas\/\" target=\"\" style=\"color:#fff\"><div class=\"pmc-button pmc-round-button\" style=\"background-color:#ff505a;border-color:#a01e3c\">Ependymomas<\/div><\/a><\/div><\/p>\n<p>&nbsp;<\/p>\n<p>&nbsp;<\/p>\n","protected":false},"excerpt":{"rendered":"<p>These tumours originate in the glial cells, cells whose function is to provide supporting tissue for neurons. Depending on the origin they can be classified as astrocytomas, oligodendrogliomas and ependymomas. Clinical signs The clinical signs will be marked by the location of the lesion. There are general signs common to all locations, although not always &#8230;<\/p>\n","protected":false},"author":2,"featured_media":0,"parent":11763,"menu_order":0,"comment_status":"closed","ping_status":"closed","template":"","meta":[],"yoast_head":"<!-- This site is optimized with the Yoast SEO plugin v20.11 - https:\/\/yoast.com\/wordpress\/plugins\/seo\/ -->\n<title>Glial tumours - Neurocirug\u00eda Barcelona<\/title>\n<meta name=\"robots\" content=\"index, follow, max-snippet:-1, max-image-preview:large, max-video-preview:-1\" \/>\n<link rel=\"canonical\" href=\"https:\/\/www.neurocirugiabarcelona.com\/en\/pathologies\/brain-tumours\/glial-tumours\/\" \/>\n<meta property=\"og:locale\" content=\"en_US\" \/>\n<meta property=\"og:type\" content=\"article\" \/>\n<meta property=\"og:title\" content=\"Glial tumours - Neurocirug\u00eda Barcelona\" \/>\n<meta property=\"og:description\" content=\"These tumours originate in the glial cells, cells whose function is to provide supporting tissue for neurons. Depending on the origin they can be classified as astrocytomas, oligodendrogliomas and ependymomas. Clinical signs The clinical signs will be marked by the location of the lesion. There are general signs common to all locations, although not always ...\" \/>\n<meta property=\"og:url\" content=\"https:\/\/www.neurocirugiabarcelona.com\/en\/pathologies\/brain-tumours\/glial-tumours\/\" \/>\n<meta property=\"og:site_name\" content=\"Neurocirug\u00eda Barcelona\" \/>\n<meta property=\"article:modified_time\" content=\"2019-02-14T15:35:43+00:00\" \/>\n<meta property=\"og:image\" content=\"http:\/\/www.neurocirugiabarcelona.com\/wp-content\/uploads\/2016\/06\/gliales-300x205.jpg\" \/>\n<meta name=\"twitter:card\" content=\"summary_large_image\" \/>\n<meta name=\"twitter:label1\" content=\"Est. reading time\" \/>\n\t<meta name=\"twitter:data1\" content=\"2 minutes\" \/>\n<script type=\"application\/ld+json\" class=\"yoast-schema-graph\">{\"@context\":\"https:\/\/schema.org\",\"@graph\":[{\"@type\":\"WebPage\",\"@id\":\"https:\/\/www.neurocirugiabarcelona.com\/en\/pathologies\/brain-tumours\/glial-tumours\/\",\"url\":\"https:\/\/www.neurocirugiabarcelona.com\/en\/pathologies\/brain-tumours\/glial-tumours\/\",\"name\":\"Glial tumours - Neurocirug\u00eda Barcelona\",\"isPartOf\":{\"@id\":\"https:\/\/www.neurocirugiabarcelona.com\/#website\"},\"datePublished\":\"2016-06-09T05:31:49+00:00\",\"dateModified\":\"2019-02-14T15:35:43+00:00\",\"breadcrumb\":{\"@id\":\"https:\/\/www.neurocirugiabarcelona.com\/en\/pathologies\/brain-tumours\/glial-tumours\/#breadcrumb\"},\"inLanguage\":\"en-US\",\"potentialAction\":[{\"@type\":\"ReadAction\",\"target\":[\"https:\/\/www.neurocirugiabarcelona.com\/en\/pathologies\/brain-tumours\/glial-tumours\/\"]}]},{\"@type\":\"BreadcrumbList\",\"@id\":\"https:\/\/www.neurocirugiabarcelona.com\/en\/pathologies\/brain-tumours\/glial-tumours\/#breadcrumb\",\"itemListElement\":[{\"@type\":\"ListItem\",\"position\":1,\"name\":\"Portada\",\"item\":\"https:\/\/www.neurocirugiabarcelona.com\/en\/\"},{\"@type\":\"ListItem\",\"position\":2,\"name\":\"Pathologies\",\"item\":\"https:\/\/www.neurocirugiabarcelona.com\/en\/pathologies\/\"},{\"@type\":\"ListItem\",\"position\":3,\"name\":\"Brain Tumours\",\"item\":\"https:\/\/www.neurocirugiabarcelona.com\/en\/pathologies\/brain-tumours\/\"},{\"@type\":\"ListItem\",\"position\":4,\"name\":\"Glial tumours\"}]},{\"@type\":\"WebSite\",\"@id\":\"https:\/\/www.neurocirugiabarcelona.com\/#website\",\"url\":\"https:\/\/www.neurocirugiabarcelona.com\/\",\"name\":\"Neurocirug\u00eda Barcelona\",\"description\":\"Tratamiento integral de las patolog\u00edas neuroquir\u00fargicas mediante una visi\u00f3n multidisciplinar\",\"potentialAction\":[{\"@type\":\"SearchAction\",\"target\":{\"@type\":\"EntryPoint\",\"urlTemplate\":\"https:\/\/www.neurocirugiabarcelona.com\/?s={search_term_string}\"},\"query-input\":\"required name=search_term_string\"}],\"inLanguage\":\"en-US\"}]}<\/script>\n<!-- \/ Yoast SEO plugin. -->","yoast_head_json":{"title":"Glial tumours - Neurocirug\u00eda Barcelona","robots":{"index":"index","follow":"follow","max-snippet":"max-snippet:-1","max-image-preview":"max-image-preview:large","max-video-preview":"max-video-preview:-1"},"canonical":"https:\/\/www.neurocirugiabarcelona.com\/en\/pathologies\/brain-tumours\/glial-tumours\/","og_locale":"en_US","og_type":"article","og_title":"Glial tumours - Neurocirug\u00eda Barcelona","og_description":"These tumours originate in the glial cells, cells whose function is to provide supporting tissue for neurons. Depending on the origin they can be classified as astrocytomas, oligodendrogliomas and ependymomas. Clinical signs The clinical signs will be marked by the location of the lesion. There are general signs common to all locations, although not always ...","og_url":"https:\/\/www.neurocirugiabarcelona.com\/en\/pathologies\/brain-tumours\/glial-tumours\/","og_site_name":"Neurocirug\u00eda Barcelona","article_modified_time":"2019-02-14T15:35:43+00:00","og_image":[{"url":"http:\/\/www.neurocirugiabarcelona.com\/wp-content\/uploads\/2016\/06\/gliales-300x205.jpg"}],"twitter_card":"summary_large_image","twitter_misc":{"Est. reading time":"2 minutes"},"schema":{"@context":"https:\/\/schema.org","@graph":[{"@type":"WebPage","@id":"https:\/\/www.neurocirugiabarcelona.com\/en\/pathologies\/brain-tumours\/glial-tumours\/","url":"https:\/\/www.neurocirugiabarcelona.com\/en\/pathologies\/brain-tumours\/glial-tumours\/","name":"Glial tumours - Neurocirug\u00eda Barcelona","isPartOf":{"@id":"https:\/\/www.neurocirugiabarcelona.com\/#website"},"datePublished":"2016-06-09T05:31:49+00:00","dateModified":"2019-02-14T15:35:43+00:00","breadcrumb":{"@id":"https:\/\/www.neurocirugiabarcelona.com\/en\/pathologies\/brain-tumours\/glial-tumours\/#breadcrumb"},"inLanguage":"en-US","potentialAction":[{"@type":"ReadAction","target":["https:\/\/www.neurocirugiabarcelona.com\/en\/pathologies\/brain-tumours\/glial-tumours\/"]}]},{"@type":"BreadcrumbList","@id":"https:\/\/www.neurocirugiabarcelona.com\/en\/pathologies\/brain-tumours\/glial-tumours\/#breadcrumb","itemListElement":[{"@type":"ListItem","position":1,"name":"Portada","item":"https:\/\/www.neurocirugiabarcelona.com\/en\/"},{"@type":"ListItem","position":2,"name":"Pathologies","item":"https:\/\/www.neurocirugiabarcelona.com\/en\/pathologies\/"},{"@type":"ListItem","position":3,"name":"Brain Tumours","item":"https:\/\/www.neurocirugiabarcelona.com\/en\/pathologies\/brain-tumours\/"},{"@type":"ListItem","position":4,"name":"Glial tumours"}]},{"@type":"WebSite","@id":"https:\/\/www.neurocirugiabarcelona.com\/#website","url":"https:\/\/www.neurocirugiabarcelona.com\/","name":"Neurocirug\u00eda Barcelona","description":"Tratamiento integral de las patolog\u00edas neuroquir\u00fargicas mediante una visi\u00f3n multidisciplinar","potentialAction":[{"@type":"SearchAction","target":{"@type":"EntryPoint","urlTemplate":"https:\/\/www.neurocirugiabarcelona.com\/?s={search_term_string}"},"query-input":"required name=search_term_string"}],"inLanguage":"en-US"}]}},"_links":{"self":[{"href":"https:\/\/www.neurocirugiabarcelona.com\/en\/wp-json\/wp\/v2\/pages\/11766"}],"collection":[{"href":"https:\/\/www.neurocirugiabarcelona.com\/en\/wp-json\/wp\/v2\/pages"}],"about":[{"href":"https:\/\/www.neurocirugiabarcelona.com\/en\/wp-json\/wp\/v2\/types\/page"}],"author":[{"embeddable":true,"href":"https:\/\/www.neurocirugiabarcelona.com\/en\/wp-json\/wp\/v2\/users\/2"}],"replies":[{"embeddable":true,"href":"https:\/\/www.neurocirugiabarcelona.com\/en\/wp-json\/wp\/v2\/comments?post=11766"}],"version-history":[{"count":4,"href":"https:\/\/www.neurocirugiabarcelona.com\/en\/wp-json\/wp\/v2\/pages\/11766\/revisions"}],"predecessor-version":[{"id":12331,"href":"https:\/\/www.neurocirugiabarcelona.com\/en\/wp-json\/wp\/v2\/pages\/11766\/revisions\/12331"}],"up":[{"embeddable":true,"href":"https:\/\/www.neurocirugiabarcelona.com\/en\/wp-json\/wp\/v2\/pages\/11763"}],"wp:attachment":[{"href":"https:\/\/www.neurocirugiabarcelona.com\/en\/wp-json\/wp\/v2\/media?parent=11766"}],"curies":[{"name":"wp","href":"https:\/\/api.w.org\/{rel}","templated":true}]}}